
{"id":9805,"date":"2022-02-09T14:07:42","date_gmt":"2022-02-09T13:07:42","guid":{"rendered":"https:\/\/spiglobalplay.com\/?page_id=9805"},"modified":"2022-04-08T09:35:17","modified_gmt":"2022-04-08T07:35:17","slug":"abenteuer","status":"publish","type":"page","link":"https:\/\/spiglobalplay.com\/de\/abenteuer\/","title":{"rendered":"Abenteuer"},"content":{"rendered":"<div id='av_section_1'  class='avia-section av-kisilonh-3a1f46352293ac852baee8773ef68a23 main_color avia-section-large avia-no-border-styling  avia-builder-el-0  el_before_av_section  avia-builder-el-first  avia-bg-style-scroll container_wrap fullsize'  ><div class='container av-section-cont-open' ><main  role=\"main\" itemprop=\"mainContentOfPage\"  class='template-page content  av-content-full alpha units'><div class='post-entry post-entry-type-page post-entry-9805'><div class='entry-content-wrapper clearfix'>\n\n<style type=\"text\/css\" data-created_by=\"avia_inline_auto\" id=\"style-css-av-hmgqv-49dbaedfe875d0bc1c8391935ce34af4\">\n.flex_column.av-hmgqv-49dbaedfe875d0bc1c8391935ce34af4{\nborder-radius:0px 0px 0px 0px;\npadding:0px 0px 0px 0px;\n}\n<\/style>\n<div  class='flex_column av-hmgqv-49dbaedfe875d0bc1c8391935ce34af4 av_one_half  avia-builder-el-1  el_before_av_three_fifth  avia-builder-el-first  first flex_column_div av-zero-column-padding  '     ><style type=\"text\/css\" data-created_by=\"avia_inline_auto\" id=\"style-css-av-kiyd2dpo-9749fc6ddb0cdf265822bd1e1870ef72\">\n#top .av-special-heading.av-kiyd2dpo-9749fc6ddb0cdf265822bd1e1870ef72{\npadding-bottom:0;\nfont-size:68px;\n}\nbody .av-special-heading.av-kiyd2dpo-9749fc6ddb0cdf265822bd1e1870ef72 .av-special-heading-tag .heading-char{\nfont-size:25px;\n}\n#top #wrap_all .av-special-heading.av-kiyd2dpo-9749fc6ddb0cdf265822bd1e1870ef72 .av-special-heading-tag{\nfont-size:68px;\n}\n.av-special-heading.av-kiyd2dpo-9749fc6ddb0cdf265822bd1e1870ef72 .av-subheading{\nfont-size:15px;\n}\n\n@media only screen and (min-width: 480px) and (max-width: 767px){ \n#top #wrap_all .av-special-heading.av-kiyd2dpo-9749fc6ddb0cdf265822bd1e1870ef72 .av-special-heading-tag{\nfont-size:0.8em;\n}\n}\n\n@media only screen and (max-width: 479px){ \n#top #wrap_all .av-special-heading.av-kiyd2dpo-9749fc6ddb0cdf265822bd1e1870ef72 .av-special-heading-tag{\nfont-size:0.8em;\n}\n}\n<\/style>\n<div  class='av-special-heading av-kiyd2dpo-9749fc6ddb0cdf265822bd1e1870ef72 av-special-heading-h1 blockquote modern-quote  avia-builder-el-2  avia-builder-el-no-sibling  av-inherit-size av-linked-heading'><h1 class='av-special-heading-tag '  itemprop=\"headline\"  >Abenteuer<\/h1><div class=\"special-heading-border\"><div class=\"special-heading-inner-border\"><\/div><\/div><\/div><\/div><div class='flex_column_table av-buq0a-051d424a5e651c724d6c9ce17a7e3ffd sc-av_three_fifth av-equal-height-column-flextable'>\n<style type=\"text\/css\" data-created_by=\"avia_inline_auto\" id=\"style-css-av-buq0a-051d424a5e651c724d6c9ce17a7e3ffd\">\n.flex_column.av-buq0a-051d424a5e651c724d6c9ce17a7e3ffd{\nborder-radius:0px 0px 0px 0px;\npadding:0px 0px 0px 0px;\n}\n<\/style>\n<div  class='flex_column av-buq0a-051d424a5e651c724d6c9ce17a7e3ffd av_three_fifth  avia-builder-el-3  el_after_av_one_half  el_before_av_two_fifth  first flex_column_table_cell av-equal-height-column av-align-middle av-animated-generic right-to-left av-zero-column-padding  column-top-margin'     ><section  class='av_textblock_section av-k2oqc50l-9da8ea19fa07cff7b2050bfc8a7fc2c4 '   itemscope=\"itemscope\" itemtype=\"https:\/\/schema.org\/CreativeWork\" ><div class='avia_textblock'  itemprop=\"text\" ><p>Wir sind auf die Entwicklung und Realisierung von Konzepten f\u00fcr schl\u00fcsselfertige Indoor- und Outdoor-Attraktionen in vielen Marktsegmenten spezialisiert. Unsere Experten verf\u00fcgen \u00fcber besondere Kompetenz und Erfahrung, um unseren Kunden zum Erfolg zu verhelfen und ihr Gesamtprojekt zu realisieren.<\/p>\n<p>Unsere schl\u00fcsselfertigen L\u00f6sungen sind komplette Konzeptattraktionen und Markenkonzepte, die sofort einsatzbereit sind und keine Probleme bereiten.<\/p>\n<\/div><\/section><\/div><div class='av-flex-placeholder'><\/div>\n<style type=\"text\/css\" data-created_by=\"avia_inline_auto\" id=\"style-css-av-acmtj-ae3f5e3f05a7b9cbc4d7fed4f85b33f0\">\n.flex_column.av-acmtj-ae3f5e3f05a7b9cbc4d7fed4f85b33f0{\nborder-radius:0px 0px 0px 0px;\npadding:0px 0px 0px 0px;\n}\n<\/style>\n<div  class='flex_column av-acmtj-ae3f5e3f05a7b9cbc4d7fed4f85b33f0 av_two_fifth  avia-builder-el-5  el_after_av_three_fifth  avia-builder-el-last  flex_column_table_cell av-equal-height-column av-align-middle av-zero-column-padding  column-top-margin'     ><style type=\"text\/css\" data-created_by=\"avia_inline_auto\" id=\"style-css-av-kisipj7e-825cacd073e4f3e6681ea623d0e32083\">\n.avia-image-container.av-kisipj7e-825cacd073e4f3e6681ea623d0e32083 img.avia_image{\nbox-shadow:none;\n}\n.avia-image-container.av-kisipj7e-825cacd073e4f3e6681ea623d0e32083 .av-image-caption-overlay-center{\ncolor:#ffffff;\n}\n<\/style>\n<div  class='avia-image-container av-kisipj7e-825cacd073e4f3e6681ea623d0e32083 av-styling- avia-align-center  avia-builder-el-6  avia-builder-el-no-sibling '   itemprop=\"image\" itemscope=\"itemscope\" itemtype=\"https:\/\/schema.org\/ImageObject\" ><div class=\"avia-image-container-inner\"><div class=\"avia-image-overlay-wrap\"><img decoding=\"async\" fetchpriority=\"high\" class='wp-image- avia-img-lazy-loading-not- avia_image ' src=\"https:\/\/spiglobalplay.com\/wp-content\/themes\/enfold\/config-templatebuilder\/avia-template-builder\/images\/placeholder.jpg\" alt='' title=''   itemprop=\"thumbnailUrl\"  \/><\/div><\/div><\/div><\/div><\/div><!--close column table wrapper. Autoclose: 1 --><\/div><\/div><\/main><!-- close content main element --><\/div><\/div>\n<style type=\"text\/css\" data-created_by=\"avia_inline_auto\" id=\"style-css-av-k2lptw7b-efe5d9b3a864e68fbe58dd9aca4cf00a\">\n.avia-section.av-k2lptw7b-efe5d9b3a864e68fbe58dd9aca4cf00a{\nbackground-color:#211f1f;\nbackground-image:unset;\n}\n<\/style>\n<div id='customfooter'  class='avia-section av-k2lptw7b-efe5d9b3a864e68fbe58dd9aca4cf00a alternate_color avia-section-large avia-no-border-styling  avia-builder-el-7  el_after_av_section  avia-builder-el-last  thecustomfoot avia-bg-style-scroll container_wrap fullsize'  ><div class='container av-section-cont-open' ><div class='template-page content  av-content-full alpha units'><div class='post-entry post-entry-type-page post-entry-9805'><div class='entry-content-wrapper clearfix'>\n\n<style type=\"text\/css\" data-created_by=\"avia_inline_auto\" id=\"style-css-av-lqu-4d4811447de37c967d01fdaf58d51a30\">\n.flex_column.av-lqu-4d4811447de37c967d01fdaf58d51a30{\nborder-radius:0px 0px 0px 0px;\npadding:0px 0px 0px 0px;\n}\n<\/style>\n<div  class='flex_column av-lqu-4d4811447de37c967d01fdaf58d51a30 av_one_third  avia-builder-el-8  el_before_av_two_third  avia-builder-el-first  first flex_column_div av-animated-generic bottom-to-top av-zero-column-padding  '     ><\/div>\n<style type=\"text\/css\" data-created_by=\"avia_inline_auto\" id=\"style-css-av-3rno-ca3a2df5a879dcc0b3ed268cbe3059c5\">\n.flex_column.av-3rno-ca3a2df5a879dcc0b3ed268cbe3059c5{\nborder-radius:0px 0px 0px 0px;\npadding:0px 0px 0px 0px;\n}\n<\/style>\n<div  class='flex_column av-3rno-ca3a2df5a879dcc0b3ed268cbe3059c5 av_two_third  avia-builder-el-10  el_after_av_one_third  avia-builder-el-last  flex_column_div av-animated-generic bottom-to-top av-zero-column-padding  '     ><\/div>\n<\/p>\n","protected":false},"excerpt":{"rendered":"","protected":false},"author":1,"featured_media":43360,"parent":0,"menu_order":0,"comment_status":"closed","ping_status":"closed","template":"","meta":{"footnotes":""},"class_list":["post-9805","page","type-page","status-publish","has-post-thumbnail","hentry"],"yoast_head":"<!-- This site is optimized with the Yoast SEO plugin v27.4 - https:\/\/yoast.com\/product\/yoast-seo-wordpress\/ -->\n<title>Abenteuer - SPI Global Play<\/title>\n<meta name=\"robots\" content=\"index, follow, max-snippet:-1, max-image-preview:large, max-video-preview:-1\" \/>\n<link rel=\"canonical\" href=\"https:\/\/spiglobalplay.com\/de\/abenteuer\/\" \/>\n<meta property=\"og:locale\" content=\"de_DE\" \/>\n<meta property=\"og:type\" content=\"article\" \/>\n<meta property=\"og:title\" content=\"Abenteuer - SPI Global Play\" \/>\n<meta property=\"og:url\" content=\"https:\/\/spiglobalplay.com\/de\/abenteuer\/\" \/>\n<meta property=\"og:site_name\" content=\"SPI Global Play\" \/>\n<meta property=\"article:modified_time\" content=\"2022-04-08T07:35:17+00:00\" \/>\n<meta property=\"og:image\" content=\"https:\/\/spiglobalplay.com\/wp-content\/uploads\/2019\/11\/Airports.jpg\" \/>\n\t<meta property=\"og:image:width\" content=\"1024\" \/>\n\t<meta property=\"og:image:height\" content=\"768\" \/>\n\t<meta property=\"og:image:type\" content=\"image\/jpeg\" \/>\n<meta name=\"twitter:card\" content=\"summary_large_image\" \/>\n<meta name=\"twitter:label1\" content=\"Gesch\u00e4tzte Lesezeit\" \/>\n\t<meta name=\"twitter:data1\" content=\"6\u00a0Minuten\" \/>\n<script type=\"application\/ld+json\" class=\"yoast-schema-graph\">{\"@context\":\"https:\\\/\\\/schema.org\",\"@graph\":[{\"@type\":\"WebPage\",\"@id\":\"https:\\\/\\\/spiglobalplay.com\\\/de\\\/abenteuer\\\/\",\"url\":\"https:\\\/\\\/spiglobalplay.com\\\/de\\\/abenteuer\\\/\",\"name\":\"Abenteuer - SPI Global Play\",\"isPartOf\":{\"@id\":\"https:\\\/\\\/spiglobalplay.com\\\/#website\"},\"primaryImageOfPage\":{\"@id\":\"https:\\\/\\\/spiglobalplay.com\\\/de\\\/abenteuer\\\/#primaryimage\"},\"image\":{\"@id\":\"https:\\\/\\\/spiglobalplay.com\\\/de\\\/abenteuer\\\/#primaryimage\"},\"thumbnailUrl\":\"https:\\\/\\\/spiglobalplay.com\\\/wp-content\\\/uploads\\\/2023\\\/12\\\/avalon-park-maya-dzsungel-jatszohaz-19.jpg\",\"datePublished\":\"2022-02-09T13:07:42+00:00\",\"dateModified\":\"2022-04-08T07:35:17+00:00\",\"inLanguage\":\"de\",\"potentialAction\":[{\"@type\":\"ReadAction\",\"target\":[\"https:\\\/\\\/spiglobalplay.com\\\/de\\\/abenteuer\\\/\"]}]},{\"@type\":\"ImageObject\",\"inLanguage\":\"de\",\"@id\":\"https:\\\/\\\/spiglobalplay.com\\\/de\\\/abenteuer\\\/#primaryimage\",\"url\":\"https:\\\/\\\/spiglobalplay.com\\\/wp-content\\\/uploads\\\/2023\\\/12\\\/avalon-park-maya-dzsungel-jatszohaz-19.jpg\",\"contentUrl\":\"https:\\\/\\\/spiglobalplay.com\\\/wp-content\\\/uploads\\\/2023\\\/12\\\/avalon-park-maya-dzsungel-jatszohaz-19.jpg\",\"width\":1200,\"height\":800},{\"@type\":\"WebSite\",\"@id\":\"https:\\\/\\\/spiglobalplay.com\\\/#website\",\"url\":\"https:\\\/\\\/spiglobalplay.com\\\/\",\"name\":\"SPI Global Play\",\"description\":\"\",\"potentialAction\":[{\"@type\":\"SearchAction\",\"target\":{\"@type\":\"EntryPoint\",\"urlTemplate\":\"https:\\\/\\\/spiglobalplay.com\\\/?s={search_term_string}\"},\"query-input\":{\"@type\":\"PropertyValueSpecification\",\"valueRequired\":true,\"valueName\":\"search_term_string\"}}],\"inLanguage\":\"de\"}]}<\/script>\n<!-- \/ Yoast SEO plugin. -->","yoast_head_json":{"title":"Abenteuer - SPI Global Play","robots":{"index":"index","follow":"follow","max-snippet":"max-snippet:-1","max-image-preview":"max-image-preview:large","max-video-preview":"max-video-preview:-1"},"canonical":"https:\/\/spiglobalplay.com\/de\/abenteuer\/","og_locale":"de_DE","og_type":"article","og_title":"Abenteuer - SPI Global Play","og_url":"https:\/\/spiglobalplay.com\/de\/abenteuer\/","og_site_name":"SPI Global Play","article_modified_time":"2022-04-08T07:35:17+00:00","og_image":[{"width":1024,"height":768,"url":"https:\/\/spiglobalplay.com\/wp-content\/uploads\/2019\/11\/Airports.jpg","type":"image\/jpeg"}],"twitter_card":"summary_large_image","twitter_misc":{"Gesch\u00e4tzte Lesezeit":"6\u00a0Minuten"},"schema":{"@context":"https:\/\/schema.org","@graph":[{"@type":"WebPage","@id":"https:\/\/spiglobalplay.com\/de\/abenteuer\/","url":"https:\/\/spiglobalplay.com\/de\/abenteuer\/","name":"Abenteuer - SPI Global Play","isPartOf":{"@id":"https:\/\/spiglobalplay.com\/#website"},"primaryImageOfPage":{"@id":"https:\/\/spiglobalplay.com\/de\/abenteuer\/#primaryimage"},"image":{"@id":"https:\/\/spiglobalplay.com\/de\/abenteuer\/#primaryimage"},"thumbnailUrl":"https:\/\/spiglobalplay.com\/wp-content\/uploads\/2023\/12\/avalon-park-maya-dzsungel-jatszohaz-19.jpg","datePublished":"2022-02-09T13:07:42+00:00","dateModified":"2022-04-08T07:35:17+00:00","inLanguage":"de","potentialAction":[{"@type":"ReadAction","target":["https:\/\/spiglobalplay.com\/de\/abenteuer\/"]}]},{"@type":"ImageObject","inLanguage":"de","@id":"https:\/\/spiglobalplay.com\/de\/abenteuer\/#primaryimage","url":"https:\/\/spiglobalplay.com\/wp-content\/uploads\/2023\/12\/avalon-park-maya-dzsungel-jatszohaz-19.jpg","contentUrl":"https:\/\/spiglobalplay.com\/wp-content\/uploads\/2023\/12\/avalon-park-maya-dzsungel-jatszohaz-19.jpg","width":1200,"height":800},{"@type":"WebSite","@id":"https:\/\/spiglobalplay.com\/#website","url":"https:\/\/spiglobalplay.com\/","name":"SPI Global Play","description":"","potentialAction":[{"@type":"SearchAction","target":{"@type":"EntryPoint","urlTemplate":"https:\/\/spiglobalplay.com\/?s={search_term_string}"},"query-input":{"@type":"PropertyValueSpecification","valueRequired":true,"valueName":"search_term_string"}}],"inLanguage":"de"}]}},"_links":{"self":[{"href":"https:\/\/spiglobalplay.com\/de\/wp-json\/wp\/v2\/pages\/9805","targetHints":{"allow":["GET"]}}],"collection":[{"href":"https:\/\/spiglobalplay.com\/de\/wp-json\/wp\/v2\/pages"}],"about":[{"href":"https:\/\/spiglobalplay.com\/de\/wp-json\/wp\/v2\/types\/page"}],"author":[{"embeddable":true,"href":"https:\/\/spiglobalplay.com\/de\/wp-json\/wp\/v2\/users\/1"}],"replies":[{"embeddable":true,"href":"https:\/\/spiglobalplay.com\/de\/wp-json\/wp\/v2\/comments?post=9805"}],"version-history":[{"count":5,"href":"https:\/\/spiglobalplay.com\/de\/wp-json\/wp\/v2\/pages\/9805\/revisions"}],"predecessor-version":[{"id":21030,"href":"https:\/\/spiglobalplay.com\/de\/wp-json\/wp\/v2\/pages\/9805\/revisions\/21030"}],"wp:featuredmedia":[{"embeddable":true,"href":"https:\/\/spiglobalplay.com\/de\/wp-json\/wp\/v2\/media\/43360"}],"wp:attachment":[{"href":"https:\/\/spiglobalplay.com\/de\/wp-json\/wp\/v2\/media?parent=9805"}],"curies":[{"name":"wp","href":"https:\/\/api.w.org\/{rel}","templated":true}]}}