
{"id":9944,"date":"2020-12-18T07:38:11","date_gmt":"2020-12-18T06:38:11","guid":{"rendered":"https:\/\/spiglobalplay.com\/financial-solutions\/"},"modified":"2022-04-12T15:05:39","modified_gmt":"2022-04-12T13:05:39","slug":"finanzierungsloesungen","status":"publish","type":"page","link":"https:\/\/spiglobalplay.com\/de\/finanzierungsloesungen\/","title":{"rendered":"Finanzierungsl\u00f6sungen"},"content":{"rendered":"<div id='av_section_1'  class='avia-section av-2a2xv4-9050cde257146acf12b35b01d8a0c7d3 main_color avia-section-large avia-no-border-styling  avia-builder-el-0  el_before_av_section  avia-builder-el-first  avia-bg-style-scroll container_wrap fullsize'  ><div class='container av-section-cont-open' ><main  role=\"main\" itemprop=\"mainContentOfPage\"  class='template-page content  av-content-full alpha units'><div class='post-entry post-entry-type-page post-entry-9944'><div class='entry-content-wrapper clearfix'>\n<div class='flex_column_table av-2471s0-3ea9c4c257fa8fe38eb6336fde9ee04b sc-av_three_fifth av-equal-height-column-flextable'>\n<style type=\"text\/css\" data-created_by=\"avia_inline_auto\" id=\"style-css-av-2471s0-3ea9c4c257fa8fe38eb6336fde9ee04b\">\n.flex_column.av-2471s0-3ea9c4c257fa8fe38eb6336fde9ee04b{\nborder-radius:0px 0px 0px 0px;\npadding:0px 0px 0px 0px;\n}\n<\/style>\n<div  class='flex_column av-2471s0-3ea9c4c257fa8fe38eb6336fde9ee04b av_three_fifth  avia-builder-el-1  el_before_av_two_fifth  avia-builder-el-first  first flex_column_table_cell av-equal-height-column av-align-middle av-animated-generic right-to-left av-zero-column-padding  '     ><p>\n<style type=\"text\/css\" data-created_by=\"avia_inline_auto\" id=\"style-css-av-krykjjnj-58e04ff3930754a1f6e4e68377ca9340\">\n#top .av-special-heading.av-krykjjnj-58e04ff3930754a1f6e4e68377ca9340{\npadding-bottom:20px;\nfont-size:68px;\n}\nbody .av-special-heading.av-krykjjnj-58e04ff3930754a1f6e4e68377ca9340 .av-special-heading-tag .heading-char{\nfont-size:25px;\n}\n#top #wrap_all .av-special-heading.av-krykjjnj-58e04ff3930754a1f6e4e68377ca9340 .av-special-heading-tag{\nfont-size:68px;\n}\n.av-special-heading.av-krykjjnj-58e04ff3930754a1f6e4e68377ca9340 .av-subheading{\nfont-size:15px;\n}\n\n@media only screen and (min-width: 480px) and (max-width: 767px){ \n#top #wrap_all .av-special-heading.av-krykjjnj-58e04ff3930754a1f6e4e68377ca9340 .av-special-heading-tag{\nfont-size:0.8em;\n}\n}\n\n@media only screen and (max-width: 479px){ \n#top #wrap_all .av-special-heading.av-krykjjnj-58e04ff3930754a1f6e4e68377ca9340 .av-special-heading-tag{\nfont-size:0.8em;\n}\n}\n<\/style>\n<div  class='av-special-heading av-krykjjnj-58e04ff3930754a1f6e4e68377ca9340 av-special-heading-h1 blockquote modern-quote  avia-builder-el-2  el_before_av_textblock  avia-builder-el-first  av-inherit-size av-linked-heading'><h1 class='av-special-heading-tag '  itemprop=\"headline\"  >Finanzierungsl\u00f6sungen<\/h1><div class=\"special-heading-border\"><div class=\"special-heading-inner-border\"><\/div><\/div><\/div><br \/>\n<section  class='av_textblock_section av-krykk2gj-101146d319e42d69a85cb15f50368525 '   itemscope=\"itemscope\" itemtype=\"https:\/\/schema.org\/CreativeWork\" ><div class='avia_textblock'  itemprop=\"text\" ><p>Bei SPI Global Play freuen wir uns, dass wir unseren Kunden eine Finanzierungsl\u00f6sung als Teil des &#8222;SPI Financial Solution Concept&#8220; anbieten k\u00f6nnen. Durch unser Programm k\u00f6nnen wir Ratenpl\u00e4ne zwischen 24-60 Monaten und bis zu 75% der Projektkosten anbieten.<\/p>\n<\/div><\/section><br \/>\n<div  class='avia-button-wrap av-kto5hyol-5250e911c9135ea087a7f7b2b3983c0c-wrap avia-button-left  avia-builder-el-4  el_after_av_textblock  avia-builder-el-last '>\n<style type=\"text\/css\" data-created_by=\"avia_inline_auto\" id=\"style-css-av-kto5hyol-5250e911c9135ea087a7f7b2b3983c0c\">\n#top #wrap_all .avia-button.av-kto5hyol-5250e911c9135ea087a7f7b2b3983c0c{\nbackground-color:#f7941e;\nborder-color:#f7941e;\ncolor:#ffffff;\ntransition:all 0.4s ease-in-out;\n}\n#top #wrap_all .avia-button.av-kto5hyol-5250e911c9135ea087a7f7b2b3983c0c .avia-svg-icon svg:first-child{\nfill:#ffffff;\nstroke:#ffffff;\n}\n<\/style>\n<a href='https:\/\/spiglobalplay.com\/de\/services\/'  class='avia-button av-kto5hyol-5250e911c9135ea087a7f7b2b3983c0c av-link-btn avia-icon_select-yes-left-icon avia-size-small avia-position-left'   aria-label=\"Zur\u00fcck zu Leistungen\"><span class='avia_button_icon avia_button_icon_left avia-iconfont avia-font-entypo-fontello' data-av_icon='\ue874' data-av_iconfont='entypo-fontello' ><\/span><span class='avia_iconbox_title' >Zur\u00fcck zu Leistungen<\/span><\/a><\/div><\/p><\/div><div class='av-flex-placeholder'><\/div>\n<style type=\"text\/css\" data-created_by=\"avia_inline_auto\" id=\"style-css-av-6r8q0-0ea790ca3bff06c9ee43b02ec0a62756\">\n.flex_column.av-6r8q0-0ea790ca3bff06c9ee43b02ec0a62756{\nborder-radius:0px 0px 0px 0px;\npadding:0px 0px 0px 0px;\n}\n<\/style>\n<div  class='flex_column av-6r8q0-0ea790ca3bff06c9ee43b02ec0a62756 av_two_fifth  avia-builder-el-5  el_after_av_three_fifth  el_before_av_hr  flex_column_table_cell av-equal-height-column av-align-middle av-zero-column-padding  '     ><style type=\"text\/css\" data-created_by=\"avia_inline_auto\" id=\"style-css-av-1qvd9c-f3e64bf43416f97855a5fac4caeba509\">\n.avia-image-container.av-1qvd9c-f3e64bf43416f97855a5fac4caeba509 img.avia_image{\nbox-shadow:none;\n}\n.avia-image-container.av-1qvd9c-f3e64bf43416f97855a5fac4caeba509 .av-image-caption-overlay-center{\ncolor:#ffffff;\n}\n<\/style>\n<div  class='avia-image-container av-1qvd9c-f3e64bf43416f97855a5fac4caeba509 av-styling- avia-align-center  avia-builder-el-6  avia-builder-el-no-sibling '   itemprop=\"image\" itemscope=\"itemscope\" itemtype=\"https:\/\/schema.org\/ImageObject\" ><div class=\"avia-image-container-inner\"><div class=\"avia-image-overlay-wrap\"><img decoding=\"async\" fetchpriority=\"high\" class='wp-image-8823 avia-img-lazy-loading-not-8823 avia_image ' src=\"https:\/\/spiglobalplay.com\/wp-content\/uploads\/2021\/09\/FINANCIAL-PHOTO-1-1030x687.jpg\" alt='' title=''  height=\"687\" width=\"1030\"  itemprop=\"thumbnailUrl\" srcset=\"https:\/\/spiglobalplay.com\/wp-content\/uploads\/2021\/09\/FINANCIAL-PHOTO-1-1030x687.jpg 1030w, https:\/\/spiglobalplay.com\/wp-content\/uploads\/2021\/09\/FINANCIAL-PHOTO-1-300x200.jpg 300w, https:\/\/spiglobalplay.com\/wp-content\/uploads\/2021\/09\/FINANCIAL-PHOTO-1-768x512.jpg 768w, https:\/\/spiglobalplay.com\/wp-content\/uploads\/2021\/09\/FINANCIAL-PHOTO-1-1536x1024.jpg 1536w, https:\/\/spiglobalplay.com\/wp-content\/uploads\/2021\/09\/FINANCIAL-PHOTO-1-1500x1000.jpg 1500w, https:\/\/spiglobalplay.com\/wp-content\/uploads\/2021\/09\/FINANCIAL-PHOTO-1-705x470.jpg 705w, https:\/\/spiglobalplay.com\/wp-content\/uploads\/2021\/09\/FINANCIAL-PHOTO-1.jpg 1800w\" sizes=\"(max-width: 1030px) 100vw, 1030px\" \/><\/div><\/div><\/div><\/div><\/div><!--close column table wrapper. Autoclose: 1 -->\n<style type=\"text\/css\" data-created_by=\"avia_inline_auto\" id=\"style-css-av-1j6liw-6796f1aff606f74bddf0613b1404cbcf\">\n#top .hr.hr-invisible.av-1j6liw-6796f1aff606f74bddf0613b1404cbcf{\nheight:80px;\n}\n<\/style>\n<div  class='hr av-1j6liw-6796f1aff606f74bddf0613b1404cbcf hr-invisible  avia-builder-el-7  el_after_av_two_fifth  el_before_av_two_fifth '><span class='hr-inner '><span class=\"hr-inner-style\"><\/span><\/span><\/div>\n\n<style type=\"text\/css\" data-created_by=\"avia_inline_auto\" id=\"style-css-av-1da328-e44c7e97618f477034b7e696b59f9538\">\n.flex_column.av-1da328-e44c7e97618f477034b7e696b59f9538{\nborder-radius:0px 0px 0px 0px;\npadding:0px 0px 0px 0px;\n}\n<\/style>\n<div  class='flex_column av-1da328-e44c7e97618f477034b7e696b59f9538 av_two_fifth  avia-builder-el-8  el_after_av_hr  el_before_av_three_fifth  first flex_column_div av-hide-on-mobile av-zero-column-padding  '     ><style type=\"text\/css\" data-created_by=\"avia_inline_auto\" id=\"style-css-av-19g83k-231fbecb1040143321688acbbde65072\">\n.avia-image-container.av-19g83k-231fbecb1040143321688acbbde65072 img.avia_image{\nbox-shadow:none;\n}\n.avia-image-container.av-19g83k-231fbecb1040143321688acbbde65072 .av-image-caption-overlay-center{\ncolor:#ffffff;\n}\n<\/style>\n<div  class='avia-image-container av-19g83k-231fbecb1040143321688acbbde65072 av-styling- avia-align-center  avia-builder-el-9  avia-builder-el-no-sibling '   itemprop=\"image\" itemscope=\"itemscope\" itemtype=\"https:\/\/schema.org\/ImageObject\" ><div class=\"avia-image-container-inner\"><div class=\"avia-image-overlay-wrap\"><img decoding=\"async\" fetchpriority=\"high\" class='wp-image-8826 avia-img-lazy-loading-not-8826 avia_image ' src=\"https:\/\/spiglobalplay.com\/wp-content\/uploads\/2021\/09\/FINANCIAL-PHOTO-2-1030x687.jpg\" alt='' title=''  height=\"687\" width=\"1030\"  itemprop=\"thumbnailUrl\" srcset=\"https:\/\/spiglobalplay.com\/wp-content\/uploads\/2021\/09\/FINANCIAL-PHOTO-2-1030x687.jpg 1030w, https:\/\/spiglobalplay.com\/wp-content\/uploads\/2021\/09\/FINANCIAL-PHOTO-2-300x200.jpg 300w, https:\/\/spiglobalplay.com\/wp-content\/uploads\/2021\/09\/FINANCIAL-PHOTO-2-768x512.jpg 768w, https:\/\/spiglobalplay.com\/wp-content\/uploads\/2021\/09\/FINANCIAL-PHOTO-2-1536x1024.jpg 1536w, https:\/\/spiglobalplay.com\/wp-content\/uploads\/2021\/09\/FINANCIAL-PHOTO-2-1500x1000.jpg 1500w, https:\/\/spiglobalplay.com\/wp-content\/uploads\/2021\/09\/FINANCIAL-PHOTO-2-705x470.jpg 705w, https:\/\/spiglobalplay.com\/wp-content\/uploads\/2021\/09\/FINANCIAL-PHOTO-2.jpg 1800w\" sizes=\"(max-width: 1030px) 100vw, 1030px\" \/><\/div><\/div><\/div><\/div>\n<style type=\"text\/css\" data-created_by=\"avia_inline_auto\" id=\"style-css-av-15jenk-808cf994d6d12666a7e208a92ef96507\">\n.flex_column.av-15jenk-808cf994d6d12666a7e208a92ef96507{\nborder-radius:0px 0px 0px 0px;\npadding:0px 0px 0px 0px;\n}\n<\/style>\n<div  class='flex_column av-15jenk-808cf994d6d12666a7e208a92ef96507 av_three_fifth  avia-builder-el-10  el_after_av_two_fifth  avia-builder-el-last  flex_column_div av-animated-generic right-to-left av-zero-column-padding  '     ><p>\n<style type=\"text\/css\" data-created_by=\"avia_inline_auto\" id=\"style-css-av-krykke45-17b2a7c790a09d3dbe2ee36e242616d5\">\n#top .av-special-heading.av-krykke45-17b2a7c790a09d3dbe2ee36e242616d5{\npadding-bottom:20px;\nfont-size:68px;\n}\nbody .av-special-heading.av-krykke45-17b2a7c790a09d3dbe2ee36e242616d5 .av-special-heading-tag .heading-char{\nfont-size:25px;\n}\n#top #wrap_all .av-special-heading.av-krykke45-17b2a7c790a09d3dbe2ee36e242616d5 .av-special-heading-tag{\nfont-size:68px;\n}\n.av-special-heading.av-krykke45-17b2a7c790a09d3dbe2ee36e242616d5 .av-subheading{\nfont-size:15px;\n}\n\n@media only screen and (min-width: 480px) and (max-width: 767px){ \n#top #wrap_all .av-special-heading.av-krykke45-17b2a7c790a09d3dbe2ee36e242616d5 .av-special-heading-tag{\nfont-size:0.8em;\n}\n}\n\n@media only screen and (max-width: 479px){ \n#top #wrap_all .av-special-heading.av-krykke45-17b2a7c790a09d3dbe2ee36e242616d5 .av-special-heading-tag{\nfont-size:0.8em;\n}\n}\n<\/style>\n<div  class='av-special-heading av-krykke45-17b2a7c790a09d3dbe2ee36e242616d5 av-special-heading-h1 blockquote modern-quote  avia-builder-el-11  el_before_av_textblock  avia-builder-el-first  av-inherit-size av-linked-heading'><h1 class='av-special-heading-tag '  itemprop=\"headline\"  >Mietl\u00f6sung<\/h1><div class=\"special-heading-border\"><div class=\"special-heading-inner-border\"><\/div><\/div><\/div><br \/>\n<section  class='av_textblock_section av-krykkmku-49dd5202c4516153205bb2249e499521 '   itemscope=\"itemscope\" itemtype=\"https:\/\/schema.org\/CreativeWork\" ><div class='avia_textblock'  itemprop=\"text\" ><p>F\u00fcr bestimmte Segmente und Kundenkategorien hat SPI eine Mietalternative entwickelt, das &#8222;Rental Solution Concept&#8220;. Dies bedeutet, dass Sie als Kunde nicht in die Produkte investieren m\u00fcssen, sondern nur eine monatliche Miete zahlen. Dieses Konzept bietet eine v\u00f6llig problemlose L\u00f6sung, bei der wir uns um Service und Wartung, Versicherung, Inspektionen usw. k\u00fcmmern.<\/p>\n<\/div><\/section><\/p><\/div><\/div><\/div><\/main><!-- close content main element --><\/div><\/div>\n<style type=\"text\/css\" data-created_by=\"avia_inline_auto\" id=\"style-css-av-vt200-80d9f377505d937cb4cd8a33eb0b8f2b\">\n.avia-section.av-vt200-80d9f377505d937cb4cd8a33eb0b8f2b{\nbackground-color:#211f1f;\nbackground-image:unset;\n}\n<\/style>\n<div id='customfooter'  class='avia-section av-vt200-80d9f377505d937cb4cd8a33eb0b8f2b alternate_color avia-section-large avia-no-border-styling  avia-builder-el-13  el_after_av_section  avia-builder-el-last  thecustomfoot avia-bg-style-scroll container_wrap fullsize'  ><div class='container av-section-cont-open' ><div class='template-page content  av-content-full alpha units'><div class='post-entry post-entry-type-page post-entry-9944'><div class='entry-content-wrapper clearfix'>\n\n<style type=\"text\/css\" data-created_by=\"avia_inline_auto\" id=\"style-css-av-tbww8-0ce1cd53d7909709f43e3f267c47180c\">\n.flex_column.av-tbww8-0ce1cd53d7909709f43e3f267c47180c{\nborder-radius:0px 0px 0px 0px;\npadding:0px 0px 0px 0px;\n}\n<\/style>\n<div  class='flex_column av-tbww8-0ce1cd53d7909709f43e3f267c47180c av_one_third  avia-builder-el-14  el_before_av_two_third  avia-builder-el-first  first flex_column_div av-animated-generic bottom-to-top av-zero-column-padding  '     ><\/div>\n<style type=\"text\/css\" data-created_by=\"avia_inline_auto\" id=\"style-css-av-fiqqw-3342cd128d926c7c65b6f507f1b72c5f\">\n.flex_column.av-fiqqw-3342cd128d926c7c65b6f507f1b72c5f{\nborder-radius:0px 0px 0px 0px;\npadding:0px 0px 0px 0px;\n}\n<\/style>\n<div  class='flex_column av-fiqqw-3342cd128d926c7c65b6f507f1b72c5f av_two_third  avia-builder-el-16  el_after_av_one_third  avia-builder-el-last  flex_column_div av-animated-generic bottom-to-top av-zero-column-padding  '     ><\/div>\n<\/p>\n","protected":false},"excerpt":{"rendered":"","protected":false},"author":1,"featured_media":9555,"parent":0,"menu_order":0,"comment_status":"closed","ping_status":"closed","template":"","meta":{"footnotes":""},"class_list":["post-9944","page","type-page","status-publish","has-post-thumbnail","hentry"],"yoast_head":"<!-- This site is optimized with the Yoast SEO plugin v27.5 - https:\/\/yoast.com\/product\/yoast-seo-wordpress\/ -->\n<title>Finanzierungsl\u00f6sungen - SPI Global Play<\/title>\n<meta name=\"robots\" content=\"index, follow, max-snippet:-1, max-image-preview:large, max-video-preview:-1\" \/>\n<link rel=\"canonical\" href=\"https:\/\/spiglobalplay.com\/de\/finanzierungsloesungen\/\" \/>\n<meta property=\"og:locale\" content=\"de_DE\" \/>\n<meta property=\"og:type\" content=\"article\" \/>\n<meta property=\"og:title\" content=\"Finanzierungsl\u00f6sungen - SPI Global Play\" \/>\n<meta property=\"og:url\" content=\"https:\/\/spiglobalplay.com\/de\/finanzierungsloesungen\/\" \/>\n<meta property=\"og:site_name\" content=\"SPI Global Play\" \/>\n<meta property=\"article:modified_time\" content=\"2022-04-12T13:05:39+00:00\" \/>\n<meta property=\"og:image\" content=\"https:\/\/spiglobalplay.com\/wp-content\/uploads\/2022\/02\/FINANCIAL-PHOTO-1.jpg\" \/>\n\t<meta property=\"og:image:width\" content=\"1800\" \/>\n\t<meta property=\"og:image:height\" content=\"1200\" \/>\n\t<meta property=\"og:image:type\" content=\"image\/jpeg\" \/>\n<meta name=\"twitter:card\" content=\"summary_large_image\" \/>\n<meta name=\"twitter:label1\" content=\"Gesch\u00e4tzte Lesezeit\" \/>\n\t<meta name=\"twitter:data1\" content=\"10\u00a0Minuten\" \/>\n<script type=\"application\/ld+json\" class=\"yoast-schema-graph\">{\"@context\":\"https:\\\/\\\/schema.org\",\"@graph\":[{\"@type\":\"WebPage\",\"@id\":\"https:\\\/\\\/spiglobalplay.com\\\/de\\\/finanzierungsloesungen\\\/\",\"url\":\"https:\\\/\\\/spiglobalplay.com\\\/de\\\/finanzierungsloesungen\\\/\",\"name\":\"Finanzierungsl\u00f6sungen - SPI Global Play\",\"isPartOf\":{\"@id\":\"https:\\\/\\\/spiglobalplay.com\\\/#website\"},\"primaryImageOfPage\":{\"@id\":\"https:\\\/\\\/spiglobalplay.com\\\/de\\\/finanzierungsloesungen\\\/#primaryimage\"},\"image\":{\"@id\":\"https:\\\/\\\/spiglobalplay.com\\\/de\\\/finanzierungsloesungen\\\/#primaryimage\"},\"thumbnailUrl\":\"https:\\\/\\\/spiglobalplay.com\\\/wp-content\\\/uploads\\\/2022\\\/02\\\/FINANCIAL-PHOTO-1.jpg\",\"datePublished\":\"2020-12-18T06:38:11+00:00\",\"dateModified\":\"2022-04-12T13:05:39+00:00\",\"inLanguage\":\"de\",\"potentialAction\":[{\"@type\":\"ReadAction\",\"target\":[\"https:\\\/\\\/spiglobalplay.com\\\/de\\\/finanzierungsloesungen\\\/\"]}]},{\"@type\":\"ImageObject\",\"inLanguage\":\"de\",\"@id\":\"https:\\\/\\\/spiglobalplay.com\\\/de\\\/finanzierungsloesungen\\\/#primaryimage\",\"url\":\"https:\\\/\\\/spiglobalplay.com\\\/wp-content\\\/uploads\\\/2022\\\/02\\\/FINANCIAL-PHOTO-1.jpg\",\"contentUrl\":\"https:\\\/\\\/spiglobalplay.com\\\/wp-content\\\/uploads\\\/2022\\\/02\\\/FINANCIAL-PHOTO-1.jpg\",\"width\":1800,\"height\":1200},{\"@type\":\"WebSite\",\"@id\":\"https:\\\/\\\/spiglobalplay.com\\\/#website\",\"url\":\"https:\\\/\\\/spiglobalplay.com\\\/\",\"name\":\"SPI Global Play\",\"description\":\"\",\"potentialAction\":[{\"@type\":\"SearchAction\",\"target\":{\"@type\":\"EntryPoint\",\"urlTemplate\":\"https:\\\/\\\/spiglobalplay.com\\\/?s={search_term_string}\"},\"query-input\":{\"@type\":\"PropertyValueSpecification\",\"valueRequired\":true,\"valueName\":\"search_term_string\"}}],\"inLanguage\":\"de\"}]}<\/script>\n<!-- \/ Yoast SEO plugin. -->","yoast_head_json":{"title":"Finanzierungsl\u00f6sungen - SPI Global Play","robots":{"index":"index","follow":"follow","max-snippet":"max-snippet:-1","max-image-preview":"max-image-preview:large","max-video-preview":"max-video-preview:-1"},"canonical":"https:\/\/spiglobalplay.com\/de\/finanzierungsloesungen\/","og_locale":"de_DE","og_type":"article","og_title":"Finanzierungsl\u00f6sungen - SPI Global Play","og_url":"https:\/\/spiglobalplay.com\/de\/finanzierungsloesungen\/","og_site_name":"SPI Global Play","article_modified_time":"2022-04-12T13:05:39+00:00","og_image":[{"width":1800,"height":1200,"url":"https:\/\/spiglobalplay.com\/wp-content\/uploads\/2022\/02\/FINANCIAL-PHOTO-1.jpg","type":"image\/jpeg"}],"twitter_card":"summary_large_image","twitter_misc":{"Gesch\u00e4tzte Lesezeit":"10\u00a0Minuten"},"schema":{"@context":"https:\/\/schema.org","@graph":[{"@type":"WebPage","@id":"https:\/\/spiglobalplay.com\/de\/finanzierungsloesungen\/","url":"https:\/\/spiglobalplay.com\/de\/finanzierungsloesungen\/","name":"Finanzierungsl\u00f6sungen - SPI Global Play","isPartOf":{"@id":"https:\/\/spiglobalplay.com\/#website"},"primaryImageOfPage":{"@id":"https:\/\/spiglobalplay.com\/de\/finanzierungsloesungen\/#primaryimage"},"image":{"@id":"https:\/\/spiglobalplay.com\/de\/finanzierungsloesungen\/#primaryimage"},"thumbnailUrl":"https:\/\/spiglobalplay.com\/wp-content\/uploads\/2022\/02\/FINANCIAL-PHOTO-1.jpg","datePublished":"2020-12-18T06:38:11+00:00","dateModified":"2022-04-12T13:05:39+00:00","inLanguage":"de","potentialAction":[{"@type":"ReadAction","target":["https:\/\/spiglobalplay.com\/de\/finanzierungsloesungen\/"]}]},{"@type":"ImageObject","inLanguage":"de","@id":"https:\/\/spiglobalplay.com\/de\/finanzierungsloesungen\/#primaryimage","url":"https:\/\/spiglobalplay.com\/wp-content\/uploads\/2022\/02\/FINANCIAL-PHOTO-1.jpg","contentUrl":"https:\/\/spiglobalplay.com\/wp-content\/uploads\/2022\/02\/FINANCIAL-PHOTO-1.jpg","width":1800,"height":1200},{"@type":"WebSite","@id":"https:\/\/spiglobalplay.com\/#website","url":"https:\/\/spiglobalplay.com\/","name":"SPI Global Play","description":"","potentialAction":[{"@type":"SearchAction","target":{"@type":"EntryPoint","urlTemplate":"https:\/\/spiglobalplay.com\/?s={search_term_string}"},"query-input":{"@type":"PropertyValueSpecification","valueRequired":true,"valueName":"search_term_string"}}],"inLanguage":"de"}]}},"_links":{"self":[{"href":"https:\/\/spiglobalplay.com\/de\/wp-json\/wp\/v2\/pages\/9944","targetHints":{"allow":["GET"]}}],"collection":[{"href":"https:\/\/spiglobalplay.com\/de\/wp-json\/wp\/v2\/pages"}],"about":[{"href":"https:\/\/spiglobalplay.com\/de\/wp-json\/wp\/v2\/types\/page"}],"author":[{"embeddable":true,"href":"https:\/\/spiglobalplay.com\/de\/wp-json\/wp\/v2\/users\/1"}],"replies":[{"embeddable":true,"href":"https:\/\/spiglobalplay.com\/de\/wp-json\/wp\/v2\/comments?post=9944"}],"version-history":[{"count":5,"href":"https:\/\/spiglobalplay.com\/de\/wp-json\/wp\/v2\/pages\/9944\/revisions"}],"predecessor-version":[{"id":19948,"href":"https:\/\/spiglobalplay.com\/de\/wp-json\/wp\/v2\/pages\/9944\/revisions\/19948"}],"wp:featuredmedia":[{"embeddable":true,"href":"https:\/\/spiglobalplay.com\/de\/wp-json\/wp\/v2\/media\/9555"}],"wp:attachment":[{"href":"https:\/\/spiglobalplay.com\/de\/wp-json\/wp\/v2\/media?parent=9944"}],"curies":[{"name":"wp","href":"https:\/\/api.w.org\/{rel}","templated":true}]}}