
{"id":9946,"date":"2020-12-18T07:37:06","date_gmt":"2020-12-18T06:37:06","guid":{"rendered":"https:\/\/spiglobalplay.com\/service-maintenance\/"},"modified":"2022-04-12T13:58:06","modified_gmt":"2022-04-12T11:58:06","slug":"service-wartung","status":"publish","type":"page","link":"https:\/\/spiglobalplay.com\/de\/service-wartung\/","title":{"rendered":"Service &amp; Wartung"},"content":{"rendered":"<div id='av_section_1'  class='avia-section av-1doq2a-e9a7f56dc1b45f51ba2a50c100bbd295 main_color avia-section-large avia-no-border-styling  avia-builder-el-0  el_before_av_section  avia-builder-el-first  avia-bg-style-scroll container_wrap fullsize'  ><div class='container av-section-cont-open' ><main  role=\"main\" itemprop=\"mainContentOfPage\"  class='template-page content  av-content-full alpha units'><div class='post-entry post-entry-type-page post-entry-9946'><div class='entry-content-wrapper clearfix'>\n<div class='flex_column_table av-19m3ii-ae29cb636ab5d54b5d0d5cf21ed4be74 sc-av_three_fifth av-equal-height-column-flextable'>\n<style type=\"text\/css\" data-created_by=\"avia_inline_auto\" id=\"style-css-av-19m3ii-ae29cb636ab5d54b5d0d5cf21ed4be74\">\n.flex_column.av-19m3ii-ae29cb636ab5d54b5d0d5cf21ed4be74{\nborder-radius:0px 0px 0px 0px;\npadding:0px 0px 0px 0px;\n}\n<\/style>\n<div  class='flex_column av-19m3ii-ae29cb636ab5d54b5d0d5cf21ed4be74 av_three_fifth  avia-builder-el-1  el_before_av_two_fifth  avia-builder-el-first  first flex_column_table_cell av-equal-height-column av-align-middle av-animated-generic right-to-left av-zero-column-padding  '     ><p>\n<style type=\"text\/css\" data-created_by=\"avia_inline_auto\" id=\"style-css-av-krykdxxo-2497ef8a5aefa68c926b7a9affad5638\">\n#top .av-special-heading.av-krykdxxo-2497ef8a5aefa68c926b7a9affad5638{\npadding-bottom:20px;\nfont-size:68px;\n}\nbody .av-special-heading.av-krykdxxo-2497ef8a5aefa68c926b7a9affad5638 .av-special-heading-tag .heading-char{\nfont-size:25px;\n}\n#top #wrap_all .av-special-heading.av-krykdxxo-2497ef8a5aefa68c926b7a9affad5638 .av-special-heading-tag{\nfont-size:68px;\n}\n.av-special-heading.av-krykdxxo-2497ef8a5aefa68c926b7a9affad5638 .av-subheading{\nfont-size:15px;\n}\n\n@media only screen and (min-width: 480px) and (max-width: 767px){ \n#top #wrap_all .av-special-heading.av-krykdxxo-2497ef8a5aefa68c926b7a9affad5638 .av-special-heading-tag{\nfont-size:0.8em;\n}\n}\n\n@media only screen and (max-width: 479px){ \n#top #wrap_all .av-special-heading.av-krykdxxo-2497ef8a5aefa68c926b7a9affad5638 .av-special-heading-tag{\nfont-size:0.8em;\n}\n}\n<\/style>\n<div  class='av-special-heading av-krykdxxo-2497ef8a5aefa68c926b7a9affad5638 av-special-heading-h1 blockquote modern-quote  avia-builder-el-2  el_before_av_textblock  avia-builder-el-first  av-inherit-size av-linked-heading'><h1 class='av-special-heading-tag '  itemprop=\"headline\"  >Service <span class='special_amp'>&amp;<\/span> Wartung<\/h1><div class=\"special-heading-border\"><div class=\"special-heading-inner-border\"><\/div><\/div><\/div><br \/>\n<section  class='av_textblock_section av-krykeaj6-2ed4cf7aac0577551070b786415ab126 '   itemscope=\"itemscope\" itemtype=\"https:\/\/schema.org\/CreativeWork\" ><div class='avia_textblock'  itemprop=\"text\" ><p>Um einen st\u00f6rungsfreien Betrieb und sichere Attraktionen zu gew\u00e4hrleisten, bieten wir weltweit rasche und regelm\u00e4\u00dfige Service- und Wartungsarbeiten an. Unsere Sicherheits- und Wartungsteams arbeiten nach lokalen und internationalen Standards, um zu gew\u00e4hrleisten, dass Ihre Anlage stets den aktuellen Vorschriften entspricht. Unsere Teams an verschiedenen Niederlassungen stehen auch Kunden zur Verf\u00fcgung, die ihre Anlagen bei anderen Anbietern gekauft haben.<\/p>\n<p>Wir bieten verschiedene Stufen von Wartungsvertr\u00e4gen an. Wir k\u00f6nnen Ihre Ger\u00e4te reparieren, warten, reinigen und inspizieren sowie Verschlei\u00dferscheinungen feststellen und entsprechende Ma\u00dfnahmen vorschlagen. Unsere professionellen Service- und Wartungsl\u00f6sungen in Verbindung mit den neuesten Produktbetriebsrichtlinien sind der Schl\u00fcssel zu hoher Qualit\u00e4t und Sicherheit.<\/p>\n<\/div><\/section><br \/>\n\n<style type=\"text\/css\" data-created_by=\"avia_inline_auto\" id=\"style-css-av-ktmnugv6-6bb1241f2d7d41fdfeabcbe9b91a3289\">\n#top .hr.hr-invisible.av-ktmnugv6-6bb1241f2d7d41fdfeabcbe9b91a3289{\nheight:20px;\n}\n<\/style>\n<div  class='hr av-ktmnugv6-6bb1241f2d7d41fdfeabcbe9b91a3289 hr-invisible  avia-builder-el-4  el_after_av_textblock  el_before_av_buttonrow '><span class='hr-inner '><span class=\"hr-inner-style\"><\/span><\/span><\/div><br \/>\n<div  class='avia-buttonrow-wrap av-kto5nkiw-f55af778d80d5652763af45a38c824a5 avia-buttonrow-left  avia-builder-el-5  el_after_av_hr  avia-builder-el-last  whitebtn'>\n\n<style type=\"text\/css\" data-created_by=\"avia_inline_auto\" id=\"style-css-av-kto5mo5n-1676b8de6eb0d476eb6f8578d8cfacc6\">\n#top #wrap_all .avia-button.av-kto5mo5n-1676b8de6eb0d476eb6f8578d8cfacc6{\nbackground-color:#f7941e;\nborder-color:#f7941e;\ncolor:#ffffff;\nborder-style:none;\ntransition:all 0.4s ease-in-out;\nmargin-bottom:5px;\nmargin-right:5px;\n}\n#top #wrap_all .avia-button.av-kto5mo5n-1676b8de6eb0d476eb6f8578d8cfacc6 .avia-svg-icon svg:first-child{\nfill:#ffffff;\nstroke:#ffffff;\n}\n<\/style>\n<a href='https:\/\/spiglobalplay.com\/de\/?page_id=9949'  class='avia-button av-kto5mo5n-1676b8de6eb0d476eb6f8578d8cfacc6 avia-icon_select-yes-left-icon avia-size-medium'   aria-label=\"Zur\u00fcck zu Services\"><span class='avia_button_icon avia_button_icon_left avia-iconfont avia-font-entypo-fontello' data-av_icon='\ue874' data-av_iconfont='entypo-fontello' ><\/span><span class='avia_iconbox_title' >Zur\u00fcck zu Services<\/span><\/a>\n\n<style type=\"text\/css\" data-created_by=\"avia_inline_auto\" id=\"style-css-av-kto5nazu-a789af8490d588a8cac15ad367f90ec4\">\n#top #wrap_all .avia-button.av-kto5nazu-a789af8490d588a8cac15ad367f90ec4{\nbackground-color:#f7941e;\nborder-color:#f7941e;\ncolor:#ffffff;\nborder-style:none;\ntransition:all 0.4s ease-in-out;\nmargin-bottom:5px;\nmargin-right:5px;\n}\n#top #wrap_all .avia-button.av-kto5nazu-a789af8490d588a8cac15ad367f90ec4 .avia-svg-icon svg:first-child{\nfill:#ffffff;\nstroke:#ffffff;\n}\n<\/style>\n<a href='https:\/\/spiglobalplay.com\/de\/?page_id=9949'  class='avia-button av-kto5nazu-a789af8490d588a8cac15ad367f90ec4 avia-icon_select-yes-right-icon avia-size-medium'   aria-label=\"Kontaktieren Sie uns\"><span class='avia_iconbox_title' >Kontaktieren Sie uns<\/span><span class='avia_button_icon avia_button_icon_right avia-iconfont avia-font-entypo-fontello' data-av_icon='\ue875' data-av_iconfont='entypo-fontello' ><\/span><\/a>\n<\/div><\/p><\/div><div class='av-flex-placeholder'><\/div>\n<style type=\"text\/css\" data-created_by=\"avia_inline_auto\" id=\"style-css-av-14dm0q-e3b85cce44b20cd3f4bd5e143d3c0ab7\">\n.flex_column.av-14dm0q-e3b85cce44b20cd3f4bd5e143d3c0ab7{\nborder-radius:0px 0px 0px 0px;\npadding:0px 0px 0px 0px;\n}\n<\/style>\n<div  class='flex_column av-14dm0q-e3b85cce44b20cd3f4bd5e143d3c0ab7 av_two_fifth  avia-builder-el-6  el_after_av_three_fifth  avia-builder-el-last  flex_column_table_cell av-equal-height-column av-align-middle av-zero-column-padding  '     ><style type=\"text\/css\" data-created_by=\"avia_inline_auto\" id=\"style-css-av-krykfw9x-69aba1503c47f66237eb1ecfd886b4d2\">\n#top .av-masonry.av-krykfw9x-69aba1503c47f66237eb1ecfd886b4d2{\nbackground-color:#ffffff;\n}\n<\/style>\n<div id='references' class='av-masonry av-krykfw9x-69aba1503c47f66237eb1ecfd886b4d2 noHover av-fixed-size av-1px-gap av-hover-overlay-active av-masonry-animation-active av-masonry-col-2 av-caption-on-hover av-caption-style-overlay av-masonry-gallery av-medium-columns-overwrite av-medium-columns-4 av-small-columns-overwrite av-small-columns-3 av-mini-columns-overwrite av-mini-columns-2 av-orientation-landscape-large otherprojects' data-post_id=\"9946\"><div class=\"av-masonry-container isotope av-js-disabled\"><div class='av-masonry-entry isotope-item av-masonry-item-no-image '><\/div><a href=\"https:\/\/spiglobalplay.com\/wp-content\/uploads\/2021\/08\/205604039_4508840982460818_9044700489493236376_n-686x1030.jpg\" data-srcset=\"https:\/\/spiglobalplay.com\/wp-content\/uploads\/2021\/08\/205604039_4508840982460818_9044700489493236376_n-686x1030.jpg 686w, https:\/\/spiglobalplay.com\/wp-content\/uploads\/2021\/08\/205604039_4508840982460818_9044700489493236376_n-200x300.jpg 200w, https:\/\/spiglobalplay.com\/wp-content\/uploads\/2021\/08\/205604039_4508840982460818_9044700489493236376_n-768x1152.jpg 768w, https:\/\/spiglobalplay.com\/wp-content\/uploads\/2021\/08\/205604039_4508840982460818_9044700489493236376_n-1024x1536.jpg 1024w, https:\/\/spiglobalplay.com\/wp-content\/uploads\/2021\/08\/205604039_4508840982460818_9044700489493236376_n-1000x1500.jpg 1000w, https:\/\/spiglobalplay.com\/wp-content\/uploads\/2021\/08\/205604039_4508840982460818_9044700489493236376_n-470x705.jpg 470w, https:\/\/spiglobalplay.com\/wp-content\/uploads\/2021\/08\/205604039_4508840982460818_9044700489493236376_n.jpg 1365w\" data-sizes=\"(max-width: 686px) 100vw, 686px\"  aria-label=\"Bild Bild ohne Titel\"  id='av-masonry-1-item-8673' data-av-masonry-item='8673' class='av-masonry-entry isotope-item post-8673 attachment type-attachment status-inherit hentry  av-masonry-item-with-image' title=\"\" alt=\"\"    itemprop=\"thumbnailUrl\" ><div class='av-inner-masonry-sizer'><\/div><figure class='av-inner-masonry main_color'><div class=\"av-masonry-outerimage-container\"><div class='av-masonry-image-container' style=\"background-image: url(https:\/\/spiglobalplay.com\/wp-content\/uploads\/2021\/08\/205604039_4508840982460818_9044700489493236376_n-470x705.jpg);\" ><\/div><\/div><\/figure><\/a><!--end av-masonry entry--><a href=\"https:\/\/spiglobalplay.com\/wp-content\/uploads\/2021\/08\/210102586_4508840889127494_5520922071389077778_n-1030x686.jpg\" data-srcset=\"https:\/\/spiglobalplay.com\/wp-content\/uploads\/2021\/08\/210102586_4508840889127494_5520922071389077778_n-1030x686.jpg 1030w, https:\/\/spiglobalplay.com\/wp-content\/uploads\/2021\/08\/210102586_4508840889127494_5520922071389077778_n-300x200.jpg 300w, https:\/\/spiglobalplay.com\/wp-content\/uploads\/2021\/08\/210102586_4508840889127494_5520922071389077778_n-768x512.jpg 768w, https:\/\/spiglobalplay.com\/wp-content\/uploads\/2021\/08\/210102586_4508840889127494_5520922071389077778_n-1536x1024.jpg 1536w, https:\/\/spiglobalplay.com\/wp-content\/uploads\/2021\/08\/210102586_4508840889127494_5520922071389077778_n-1500x1000.jpg 1500w, https:\/\/spiglobalplay.com\/wp-content\/uploads\/2021\/08\/210102586_4508840889127494_5520922071389077778_n-705x470.jpg 705w, https:\/\/spiglobalplay.com\/wp-content\/uploads\/2021\/08\/210102586_4508840889127494_5520922071389077778_n.jpg 2048w\" data-sizes=\"(max-width: 1030px) 100vw, 1030px\"  aria-label=\"Bild Bild ohne Titel\"  id='av-masonry-1-item-8676' data-av-masonry-item='8676' class='av-masonry-entry isotope-item post-8676 attachment type-attachment status-inherit hentry  av-masonry-item-with-image' title=\"\" alt=\"\"    itemprop=\"thumbnailUrl\" ><div class='av-inner-masonry-sizer'><\/div><figure class='av-inner-masonry main_color'><div class=\"av-masonry-outerimage-container\"><div class='av-masonry-image-container' style=\"background-image: url(https:\/\/spiglobalplay.com\/wp-content\/uploads\/2021\/08\/210102586_4508840889127494_5520922071389077778_n-705x470.jpg);\" ><\/div><\/div><\/figure><\/a><!--end av-masonry entry--><a href=\"https:\/\/spiglobalplay.com\/wp-content\/uploads\/2021\/08\/210122733_4508840625794187_2845717445354536663_n-686x1030.jpg\" data-srcset=\"https:\/\/spiglobalplay.com\/wp-content\/uploads\/2021\/08\/210122733_4508840625794187_2845717445354536663_n-686x1030.jpg 686w, https:\/\/spiglobalplay.com\/wp-content\/uploads\/2021\/08\/210122733_4508840625794187_2845717445354536663_n-200x300.jpg 200w, https:\/\/spiglobalplay.com\/wp-content\/uploads\/2021\/08\/210122733_4508840625794187_2845717445354536663_n-768x1152.jpg 768w, https:\/\/spiglobalplay.com\/wp-content\/uploads\/2021\/08\/210122733_4508840625794187_2845717445354536663_n-1024x1536.jpg 1024w, https:\/\/spiglobalplay.com\/wp-content\/uploads\/2021\/08\/210122733_4508840625794187_2845717445354536663_n-1000x1500.jpg 1000w, https:\/\/spiglobalplay.com\/wp-content\/uploads\/2021\/08\/210122733_4508840625794187_2845717445354536663_n-470x705.jpg 470w, https:\/\/spiglobalplay.com\/wp-content\/uploads\/2021\/08\/210122733_4508840625794187_2845717445354536663_n.jpg 1365w\" data-sizes=\"(max-width: 686px) 100vw, 686px\"  aria-label=\"Bild Bild ohne Titel\"  id='av-masonry-1-item-8679' data-av-masonry-item='8679' class='av-masonry-entry isotope-item post-8679 attachment type-attachment status-inherit hentry  av-masonry-item-with-image' title=\"\" alt=\"\"    itemprop=\"thumbnailUrl\" ><div class='av-inner-masonry-sizer'><\/div><figure class='av-inner-masonry main_color'><div class=\"av-masonry-outerimage-container\"><div class='av-masonry-image-container' style=\"background-image: url(https:\/\/spiglobalplay.com\/wp-content\/uploads\/2021\/08\/210122733_4508840625794187_2845717445354536663_n-470x705.jpg);\" ><\/div><\/div><\/figure><\/a><!--end av-masonry entry--><a href=\"https:\/\/spiglobalplay.com\/wp-content\/uploads\/2021\/08\/210122733_4508840862460830_8058327932458152608_n-1030x686.jpg\" data-srcset=\"https:\/\/spiglobalplay.com\/wp-content\/uploads\/2021\/08\/210122733_4508840862460830_8058327932458152608_n-1030x686.jpg 1030w, https:\/\/spiglobalplay.com\/wp-content\/uploads\/2021\/08\/210122733_4508840862460830_8058327932458152608_n-300x200.jpg 300w, https:\/\/spiglobalplay.com\/wp-content\/uploads\/2021\/08\/210122733_4508840862460830_8058327932458152608_n-768x512.jpg 768w, https:\/\/spiglobalplay.com\/wp-content\/uploads\/2021\/08\/210122733_4508840862460830_8058327932458152608_n-1536x1024.jpg 1536w, https:\/\/spiglobalplay.com\/wp-content\/uploads\/2021\/08\/210122733_4508840862460830_8058327932458152608_n-1500x1000.jpg 1500w, https:\/\/spiglobalplay.com\/wp-content\/uploads\/2021\/08\/210122733_4508840862460830_8058327932458152608_n-705x470.jpg 705w, https:\/\/spiglobalplay.com\/wp-content\/uploads\/2021\/08\/210122733_4508840862460830_8058327932458152608_n.jpg 2048w\" data-sizes=\"(max-width: 1030px) 100vw, 1030px\"  aria-label=\"Bild Bild ohne Titel\"  id='av-masonry-1-item-8682' data-av-masonry-item='8682' class='av-masonry-entry isotope-item post-8682 attachment type-attachment status-inherit hentry  av-masonry-item-with-image' title=\"\" alt=\"\"    itemprop=\"thumbnailUrl\" ><div class='av-inner-masonry-sizer'><\/div><figure class='av-inner-masonry main_color'><div class=\"av-masonry-outerimage-container\"><div class='av-masonry-image-container' style=\"background-image: url(https:\/\/spiglobalplay.com\/wp-content\/uploads\/2021\/08\/210122733_4508840862460830_8058327932458152608_n-705x470.jpg);\" ><\/div><\/div><\/figure><\/a><!--end av-masonry entry--><a href=\"https:\/\/spiglobalplay.com\/wp-content\/uploads\/2021\/08\/210123630_4508840799127503_382128931000735707_n-1030x686.jpg\" data-srcset=\"https:\/\/spiglobalplay.com\/wp-content\/uploads\/2021\/08\/210123630_4508840799127503_382128931000735707_n-1030x686.jpg 1030w, https:\/\/spiglobalplay.com\/wp-content\/uploads\/2021\/08\/210123630_4508840799127503_382128931000735707_n-300x200.jpg 300w, https:\/\/spiglobalplay.com\/wp-content\/uploads\/2021\/08\/210123630_4508840799127503_382128931000735707_n-768x512.jpg 768w, https:\/\/spiglobalplay.com\/wp-content\/uploads\/2021\/08\/210123630_4508840799127503_382128931000735707_n-1536x1024.jpg 1536w, https:\/\/spiglobalplay.com\/wp-content\/uploads\/2021\/08\/210123630_4508840799127503_382128931000735707_n-1500x1000.jpg 1500w, https:\/\/spiglobalplay.com\/wp-content\/uploads\/2021\/08\/210123630_4508840799127503_382128931000735707_n-705x470.jpg 705w, https:\/\/spiglobalplay.com\/wp-content\/uploads\/2021\/08\/210123630_4508840799127503_382128931000735707_n.jpg 2048w\" data-sizes=\"(max-width: 1030px) 100vw, 1030px\"  aria-label=\"Bild Bild ohne Titel\"  id='av-masonry-1-item-8685' data-av-masonry-item='8685' class='av-masonry-entry isotope-item post-8685 attachment type-attachment status-inherit hentry  av-masonry-item-with-image' title=\"\" alt=\"\"    itemprop=\"thumbnailUrl\" ><div class='av-inner-masonry-sizer'><\/div><figure class='av-inner-masonry main_color'><div class=\"av-masonry-outerimage-container\"><div class='av-masonry-image-container' style=\"background-image: url(https:\/\/spiglobalplay.com\/wp-content\/uploads\/2021\/08\/210123630_4508840799127503_382128931000735707_n-705x470.jpg);\" ><\/div><\/div><\/figure><\/a><!--end av-masonry entry--><a href=\"https:\/\/spiglobalplay.com\/wp-content\/uploads\/2021\/08\/NETTING.jpg\" data-srcset=\"https:\/\/spiglobalplay.com\/wp-content\/uploads\/2021\/08\/NETTING.jpg 758w, https:\/\/spiglobalplay.com\/wp-content\/uploads\/2021\/08\/NETTING-300x220.jpg 300w, https:\/\/spiglobalplay.com\/wp-content\/uploads\/2021\/08\/NETTING-705x518.jpg 705w\" data-sizes=\"(max-width: 758px) 100vw, 758px\"  aria-label=\"Bild Bild ohne Titel\"  id='av-masonry-1-item-8688' data-av-masonry-item='8688' class='av-masonry-entry isotope-item post-8688 attachment type-attachment status-inherit hentry  av-masonry-item-with-image' title=\"\" alt=\"\"    itemprop=\"thumbnailUrl\" ><div class='av-inner-masonry-sizer'><\/div><figure class='av-inner-masonry main_color'><div class=\"av-masonry-outerimage-container\"><div class='av-masonry-image-container' style=\"background-image: url(https:\/\/spiglobalplay.com\/wp-content\/uploads\/2021\/08\/NETTING-705x518.jpg);\" ><\/div><\/div><\/figure><\/a><!--end av-masonry entry--><a href=\"https:\/\/spiglobalplay.com\/wp-content\/uploads\/2021\/08\/Plastics.2-773x1030.jpg\" data-srcset=\"https:\/\/spiglobalplay.com\/wp-content\/uploads\/2021\/08\/Plastics.2-773x1030.jpg 773w, https:\/\/spiglobalplay.com\/wp-content\/uploads\/2021\/08\/Plastics.2-225x300.jpg 225w, https:\/\/spiglobalplay.com\/wp-content\/uploads\/2021\/08\/Plastics.2-768x1024.jpg 768w, https:\/\/spiglobalplay.com\/wp-content\/uploads\/2021\/08\/Plastics.2-529x705.jpg 529w, https:\/\/spiglobalplay.com\/wp-content\/uploads\/2021\/08\/Plastics.2.jpg 972w\" data-sizes=\"(max-width: 773px) 100vw, 773px\"  aria-label=\"Bild Plastics2\"  id='av-masonry-1-item-8691' data-av-masonry-item='8691' class='av-masonry-entry isotope-item post-8691 attachment type-attachment status-inherit hentry  av-masonry-item-with-image' title=\"Plastics2\" alt=\"\"    itemprop=\"thumbnailUrl\" ><div class='av-inner-masonry-sizer'><\/div><figure class='av-inner-masonry main_color'><div class=\"av-masonry-outerimage-container\"><div class='av-masonry-image-container' style=\"background-image: url(https:\/\/spiglobalplay.com\/wp-content\/uploads\/2021\/08\/Plastics.2-529x705.jpg);\"  title=\"Plastics2\" ><\/div><\/div><\/figure><\/a><!--end av-masonry entry--><\/div><\/div><\/div><\/div><!--close column table wrapper. Autoclose: 1 --><\/div><\/div><\/main><!-- close content main element --><\/div><\/div>\n<style type=\"text\/css\" data-created_by=\"avia_inline_auto\" id=\"style-css-av-x16qa-f8d88be074b19accca5990ffcdb48a96\">\n.avia-section.av-x16qa-f8d88be074b19accca5990ffcdb48a96{\nbackground-color:#211f1f;\nbackground-image:unset;\n}\n<\/style>\n<div id='customfooter'  class='avia-section av-x16qa-f8d88be074b19accca5990ffcdb48a96 alternate_color avia-section-large avia-no-border-styling  avia-builder-el-8  el_after_av_section  avia-builder-el-last  thecustomfoot avia-bg-style-scroll container_wrap fullsize'  ><div class='container av-section-cont-open' ><div class='template-page content  av-content-full alpha units'><div class='post-entry post-entry-type-page post-entry-9946'><div class='entry-content-wrapper clearfix'>\n\n<style type=\"text\/css\" data-created_by=\"avia_inline_auto\" id=\"style-css-av-onj5u-a8bcfa433110cb1069f8c6bc2a331da4\">\n.flex_column.av-onj5u-a8bcfa433110cb1069f8c6bc2a331da4{\nborder-radius:0px 0px 0px 0px;\npadding:0px 0px 0px 0px;\n}\n<\/style>\n<div  class='flex_column av-onj5u-a8bcfa433110cb1069f8c6bc2a331da4 av_one_third  avia-builder-el-9  el_before_av_two_third  avia-builder-el-first  first flex_column_div av-animated-generic bottom-to-top av-zero-column-padding  '     ><\/div>\n<style type=\"text\/css\" data-created_by=\"avia_inline_auto\" id=\"style-css-av-eqnxu-cf27322f1cb86515088c74d1f3c138a9\">\n.flex_column.av-eqnxu-cf27322f1cb86515088c74d1f3c138a9{\nborder-radius:0px 0px 0px 0px;\npadding:0px 0px 0px 0px;\n}\n<\/style>\n<div  class='flex_column av-eqnxu-cf27322f1cb86515088c74d1f3c138a9 av_two_third  avia-builder-el-11  el_after_av_one_third  avia-builder-el-last  flex_column_div av-animated-generic bottom-to-top av-zero-column-padding  '     ><\/div>\n<\/p>\n","protected":false},"excerpt":{"rendered":"","protected":false},"author":1,"featured_media":9545,"parent":0,"menu_order":0,"comment_status":"closed","ping_status":"closed","template":"","meta":{"footnotes":""},"class_list":["post-9946","page","type-page","status-publish","has-post-thumbnail","hentry"],"yoast_head":"<!-- This site is optimized with the Yoast SEO plugin v27.5 - https:\/\/yoast.com\/product\/yoast-seo-wordpress\/ -->\n<title>Service &amp; Wartung - SPI Global Play<\/title>\n<meta name=\"robots\" content=\"index, follow, max-snippet:-1, max-image-preview:large, max-video-preview:-1\" \/>\n<link rel=\"canonical\" href=\"https:\/\/spiglobalplay.com\/de\/service-wartung\/\" \/>\n<meta property=\"og:locale\" content=\"de_DE\" \/>\n<meta property=\"og:type\" content=\"article\" \/>\n<meta property=\"og:title\" content=\"Service &amp; Wartung - SPI Global Play\" \/>\n<meta property=\"og:url\" content=\"https:\/\/spiglobalplay.com\/de\/service-wartung\/\" \/>\n<meta property=\"og:site_name\" content=\"SPI Global Play\" \/>\n<meta property=\"article:modified_time\" content=\"2022-04-12T11:58:06+00:00\" \/>\n<meta property=\"og:image\" content=\"https:\/\/spiglobalplay.com\/wp-content\/uploads\/2022\/02\/NETTING.jpg\" \/>\n\t<meta property=\"og:image:width\" content=\"758\" \/>\n\t<meta property=\"og:image:height\" content=\"557\" \/>\n\t<meta property=\"og:image:type\" content=\"image\/jpeg\" \/>\n<meta name=\"twitter:card\" content=\"summary_large_image\" \/>\n<meta name=\"twitter:label1\" content=\"Gesch\u00e4tzte Lesezeit\" \/>\n\t<meta name=\"twitter:data1\" content=\"8\u00a0Minuten\" \/>\n<script type=\"application\/ld+json\" class=\"yoast-schema-graph\">{\"@context\":\"https:\\\/\\\/schema.org\",\"@graph\":[{\"@type\":\"WebPage\",\"@id\":\"https:\\\/\\\/spiglobalplay.com\\\/de\\\/service-wartung\\\/\",\"url\":\"https:\\\/\\\/spiglobalplay.com\\\/de\\\/service-wartung\\\/\",\"name\":\"Service &amp; Wartung - SPI Global Play\",\"isPartOf\":{\"@id\":\"https:\\\/\\\/spiglobalplay.com\\\/#website\"},\"primaryImageOfPage\":{\"@id\":\"https:\\\/\\\/spiglobalplay.com\\\/de\\\/service-wartung\\\/#primaryimage\"},\"image\":{\"@id\":\"https:\\\/\\\/spiglobalplay.com\\\/de\\\/service-wartung\\\/#primaryimage\"},\"thumbnailUrl\":\"https:\\\/\\\/spiglobalplay.com\\\/wp-content\\\/uploads\\\/2022\\\/02\\\/NETTING.jpg\",\"datePublished\":\"2020-12-18T06:37:06+00:00\",\"dateModified\":\"2022-04-12T11:58:06+00:00\",\"inLanguage\":\"de\",\"potentialAction\":[{\"@type\":\"ReadAction\",\"target\":[\"https:\\\/\\\/spiglobalplay.com\\\/de\\\/service-wartung\\\/\"]}]},{\"@type\":\"ImageObject\",\"inLanguage\":\"de\",\"@id\":\"https:\\\/\\\/spiglobalplay.com\\\/de\\\/service-wartung\\\/#primaryimage\",\"url\":\"https:\\\/\\\/spiglobalplay.com\\\/wp-content\\\/uploads\\\/2022\\\/02\\\/NETTING.jpg\",\"contentUrl\":\"https:\\\/\\\/spiglobalplay.com\\\/wp-content\\\/uploads\\\/2022\\\/02\\\/NETTING.jpg\",\"width\":758,\"height\":557},{\"@type\":\"WebSite\",\"@id\":\"https:\\\/\\\/spiglobalplay.com\\\/#website\",\"url\":\"https:\\\/\\\/spiglobalplay.com\\\/\",\"name\":\"SPI Global Play\",\"description\":\"\",\"potentialAction\":[{\"@type\":\"SearchAction\",\"target\":{\"@type\":\"EntryPoint\",\"urlTemplate\":\"https:\\\/\\\/spiglobalplay.com\\\/?s={search_term_string}\"},\"query-input\":{\"@type\":\"PropertyValueSpecification\",\"valueRequired\":true,\"valueName\":\"search_term_string\"}}],\"inLanguage\":\"de\"}]}<\/script>\n<!-- \/ Yoast SEO plugin. -->","yoast_head_json":{"title":"Service &amp; Wartung - SPI Global Play","robots":{"index":"index","follow":"follow","max-snippet":"max-snippet:-1","max-image-preview":"max-image-preview:large","max-video-preview":"max-video-preview:-1"},"canonical":"https:\/\/spiglobalplay.com\/de\/service-wartung\/","og_locale":"de_DE","og_type":"article","og_title":"Service &amp; Wartung - SPI Global Play","og_url":"https:\/\/spiglobalplay.com\/de\/service-wartung\/","og_site_name":"SPI Global Play","article_modified_time":"2022-04-12T11:58:06+00:00","og_image":[{"width":758,"height":557,"url":"https:\/\/spiglobalplay.com\/wp-content\/uploads\/2022\/02\/NETTING.jpg","type":"image\/jpeg"}],"twitter_card":"summary_large_image","twitter_misc":{"Gesch\u00e4tzte Lesezeit":"8\u00a0Minuten"},"schema":{"@context":"https:\/\/schema.org","@graph":[{"@type":"WebPage","@id":"https:\/\/spiglobalplay.com\/de\/service-wartung\/","url":"https:\/\/spiglobalplay.com\/de\/service-wartung\/","name":"Service &amp; Wartung - SPI Global Play","isPartOf":{"@id":"https:\/\/spiglobalplay.com\/#website"},"primaryImageOfPage":{"@id":"https:\/\/spiglobalplay.com\/de\/service-wartung\/#primaryimage"},"image":{"@id":"https:\/\/spiglobalplay.com\/de\/service-wartung\/#primaryimage"},"thumbnailUrl":"https:\/\/spiglobalplay.com\/wp-content\/uploads\/2022\/02\/NETTING.jpg","datePublished":"2020-12-18T06:37:06+00:00","dateModified":"2022-04-12T11:58:06+00:00","inLanguage":"de","potentialAction":[{"@type":"ReadAction","target":["https:\/\/spiglobalplay.com\/de\/service-wartung\/"]}]},{"@type":"ImageObject","inLanguage":"de","@id":"https:\/\/spiglobalplay.com\/de\/service-wartung\/#primaryimage","url":"https:\/\/spiglobalplay.com\/wp-content\/uploads\/2022\/02\/NETTING.jpg","contentUrl":"https:\/\/spiglobalplay.com\/wp-content\/uploads\/2022\/02\/NETTING.jpg","width":758,"height":557},{"@type":"WebSite","@id":"https:\/\/spiglobalplay.com\/#website","url":"https:\/\/spiglobalplay.com\/","name":"SPI Global Play","description":"","potentialAction":[{"@type":"SearchAction","target":{"@type":"EntryPoint","urlTemplate":"https:\/\/spiglobalplay.com\/?s={search_term_string}"},"query-input":{"@type":"PropertyValueSpecification","valueRequired":true,"valueName":"search_term_string"}}],"inLanguage":"de"}]}},"_links":{"self":[{"href":"https:\/\/spiglobalplay.com\/de\/wp-json\/wp\/v2\/pages\/9946","targetHints":{"allow":["GET"]}}],"collection":[{"href":"https:\/\/spiglobalplay.com\/de\/wp-json\/wp\/v2\/pages"}],"about":[{"href":"https:\/\/spiglobalplay.com\/de\/wp-json\/wp\/v2\/types\/page"}],"author":[{"embeddable":true,"href":"https:\/\/spiglobalplay.com\/de\/wp-json\/wp\/v2\/users\/1"}],"replies":[{"embeddable":true,"href":"https:\/\/spiglobalplay.com\/de\/wp-json\/wp\/v2\/comments?post=9946"}],"version-history":[{"count":2,"href":"https:\/\/spiglobalplay.com\/de\/wp-json\/wp\/v2\/pages\/9946\/revisions"}],"predecessor-version":[{"id":19422,"href":"https:\/\/spiglobalplay.com\/de\/wp-json\/wp\/v2\/pages\/9946\/revisions\/19422"}],"wp:featuredmedia":[{"embeddable":true,"href":"https:\/\/spiglobalplay.com\/de\/wp-json\/wp\/v2\/media\/9545"}],"wp:attachment":[{"href":"https:\/\/spiglobalplay.com\/de\/wp-json\/wp\/v2\/media?parent=9946"}],"curies":[{"name":"wp","href":"https:\/\/api.w.org\/{rel}","templated":true}]}}