
{"id":9956,"date":"2020-12-17T08:54:18","date_gmt":"2020-12-17T07:54:18","guid":{"rendered":"https:\/\/spiglobalplay.com\/safety\/"},"modified":"2022-04-12T13:58:44","modified_gmt":"2022-04-12T11:58:44","slug":"sicherheit","status":"publish","type":"page","link":"https:\/\/spiglobalplay.com\/de\/sicherheit\/","title":{"rendered":"Sicherheit"},"content":{"rendered":"<div id='av_section_1'  class='avia-section av-kisilonh-3a1f46352293ac852baee8773ef68a23 main_color avia-section-large avia-no-border-styling  avia-builder-el-0  el_before_av_section  avia-builder-el-first  avia-bg-style-scroll container_wrap fullsize'  ><div class='container av-section-cont-open' ><main  role=\"main\" itemprop=\"mainContentOfPage\"  class='template-page content  av-content-full alpha units'><div class='post-entry post-entry-type-page post-entry-9956'><div class='entry-content-wrapper clearfix'>\n\n<style type=\"text\/css\" data-created_by=\"avia_inline_auto\" id=\"style-css-av-hmgqv-49dbaedfe875d0bc1c8391935ce34af4\">\n.flex_column.av-hmgqv-49dbaedfe875d0bc1c8391935ce34af4{\nborder-radius:0px 0px 0px 0px;\npadding:0px 0px 0px 0px;\n}\n<\/style>\n<div  class='flex_column av-hmgqv-49dbaedfe875d0bc1c8391935ce34af4 av_one_half  avia-builder-el-1  el_before_av_two_third  avia-builder-el-first  first flex_column_div av-zero-column-padding  '     ><style type=\"text\/css\" data-created_by=\"avia_inline_auto\" id=\"style-css-av-kisjru42-0c28312c348285f0f05540295361a9ae\">\n#top .av-special-heading.av-kisjru42-0c28312c348285f0f05540295361a9ae{\npadding-bottom:0;\nfont-size:68px;\n}\nbody .av-special-heading.av-kisjru42-0c28312c348285f0f05540295361a9ae .av-special-heading-tag .heading-char{\nfont-size:25px;\n}\n#top #wrap_all .av-special-heading.av-kisjru42-0c28312c348285f0f05540295361a9ae .av-special-heading-tag{\nfont-size:68px;\n}\n.av-special-heading.av-kisjru42-0c28312c348285f0f05540295361a9ae .av-subheading{\nfont-size:15px;\n}\n\n@media only screen and (min-width: 480px) and (max-width: 767px){ \n#top #wrap_all .av-special-heading.av-kisjru42-0c28312c348285f0f05540295361a9ae .av-special-heading-tag{\nfont-size:0.8em;\n}\n}\n\n@media only screen and (max-width: 479px){ \n#top #wrap_all .av-special-heading.av-kisjru42-0c28312c348285f0f05540295361a9ae .av-special-heading-tag{\nfont-size:0.8em;\n}\n}\n<\/style>\n<div  class='av-special-heading av-kisjru42-0c28312c348285f0f05540295361a9ae av-special-heading-h1 blockquote modern-quote  avia-builder-el-2  avia-builder-el-no-sibling  av-inherit-size av-linked-heading'><h1 class='av-special-heading-tag '  itemprop=\"headline\"  >Sicherheit<\/h1><div class=\"special-heading-border\"><div class=\"special-heading-inner-border\"><\/div><\/div><\/div><\/div><div class='flex_column_table av-buq0a-051d424a5e651c724d6c9ce17a7e3ffd sc-av_two_third av-equal-height-column-flextable'>\n<style type=\"text\/css\" data-created_by=\"avia_inline_auto\" id=\"style-css-av-buq0a-051d424a5e651c724d6c9ce17a7e3ffd\">\n.flex_column.av-buq0a-051d424a5e651c724d6c9ce17a7e3ffd{\nborder-radius:0px 0px 0px 0px;\npadding:0px 0px 0px 0px;\n}\n<\/style>\n<div  class='flex_column av-buq0a-051d424a5e651c724d6c9ce17a7e3ffd av_two_third  avia-builder-el-3  el_after_av_one_half  el_before_av_one_third  first flex_column_table_cell av-equal-height-column av-align-middle av-animated-generic right-to-left av-zero-column-padding  column-top-margin'     ><p><section  class='av_textblock_section av-k2oqc50l-73ef6aa9b83550202d0b1f0f966f06fe '   itemscope=\"itemscope\" itemtype=\"https:\/\/schema.org\/CreativeWork\" ><div class='avia_textblock'  itemprop=\"text\" ><p>Wir wissen, dass Sicherheit das Wichtigste ist, und aus diesem Grund hat sie in unserem Unternehmen oberste Priorit\u00e4t. Wir verfolgen einen proaktiven Ansatz in Sachen Sicherheit, indem wir jedes Produkt sorgf\u00e4ltig entwickeln und testen, bevor es in unser Produktportfolio aufgenommen wird.<\/p>\n<p>Wir verwenden nicht nur die neuesten Materialien, sondern auch unsere Fertigungsanlagen sind nach T\u00dcV-Standard zugelassen. Wir \u00fcberpr\u00fcfen und investieren kontinuierlich in unsere Produktlinien, um sicherzustellen, dass sie mit den neuesten Fertigungstechniken optimiert werden. So k\u00f6nnen wir Ihnen immer versichern, dass Qualit\u00e4t und Sicherheit f\u00fcr uns an erster Stelle stehen.<\/p>\n<p>Bei der Konzeption, Entwicklung und Realisierung schl\u00fcsselfertiger Attraktionen f\u00fcr unsere Kunden arbeiten wir nach vielen verschiedenen Sicherheitsvorschriften und -normen auf der ganzen Welt, z. B. EN1176 und ASTM. Unsere Experten verstehen diese Normen und setzen sie bei der Gestaltung unserer Attraktionen um, so dass die Sicherheit sowohl bei unseren Innen- als auch bei unseren Au\u00dfenanlagen stets im Vordergrund steht. Unsere Teams vor Ort arbeiten regelm\u00e4\u00dfig mit den \u00f6rtlichen Inspektoren unserer Kunden zusammen, um sicherzustellen, dass unsere Anlagen nach ihrer Fertigstellung zertifiziert und einsatzbereit sind!<\/p>\n<p>Doch die Sicherheit h\u00f6rt damit nicht auf. Warum stellen Sie nicht sicher, dass Ihre Attraktion so sicher bleibt wie an dem Tag, an dem sie gebaut wurde, indem Sie ein SPI Play Safety &amp; Maintenance Package abschlie\u00dfen?<\/p>\n<\/div><\/section><br \/>\n<div  class='avia-button-wrap av-ktwmemxt-f80addacd0a963e17a910e90d5641945-wrap avia-button-left  avia-builder-el-5  el_after_av_textblock  avia-builder-el-last '><a href='https:\/\/spiglobalplay.com\/de\/3d-thematisierung\/'  class='avia-button av-ktwmemxt-f80addacd0a963e17a910e90d5641945 av-link-btn avia-icon_select-no avia-size-small avia-position-left avia-color-theme-color'   aria-label=\"Kontaktieren Sie uns\"><span class='avia_iconbox_title' >Kontaktieren Sie uns<\/span><\/a><\/div><\/p><\/div><div class='av-flex-placeholder'><\/div>\n<style type=\"text\/css\" data-created_by=\"avia_inline_auto\" id=\"style-css-av-buq0a-48a2f914e4b73df61413303e80452cde\">\n.flex_column.av-buq0a-48a2f914e4b73df61413303e80452cde{\nborder-radius:0px 0px 0px 0px;\npadding:0px 0px 0px 0px;\n}\n<\/style>\n<div  class='flex_column av-buq0a-48a2f914e4b73df61413303e80452cde av_one_third  avia-builder-el-6  el_after_av_two_third  avia-builder-el-last  flex_column_table_cell av-equal-height-column av-align-middle av-animated-generic right-to-left av-zero-column-padding  column-top-margin'     ><\/div><\/div><!--close column table wrapper. Autoclose: 1 --><\/div><\/div><\/main><!-- close content main element --><\/div><\/div>\n<style type=\"text\/css\" data-created_by=\"avia_inline_auto\" id=\"style-css-av-k2lptw7b-efe5d9b3a864e68fbe58dd9aca4cf00a\">\n.avia-section.av-k2lptw7b-efe5d9b3a864e68fbe58dd9aca4cf00a{\nbackground-color:#211f1f;\nbackground-image:unset;\n}\n<\/style>\n<div id='customfooter'  class='avia-section av-k2lptw7b-efe5d9b3a864e68fbe58dd9aca4cf00a alternate_color avia-section-large avia-no-border-styling  avia-builder-el-7  el_after_av_section  avia-builder-el-last  thecustomfoot avia-bg-style-scroll container_wrap fullsize'  ><div class='container av-section-cont-open' ><div class='template-page content  av-content-full alpha units'><div class='post-entry post-entry-type-page post-entry-9956'><div class='entry-content-wrapper clearfix'>\n\n<style type=\"text\/css\" data-created_by=\"avia_inline_auto\" id=\"style-css-av-lqu-4d4811447de37c967d01fdaf58d51a30\">\n.flex_column.av-lqu-4d4811447de37c967d01fdaf58d51a30{\nborder-radius:0px 0px 0px 0px;\npadding:0px 0px 0px 0px;\n}\n<\/style>\n<div  class='flex_column av-lqu-4d4811447de37c967d01fdaf58d51a30 av_one_third  avia-builder-el-8  el_before_av_two_third  avia-builder-el-first  first flex_column_div av-animated-generic bottom-to-top av-zero-column-padding  '     ><\/div>\n<style type=\"text\/css\" data-created_by=\"avia_inline_auto\" id=\"style-css-av-3rno-ca3a2df5a879dcc0b3ed268cbe3059c5\">\n.flex_column.av-3rno-ca3a2df5a879dcc0b3ed268cbe3059c5{\nborder-radius:0px 0px 0px 0px;\npadding:0px 0px 0px 0px;\n}\n<\/style>\n<div  class='flex_column av-3rno-ca3a2df5a879dcc0b3ed268cbe3059c5 av_two_third  avia-builder-el-10  el_after_av_one_third  avia-builder-el-last  flex_column_div av-animated-generic bottom-to-top av-zero-column-padding  '     ><\/div>\n<\/p>\n","protected":false},"excerpt":{"rendered":"","protected":false},"author":1,"featured_media":5227,"parent":0,"menu_order":0,"comment_status":"closed","ping_status":"closed","template":"","meta":{"footnotes":""},"class_list":["post-9956","page","type-page","status-publish","has-post-thumbnail","hentry"],"yoast_head":"<!-- This site is optimized with the Yoast SEO plugin v27.5 - https:\/\/yoast.com\/product\/yoast-seo-wordpress\/ -->\n<title>Sicherheit - SPI Global Play<\/title>\n<meta name=\"robots\" content=\"index, follow, max-snippet:-1, max-image-preview:large, max-video-preview:-1\" \/>\n<link rel=\"canonical\" href=\"https:\/\/spiglobalplay.com\/de\/sicherheit\/\" \/>\n<meta property=\"og:locale\" content=\"de_DE\" \/>\n<meta property=\"og:type\" content=\"article\" \/>\n<meta property=\"og:title\" content=\"Sicherheit - SPI Global Play\" \/>\n<meta property=\"og:url\" content=\"https:\/\/spiglobalplay.com\/de\/sicherheit\/\" \/>\n<meta property=\"og:site_name\" content=\"SPI Global Play\" \/>\n<meta property=\"article:modified_time\" content=\"2022-04-12T11:58:44+00:00\" \/>\n<meta property=\"og:image\" content=\"https:\/\/spiglobalplay.com\/wp-content\/uploads\/2019\/11\/Airports.jpg\" \/>\n\t<meta property=\"og:image:width\" content=\"1024\" \/>\n\t<meta property=\"og:image:height\" content=\"768\" \/>\n\t<meta property=\"og:image:type\" content=\"image\/jpeg\" \/>\n<meta name=\"twitter:card\" content=\"summary_large_image\" \/>\n<meta name=\"twitter:label1\" content=\"Gesch\u00e4tzte Lesezeit\" \/>\n\t<meta name=\"twitter:data1\" content=\"3\u00a0Minuten\" \/>\n<script type=\"application\/ld+json\" class=\"yoast-schema-graph\">{\"@context\":\"https:\\\/\\\/schema.org\",\"@graph\":[{\"@type\":\"WebPage\",\"@id\":\"https:\\\/\\\/spiglobalplay.com\\\/de\\\/sicherheit\\\/\",\"url\":\"https:\\\/\\\/spiglobalplay.com\\\/de\\\/sicherheit\\\/\",\"name\":\"Sicherheit - SPI Global Play\",\"isPartOf\":{\"@id\":\"https:\\\/\\\/spiglobalplay.com\\\/#website\"},\"primaryImageOfPage\":{\"@id\":\"https:\\\/\\\/spiglobalplay.com\\\/de\\\/sicherheit\\\/#primaryimage\"},\"image\":{\"@id\":\"https:\\\/\\\/spiglobalplay.com\\\/de\\\/sicherheit\\\/#primaryimage\"},\"thumbnailUrl\":\"https:\\\/\\\/spiglobalplay.com\\\/wp-content\\\/uploads\\\/2019\\\/11\\\/Airports.jpg\",\"datePublished\":\"2020-12-17T07:54:18+00:00\",\"dateModified\":\"2022-04-12T11:58:44+00:00\",\"inLanguage\":\"de\",\"potentialAction\":[{\"@type\":\"ReadAction\",\"target\":[\"https:\\\/\\\/spiglobalplay.com\\\/de\\\/sicherheit\\\/\"]}]},{\"@type\":\"ImageObject\",\"inLanguage\":\"de\",\"@id\":\"https:\\\/\\\/spiglobalplay.com\\\/de\\\/sicherheit\\\/#primaryimage\",\"url\":\"https:\\\/\\\/spiglobalplay.com\\\/wp-content\\\/uploads\\\/2019\\\/11\\\/Airports.jpg\",\"contentUrl\":\"https:\\\/\\\/spiglobalplay.com\\\/wp-content\\\/uploads\\\/2019\\\/11\\\/Airports.jpg\",\"width\":1024,\"height\":768,\"caption\":\"A\u00c9ROPORTS\"},{\"@type\":\"WebSite\",\"@id\":\"https:\\\/\\\/spiglobalplay.com\\\/#website\",\"url\":\"https:\\\/\\\/spiglobalplay.com\\\/\",\"name\":\"SPI Global Play\",\"description\":\"\",\"potentialAction\":[{\"@type\":\"SearchAction\",\"target\":{\"@type\":\"EntryPoint\",\"urlTemplate\":\"https:\\\/\\\/spiglobalplay.com\\\/?s={search_term_string}\"},\"query-input\":{\"@type\":\"PropertyValueSpecification\",\"valueRequired\":true,\"valueName\":\"search_term_string\"}}],\"inLanguage\":\"de\"}]}<\/script>\n<!-- \/ Yoast SEO plugin. -->","yoast_head_json":{"title":"Sicherheit - SPI Global Play","robots":{"index":"index","follow":"follow","max-snippet":"max-snippet:-1","max-image-preview":"max-image-preview:large","max-video-preview":"max-video-preview:-1"},"canonical":"https:\/\/spiglobalplay.com\/de\/sicherheit\/","og_locale":"de_DE","og_type":"article","og_title":"Sicherheit - SPI Global Play","og_url":"https:\/\/spiglobalplay.com\/de\/sicherheit\/","og_site_name":"SPI Global Play","article_modified_time":"2022-04-12T11:58:44+00:00","og_image":[{"width":1024,"height":768,"url":"https:\/\/spiglobalplay.com\/wp-content\/uploads\/2019\/11\/Airports.jpg","type":"image\/jpeg"}],"twitter_card":"summary_large_image","twitter_misc":{"Gesch\u00e4tzte Lesezeit":"3\u00a0Minuten"},"schema":{"@context":"https:\/\/schema.org","@graph":[{"@type":"WebPage","@id":"https:\/\/spiglobalplay.com\/de\/sicherheit\/","url":"https:\/\/spiglobalplay.com\/de\/sicherheit\/","name":"Sicherheit - SPI Global Play","isPartOf":{"@id":"https:\/\/spiglobalplay.com\/#website"},"primaryImageOfPage":{"@id":"https:\/\/spiglobalplay.com\/de\/sicherheit\/#primaryimage"},"image":{"@id":"https:\/\/spiglobalplay.com\/de\/sicherheit\/#primaryimage"},"thumbnailUrl":"https:\/\/spiglobalplay.com\/wp-content\/uploads\/2019\/11\/Airports.jpg","datePublished":"2020-12-17T07:54:18+00:00","dateModified":"2022-04-12T11:58:44+00:00","inLanguage":"de","potentialAction":[{"@type":"ReadAction","target":["https:\/\/spiglobalplay.com\/de\/sicherheit\/"]}]},{"@type":"ImageObject","inLanguage":"de","@id":"https:\/\/spiglobalplay.com\/de\/sicherheit\/#primaryimage","url":"https:\/\/spiglobalplay.com\/wp-content\/uploads\/2019\/11\/Airports.jpg","contentUrl":"https:\/\/spiglobalplay.com\/wp-content\/uploads\/2019\/11\/Airports.jpg","width":1024,"height":768,"caption":"A\u00c9ROPORTS"},{"@type":"WebSite","@id":"https:\/\/spiglobalplay.com\/#website","url":"https:\/\/spiglobalplay.com\/","name":"SPI Global Play","description":"","potentialAction":[{"@type":"SearchAction","target":{"@type":"EntryPoint","urlTemplate":"https:\/\/spiglobalplay.com\/?s={search_term_string}"},"query-input":{"@type":"PropertyValueSpecification","valueRequired":true,"valueName":"search_term_string"}}],"inLanguage":"de"}]}},"_links":{"self":[{"href":"https:\/\/spiglobalplay.com\/de\/wp-json\/wp\/v2\/pages\/9956","targetHints":{"allow":["GET"]}}],"collection":[{"href":"https:\/\/spiglobalplay.com\/de\/wp-json\/wp\/v2\/pages"}],"about":[{"href":"https:\/\/spiglobalplay.com\/de\/wp-json\/wp\/v2\/types\/page"}],"author":[{"embeddable":true,"href":"https:\/\/spiglobalplay.com\/de\/wp-json\/wp\/v2\/users\/1"}],"replies":[{"embeddable":true,"href":"https:\/\/spiglobalplay.com\/de\/wp-json\/wp\/v2\/comments?post=9956"}],"version-history":[{"count":2,"href":"https:\/\/spiglobalplay.com\/de\/wp-json\/wp\/v2\/pages\/9956\/revisions"}],"predecessor-version":[{"id":19412,"href":"https:\/\/spiglobalplay.com\/de\/wp-json\/wp\/v2\/pages\/9956\/revisions\/19412"}],"wp:featuredmedia":[{"embeddable":true,"href":"https:\/\/spiglobalplay.com\/de\/wp-json\/wp\/v2\/media\/5227"}],"wp:attachment":[{"href":"https:\/\/spiglobalplay.com\/de\/wp-json\/wp\/v2\/media?parent=9956"}],"curies":[{"name":"wp","href":"https:\/\/api.w.org\/{rel}","templated":true}]}}