
{"id":9958,"date":"2020-12-17T08:34:05","date_gmt":"2020-12-17T07:34:05","guid":{"rendered":"https:\/\/spiglobalplay.com\/work-with-us\/"},"modified":"2022-04-12T13:32:32","modified_gmt":"2022-04-12T11:32:32","slug":"mit-uns-arbeiten","status":"publish","type":"page","link":"https:\/\/spiglobalplay.com\/de\/mit-uns-arbeiten\/","title":{"rendered":"Mit uns arbeiten"},"content":{"rendered":"<div id='av_section_1'  class='avia-section av-kisilonh-3a1f46352293ac852baee8773ef68a23 main_color avia-section-large avia-no-border-styling  avia-builder-el-0  el_before_av_section  avia-builder-el-first  avia-bg-style-scroll container_wrap fullsize'  ><div class='container av-section-cont-open' ><main  role=\"main\" itemprop=\"mainContentOfPage\"  class='template-page content  av-content-full alpha units'><div class='post-entry post-entry-type-page post-entry-9958'><div class='entry-content-wrapper clearfix'>\n\n<style type=\"text\/css\" data-created_by=\"avia_inline_auto\" id=\"style-css-av-hmgqv-49dbaedfe875d0bc1c8391935ce34af4\">\n.flex_column.av-hmgqv-49dbaedfe875d0bc1c8391935ce34af4{\nborder-radius:0px 0px 0px 0px;\npadding:0px 0px 0px 0px;\n}\n<\/style>\n<div  class='flex_column av-hmgqv-49dbaedfe875d0bc1c8391935ce34af4 av_three_fourth  avia-builder-el-1  el_before_av_one_half  avia-builder-el-first  first flex_column_div av-zero-column-padding  '     ><style type=\"text\/css\" data-created_by=\"avia_inline_auto\" id=\"style-css-av-ahddc-9b9133c4a272d0f7f852a687bdc0deee\">\n#top .av-special-heading.av-ahddc-9b9133c4a272d0f7f852a687bdc0deee{\npadding-bottom:0;\nfont-size:68px;\n}\nbody .av-special-heading.av-ahddc-9b9133c4a272d0f7f852a687bdc0deee .av-special-heading-tag .heading-char{\nfont-size:25px;\n}\n#top #wrap_all .av-special-heading.av-ahddc-9b9133c4a272d0f7f852a687bdc0deee .av-special-heading-tag{\nfont-size:68px;\n}\n.av-special-heading.av-ahddc-9b9133c4a272d0f7f852a687bdc0deee .av-subheading{\nfont-size:15px;\n}\n\n@media only screen and (min-width: 480px) and (max-width: 767px){ \n#top #wrap_all .av-special-heading.av-ahddc-9b9133c4a272d0f7f852a687bdc0deee .av-special-heading-tag{\nfont-size:0.8em;\n}\n}\n\n@media only screen and (max-width: 479px){ \n#top #wrap_all .av-special-heading.av-ahddc-9b9133c4a272d0f7f852a687bdc0deee .av-special-heading-tag{\nfont-size:0.8em;\n}\n}\n<\/style>\n<div  class='av-special-heading av-ahddc-9b9133c4a272d0f7f852a687bdc0deee av-special-heading-h1 blockquote modern-quote  avia-builder-el-2  avia-builder-el-no-sibling  av-inherit-size av-linked-heading'><h1 class='av-special-heading-tag '  itemprop=\"headline\"  >Mit uns arbeiten<\/h1><div class=\"special-heading-border\"><div class=\"special-heading-inner-border\"><\/div><\/div><\/div><\/div><div class='flex_column_table av-buq0a-051d424a5e651c724d6c9ce17a7e3ffd sc-av_one_half av-equal-height-column-flextable'>\n<style type=\"text\/css\" data-created_by=\"avia_inline_auto\" id=\"style-css-av-buq0a-051d424a5e651c724d6c9ce17a7e3ffd\">\n.flex_column.av-buq0a-051d424a5e651c724d6c9ce17a7e3ffd{\nborder-radius:0px 0px 0px 0px;\npadding:0px 0px 0px 0px;\n}\n<\/style>\n<div  class='flex_column av-buq0a-051d424a5e651c724d6c9ce17a7e3ffd av_one_half  avia-builder-el-3  el_after_av_three_fourth  el_before_av_one_half  first flex_column_table_cell av-equal-height-column av-align-middle av-animated-generic right-to-left av-zero-column-padding  column-top-margin'     ><p><section  class='av_textblock_section av-k2oqc50l-73ef6aa9b83550202d0b1f0f966f06fe '   itemscope=\"itemscope\" itemtype=\"https:\/\/schema.org\/CreativeWork\" ><div class='avia_textblock'  itemprop=\"text\" ><p>M\u00f6chten Sie in einem Unternehmen mit hohen Ambitionen, einem internationalen Arbeitsumfeld und gro\u00dfartigen M\u00f6glichkeiten zur Selbstentfaltung arbeiten? Sind Sie eine Person, die gerne in schnellem Tempo arbeitet, neue Ideen einbringt und etwas bewirken will? Dann sind Sie bei uns an der richtigen Adresse!<\/p>\n<p>Wir expandieren und entwickeln uns st\u00e4ndig weiter und suchen daher neue Teammitglieder auf der ganzen Welt.<br \/>\nHier finden Sie unsere offenen Stellen:<\/p>\n<\/div><\/section><br \/>\n<div  class='avia-icon-list-container av-kisj4z16-922365ce7df02994e79aef1eb796cf9a  avia-builder-el-5  el_after_av_textblock  el_before_av_textblock '><ul class='avia-icon-list avia_animate_when_almost_visible avia-icon-list-left av-iconlist-small av-kisj4z16-922365ce7df02994e79aef1eb796cf9a avia-iconlist-animate'>\n<li><div class='iconlist_icon av-e21bc-054676e945d3e229ae056dee35a97a19 avia-font-entypo-fontello avia-iconfont avia-font-entypo-fontello'><span class='av-icon-char' data-av_icon='\ue879' data-av_iconfont='entypo-fontello' aria-hidden=\"true\"><\/span><\/div><article class=\"article-icon-entry av-iconlist-empty\"  itemscope=\"itemscope\" itemtype=\"https:\/\/schema.org\/CreativeWork\" ><div class=\"iconlist_content_wrap\"><header class=\"entry-content-header\" aria-label=\"Icon: CEO Assistant - Malm\u00f6, Sweden\"><div class='av_iconlist_title iconlist_title_small  '  itemprop=\"headline\" >CEO Assistant - Malm\u00f6, Sweden<\/div><\/header><div class='iconlist_content '  itemprop=\"text\" ><\/div><\/div><footer class=\"entry-footer\"><\/footer><\/article><div class=\"iconlist-timeline\"><\/div><\/li>\n<li><div class='iconlist_icon av-9ie40-26444bb7a8fb25e9be01120440377723 avia-font-entypo-fontello avia-iconfont avia-font-entypo-fontello'><span class='av-icon-char' data-av_icon='\ue879' data-av_iconfont='entypo-fontello' aria-hidden=\"true\"><\/span><\/div><article class=\"article-icon-entry av-iconlist-empty\"  itemscope=\"itemscope\" itemtype=\"https:\/\/schema.org\/CreativeWork\" ><div class=\"iconlist_content_wrap\"><header class=\"entry-content-header\" aria-label=\"Icon: Sales representative \u2013 International \"><div class='av_iconlist_title iconlist_title_small  '  itemprop=\"headline\" >Sales representative \u2013 International <\/div><\/header><div class='iconlist_content '  itemprop=\"text\" ><\/div><\/div><footer class=\"entry-footer\"><\/footer><\/article><div class=\"iconlist-timeline\"><\/div><\/li>\n<\/ul><\/div><br \/>\n<section  class='av_textblock_section av-k2oqc50l-73ef6aa9b83550202d0b1f0f966f06fe '   itemscope=\"itemscope\" itemtype=\"https:\/\/schema.org\/CreativeWork\" ><div class='avia_textblock'  itemprop=\"text\" ><p>Sie haben oben keine passende Stelle f\u00fcr sich gefunden?<\/p>\n<p>Schicken Sie uns eine offene Bewerbung an employment@spiglobalplay.com und erz\u00e4hlen Sie uns etwas \u00fcber sich, Ihre bisherigen Erfahrungen und F\u00e4higkeiten.<\/p>\n<p><strong><em>Lassen Sie uns wissen, was Sie bieten k\u00f6nnen!<\/em><\/strong><\/p>\n<\/div><\/section><\/p><\/div><div class='av-flex-placeholder'><\/div>\n<style type=\"text\/css\" data-created_by=\"avia_inline_auto\" id=\"style-css-av-acmtj-ae3f5e3f05a7b9cbc4d7fed4f85b33f0\">\n.flex_column.av-acmtj-ae3f5e3f05a7b9cbc4d7fed4f85b33f0{\nborder-radius:0px 0px 0px 0px;\npadding:0px 0px 0px 0px;\n}\n<\/style>\n<div  class='flex_column av-acmtj-ae3f5e3f05a7b9cbc4d7fed4f85b33f0 av_one_half  avia-builder-el-7  el_after_av_one_half  avia-builder-el-last  flex_column_table_cell av-equal-height-column av-align-middle av-zero-column-padding  column-top-margin'     ><style type=\"text\/css\" data-created_by=\"avia_inline_auto\" id=\"style-css-av-kisipj7e-8af9a8d77a37a464ad05fb57566e8501\">\n.avia-image-container.av-kisipj7e-8af9a8d77a37a464ad05fb57566e8501 img.avia_image{\nbox-shadow:none;\n}\n.avia-image-container.av-kisipj7e-8af9a8d77a37a464ad05fb57566e8501 .av-image-caption-overlay-center{\ncolor:#ffffff;\n}\n<\/style>\n<div  class='avia-image-container av-kisipj7e-8af9a8d77a37a464ad05fb57566e8501 av-styling- avia-align-center  avia-builder-el-8  avia-builder-el-no-sibling '   itemprop=\"image\" itemscope=\"itemscope\" itemtype=\"https:\/\/schema.org\/ImageObject\" ><div class=\"avia-image-container-inner\"><div class=\"avia-image-overlay-wrap\"><img decoding=\"async\" fetchpriority=\"high\" class='wp-image-8727 avia-img-lazy-loading-not-8727 avia_image ' src=\"https:\/\/spiglobalplay.com\/wp-content\/uploads\/2021\/09\/GROUP-PHOTO-2015-scaled.jpg\" alt='' title=''  height=\"2048\" width=\"2560\"  itemprop=\"thumbnailUrl\" srcset=\"https:\/\/spiglobalplay.com\/wp-content\/uploads\/2021\/09\/GROUP-PHOTO-2015-scaled.jpg 2560w, https:\/\/spiglobalplay.com\/wp-content\/uploads\/2021\/09\/GROUP-PHOTO-2015-300x240.jpg 300w, https:\/\/spiglobalplay.com\/wp-content\/uploads\/2021\/09\/GROUP-PHOTO-2015-1030x824.jpg 1030w, https:\/\/spiglobalplay.com\/wp-content\/uploads\/2021\/09\/GROUP-PHOTO-2015-768x614.jpg 768w, https:\/\/spiglobalplay.com\/wp-content\/uploads\/2021\/09\/GROUP-PHOTO-2015-1536x1229.jpg 1536w, https:\/\/spiglobalplay.com\/wp-content\/uploads\/2021\/09\/GROUP-PHOTO-2015-2048x1638.jpg 2048w, https:\/\/spiglobalplay.com\/wp-content\/uploads\/2021\/09\/GROUP-PHOTO-2015-1500x1200.jpg 1500w, https:\/\/spiglobalplay.com\/wp-content\/uploads\/2021\/09\/GROUP-PHOTO-2015-705x564.jpg 705w\" sizes=\"(max-width: 2560px) 100vw, 2560px\" \/><\/div><\/div><\/div><\/div><\/div><!--close column table wrapper. Autoclose: 1 --><\/div><\/div><\/main><!-- close content main element --><\/div><\/div>\n<style type=\"text\/css\" data-created_by=\"avia_inline_auto\" id=\"style-css-av-k2lptw7b-efe5d9b3a864e68fbe58dd9aca4cf00a\">\n.avia-section.av-k2lptw7b-efe5d9b3a864e68fbe58dd9aca4cf00a{\nbackground-color:#211f1f;\nbackground-image:unset;\n}\n<\/style>\n<div id='customfooter'  class='avia-section av-k2lptw7b-efe5d9b3a864e68fbe58dd9aca4cf00a alternate_color avia-section-large avia-no-border-styling  avia-builder-el-9  el_after_av_section  avia-builder-el-last  thecustomfoot avia-bg-style-scroll container_wrap fullsize'  ><div class='container av-section-cont-open' ><div class='template-page content  av-content-full alpha units'><div class='post-entry post-entry-type-page post-entry-9958'><div class='entry-content-wrapper clearfix'>\n\n<style type=\"text\/css\" data-created_by=\"avia_inline_auto\" id=\"style-css-av-lqu-4d4811447de37c967d01fdaf58d51a30\">\n.flex_column.av-lqu-4d4811447de37c967d01fdaf58d51a30{\nborder-radius:0px 0px 0px 0px;\npadding:0px 0px 0px 0px;\n}\n<\/style>\n<div  class='flex_column av-lqu-4d4811447de37c967d01fdaf58d51a30 av_one_third  avia-builder-el-10  el_before_av_two_third  avia-builder-el-first  first flex_column_div av-animated-generic bottom-to-top av-zero-column-padding  '     ><\/div>\n<style type=\"text\/css\" data-created_by=\"avia_inline_auto\" id=\"style-css-av-3rno-ca3a2df5a879dcc0b3ed268cbe3059c5\">\n.flex_column.av-3rno-ca3a2df5a879dcc0b3ed268cbe3059c5{\nborder-radius:0px 0px 0px 0px;\npadding:0px 0px 0px 0px;\n}\n<\/style>\n<div  class='flex_column av-3rno-ca3a2df5a879dcc0b3ed268cbe3059c5 av_two_third  avia-builder-el-12  el_after_av_one_third  avia-builder-el-last  flex_column_div av-animated-generic bottom-to-top av-zero-column-padding  '     ><\/div>\n<\/p>\n","protected":false},"excerpt":{"rendered":"","protected":false},"author":1,"featured_media":51091,"parent":0,"menu_order":0,"comment_status":"closed","ping_status":"closed","template":"","meta":{"footnotes":""},"class_list":["post-9958","page","type-page","status-publish","has-post-thumbnail","hentry"],"yoast_head":"<!-- This site is optimized with the Yoast SEO plugin v27.4 - https:\/\/yoast.com\/product\/yoast-seo-wordpress\/ -->\n<title>Mit uns arbeiten - SPI Global Play<\/title>\n<meta name=\"robots\" content=\"index, follow, max-snippet:-1, max-image-preview:large, max-video-preview:-1\" \/>\n<link rel=\"canonical\" href=\"https:\/\/spiglobalplay.com\/de\/mit-uns-arbeiten\/\" \/>\n<meta property=\"og:locale\" content=\"de_DE\" \/>\n<meta property=\"og:type\" content=\"article\" \/>\n<meta property=\"og:title\" content=\"Mit uns arbeiten - SPI Global Play\" \/>\n<meta property=\"og:url\" content=\"https:\/\/spiglobalplay.com\/de\/mit-uns-arbeiten\/\" \/>\n<meta property=\"og:site_name\" content=\"SPI Global Play\" \/>\n<meta property=\"article:modified_time\" content=\"2022-04-12T11:32:32+00:00\" \/>\n<meta property=\"og:image\" content=\"https:\/\/spiglobalplay.com\/wp-content\/uploads\/2019\/11\/Airports.jpg\" \/>\n\t<meta property=\"og:image:width\" content=\"1024\" \/>\n\t<meta property=\"og:image:height\" content=\"768\" \/>\n\t<meta property=\"og:image:type\" content=\"image\/jpeg\" \/>\n<meta name=\"twitter:card\" content=\"summary_large_image\" \/>\n<meta name=\"twitter:label1\" content=\"Gesch\u00e4tzte Lesezeit\" \/>\n\t<meta name=\"twitter:data1\" content=\"3\u00a0Minuten\" \/>\n<script type=\"application\/ld+json\" class=\"yoast-schema-graph\">{\"@context\":\"https:\\\/\\\/schema.org\",\"@graph\":[{\"@type\":\"WebPage\",\"@id\":\"https:\\\/\\\/spiglobalplay.com\\\/de\\\/mit-uns-arbeiten\\\/\",\"url\":\"https:\\\/\\\/spiglobalplay.com\\\/de\\\/mit-uns-arbeiten\\\/\",\"name\":\"Mit uns arbeiten - SPI Global Play\",\"isPartOf\":{\"@id\":\"https:\\\/\\\/spiglobalplay.com\\\/#website\"},\"primaryImageOfPage\":{\"@id\":\"https:\\\/\\\/spiglobalplay.com\\\/de\\\/mit-uns-arbeiten\\\/#primaryimage\"},\"image\":{\"@id\":\"https:\\\/\\\/spiglobalplay.com\\\/de\\\/mit-uns-arbeiten\\\/#primaryimage\"},\"thumbnailUrl\":\"https:\\\/\\\/spiglobalplay.com\\\/wp-content\\\/uploads\\\/2024\\\/04\\\/FB.jpg\",\"datePublished\":\"2020-12-17T07:34:05+00:00\",\"dateModified\":\"2022-04-12T11:32:32+00:00\",\"inLanguage\":\"de\",\"potentialAction\":[{\"@type\":\"ReadAction\",\"target\":[\"https:\\\/\\\/spiglobalplay.com\\\/de\\\/mit-uns-arbeiten\\\/\"]}]},{\"@type\":\"ImageObject\",\"inLanguage\":\"de\",\"@id\":\"https:\\\/\\\/spiglobalplay.com\\\/de\\\/mit-uns-arbeiten\\\/#primaryimage\",\"url\":\"https:\\\/\\\/spiglobalplay.com\\\/wp-content\\\/uploads\\\/2024\\\/04\\\/FB.jpg\",\"contentUrl\":\"https:\\\/\\\/spiglobalplay.com\\\/wp-content\\\/uploads\\\/2024\\\/04\\\/FB.jpg\",\"width\":1658,\"height\":1089},{\"@type\":\"WebSite\",\"@id\":\"https:\\\/\\\/spiglobalplay.com\\\/#website\",\"url\":\"https:\\\/\\\/spiglobalplay.com\\\/\",\"name\":\"SPI Global Play\",\"description\":\"\",\"potentialAction\":[{\"@type\":\"SearchAction\",\"target\":{\"@type\":\"EntryPoint\",\"urlTemplate\":\"https:\\\/\\\/spiglobalplay.com\\\/?s={search_term_string}\"},\"query-input\":{\"@type\":\"PropertyValueSpecification\",\"valueRequired\":true,\"valueName\":\"search_term_string\"}}],\"inLanguage\":\"de\"}]}<\/script>\n<!-- \/ Yoast SEO plugin. -->","yoast_head_json":{"title":"Mit uns arbeiten - SPI Global Play","robots":{"index":"index","follow":"follow","max-snippet":"max-snippet:-1","max-image-preview":"max-image-preview:large","max-video-preview":"max-video-preview:-1"},"canonical":"https:\/\/spiglobalplay.com\/de\/mit-uns-arbeiten\/","og_locale":"de_DE","og_type":"article","og_title":"Mit uns arbeiten - SPI Global Play","og_url":"https:\/\/spiglobalplay.com\/de\/mit-uns-arbeiten\/","og_site_name":"SPI Global Play","article_modified_time":"2022-04-12T11:32:32+00:00","og_image":[{"width":1024,"height":768,"url":"https:\/\/spiglobalplay.com\/wp-content\/uploads\/2019\/11\/Airports.jpg","type":"image\/jpeg"}],"twitter_card":"summary_large_image","twitter_misc":{"Gesch\u00e4tzte Lesezeit":"3\u00a0Minuten"},"schema":{"@context":"https:\/\/schema.org","@graph":[{"@type":"WebPage","@id":"https:\/\/spiglobalplay.com\/de\/mit-uns-arbeiten\/","url":"https:\/\/spiglobalplay.com\/de\/mit-uns-arbeiten\/","name":"Mit uns arbeiten - SPI Global Play","isPartOf":{"@id":"https:\/\/spiglobalplay.com\/#website"},"primaryImageOfPage":{"@id":"https:\/\/spiglobalplay.com\/de\/mit-uns-arbeiten\/#primaryimage"},"image":{"@id":"https:\/\/spiglobalplay.com\/de\/mit-uns-arbeiten\/#primaryimage"},"thumbnailUrl":"https:\/\/spiglobalplay.com\/wp-content\/uploads\/2024\/04\/FB.jpg","datePublished":"2020-12-17T07:34:05+00:00","dateModified":"2022-04-12T11:32:32+00:00","inLanguage":"de","potentialAction":[{"@type":"ReadAction","target":["https:\/\/spiglobalplay.com\/de\/mit-uns-arbeiten\/"]}]},{"@type":"ImageObject","inLanguage":"de","@id":"https:\/\/spiglobalplay.com\/de\/mit-uns-arbeiten\/#primaryimage","url":"https:\/\/spiglobalplay.com\/wp-content\/uploads\/2024\/04\/FB.jpg","contentUrl":"https:\/\/spiglobalplay.com\/wp-content\/uploads\/2024\/04\/FB.jpg","width":1658,"height":1089},{"@type":"WebSite","@id":"https:\/\/spiglobalplay.com\/#website","url":"https:\/\/spiglobalplay.com\/","name":"SPI Global Play","description":"","potentialAction":[{"@type":"SearchAction","target":{"@type":"EntryPoint","urlTemplate":"https:\/\/spiglobalplay.com\/?s={search_term_string}"},"query-input":{"@type":"PropertyValueSpecification","valueRequired":true,"valueName":"search_term_string"}}],"inLanguage":"de"}]}},"_links":{"self":[{"href":"https:\/\/spiglobalplay.com\/de\/wp-json\/wp\/v2\/pages\/9958","targetHints":{"allow":["GET"]}}],"collection":[{"href":"https:\/\/spiglobalplay.com\/de\/wp-json\/wp\/v2\/pages"}],"about":[{"href":"https:\/\/spiglobalplay.com\/de\/wp-json\/wp\/v2\/types\/page"}],"author":[{"embeddable":true,"href":"https:\/\/spiglobalplay.com\/de\/wp-json\/wp\/v2\/users\/1"}],"replies":[{"embeddable":true,"href":"https:\/\/spiglobalplay.com\/de\/wp-json\/wp\/v2\/comments?post=9958"}],"version-history":[{"count":2,"href":"https:\/\/spiglobalplay.com\/de\/wp-json\/wp\/v2\/pages\/9958\/revisions"}],"predecessor-version":[{"id":19579,"href":"https:\/\/spiglobalplay.com\/de\/wp-json\/wp\/v2\/pages\/9958\/revisions\/19579"}],"wp:featuredmedia":[{"embeddable":true,"href":"https:\/\/spiglobalplay.com\/de\/wp-json\/wp\/v2\/media\/51091"}],"wp:attachment":[{"href":"https:\/\/spiglobalplay.com\/de\/wp-json\/wp\/v2\/media?parent=9958"}],"curies":[{"name":"wp","href":"https:\/\/api.w.org\/{rel}","templated":true}]}}