
{"id":10132,"date":"2020-12-18T07:37:53","date_gmt":"2020-12-18T06:37:53","guid":{"rendered":"https:\/\/spiglobalplay.com\/rd\/"},"modified":"2022-11-01T14:32:01","modified_gmt":"2022-11-01T13:32:01","slug":"id","status":"publish","type":"page","link":"https:\/\/spiglobalplay.com\/es\/id\/","title":{"rendered":"I+D"},"content":{"rendered":"<div id='av_section_1'  class='avia-section av-1fobzx-4faecaeeb60b86f74db08db92d0f47a6 main_color avia-section-large avia-no-border-styling  avia-builder-el-0  el_before_av_section  avia-builder-el-first  avia-bg-style-scroll container_wrap fullsize'  ><div class='container av-section-cont-open' ><main  role=\"main\" itemprop=\"mainContentOfPage\"  class='template-page content  av-content-full alpha units'><div class='post-entry post-entry-type-page post-entry-10132'><div class='entry-content-wrapper clearfix'>\n<div class='flex_column_table av-19revh-9ead428252a42bf49d1af9bb8f82ffda sc-av_three_fifth av-equal-height-column-flextable'>\n<style type=\"text\/css\" data-created_by=\"avia_inline_auto\" id=\"style-css-av-19revh-9ead428252a42bf49d1af9bb8f82ffda\">\n.flex_column.av-19revh-9ead428252a42bf49d1af9bb8f82ffda{\nborder-radius:0px 0px 0px 0px;\npadding:0px 0px 0px 0px;\n}\n<\/style>\n<div  class='flex_column av-19revh-9ead428252a42bf49d1af9bb8f82ffda av_three_fifth  avia-builder-el-1  el_before_av_two_fifth  avia-builder-el-first  first flex_column_table_cell av-equal-height-column av-align-middle av-animated-generic right-to-left av-zero-column-padding  '     ><p>\n<style type=\"text\/css\" data-created_by=\"avia_inline_auto\" id=\"style-css-av-krykgx2k-59e8af21b84ba41e6fe383474209c1f8\">\n#top .av-special-heading.av-krykgx2k-59e8af21b84ba41e6fe383474209c1f8{\npadding-bottom:20px;\nfont-size:68px;\n}\nbody .av-special-heading.av-krykgx2k-59e8af21b84ba41e6fe383474209c1f8 .av-special-heading-tag .heading-char{\nfont-size:25px;\n}\n#top #wrap_all .av-special-heading.av-krykgx2k-59e8af21b84ba41e6fe383474209c1f8 .av-special-heading-tag{\nfont-size:68px;\n}\n.av-special-heading.av-krykgx2k-59e8af21b84ba41e6fe383474209c1f8 .av-subheading{\nfont-size:15px;\n}\n\n@media only screen and (min-width: 480px) and (max-width: 767px){ \n#top #wrap_all .av-special-heading.av-krykgx2k-59e8af21b84ba41e6fe383474209c1f8 .av-special-heading-tag{\nfont-size:0.8em;\n}\n}\n\n@media only screen and (max-width: 479px){ \n#top #wrap_all .av-special-heading.av-krykgx2k-59e8af21b84ba41e6fe383474209c1f8 .av-special-heading-tag{\nfont-size:0.8em;\n}\n}\n<\/style>\n<div  class='av-special-heading av-krykgx2k-59e8af21b84ba41e6fe383474209c1f8 av-special-heading-h1 blockquote modern-quote  avia-builder-el-2  el_before_av_textblock  avia-builder-el-first  av-inherit-size av-linked-heading'><h1 class='av-special-heading-tag '  itemprop=\"headline\"  >I+D<\/h1><div class=\"special-heading-border\"><div class=\"special-heading-inner-border\"><\/div><\/div><\/div><br \/>\n<section  class='av_textblock_section av-krykh8z1-9b795704e882225480a63e2f09fcdc51 '   itemscope=\"itemscope\" itemtype=\"https:\/\/schema.org\/CreativeWork\" ><div class='avia_textblock'  itemprop=\"text\" ><p><span class=\"jCAhz ChMk0b\"><span class=\"ryNqvb\">SPI Global Play est\u00e1 a la vanguardia en la investigaci\u00f3n y el desarrollo (I+D) en la industria del ocio desde nuestros inicios como The PlayCo en 1972. Cuando se fund\u00f3, la empresa utilizaba la filosof\u00eda \u00abEstirar y desafiar las mentes y los cuerpos de los ni\u00f1os mediante la creaci\u00f3n de entornos de juego en los que<\/span><\/span> <span class=\"jCAhz ChMk0b\"><span class=\"ryNqvb\">podr\u00edan crecer f\u00edsica y creativamente mientras construyen la confianza en s\u00ed mismo\u201d.<\/span><\/span> <span class=\"jCAhz ChMk0b\"><span class=\"ryNqvb\">A trav\u00e9s de esta mentalidad, el desarrollo del juego de aventura lleg\u00f3 a buen t\u00e9rmino.<\/span><\/span><\/p>\n<p><span class=\"jCAhz ChMk0b\"><span class=\"ryNqvb\">Esta investigaci\u00f3n y desarrollo original allan\u00f3 el camino para la industria de juego blando tal como la conocemos hoy.<\/span><\/span> <span class=\"jCAhz ChMk0b\"><span class=\"ryNqvb\">Nuestra empresa ha recorrido un largo camino desde aquellos primeros d\u00edas desarrollando nuevos productos y conceptos, que se utilizan ampliamente en las atracciones de ocio de todo el mundo.<\/span><\/span><\/p>\n<p><span class=\"jCAhz ChMk0b\"><span class=\"ryNqvb\">Seguimos invirtiendo en I+D para asegurarnos de que nuestros clientes se mantengan actualizados y a la vanguardia de la competencia.<\/span><\/span><\/p>\n<\/div><\/section><br \/>\n\n<style type=\"text\/css\" data-created_by=\"avia_inline_auto\" id=\"style-css-av-ktmnv082-2d66e5bb63d936944ca5adbdcc00dd0b\">\n#top .hr.hr-invisible.av-ktmnv082-2d66e5bb63d936944ca5adbdcc00dd0b{\nheight:20px;\n}\n<\/style>\n<div  class='hr av-ktmnv082-2d66e5bb63d936944ca5adbdcc00dd0b hr-invisible  avia-builder-el-4  el_after_av_textblock  el_before_av_button '><span class='hr-inner '><span class=\"hr-inner-style\"><\/span><\/span><\/div><br \/>\n<div  class='avia-button-wrap av-ktmnviny-34a8f1436856729eb7908f8a5b283f0f-wrap avia-button-left  avia-builder-el-5  el_after_av_hr  avia-builder-el-last '>\n<style type=\"text\/css\" data-created_by=\"avia_inline_auto\" id=\"style-css-av-ktmnviny-34a8f1436856729eb7908f8a5b283f0f\">\n#top #wrap_all .avia-button.av-ktmnviny-34a8f1436856729eb7908f8a5b283f0f{\nbackground-color:#f7941e;\nborder-color:#f7941e;\ncolor:#ffffff;\ntransition:all 0.4s ease-in-out;\n}\n#top #wrap_all .avia-button.av-ktmnviny-34a8f1436856729eb7908f8a5b283f0f .avia-svg-icon svg:first-child{\nfill:#ffffff;\nstroke:#ffffff;\n}\n<\/style>\n<a href='https:\/\/spiglobalplay.com\/services\/'  class='avia-button av-ktmnviny-34a8f1436856729eb7908f8a5b283f0f av-link-btn avia-icon_select-yes-left-icon avia-size-small avia-position-left'   aria-label=\" Go Back to services\"><span class='avia_button_icon avia_button_icon_left avia-iconfont avia-font-entypo-fontello' data-av_icon='\ue874' data-av_iconfont='entypo-fontello' ><\/span><span class='avia_iconbox_title' > Go Back to services<\/span><\/a><\/div><\/p><\/div><div class='av-flex-placeholder'><\/div>\n<style type=\"text\/css\" data-created_by=\"avia_inline_auto\" id=\"style-css-av-13kzxh-ec2c5815ae5b22181b25a6873481f890\">\n.flex_column.av-13kzxh-ec2c5815ae5b22181b25a6873481f890{\nborder-radius:0px 0px 0px 0px;\npadding:0px 0px 0px 0px;\n}\n<\/style>\n<div  class='flex_column av-13kzxh-ec2c5815ae5b22181b25a6873481f890 av_two_fifth  avia-builder-el-6  el_after_av_three_fifth  avia-builder-el-last  flex_column_table_cell av-equal-height-column av-align-middle av-zero-column-padding  '     ><style type=\"text\/css\" data-created_by=\"avia_inline_auto\" id=\"style-css-av-krykituu-9471e48d7af493eb75c600e711ecd2f8\">\n#top .av-masonry.av-krykituu-9471e48d7af493eb75c600e711ecd2f8{\nbackground-color:#ffffff;\n}\n<\/style>\n<div id='references' class='av-masonry av-krykituu-9471e48d7af493eb75c600e711ecd2f8 noHover av-fixed-size av-1px-gap av-hover-overlay-active av-masonry-animation-active av-masonry-col-2 av-caption-on-hover av-caption-style-overlay av-masonry-gallery av-medium-columns-overwrite av-medium-columns-4 av-small-columns-overwrite av-small-columns-3 av-mini-columns-overwrite av-mini-columns-3 av-orientation-landscape-large otherprojects' data-post_id=\"10132\"><div class=\"av-masonry-container isotope av-js-disabled\"><div class='av-masonry-entry isotope-item av-masonry-item-no-image '><\/div><a href=\"https:\/\/spiglobalplay.com\/wp-content\/uploads\/2021\/08\/1.-Tower-sketch-726x1030.jpg\" data-srcset=\"https:\/\/spiglobalplay.com\/wp-content\/uploads\/2021\/08\/1.-Tower-sketch-726x1030.jpg 726w, https:\/\/spiglobalplay.com\/wp-content\/uploads\/2021\/08\/1.-Tower-sketch-211x300.jpg 211w, https:\/\/spiglobalplay.com\/wp-content\/uploads\/2021\/08\/1.-Tower-sketch-768x1090.jpg 768w, https:\/\/spiglobalplay.com\/wp-content\/uploads\/2021\/08\/1.-Tower-sketch-1082x1536.jpg 1082w, https:\/\/spiglobalplay.com\/wp-content\/uploads\/2021\/08\/1.-Tower-sketch-1443x2048.jpg 1443w, https:\/\/spiglobalplay.com\/wp-content\/uploads\/2021\/08\/1.-Tower-sketch-1057x1500.jpg 1057w, https:\/\/spiglobalplay.com\/wp-content\/uploads\/2021\/08\/1.-Tower-sketch-497x705.jpg 497w, https:\/\/spiglobalplay.com\/wp-content\/uploads\/2021\/08\/1.-Tower-sketch-scaled.jpg 1804w\" data-sizes=\"(max-width: 726px) 100vw, 726px\"  aria-label=\"image image with no title\"  id='av-masonry-1-item-8695' data-av-masonry-item='8695' class='av-masonry-entry isotope-item post-8695 attachment type-attachment status-inherit hentry  av-masonry-item-with-image' title=\"\" alt=\"\"    itemprop=\"thumbnailUrl\" ><div class='av-inner-masonry-sizer'><\/div><figure class='av-inner-masonry main_color'><div class=\"av-masonry-outerimage-container\"><div class='av-masonry-image-container' style=\"background-image: url(https:\/\/spiglobalplay.com\/wp-content\/uploads\/2021\/08\/1.-Tower-sketch-497x705.jpg);\" ><\/div><\/div><\/figure><\/a><!--end av-masonry entry--><a href=\"https:\/\/spiglobalplay.com\/wp-content\/uploads\/2021\/08\/2.-Tower-render-1030x698.jpg\" data-srcset=\"https:\/\/spiglobalplay.com\/wp-content\/uploads\/2021\/08\/2.-Tower-render-1030x698.jpg 1030w, https:\/\/spiglobalplay.com\/wp-content\/uploads\/2021\/08\/2.-Tower-render-300x203.jpg 300w, https:\/\/spiglobalplay.com\/wp-content\/uploads\/2021\/08\/2.-Tower-render-768x520.jpg 768w, https:\/\/spiglobalplay.com\/wp-content\/uploads\/2021\/08\/2.-Tower-render-705x478.jpg 705w, https:\/\/spiglobalplay.com\/wp-content\/uploads\/2021\/08\/2.-Tower-render.jpg 1500w\" data-sizes=\"(max-width: 1030px) 100vw, 1030px\"  aria-label=\"image image with no title\"  id='av-masonry-1-item-8698' data-av-masonry-item='8698' class='av-masonry-entry isotope-item post-8698 attachment type-attachment status-inherit hentry  av-masonry-item-with-image' title=\"\" alt=\"\"    itemprop=\"thumbnailUrl\" ><div class='av-inner-masonry-sizer'><\/div><figure class='av-inner-masonry main_color'><div class=\"av-masonry-outerimage-container\"><div class='av-masonry-image-container' style=\"background-image: url(https:\/\/spiglobalplay.com\/wp-content\/uploads\/2021\/08\/2.-Tower-render-705x478.jpg);\" ><\/div><\/div><\/figure><\/a><!--end av-masonry entry--><a href=\"https:\/\/spiglobalplay.com\/wp-content\/uploads\/2021\/08\/3.-Tower-realisation-579x1030.jpg\" data-srcset=\"https:\/\/spiglobalplay.com\/wp-content\/uploads\/2021\/08\/3.-Tower-realisation-579x1030.jpg 579w, https:\/\/spiglobalplay.com\/wp-content\/uploads\/2021\/08\/3.-Tower-realisation-169x300.jpg 169w, https:\/\/spiglobalplay.com\/wp-content\/uploads\/2021\/08\/3.-Tower-realisation-768x1365.jpg 768w, https:\/\/spiglobalplay.com\/wp-content\/uploads\/2021\/08\/3.-Tower-realisation-864x1536.jpg 864w, https:\/\/spiglobalplay.com\/wp-content\/uploads\/2021\/08\/3.-Tower-realisation-1152x2048.jpg 1152w, https:\/\/spiglobalplay.com\/wp-content\/uploads\/2021\/08\/3.-Tower-realisation-844x1500.jpg 844w, https:\/\/spiglobalplay.com\/wp-content\/uploads\/2021\/08\/3.-Tower-realisation-397x705.jpg 397w, https:\/\/spiglobalplay.com\/wp-content\/uploads\/2021\/08\/3.-Tower-realisation-scaled.jpg 1440w\" data-sizes=\"(max-width: 579px) 100vw, 579px\"  aria-label=\"image image with no title\"  id='av-masonry-1-item-8701' data-av-masonry-item='8701' class='av-masonry-entry isotope-item post-8701 attachment type-attachment status-inherit hentry  av-masonry-item-with-image' title=\"\" alt=\"\"    itemprop=\"thumbnailUrl\" ><div class='av-inner-masonry-sizer'><\/div><figure class='av-inner-masonry main_color'><div class=\"av-masonry-outerimage-container\"><div class='av-masonry-image-container' style=\"background-image: url(https:\/\/spiglobalplay.com\/wp-content\/uploads\/2021\/08\/3.-Tower-realisation-397x705.jpg);\" ><\/div><\/div><\/figure><\/a><!--end av-masonry entry--><\/div><\/div><\/div><\/div><!--close column table wrapper. Autoclose: 1 --><\/div><\/div><\/main><!-- close content main element --><\/div><\/div>\n<style type=\"text\/css\" data-created_by=\"avia_inline_auto\" id=\"style-css-av-z939x-9e09b678b6eb9cdd83da4ab3d4da87c6\">\n.avia-section.av-z939x-9e09b678b6eb9cdd83da4ab3d4da87c6{\nbackground-color:#211f1f;\nbackground-image:unset;\n}\n<\/style>\n<div id='customfooter'  class='avia-section av-z939x-9e09b678b6eb9cdd83da4ab3d4da87c6 alternate_color avia-section-large avia-no-border-styling  avia-builder-el-8  el_after_av_section  avia-builder-el-last  thecustomfoot avia-bg-style-scroll container_wrap fullsize'  ><div class='container av-section-cont-open' ><div class='template-page content  av-content-full alpha units'><div class='post-entry post-entry-type-page post-entry-10132'><div class='entry-content-wrapper clearfix'>\n\n<style type=\"text\/css\" data-created_by=\"avia_inline_auto\" id=\"style-css-av-onq3x-f98c012112cf37c16d1bff8b8e0c26ae\">\n.flex_column.av-onq3x-f98c012112cf37c16d1bff8b8e0c26ae{\nborder-radius:0px 0px 0px 0px;\npadding:0px 0px 0px 0px;\n}\n<\/style>\n<div  class='flex_column av-onq3x-f98c012112cf37c16d1bff8b8e0c26ae av_one_third  avia-builder-el-9  el_before_av_two_third  avia-builder-el-first  first flex_column_div av-animated-generic bottom-to-top av-zero-column-padding  '     ><\/div>\n<style type=\"text\/css\" data-created_by=\"avia_inline_auto\" id=\"style-css-av-hbij9-b414faae94d6e4821c28e8e9874fb7f4\">\n.flex_column.av-hbij9-b414faae94d6e4821c28e8e9874fb7f4{\nborder-radius:0px 0px 0px 0px;\npadding:0px 0px 0px 0px;\n}\n<\/style>\n<div  class='flex_column av-hbij9-b414faae94d6e4821c28e8e9874fb7f4 av_two_third  avia-builder-el-11  el_after_av_one_third  avia-builder-el-last  flex_column_div av-animated-generic bottom-to-top av-zero-column-padding  '     ><\/div>\n<\/p>\n","protected":false},"excerpt":{"rendered":"","protected":false},"author":1,"featured_media":9551,"parent":0,"menu_order":0,"comment_status":"closed","ping_status":"closed","template":"","meta":{"footnotes":""},"class_list":["post-10132","page","type-page","status-publish","has-post-thumbnail","hentry"],"yoast_head":"<!-- This site is optimized with the Yoast SEO plugin v27.5 - https:\/\/yoast.com\/product\/yoast-seo-wordpress\/ -->\n<title>I+D - SPI Global Play<\/title>\n<meta name=\"robots\" content=\"index, follow, max-snippet:-1, max-image-preview:large, max-video-preview:-1\" \/>\n<link rel=\"canonical\" href=\"https:\/\/spiglobalplay.com\/es\/id\/\" \/>\n<meta property=\"og:locale\" content=\"es_ES\" \/>\n<meta property=\"og:type\" content=\"article\" \/>\n<meta property=\"og:title\" content=\"I+D - SPI Global Play\" \/>\n<meta property=\"og:url\" content=\"https:\/\/spiglobalplay.com\/es\/id\/\" \/>\n<meta property=\"og:site_name\" content=\"SPI Global Play\" \/>\n<meta property=\"article:modified_time\" content=\"2022-11-01T13:32:01+00:00\" \/>\n<meta property=\"og:image\" content=\"https:\/\/spiglobalplay.com\/wp-content\/uploads\/2022\/02\/1.-Tower-sketch-726x1030-1.jpg\" \/>\n\t<meta property=\"og:image:width\" content=\"726\" \/>\n\t<meta property=\"og:image:height\" content=\"1030\" \/>\n\t<meta property=\"og:image:type\" content=\"image\/jpeg\" \/>\n<meta name=\"twitter:card\" content=\"summary_large_image\" \/>\n<meta name=\"twitter:label1\" content=\"Tiempo de lectura\" \/>\n\t<meta name=\"twitter:data1\" content=\"3 minutos\" \/>\n<script type=\"application\/ld+json\" class=\"yoast-schema-graph\">{\"@context\":\"https:\\\/\\\/schema.org\",\"@graph\":[{\"@type\":\"WebPage\",\"@id\":\"https:\\\/\\\/spiglobalplay.com\\\/es\\\/id\\\/\",\"url\":\"https:\\\/\\\/spiglobalplay.com\\\/es\\\/id\\\/\",\"name\":\"I+D - SPI Global Play\",\"isPartOf\":{\"@id\":\"https:\\\/\\\/spiglobalplay.com\\\/#website\"},\"primaryImageOfPage\":{\"@id\":\"https:\\\/\\\/spiglobalplay.com\\\/es\\\/id\\\/#primaryimage\"},\"image\":{\"@id\":\"https:\\\/\\\/spiglobalplay.com\\\/es\\\/id\\\/#primaryimage\"},\"thumbnailUrl\":\"https:\\\/\\\/spiglobalplay.com\\\/wp-content\\\/uploads\\\/2022\\\/02\\\/1.-Tower-sketch-726x1030-1.jpg\",\"datePublished\":\"2020-12-18T06:37:53+00:00\",\"dateModified\":\"2022-11-01T13:32:01+00:00\",\"inLanguage\":\"es\",\"potentialAction\":[{\"@type\":\"ReadAction\",\"target\":[\"https:\\\/\\\/spiglobalplay.com\\\/es\\\/id\\\/\"]}]},{\"@type\":\"ImageObject\",\"inLanguage\":\"es\",\"@id\":\"https:\\\/\\\/spiglobalplay.com\\\/es\\\/id\\\/#primaryimage\",\"url\":\"https:\\\/\\\/spiglobalplay.com\\\/wp-content\\\/uploads\\\/2022\\\/02\\\/1.-Tower-sketch-726x1030-1.jpg\",\"contentUrl\":\"https:\\\/\\\/spiglobalplay.com\\\/wp-content\\\/uploads\\\/2022\\\/02\\\/1.-Tower-sketch-726x1030-1.jpg\",\"width\":726,\"height\":1030},{\"@type\":\"WebSite\",\"@id\":\"https:\\\/\\\/spiglobalplay.com\\\/#website\",\"url\":\"https:\\\/\\\/spiglobalplay.com\\\/\",\"name\":\"SPI Global Play\",\"description\":\"\",\"potentialAction\":[{\"@type\":\"SearchAction\",\"target\":{\"@type\":\"EntryPoint\",\"urlTemplate\":\"https:\\\/\\\/spiglobalplay.com\\\/?s={search_term_string}\"},\"query-input\":{\"@type\":\"PropertyValueSpecification\",\"valueRequired\":true,\"valueName\":\"search_term_string\"}}],\"inLanguage\":\"es\"}]}<\/script>\n<!-- \/ Yoast SEO plugin. -->","yoast_head_json":{"title":"I+D - SPI Global Play","robots":{"index":"index","follow":"follow","max-snippet":"max-snippet:-1","max-image-preview":"max-image-preview:large","max-video-preview":"max-video-preview:-1"},"canonical":"https:\/\/spiglobalplay.com\/es\/id\/","og_locale":"es_ES","og_type":"article","og_title":"I+D - SPI Global Play","og_url":"https:\/\/spiglobalplay.com\/es\/id\/","og_site_name":"SPI Global Play","article_modified_time":"2022-11-01T13:32:01+00:00","og_image":[{"width":726,"height":1030,"url":"https:\/\/spiglobalplay.com\/wp-content\/uploads\/2022\/02\/1.-Tower-sketch-726x1030-1.jpg","type":"image\/jpeg"}],"twitter_card":"summary_large_image","twitter_misc":{"Tiempo de lectura":"3 minutos"},"schema":{"@context":"https:\/\/schema.org","@graph":[{"@type":"WebPage","@id":"https:\/\/spiglobalplay.com\/es\/id\/","url":"https:\/\/spiglobalplay.com\/es\/id\/","name":"I+D - SPI Global Play","isPartOf":{"@id":"https:\/\/spiglobalplay.com\/#website"},"primaryImageOfPage":{"@id":"https:\/\/spiglobalplay.com\/es\/id\/#primaryimage"},"image":{"@id":"https:\/\/spiglobalplay.com\/es\/id\/#primaryimage"},"thumbnailUrl":"https:\/\/spiglobalplay.com\/wp-content\/uploads\/2022\/02\/1.-Tower-sketch-726x1030-1.jpg","datePublished":"2020-12-18T06:37:53+00:00","dateModified":"2022-11-01T13:32:01+00:00","inLanguage":"es","potentialAction":[{"@type":"ReadAction","target":["https:\/\/spiglobalplay.com\/es\/id\/"]}]},{"@type":"ImageObject","inLanguage":"es","@id":"https:\/\/spiglobalplay.com\/es\/id\/#primaryimage","url":"https:\/\/spiglobalplay.com\/wp-content\/uploads\/2022\/02\/1.-Tower-sketch-726x1030-1.jpg","contentUrl":"https:\/\/spiglobalplay.com\/wp-content\/uploads\/2022\/02\/1.-Tower-sketch-726x1030-1.jpg","width":726,"height":1030},{"@type":"WebSite","@id":"https:\/\/spiglobalplay.com\/#website","url":"https:\/\/spiglobalplay.com\/","name":"SPI Global Play","description":"","potentialAction":[{"@type":"SearchAction","target":{"@type":"EntryPoint","urlTemplate":"https:\/\/spiglobalplay.com\/?s={search_term_string}"},"query-input":{"@type":"PropertyValueSpecification","valueRequired":true,"valueName":"search_term_string"}}],"inLanguage":"es"}]}},"_links":{"self":[{"href":"https:\/\/spiglobalplay.com\/es\/wp-json\/wp\/v2\/pages\/10132","targetHints":{"allow":["GET"]}}],"collection":[{"href":"https:\/\/spiglobalplay.com\/es\/wp-json\/wp\/v2\/pages"}],"about":[{"href":"https:\/\/spiglobalplay.com\/es\/wp-json\/wp\/v2\/types\/page"}],"author":[{"embeddable":true,"href":"https:\/\/spiglobalplay.com\/es\/wp-json\/wp\/v2\/users\/1"}],"replies":[{"embeddable":true,"href":"https:\/\/spiglobalplay.com\/es\/wp-json\/wp\/v2\/comments?post=10132"}],"version-history":[{"count":2,"href":"https:\/\/spiglobalplay.com\/es\/wp-json\/wp\/v2\/pages\/10132\/revisions"}],"predecessor-version":[{"id":28442,"href":"https:\/\/spiglobalplay.com\/es\/wp-json\/wp\/v2\/pages\/10132\/revisions\/28442"}],"wp:featuredmedia":[{"embeddable":true,"href":"https:\/\/spiglobalplay.com\/es\/wp-json\/wp\/v2\/media\/9551"}],"wp:attachment":[{"href":"https:\/\/spiglobalplay.com\/es\/wp-json\/wp\/v2\/media?parent=10132"}],"curies":[{"name":"wp","href":"https:\/\/api.w.org\/{rel}","templated":true}]}}