
{"id":10139,"date":"2020-12-18T07:36:44","date_gmt":"2020-12-18T06:36:44","guid":{"rendered":"https:\/\/spiglobalplay.com\/installation-construction\/"},"modified":"2022-10-31T15:03:17","modified_gmt":"2022-10-31T14:03:17","slug":"instalacion-construccion","status":"publish","type":"page","link":"https:\/\/spiglobalplay.com\/es\/instalacion-construccion\/","title":{"rendered":"Instalaci\u00f3n &amp; Construcci\u00f3n"},"content":{"rendered":"<div id='av_section_1'  class='avia-section av-1l5gfz-e592179dba2a905c0ff7ac3d774d0005 main_color avia-section-large avia-no-border-styling  avia-builder-el-0  el_before_av_section  avia-builder-el-first  avia-bg-style-scroll container_wrap fullsize'  ><div class='container av-section-cont-open' ><main  role=\"main\" itemprop=\"mainContentOfPage\"  class='template-page content  av-content-full alpha units'><div class='post-entry post-entry-type-page post-entry-10139'><div class='entry-content-wrapper clearfix'>\n<div class='flex_column_table av-1fyasf-9531d2cf019b47eabd9d86511a491f53 sc-av_three_fifth av-equal-height-column-flextable'>\n<style type=\"text\/css\" data-created_by=\"avia_inline_auto\" id=\"style-css-av-1fyasf-9531d2cf019b47eabd9d86511a491f53\">\n.flex_column.av-1fyasf-9531d2cf019b47eabd9d86511a491f53{\nborder-radius:0px 0px 0px 0px;\npadding:0px 0px 0px 0px;\n}\n<\/style>\n<div  class='flex_column av-1fyasf-9531d2cf019b47eabd9d86511a491f53 av_three_fifth  avia-builder-el-1  el_before_av_two_fifth  avia-builder-el-first  first flex_column_table_cell av-equal-height-column av-align-middle av-animated-generic right-to-left av-zero-column-padding  '     ><p>\n<style type=\"text\/css\" data-created_by=\"avia_inline_auto\" id=\"style-css-av-kryjwm8c-83a50e745547581b33153c9bf7f8c43c\">\n#top .av-special-heading.av-kryjwm8c-83a50e745547581b33153c9bf7f8c43c{\npadding-bottom:20px;\nfont-size:68px;\n}\nbody .av-special-heading.av-kryjwm8c-83a50e745547581b33153c9bf7f8c43c .av-special-heading-tag .heading-char{\nfont-size:25px;\n}\n#top #wrap_all .av-special-heading.av-kryjwm8c-83a50e745547581b33153c9bf7f8c43c .av-special-heading-tag{\nfont-size:68px;\n}\n.av-special-heading.av-kryjwm8c-83a50e745547581b33153c9bf7f8c43c .av-subheading{\nfont-size:15px;\n}\n\n@media only screen and (max-width: 479px){ \n#top #wrap_all .av-special-heading.av-kryjwm8c-83a50e745547581b33153c9bf7f8c43c .av-special-heading-tag{\nfont-size:46px;\n}\n}\n\n@media only screen and (min-width: 480px) and (max-width: 767px){ \n#top #wrap_all .av-special-heading.av-kryjwm8c-83a50e745547581b33153c9bf7f8c43c .av-special-heading-tag{\nfont-size:0.8em;\n}\n}\n<\/style>\n<div  class='av-special-heading av-kryjwm8c-83a50e745547581b33153c9bf7f8c43c av-special-heading-h1 blockquote modern-quote  avia-builder-el-2  el_before_av_textblock  avia-builder-el-first  av-inherit-size'><h1 class='av-special-heading-tag '  itemprop=\"headline\"  >Instalaci\u00f3n <span class='special_amp'>&amp;<\/span> Construcci\u00f3n<\/h1><div class=\"special-heading-border\"><div class=\"special-heading-inner-border\"><\/div><\/div><\/div><br \/>\n<section  class='av_textblock_section av-kryjwwfm-7fb9a6819476a8cf23a974eb4a709c19 '   itemscope=\"itemscope\" itemtype=\"https:\/\/schema.org\/CreativeWork\" ><div class='avia_textblock'  itemprop=\"text\" ><p><span class=\"jCAhz ChMk0b\"><span class=\"ryNqvb\">Nuestro propio equipo de m\u00e1s de 200 ingenieros de instalaci\u00f3n, decoradores, artistas murales, gerentes de proyectos, carpinteros y constructores nos brinda una cobertura completa en todo el mundo, entregando proyectos de m\u00faltiples habilidades.<\/span><\/span> <span class=\"jCAhz ChMk0b\"><span class=\"ryNqvb\">Desde instalaciones de equipos de juego y parques de trampolines hasta soluciones completas llave en mano con tem\u00e1ticas y trabajos de construcci\u00f3n.<\/span><\/span><\/p>\n<p><span class=\"jCAhz ChMk0b\"><span class=\"ryNqvb\">Nuestro experimentado equipo de instalaci\u00f3n y construcci\u00f3n formar\u00e1 parte del proyecto desde su concepci\u00f3n hasta su finalizaci\u00f3n.<\/span><\/span> <span class=\"jCAhz ChMk0b\"><span class=\"ryNqvb\">Queremos que el proyecto de sus sue\u00f1os y su viaje hasta su finalizaci\u00f3n sean divertidos, profesionales e inspiradores.<\/span><\/span> <span class=\"jCAhz ChMk0b\"><span class=\"ryNqvb\">Nuestro equipo se asegurar\u00e1 de que su proyecto supere sus expectativas y de que su nueva aventura se entregue como lo desee y cuando lo desee.<\/span><\/span><\/p>\n<\/div><\/section><br \/>\n\n<style type=\"text\/css\" data-created_by=\"avia_inline_auto\" id=\"style-css-av-ktmnsu76-644a2463271149f6dcd92881a492fab3\">\n#top .hr.hr-invisible.av-ktmnsu76-644a2463271149f6dcd92881a492fab3{\nheight:20px;\n}\n<\/style>\n<div  class='hr av-ktmnsu76-644a2463271149f6dcd92881a492fab3 hr-invisible  avia-builder-el-4  el_after_av_textblock  el_before_av_button '><span class='hr-inner '><span class=\"hr-inner-style\"><\/span><\/span><\/div><br \/>\n<div  class='avia-button-wrap av-ktmnt4jw-50174871c5c5363b53f533816db52f05-wrap avia-button-left  avia-builder-el-5  el_after_av_hr  avia-builder-el-last '>\n<style type=\"text\/css\" data-created_by=\"avia_inline_auto\" id=\"style-css-av-ktmnt4jw-50174871c5c5363b53f533816db52f05\">\n#top #wrap_all .avia-button.av-ktmnt4jw-50174871c5c5363b53f533816db52f05{\nbackground-color:#f7941e;\nborder-color:#f7941e;\ncolor:#ffffff;\ntransition:all 0.4s ease-in-out;\n}\n#top #wrap_all .avia-button.av-ktmnt4jw-50174871c5c5363b53f533816db52f05 .avia-svg-icon svg:first-child{\nfill:#ffffff;\nstroke:#ffffff;\n}\n<\/style>\n<a href='https:\/\/spiglobalplay.com\/es\/aeropuertos\/'  class='avia-button av-ktmnt4jw-50174871c5c5363b53f533816db52f05 av-link-btn avia-icon_select-yes-left-icon avia-size-small avia-position-left'   aria-label=\"Volver a servicios\"><span class='avia_button_icon avia_button_icon_left avia-iconfont avia-font-entypo-fontello' data-av_icon='\ue874' data-av_iconfont='entypo-fontello' ><\/span><span class='avia_iconbox_title' >Volver a servicios<\/span><\/a><\/div><\/p><\/div><div class='av-flex-placeholder'><\/div>\n<style type=\"text\/css\" data-created_by=\"avia_inline_auto\" id=\"style-css-av-1a2q9z-4628edc66b6e70260dd72505b5e49bc9\">\n.flex_column.av-1a2q9z-4628edc66b6e70260dd72505b5e49bc9{\nborder-radius:0px 0px 0px 0px;\npadding:0px 0px 0px 0px;\n}\n<\/style>\n<div  class='flex_column av-1a2q9z-4628edc66b6e70260dd72505b5e49bc9 av_two_fifth  avia-builder-el-6  el_after_av_three_fifth  el_before_av_one_full  flex_column_table_cell av-equal-height-column av-align-middle av-zero-column-padding  '     ><style type=\"text\/css\" data-created_by=\"avia_inline_auto\" id=\"style-css-av-kryjys1a-14eb8903d5ec4fdd9207631b4043dcab\">\n#top .av-masonry.av-kryjys1a-14eb8903d5ec4fdd9207631b4043dcab{\nbackground-color:#ffffff;\n}\n<\/style>\n<div id='references' class='av-masonry av-kryjys1a-14eb8903d5ec4fdd9207631b4043dcab noHover av-fixed-size av-1px-gap av-hover-overlay-active av-masonry-animation-active av-masonry-col-2 av-caption-on-hover av-caption-style-overlay av-masonry-gallery av-medium-columns-overwrite av-medium-columns-4 av-small-columns-overwrite av-small-columns-3 av-mini-columns-overwrite av-mini-columns-2 av-orientation-landscape-large otherprojects' data-post_id=\"10139\"><div class=\"av-masonry-container isotope av-js-disabled\"><div class='av-masonry-entry isotope-item av-masonry-item-no-image '><\/div><a href=\"https:\/\/spiglobalplay.com\/wp-content\/uploads\/2021\/08\/IMG_0214-edit-1030x773.jpg\" data-srcset=\"https:\/\/spiglobalplay.com\/wp-content\/uploads\/2021\/08\/IMG_0214-edit-1030x773.jpg 1030w, https:\/\/spiglobalplay.com\/wp-content\/uploads\/2021\/08\/IMG_0214-edit-300x225.jpg 300w, https:\/\/spiglobalplay.com\/wp-content\/uploads\/2021\/08\/IMG_0214-edit-768x576.jpg 768w, https:\/\/spiglobalplay.com\/wp-content\/uploads\/2021\/08\/IMG_0214-edit-800x600.jpg 800w, https:\/\/spiglobalplay.com\/wp-content\/uploads\/2021\/08\/IMG_0214-edit-705x529.jpg 705w, https:\/\/spiglobalplay.com\/wp-content\/uploads\/2021\/08\/IMG_0214-edit.jpg 1417w\" data-sizes=\"(max-width: 1030px) 100vw, 1030px\"  aria-label=\"image image with no title\"  id='av-masonry-1-item-8653' data-av-masonry-item='8653' class='av-masonry-entry isotope-item post-8653 attachment type-attachment status-inherit hentry  av-masonry-item-with-image' title=\"\" alt=\"\"    itemprop=\"thumbnailUrl\" ><div class='av-inner-masonry-sizer'><\/div><figure class='av-inner-masonry main_color'><div class=\"av-masonry-outerimage-container\"><div class='av-masonry-image-container' style=\"background-image: url(https:\/\/spiglobalplay.com\/wp-content\/uploads\/2021\/08\/IMG_0214-edit-705x529.jpg);\" ><\/div><\/div><\/figure><\/a><!--end av-masonry entry--><a href=\"https:\/\/spiglobalplay.com\/wp-content\/uploads\/2021\/08\/IMG_0252-edit-1030x773.jpg\" data-srcset=\"https:\/\/spiglobalplay.com\/wp-content\/uploads\/2021\/08\/IMG_0252-edit-1030x773.jpg 1030w, https:\/\/spiglobalplay.com\/wp-content\/uploads\/2021\/08\/IMG_0252-edit-300x225.jpg 300w, https:\/\/spiglobalplay.com\/wp-content\/uploads\/2021\/08\/IMG_0252-edit-768x576.jpg 768w, https:\/\/spiglobalplay.com\/wp-content\/uploads\/2021\/08\/IMG_0252-edit-1536x1152.jpg 1536w, https:\/\/spiglobalplay.com\/wp-content\/uploads\/2021\/08\/IMG_0252-edit-2048x1536.jpg 2048w, https:\/\/spiglobalplay.com\/wp-content\/uploads\/2021\/08\/IMG_0252-edit-800x600.jpg 800w, https:\/\/spiglobalplay.com\/wp-content\/uploads\/2021\/08\/IMG_0252-edit-1500x1125.jpg 1500w, https:\/\/spiglobalplay.com\/wp-content\/uploads\/2021\/08\/IMG_0252-edit-705x529.jpg 705w\" data-sizes=\"(max-width: 1030px) 100vw, 1030px\"  aria-label=\"image image with no title\"  id='av-masonry-1-item-8656' data-av-masonry-item='8656' class='av-masonry-entry isotope-item post-8656 attachment type-attachment status-inherit hentry  av-masonry-item-with-image' title=\"\" alt=\"\"    itemprop=\"thumbnailUrl\" ><div class='av-inner-masonry-sizer'><\/div><figure class='av-inner-masonry main_color'><div class=\"av-masonry-outerimage-container\"><div class='av-masonry-image-container' style=\"background-image: url(https:\/\/spiglobalplay.com\/wp-content\/uploads\/2021\/08\/IMG_0252-edit-705x529.jpg);\" ><\/div><\/div><\/figure><\/a><!--end av-masonry entry--><a href=\"https:\/\/spiglobalplay.com\/wp-content\/uploads\/2021\/08\/IMG_1239-1030x773.jpg\" data-srcset=\"https:\/\/spiglobalplay.com\/wp-content\/uploads\/2021\/08\/IMG_1239-1030x773.jpg 1030w, https:\/\/spiglobalplay.com\/wp-content\/uploads\/2021\/08\/IMG_1239-300x225.jpg 300w, https:\/\/spiglobalplay.com\/wp-content\/uploads\/2021\/08\/IMG_1239-768x576.jpg 768w, https:\/\/spiglobalplay.com\/wp-content\/uploads\/2021\/08\/IMG_1239-1536x1152.jpg 1536w, https:\/\/spiglobalplay.com\/wp-content\/uploads\/2021\/08\/IMG_1239-2048x1536.jpg 2048w, https:\/\/spiglobalplay.com\/wp-content\/uploads\/2021\/08\/IMG_1239-800x600.jpg 800w, https:\/\/spiglobalplay.com\/wp-content\/uploads\/2021\/08\/IMG_1239-1500x1125.jpg 1500w, https:\/\/spiglobalplay.com\/wp-content\/uploads\/2021\/08\/IMG_1239-705x529.jpg 705w\" data-sizes=\"(max-width: 1030px) 100vw, 1030px\"  aria-label=\"image image with no title\"  id='av-masonry-1-item-8659' data-av-masonry-item='8659' class='av-masonry-entry isotope-item post-8659 attachment type-attachment status-inherit hentry  av-masonry-item-with-image' title=\"\" alt=\"\"    itemprop=\"thumbnailUrl\" ><div class='av-inner-masonry-sizer'><\/div><figure class='av-inner-masonry main_color'><div class=\"av-masonry-outerimage-container\"><div class='av-masonry-image-container' style=\"background-image: url(https:\/\/spiglobalplay.com\/wp-content\/uploads\/2021\/08\/IMG_1239-705x529.jpg);\" ><\/div><\/div><\/figure><\/a><!--end av-masonry entry--><a href=\"https:\/\/spiglobalplay.com\/wp-content\/uploads\/2021\/08\/IMG_1254-edit-1030x773.jpg\" data-srcset=\"https:\/\/spiglobalplay.com\/wp-content\/uploads\/2021\/08\/IMG_1254-edit-1030x773.jpg 1030w, https:\/\/spiglobalplay.com\/wp-content\/uploads\/2021\/08\/IMG_1254-edit-300x225.jpg 300w, https:\/\/spiglobalplay.com\/wp-content\/uploads\/2021\/08\/IMG_1254-edit-768x576.jpg 768w, https:\/\/spiglobalplay.com\/wp-content\/uploads\/2021\/08\/IMG_1254-edit-800x600.jpg 800w, https:\/\/spiglobalplay.com\/wp-content\/uploads\/2021\/08\/IMG_1254-edit-1500x1125.jpg 1500w, https:\/\/spiglobalplay.com\/wp-content\/uploads\/2021\/08\/IMG_1254-edit-705x529.jpg 705w, https:\/\/spiglobalplay.com\/wp-content\/uploads\/2021\/08\/IMG_1254-edit.jpg 1512w\" data-sizes=\"(max-width: 1030px) 100vw, 1030px\"  aria-label=\"image image with no title\"  id='av-masonry-1-item-8662' data-av-masonry-item='8662' class='av-masonry-entry isotope-item post-8662 attachment type-attachment status-inherit hentry  av-masonry-item-with-image' title=\"\" alt=\"\"    itemprop=\"thumbnailUrl\" ><div class='av-inner-masonry-sizer'><\/div><figure class='av-inner-masonry main_color'><div class=\"av-masonry-outerimage-container\"><div class='av-masonry-image-container' style=\"background-image: url(https:\/\/spiglobalplay.com\/wp-content\/uploads\/2021\/08\/IMG_1254-edit-705x529.jpg);\" ><\/div><\/div><\/figure><\/a><!--end av-masonry entry--><a href=\"https:\/\/spiglobalplay.com\/wp-content\/uploads\/2021\/08\/IMG_1318-edit-1030x772.jpg\" data-srcset=\"https:\/\/spiglobalplay.com\/wp-content\/uploads\/2021\/08\/IMG_1318-edit-1030x772.jpg 1030w, https:\/\/spiglobalplay.com\/wp-content\/uploads\/2021\/08\/IMG_1318-edit-300x225.jpg 300w, https:\/\/spiglobalplay.com\/wp-content\/uploads\/2021\/08\/IMG_1318-edit-768x576.jpg 768w, https:\/\/spiglobalplay.com\/wp-content\/uploads\/2021\/08\/IMG_1318-edit-800x600.jpg 800w, https:\/\/spiglobalplay.com\/wp-content\/uploads\/2021\/08\/IMG_1318-edit-705x528.jpg 705w, https:\/\/spiglobalplay.com\/wp-content\/uploads\/2021\/08\/IMG_1318-edit.jpg 1134w\" data-sizes=\"(max-width: 1030px) 100vw, 1030px\"  aria-label=\"image image with no title\"  id='av-masonry-1-item-8665' data-av-masonry-item='8665' class='av-masonry-entry isotope-item post-8665 attachment type-attachment status-inherit hentry  av-masonry-item-with-image' title=\"\" alt=\"\"    itemprop=\"thumbnailUrl\" ><div class='av-inner-masonry-sizer'><\/div><figure class='av-inner-masonry main_color'><div class=\"av-masonry-outerimage-container\"><div class='av-masonry-image-container' style=\"background-image: url(https:\/\/spiglobalplay.com\/wp-content\/uploads\/2021\/08\/IMG_1318-edit-705x528.jpg);\" ><\/div><\/div><\/figure><\/a><!--end av-masonry entry--><\/div><\/div><\/div><\/div><!--close column table wrapper. Autoclose: 1 --><div class='flex_column_table av-3xxc7-4d2e04f4c7e457209dcd6f72e168e7c2 sc-av_one_full av-equal-height-column-flextable'>\n<style type=\"text\/css\" data-created_by=\"avia_inline_auto\" id=\"style-css-av-3xxc7-4d2e04f4c7e457209dcd6f72e168e7c2\">\n.flex_column.av-3xxc7-4d2e04f4c7e457209dcd6f72e168e7c2{\nborder-radius:0px 0px 0px 0px;\npadding:0px 0px 0px 0px;\n}\n<\/style>\n<div  class='flex_column av-3xxc7-4d2e04f4c7e457209dcd6f72e168e7c2 av_one_full  avia-builder-el-8  el_after_av_two_fifth  avia-builder-el-last  first flex_column_table_cell av-equal-height-column av-align-middle av-animated-generic right-to-left av-zero-column-padding  '     ><style type=\"text\/css\" data-created_by=\"avia_inline_auto\" id=\"style-css-av-kryk19v0-3f51de592f9e9b42d307e57e36e7cc9c\">\n.avia-video.av-kryk19v0-3f51de592f9e9b42d307e57e36e7cc9c{\nbackground-image:url(https:\/\/spiglobalplay.com\/wp-content\/uploads\/2021\/08\/IMG_1254-edit-1-1030x773.jpg);\n}\n<\/style>\n<div  class='avia-video av-kryk19v0-3f51de592f9e9b42d307e57e36e7cc9c avia-video-16-9 av-preview-image avia-video-load-always avia-video-html5'  itemprop=\"video\" itemtype=\"https:\/\/schema.org\/VideoObject\"  data-original_url='https:\/\/spiglobalplay.com\/wp-content\/uploads\/2021\/08\/SPI-Volcano-Installation.mp4'><video class='avia_video' poster=\"https:\/\/spiglobalplay.com\/wp-content\/uploads\/2021\/08\/IMG_1254-edit-1-1030x773.jpg\"   preload=\"auto\"  controls id='player_10139_561040642_567687431'><source src='https:\/\/spiglobalplay.com\/wp-content\/uploads\/2021\/08\/SPI-Volcano-Installation.mp4' type='video\/mp4' \/><\/video><\/div><\/div><\/div><!--close column table wrapper. Autoclose: 1 --><\/div><\/div><\/main><!-- close content main element --><\/div><\/div>\n<style type=\"text\/css\" data-created_by=\"avia_inline_auto\" id=\"style-css-av-xf1yf-06660ba67e55d19d4383a7f14a8e4269\">\n.avia-section.av-xf1yf-06660ba67e55d19d4383a7f14a8e4269{\nbackground-color:#211f1f;\nbackground-image:unset;\n}\n<\/style>\n<div id='customfooter'  class='avia-section av-xf1yf-06660ba67e55d19d4383a7f14a8e4269 alternate_color avia-section-large avia-no-border-styling  avia-builder-el-10  el_after_av_section  avia-builder-el-last  thecustomfoot avia-bg-style-scroll container_wrap fullsize'  ><div class='container av-section-cont-open' ><div class='template-page content  av-content-full alpha units'><div class='post-entry post-entry-type-page post-entry-10139'><div class='entry-content-wrapper clearfix'>\n\n<style type=\"text\/css\" data-created_by=\"avia_inline_auto\" id=\"style-css-av-th6pb-1c88983d2ada59b534fbc17b33f752da\">\n.flex_column.av-th6pb-1c88983d2ada59b534fbc17b33f752da{\nborder-radius:0px 0px 0px 0px;\npadding:0px 0px 0px 0px;\n}\n<\/style>\n<div  class='flex_column av-th6pb-1c88983d2ada59b534fbc17b33f752da av_one_third  avia-builder-el-11  el_before_av_two_third  avia-builder-el-first  first flex_column_div av-animated-generic bottom-to-top av-zero-column-padding  '     ><\/div>\n<style type=\"text\/css\" data-created_by=\"avia_inline_auto\" id=\"style-css-av-e5qun-79a47a4bcdf95d6d5bd8d8af3a5ad928\">\n.flex_column.av-e5qun-79a47a4bcdf95d6d5bd8d8af3a5ad928{\nborder-radius:0px 0px 0px 0px;\npadding:0px 0px 0px 0px;\n}\n<\/style>\n<div  class='flex_column av-e5qun-79a47a4bcdf95d6d5bd8d8af3a5ad928 av_two_third  avia-builder-el-13  el_after_av_one_third  avia-builder-el-last  flex_column_div av-animated-generic bottom-to-top av-zero-column-padding  '     ><\/div>\n<\/p>\n","protected":false},"excerpt":{"rendered":"","protected":false},"author":1,"featured_media":9541,"parent":0,"menu_order":0,"comment_status":"closed","ping_status":"closed","template":"","meta":{"footnotes":""},"class_list":["post-10139","page","type-page","status-publish","has-post-thumbnail","hentry"],"yoast_head":"<!-- This site is optimized with the Yoast SEO plugin v27.5 - https:\/\/yoast.com\/product\/yoast-seo-wordpress\/ -->\n<title>Instalaci\u00f3n &amp; Construcci\u00f3n - SPI Global Play<\/title>\n<meta name=\"robots\" content=\"index, follow, max-snippet:-1, max-image-preview:large, max-video-preview:-1\" \/>\n<link rel=\"canonical\" href=\"https:\/\/spiglobalplay.com\/es\/instalacion-construccion\/\" \/>\n<meta property=\"og:locale\" content=\"es_ES\" \/>\n<meta property=\"og:type\" content=\"article\" \/>\n<meta property=\"og:title\" content=\"Instalaci\u00f3n &amp; Construcci\u00f3n - SPI Global Play\" \/>\n<meta property=\"og:url\" content=\"https:\/\/spiglobalplay.com\/es\/instalacion-construccion\/\" \/>\n<meta property=\"og:site_name\" content=\"SPI Global Play\" \/>\n<meta property=\"article:modified_time\" content=\"2022-10-31T14:03:17+00:00\" \/>\n<meta property=\"og:image\" content=\"https:\/\/spiglobalplay.com\/wp-content\/uploads\/2022\/02\/IMG_1239-1030x773-1.jpg\" \/>\n\t<meta property=\"og:image:width\" content=\"1030\" \/>\n\t<meta property=\"og:image:height\" content=\"773\" \/>\n\t<meta property=\"og:image:type\" content=\"image\/jpeg\" \/>\n<meta name=\"twitter:card\" content=\"summary_large_image\" \/>\n<meta name=\"twitter:label1\" content=\"Tiempo de lectura\" \/>\n\t<meta name=\"twitter:data1\" content=\"3 minutos\" \/>\n<script type=\"application\/ld+json\" class=\"yoast-schema-graph\">{\"@context\":\"https:\\\/\\\/schema.org\",\"@graph\":[{\"@type\":\"WebPage\",\"@id\":\"https:\\\/\\\/spiglobalplay.com\\\/es\\\/instalacion-construccion\\\/\",\"url\":\"https:\\\/\\\/spiglobalplay.com\\\/es\\\/instalacion-construccion\\\/\",\"name\":\"Instalaci\u00f3n &amp; Construcci\u00f3n - SPI Global Play\",\"isPartOf\":{\"@id\":\"https:\\\/\\\/spiglobalplay.com\\\/#website\"},\"primaryImageOfPage\":{\"@id\":\"https:\\\/\\\/spiglobalplay.com\\\/es\\\/instalacion-construccion\\\/#primaryimage\"},\"image\":{\"@id\":\"https:\\\/\\\/spiglobalplay.com\\\/es\\\/instalacion-construccion\\\/#primaryimage\"},\"thumbnailUrl\":\"https:\\\/\\\/spiglobalplay.com\\\/wp-content\\\/uploads\\\/2022\\\/02\\\/IMG_1239-1030x773-1.jpg\",\"datePublished\":\"2020-12-18T06:36:44+00:00\",\"dateModified\":\"2022-10-31T14:03:17+00:00\",\"inLanguage\":\"es\",\"potentialAction\":[{\"@type\":\"ReadAction\",\"target\":[\"https:\\\/\\\/spiglobalplay.com\\\/es\\\/instalacion-construccion\\\/\"]}]},{\"@type\":\"ImageObject\",\"inLanguage\":\"es\",\"@id\":\"https:\\\/\\\/spiglobalplay.com\\\/es\\\/instalacion-construccion\\\/#primaryimage\",\"url\":\"https:\\\/\\\/spiglobalplay.com\\\/wp-content\\\/uploads\\\/2022\\\/02\\\/IMG_1239-1030x773-1.jpg\",\"contentUrl\":\"https:\\\/\\\/spiglobalplay.com\\\/wp-content\\\/uploads\\\/2022\\\/02\\\/IMG_1239-1030x773-1.jpg\",\"width\":1030,\"height\":773},{\"@type\":\"WebSite\",\"@id\":\"https:\\\/\\\/spiglobalplay.com\\\/#website\",\"url\":\"https:\\\/\\\/spiglobalplay.com\\\/\",\"name\":\"SPI Global Play\",\"description\":\"\",\"potentialAction\":[{\"@type\":\"SearchAction\",\"target\":{\"@type\":\"EntryPoint\",\"urlTemplate\":\"https:\\\/\\\/spiglobalplay.com\\\/?s={search_term_string}\"},\"query-input\":{\"@type\":\"PropertyValueSpecification\",\"valueRequired\":true,\"valueName\":\"search_term_string\"}}],\"inLanguage\":\"es\"}]}<\/script>\n<!-- \/ Yoast SEO plugin. -->","yoast_head_json":{"title":"Instalaci\u00f3n &amp; Construcci\u00f3n - SPI Global Play","robots":{"index":"index","follow":"follow","max-snippet":"max-snippet:-1","max-image-preview":"max-image-preview:large","max-video-preview":"max-video-preview:-1"},"canonical":"https:\/\/spiglobalplay.com\/es\/instalacion-construccion\/","og_locale":"es_ES","og_type":"article","og_title":"Instalaci\u00f3n &amp; Construcci\u00f3n - SPI Global Play","og_url":"https:\/\/spiglobalplay.com\/es\/instalacion-construccion\/","og_site_name":"SPI Global Play","article_modified_time":"2022-10-31T14:03:17+00:00","og_image":[{"width":1030,"height":773,"url":"https:\/\/spiglobalplay.com\/wp-content\/uploads\/2022\/02\/IMG_1239-1030x773-1.jpg","type":"image\/jpeg"}],"twitter_card":"summary_large_image","twitter_misc":{"Tiempo de lectura":"3 minutos"},"schema":{"@context":"https:\/\/schema.org","@graph":[{"@type":"WebPage","@id":"https:\/\/spiglobalplay.com\/es\/instalacion-construccion\/","url":"https:\/\/spiglobalplay.com\/es\/instalacion-construccion\/","name":"Instalaci\u00f3n &amp; Construcci\u00f3n - SPI Global Play","isPartOf":{"@id":"https:\/\/spiglobalplay.com\/#website"},"primaryImageOfPage":{"@id":"https:\/\/spiglobalplay.com\/es\/instalacion-construccion\/#primaryimage"},"image":{"@id":"https:\/\/spiglobalplay.com\/es\/instalacion-construccion\/#primaryimage"},"thumbnailUrl":"https:\/\/spiglobalplay.com\/wp-content\/uploads\/2022\/02\/IMG_1239-1030x773-1.jpg","datePublished":"2020-12-18T06:36:44+00:00","dateModified":"2022-10-31T14:03:17+00:00","inLanguage":"es","potentialAction":[{"@type":"ReadAction","target":["https:\/\/spiglobalplay.com\/es\/instalacion-construccion\/"]}]},{"@type":"ImageObject","inLanguage":"es","@id":"https:\/\/spiglobalplay.com\/es\/instalacion-construccion\/#primaryimage","url":"https:\/\/spiglobalplay.com\/wp-content\/uploads\/2022\/02\/IMG_1239-1030x773-1.jpg","contentUrl":"https:\/\/spiglobalplay.com\/wp-content\/uploads\/2022\/02\/IMG_1239-1030x773-1.jpg","width":1030,"height":773},{"@type":"WebSite","@id":"https:\/\/spiglobalplay.com\/#website","url":"https:\/\/spiglobalplay.com\/","name":"SPI Global Play","description":"","potentialAction":[{"@type":"SearchAction","target":{"@type":"EntryPoint","urlTemplate":"https:\/\/spiglobalplay.com\/?s={search_term_string}"},"query-input":{"@type":"PropertyValueSpecification","valueRequired":true,"valueName":"search_term_string"}}],"inLanguage":"es"}]}},"_links":{"self":[{"href":"https:\/\/spiglobalplay.com\/es\/wp-json\/wp\/v2\/pages\/10139","targetHints":{"allow":["GET"]}}],"collection":[{"href":"https:\/\/spiglobalplay.com\/es\/wp-json\/wp\/v2\/pages"}],"about":[{"href":"https:\/\/spiglobalplay.com\/es\/wp-json\/wp\/v2\/types\/page"}],"author":[{"embeddable":true,"href":"https:\/\/spiglobalplay.com\/es\/wp-json\/wp\/v2\/users\/1"}],"replies":[{"embeddable":true,"href":"https:\/\/spiglobalplay.com\/es\/wp-json\/wp\/v2\/comments?post=10139"}],"version-history":[{"count":2,"href":"https:\/\/spiglobalplay.com\/es\/wp-json\/wp\/v2\/pages\/10139\/revisions"}],"predecessor-version":[{"id":28356,"href":"https:\/\/spiglobalplay.com\/es\/wp-json\/wp\/v2\/pages\/10139\/revisions\/28356"}],"wp:featuredmedia":[{"embeddable":true,"href":"https:\/\/spiglobalplay.com\/es\/wp-json\/wp\/v2\/media\/9541"}],"wp:attachment":[{"href":"https:\/\/spiglobalplay.com\/es\/wp-json\/wp\/v2\/media?parent=10139"}],"curies":[{"name":"wp","href":"https:\/\/api.w.org\/{rel}","templated":true}]}}