
{"id":10141,"date":"2020-12-18T07:35:52","date_gmt":"2020-12-18T06:35:52","guid":{"rendered":"https:\/\/spiglobalplay.com\/project-management\/"},"modified":"2022-11-01T13:06:40","modified_gmt":"2022-11-01T12:06:40","slug":"gestion-de-proyectos","status":"publish","type":"page","link":"https:\/\/spiglobalplay.com\/es\/gestion-de-proyectos\/","title":{"rendered":"Gesti\u00f3n de proyectos"},"content":{"rendered":"<div id='av_section_1'  class='avia-section av-1itack-a8c3e21bd3bbb90e24428b2219defda4 main_color avia-section-large avia-no-border-styling  avia-builder-el-0  el_before_av_section  avia-builder-el-first  avia-bg-style-scroll container_wrap fullsize'  ><div class='container av-section-cont-open' ><main  role=\"main\" itemprop=\"mainContentOfPage\"  class='template-page content  av-content-full alpha units'><div class='post-entry post-entry-type-page post-entry-10141'><div class='entry-content-wrapper clearfix'>\n<div class='flex_column_table av-58wp0-b020ed6c1b8f74f5aef3402eb9b27ebb sc-av_three_fifth av-equal-height-column-flextable'>\n<style type=\"text\/css\" data-created_by=\"avia_inline_auto\" id=\"style-css-av-58wp0-b020ed6c1b8f74f5aef3402eb9b27ebb\">\n.flex_column.av-58wp0-b020ed6c1b8f74f5aef3402eb9b27ebb{\nborder-radius:0px 0px 0px 0px;\npadding:0px 0px 0px 0px;\n}\n<\/style>\n<div  class='flex_column av-58wp0-b020ed6c1b8f74f5aef3402eb9b27ebb av_three_fifth  avia-builder-el-1  el_before_av_two_fifth  avia-builder-el-first  first flex_column_table_cell av-equal-height-column av-align-middle av-animated-generic right-to-left av-zero-column-padding  '     ><p>\n<style type=\"text\/css\" data-created_by=\"avia_inline_auto\" id=\"style-css-av-krykcu64-2afd7b96dfdc0c7c78b3f0f8341bca4d\">\n#top .av-special-heading.av-krykcu64-2afd7b96dfdc0c7c78b3f0f8341bca4d{\npadding-bottom:20px;\nfont-size:68px;\n}\nbody .av-special-heading.av-krykcu64-2afd7b96dfdc0c7c78b3f0f8341bca4d .av-special-heading-tag .heading-char{\nfont-size:25px;\n}\n#top #wrap_all .av-special-heading.av-krykcu64-2afd7b96dfdc0c7c78b3f0f8341bca4d .av-special-heading-tag{\nfont-size:68px;\n}\n.av-special-heading.av-krykcu64-2afd7b96dfdc0c7c78b3f0f8341bca4d .av-subheading{\nfont-size:15px;\n}\n\n@media only screen and (min-width: 480px) and (max-width: 767px){ \n#top #wrap_all .av-special-heading.av-krykcu64-2afd7b96dfdc0c7c78b3f0f8341bca4d .av-special-heading-tag{\nfont-size:0.8em;\n}\n}\n\n@media only screen and (max-width: 479px){ \n#top #wrap_all .av-special-heading.av-krykcu64-2afd7b96dfdc0c7c78b3f0f8341bca4d .av-special-heading-tag{\nfont-size:0.8em;\n}\n}\n<\/style>\n<div  class='av-special-heading av-krykcu64-2afd7b96dfdc0c7c78b3f0f8341bca4d av-special-heading-h1 blockquote modern-quote  avia-builder-el-2  el_before_av_textblock  avia-builder-el-first  av-inherit-size av-linked-heading'><h1 class='av-special-heading-tag '  itemprop=\"headline\"  >Gesti\u00f3n de proyectos<\/h1><div class=\"special-heading-border\"><div class=\"special-heading-inner-border\"><\/div><\/div><\/div><br \/>\n<section  class='av_textblock_section av-krykd1q0-f6f5ad0c214e1aed64cf63a803596bd0 '   itemscope=\"itemscope\" itemtype=\"https:\/\/schema.org\/CreativeWork\" ><div class='avia_textblock'  itemprop=\"text\" ><p><span class=\"jCAhz ChMk0b\"><span class=\"ryNqvb\">Nuestros managers de proyectos tienen un enfoque pr\u00e1ctico para garantizar que su experiencia a lo largo de la implementaci\u00f3n del proyecto sea lo m\u00e1s fluida posible y para garantizar que el proyecto se realice a tiempo y dentro del presupuesto.<\/span><\/span><\/p>\n<p><span class=\"jCAhz ChMk0b\"><span class=\"ryNqvb\">Cada proyecto es diferente y tiene sus propios desaf\u00edos.<\/span><\/span> <span class=\"jCAhz ChMk0b\"><span class=\"ryNqvb\">Nuestros managers de proyecto no solo tienen conocimiento de nuestros productos y conceptos, sino que tambi\u00e9n coordinan, organizan y comunican la implementaci\u00f3n con todas las partes involucradas para garantizar una visi\u00f3n hol\u00edstica y completa del proyecto.<\/span><\/span><\/p>\n<\/div><\/section><br \/>\n\n<style type=\"text\/css\" data-created_by=\"avia_inline_auto\" id=\"style-css-av-ktmntuq8-0dca01b17fdcda995826f00c8e329210\">\n#top .hr.hr-invisible.av-ktmntuq8-0dca01b17fdcda995826f00c8e329210{\nheight:20px;\n}\n<\/style>\n<div  class='hr av-ktmntuq8-0dca01b17fdcda995826f00c8e329210 hr-invisible  avia-builder-el-4  el_after_av_textblock  el_before_av_button '><span class='hr-inner '><span class=\"hr-inner-style\"><\/span><\/span><\/div><br \/>\n<div  class='avia-button-wrap av-ktmnu29m-45975ce27dce0561bfdb0626f92975fd-wrap avia-button-left  avia-builder-el-5  el_after_av_hr  avia-builder-el-last '>\n<style type=\"text\/css\" data-created_by=\"avia_inline_auto\" id=\"style-css-av-ktmnu29m-45975ce27dce0561bfdb0626f92975fd\">\n#top #wrap_all .avia-button.av-ktmnu29m-45975ce27dce0561bfdb0626f92975fd{\nbackground-color:#f7941e;\nborder-color:#f7941e;\ncolor:#ffffff;\ntransition:all 0.4s ease-in-out;\n}\n#top #wrap_all .avia-button.av-ktmnu29m-45975ce27dce0561bfdb0626f92975fd .avia-svg-icon svg:first-child{\nfill:#ffffff;\nstroke:#ffffff;\n}\n<\/style>\n<a href='https:\/\/spiglobalplay.com\/services\/'  class='avia-button av-ktmnu29m-45975ce27dce0561bfdb0626f92975fd av-link-btn avia-icon_select-yes-left-icon avia-size-small avia-position-left'   aria-label=\" Go Back to services\"><span class='avia_button_icon avia_button_icon_left avia-iconfont avia-font-entypo-fontello' data-av_icon='\ue874' data-av_iconfont='entypo-fontello' ><\/span><span class='avia_iconbox_title' > Go Back to services<\/span><\/a><\/div><\/p><\/div><div class='av-flex-placeholder'><\/div>\n<style type=\"text\/css\" data-created_by=\"avia_inline_auto\" id=\"style-css-av-16b18s-5ee46c54458f9c76cbd8dc79119fe033\">\n.flex_column.av-16b18s-5ee46c54458f9c76cbd8dc79119fe033{\nborder-radius:0px 0px 0px 0px;\npadding:0px 0px 0px 0px;\n}\n<\/style>\n<div  class='flex_column av-16b18s-5ee46c54458f9c76cbd8dc79119fe033 av_two_fifth  avia-builder-el-6  el_after_av_three_fifth  avia-builder-el-last  flex_column_table_cell av-equal-height-column av-align-middle av-zero-column-padding  '     ><style type=\"text\/css\" data-created_by=\"avia_inline_auto\" id=\"style-css-av-10el3g-d44a41e4cec81c1ae60a38cc9e26380f\">\n.avia-image-container.av-10el3g-d44a41e4cec81c1ae60a38cc9e26380f img.avia_image{\nbox-shadow:none;\n}\n.avia-image-container.av-10el3g-d44a41e4cec81c1ae60a38cc9e26380f .av-image-caption-overlay-center{\ncolor:#ffffff;\n}\n<\/style>\n<div  class='avia-image-container av-10el3g-d44a41e4cec81c1ae60a38cc9e26380f av-styling- avia-align-center  avia-builder-el-7  avia-builder-el-no-sibling '   itemprop=\"image\" itemscope=\"itemscope\" itemtype=\"https:\/\/schema.org\/ImageObject\" ><div class=\"avia-image-container-inner\"><div class=\"avia-image-overlay-wrap\"><img decoding=\"async\" fetchpriority=\"high\" class='wp-image-8782 avia-img-lazy-loading-not-8782 avia_image ' src=\"https:\/\/spiglobalplay.com\/wp-content\/uploads\/2021\/09\/HEADER-Project-Management-1030x625.jpg\" alt='' title=''  height=\"625\" width=\"1030\"  itemprop=\"thumbnailUrl\" srcset=\"https:\/\/spiglobalplay.com\/wp-content\/uploads\/2021\/09\/HEADER-Project-Management-1030x625.jpg 1030w, https:\/\/spiglobalplay.com\/wp-content\/uploads\/2021\/09\/HEADER-Project-Management-300x182.jpg 300w, https:\/\/spiglobalplay.com\/wp-content\/uploads\/2021\/09\/HEADER-Project-Management-768x466.jpg 768w, https:\/\/spiglobalplay.com\/wp-content\/uploads\/2021\/09\/HEADER-Project-Management-1536x933.jpg 1536w, https:\/\/spiglobalplay.com\/wp-content\/uploads\/2021\/09\/HEADER-Project-Management-2048x1244.jpg 2048w, https:\/\/spiglobalplay.com\/wp-content\/uploads\/2021\/09\/HEADER-Project-Management-1500x911.jpg 1500w, https:\/\/spiglobalplay.com\/wp-content\/uploads\/2021\/09\/HEADER-Project-Management-705x428.jpg 705w\" sizes=\"(max-width: 1030px) 100vw, 1030px\" \/><\/div><\/div><\/div><\/div><\/div><!--close column table wrapper. Autoclose: 1 --><\/div><\/div><\/main><!-- close content main element --><\/div><\/div>\n<style type=\"text\/css\" data-created_by=\"avia_inline_auto\" id=\"style-css-av-3h5xw-80bacd8180cbd726872c8ce3f8157199\">\n.avia-section.av-3h5xw-80bacd8180cbd726872c8ce3f8157199{\nbackground-color:#211f1f;\nbackground-image:unset;\n}\n<\/style>\n<div id='customfooter'  class='avia-section av-3h5xw-80bacd8180cbd726872c8ce3f8157199 alternate_color avia-section-large avia-no-border-styling  avia-builder-el-8  el_after_av_section  avia-builder-el-last  thecustomfoot avia-bg-style-scroll container_wrap fullsize'  ><div class='container av-section-cont-open' ><div class='template-page content  av-content-full alpha units'><div class='post-entry post-entry-type-page post-entry-10141'><div class='entry-content-wrapper clearfix'>\n\n<style type=\"text\/css\" data-created_by=\"avia_inline_auto\" id=\"style-css-av-s5axo-7f0bc922426865dd274e9ade9d0bc840\">\n.flex_column.av-s5axo-7f0bc922426865dd274e9ade9d0bc840{\nborder-radius:0px 0px 0px 0px;\npadding:0px 0px 0px 0px;\n}\n<\/style>\n<div  class='flex_column av-s5axo-7f0bc922426865dd274e9ade9d0bc840 av_one_third  avia-builder-el-9  el_before_av_two_third  avia-builder-el-first  first flex_column_div av-animated-generic bottom-to-top av-zero-column-padding  '     ><\/div>\n<style type=\"text\/css\" data-created_by=\"avia_inline_auto\" id=\"style-css-av-h8sj8-a5312da28535593940cefa75e6148aed\">\n.flex_column.av-h8sj8-a5312da28535593940cefa75e6148aed{\nborder-radius:0px 0px 0px 0px;\npadding:0px 0px 0px 0px;\n}\n<\/style>\n<div  class='flex_column av-h8sj8-a5312da28535593940cefa75e6148aed av_two_third  avia-builder-el-11  el_after_av_one_third  avia-builder-el-last  flex_column_div av-animated-generic bottom-to-top av-zero-column-padding  '     ><\/div>\n<\/p>\n","protected":false},"excerpt":{"rendered":"","protected":false},"author":1,"featured_media":8782,"parent":0,"menu_order":0,"comment_status":"closed","ping_status":"closed","template":"","meta":{"footnotes":""},"class_list":["post-10141","page","type-page","status-publish","has-post-thumbnail","hentry"],"yoast_head":"<!-- This site is optimized with the Yoast SEO plugin v27.5 - https:\/\/yoast.com\/product\/yoast-seo-wordpress\/ -->\n<title>Gesti\u00f3n de proyectos - SPI Global Play<\/title>\n<meta name=\"robots\" content=\"index, follow, max-snippet:-1, max-image-preview:large, max-video-preview:-1\" \/>\n<link rel=\"canonical\" href=\"https:\/\/spiglobalplay.com\/es\/gestion-de-proyectos\/\" \/>\n<meta property=\"og:locale\" content=\"es_ES\" \/>\n<meta property=\"og:type\" content=\"article\" \/>\n<meta property=\"og:title\" content=\"Gesti\u00f3n de proyectos - SPI Global Play\" \/>\n<meta property=\"og:url\" content=\"https:\/\/spiglobalplay.com\/es\/gestion-de-proyectos\/\" \/>\n<meta property=\"og:site_name\" content=\"SPI Global Play\" \/>\n<meta property=\"article:modified_time\" content=\"2022-11-01T12:06:40+00:00\" \/>\n<meta property=\"og:image\" content=\"https:\/\/spiglobalplay.com\/wp-content\/uploads\/2021\/09\/HEADER-Project-Management.jpg\" \/>\n\t<meta property=\"og:image:width\" content=\"2500\" \/>\n\t<meta property=\"og:image:height\" content=\"1518\" \/>\n\t<meta property=\"og:image:type\" content=\"image\/jpeg\" \/>\n<meta name=\"twitter:card\" content=\"summary_large_image\" \/>\n<meta name=\"twitter:label1\" content=\"Tiempo de lectura\" \/>\n\t<meta name=\"twitter:data1\" content=\"3 minutos\" \/>\n<script type=\"application\/ld+json\" class=\"yoast-schema-graph\">{\"@context\":\"https:\\\/\\\/schema.org\",\"@graph\":[{\"@type\":\"WebPage\",\"@id\":\"https:\\\/\\\/spiglobalplay.com\\\/es\\\/gestion-de-proyectos\\\/\",\"url\":\"https:\\\/\\\/spiglobalplay.com\\\/es\\\/gestion-de-proyectos\\\/\",\"name\":\"Gesti\u00f3n de proyectos - SPI Global Play\",\"isPartOf\":{\"@id\":\"https:\\\/\\\/spiglobalplay.com\\\/#website\"},\"primaryImageOfPage\":{\"@id\":\"https:\\\/\\\/spiglobalplay.com\\\/es\\\/gestion-de-proyectos\\\/#primaryimage\"},\"image\":{\"@id\":\"https:\\\/\\\/spiglobalplay.com\\\/es\\\/gestion-de-proyectos\\\/#primaryimage\"},\"thumbnailUrl\":\"https:\\\/\\\/spiglobalplay.com\\\/wp-content\\\/uploads\\\/2021\\\/09\\\/HEADER-Project-Management.jpg\",\"datePublished\":\"2020-12-18T06:35:52+00:00\",\"dateModified\":\"2022-11-01T12:06:40+00:00\",\"inLanguage\":\"es\",\"potentialAction\":[{\"@type\":\"ReadAction\",\"target\":[\"https:\\\/\\\/spiglobalplay.com\\\/es\\\/gestion-de-proyectos\\\/\"]}]},{\"@type\":\"ImageObject\",\"inLanguage\":\"es\",\"@id\":\"https:\\\/\\\/spiglobalplay.com\\\/es\\\/gestion-de-proyectos\\\/#primaryimage\",\"url\":\"https:\\\/\\\/spiglobalplay.com\\\/wp-content\\\/uploads\\\/2021\\\/09\\\/HEADER-Project-Management.jpg\",\"contentUrl\":\"https:\\\/\\\/spiglobalplay.com\\\/wp-content\\\/uploads\\\/2021\\\/09\\\/HEADER-Project-Management.jpg\",\"width\":2500,\"height\":1518},{\"@type\":\"WebSite\",\"@id\":\"https:\\\/\\\/spiglobalplay.com\\\/#website\",\"url\":\"https:\\\/\\\/spiglobalplay.com\\\/\",\"name\":\"SPI Global Play\",\"description\":\"\",\"potentialAction\":[{\"@type\":\"SearchAction\",\"target\":{\"@type\":\"EntryPoint\",\"urlTemplate\":\"https:\\\/\\\/spiglobalplay.com\\\/?s={search_term_string}\"},\"query-input\":{\"@type\":\"PropertyValueSpecification\",\"valueRequired\":true,\"valueName\":\"search_term_string\"}}],\"inLanguage\":\"es\"}]}<\/script>\n<!-- \/ Yoast SEO plugin. -->","yoast_head_json":{"title":"Gesti\u00f3n de proyectos - SPI Global Play","robots":{"index":"index","follow":"follow","max-snippet":"max-snippet:-1","max-image-preview":"max-image-preview:large","max-video-preview":"max-video-preview:-1"},"canonical":"https:\/\/spiglobalplay.com\/es\/gestion-de-proyectos\/","og_locale":"es_ES","og_type":"article","og_title":"Gesti\u00f3n de proyectos - SPI Global Play","og_url":"https:\/\/spiglobalplay.com\/es\/gestion-de-proyectos\/","og_site_name":"SPI Global Play","article_modified_time":"2022-11-01T12:06:40+00:00","og_image":[{"width":2500,"height":1518,"url":"https:\/\/spiglobalplay.com\/wp-content\/uploads\/2021\/09\/HEADER-Project-Management.jpg","type":"image\/jpeg"}],"twitter_card":"summary_large_image","twitter_misc":{"Tiempo de lectura":"3 minutos"},"schema":{"@context":"https:\/\/schema.org","@graph":[{"@type":"WebPage","@id":"https:\/\/spiglobalplay.com\/es\/gestion-de-proyectos\/","url":"https:\/\/spiglobalplay.com\/es\/gestion-de-proyectos\/","name":"Gesti\u00f3n de proyectos - SPI Global Play","isPartOf":{"@id":"https:\/\/spiglobalplay.com\/#website"},"primaryImageOfPage":{"@id":"https:\/\/spiglobalplay.com\/es\/gestion-de-proyectos\/#primaryimage"},"image":{"@id":"https:\/\/spiglobalplay.com\/es\/gestion-de-proyectos\/#primaryimage"},"thumbnailUrl":"https:\/\/spiglobalplay.com\/wp-content\/uploads\/2021\/09\/HEADER-Project-Management.jpg","datePublished":"2020-12-18T06:35:52+00:00","dateModified":"2022-11-01T12:06:40+00:00","inLanguage":"es","potentialAction":[{"@type":"ReadAction","target":["https:\/\/spiglobalplay.com\/es\/gestion-de-proyectos\/"]}]},{"@type":"ImageObject","inLanguage":"es","@id":"https:\/\/spiglobalplay.com\/es\/gestion-de-proyectos\/#primaryimage","url":"https:\/\/spiglobalplay.com\/wp-content\/uploads\/2021\/09\/HEADER-Project-Management.jpg","contentUrl":"https:\/\/spiglobalplay.com\/wp-content\/uploads\/2021\/09\/HEADER-Project-Management.jpg","width":2500,"height":1518},{"@type":"WebSite","@id":"https:\/\/spiglobalplay.com\/#website","url":"https:\/\/spiglobalplay.com\/","name":"SPI Global Play","description":"","potentialAction":[{"@type":"SearchAction","target":{"@type":"EntryPoint","urlTemplate":"https:\/\/spiglobalplay.com\/?s={search_term_string}"},"query-input":{"@type":"PropertyValueSpecification","valueRequired":true,"valueName":"search_term_string"}}],"inLanguage":"es"}]}},"_links":{"self":[{"href":"https:\/\/spiglobalplay.com\/es\/wp-json\/wp\/v2\/pages\/10141","targetHints":{"allow":["GET"]}}],"collection":[{"href":"https:\/\/spiglobalplay.com\/es\/wp-json\/wp\/v2\/pages"}],"about":[{"href":"https:\/\/spiglobalplay.com\/es\/wp-json\/wp\/v2\/types\/page"}],"author":[{"embeddable":true,"href":"https:\/\/spiglobalplay.com\/es\/wp-json\/wp\/v2\/users\/1"}],"replies":[{"embeddable":true,"href":"https:\/\/spiglobalplay.com\/es\/wp-json\/wp\/v2\/comments?post=10141"}],"version-history":[{"count":2,"href":"https:\/\/spiglobalplay.com\/es\/wp-json\/wp\/v2\/pages\/10141\/revisions"}],"predecessor-version":[{"id":28435,"href":"https:\/\/spiglobalplay.com\/es\/wp-json\/wp\/v2\/pages\/10141\/revisions\/28435"}],"wp:featuredmedia":[{"embeddable":true,"href":"https:\/\/spiglobalplay.com\/es\/wp-json\/wp\/v2\/media\/8782"}],"wp:attachment":[{"href":"https:\/\/spiglobalplay.com\/es\/wp-json\/wp\/v2\/media?parent=10141"}],"curies":[{"name":"wp","href":"https:\/\/api.w.org\/{rel}","templated":true}]}}