
{"id":10163,"date":"2020-12-17T08:54:18","date_gmt":"2020-12-17T07:54:18","guid":{"rendered":"https:\/\/spiglobalplay.com\/safety\/"},"modified":"2022-11-01T16:46:39","modified_gmt":"2022-11-01T15:46:39","slug":"seguridad","status":"publish","type":"page","link":"https:\/\/spiglobalplay.com\/es\/seguridad\/","title":{"rendered":"Seguridad"},"content":{"rendered":"<div id='av_section_1'  class='avia-section av-kisilonh-3a1f46352293ac852baee8773ef68a23 main_color avia-section-large avia-no-border-styling  avia-builder-el-0  el_before_av_section  avia-builder-el-first  avia-bg-style-scroll container_wrap fullsize'  ><div class='container av-section-cont-open' ><main  role=\"main\" itemprop=\"mainContentOfPage\"  class='template-page content  av-content-full alpha units'><div class='post-entry post-entry-type-page post-entry-10163'><div class='entry-content-wrapper clearfix'>\n\n<style type=\"text\/css\" data-created_by=\"avia_inline_auto\" id=\"style-css-av-hmgqv-49dbaedfe875d0bc1c8391935ce34af4\">\n.flex_column.av-hmgqv-49dbaedfe875d0bc1c8391935ce34af4{\nborder-radius:0px 0px 0px 0px;\npadding:0px 0px 0px 0px;\n}\n<\/style>\n<div  class='flex_column av-hmgqv-49dbaedfe875d0bc1c8391935ce34af4 av_one_half  avia-builder-el-1  el_before_av_two_third  avia-builder-el-first  first flex_column_div av-zero-column-padding  '     ><style type=\"text\/css\" data-created_by=\"avia_inline_auto\" id=\"style-css-av-kisjru42-5102a8b14096fd48685d584ee5c29c05\">\n#top .av-special-heading.av-kisjru42-5102a8b14096fd48685d584ee5c29c05{\npadding-bottom:0;\nfont-size:68px;\n}\nbody .av-special-heading.av-kisjru42-5102a8b14096fd48685d584ee5c29c05 .av-special-heading-tag .heading-char{\nfont-size:25px;\n}\n#top #wrap_all .av-special-heading.av-kisjru42-5102a8b14096fd48685d584ee5c29c05 .av-special-heading-tag{\nfont-size:68px;\n}\n.av-special-heading.av-kisjru42-5102a8b14096fd48685d584ee5c29c05 .av-subheading{\nfont-size:15px;\n}\n\n@media only screen and (min-width: 480px) and (max-width: 767px){ \n#top #wrap_all .av-special-heading.av-kisjru42-5102a8b14096fd48685d584ee5c29c05 .av-special-heading-tag{\nfont-size:0.8em;\n}\n}\n\n@media only screen and (max-width: 479px){ \n#top #wrap_all .av-special-heading.av-kisjru42-5102a8b14096fd48685d584ee5c29c05 .av-special-heading-tag{\nfont-size:0.8em;\n}\n}\n<\/style>\n<div  class='av-special-heading av-kisjru42-5102a8b14096fd48685d584ee5c29c05 av-special-heading-h1 blockquote modern-quote  avia-builder-el-2  avia-builder-el-no-sibling  av-inherit-size av-linked-heading'><h1 class='av-special-heading-tag '  itemprop=\"headline\"  >Seguridad<\/h1><div class=\"special-heading-border\"><div class=\"special-heading-inner-border\"><\/div><\/div><\/div><\/div><div class='flex_column_table av-buq0a-051d424a5e651c724d6c9ce17a7e3ffd sc-av_two_third av-equal-height-column-flextable'>\n<style type=\"text\/css\" data-created_by=\"avia_inline_auto\" id=\"style-css-av-buq0a-051d424a5e651c724d6c9ce17a7e3ffd\">\n.flex_column.av-buq0a-051d424a5e651c724d6c9ce17a7e3ffd{\nborder-radius:0px 0px 0px 0px;\npadding:0px 0px 0px 0px;\n}\n<\/style>\n<div  class='flex_column av-buq0a-051d424a5e651c724d6c9ce17a7e3ffd av_two_third  avia-builder-el-3  el_after_av_one_half  el_before_av_one_third  first flex_column_table_cell av-equal-height-column av-align-middle av-animated-generic right-to-left av-zero-column-padding  column-top-margin'     ><p><section  class='av_textblock_section av-k2oqc50l-c900c554fe969f62f1d050721a323fb1 '   itemscope=\"itemscope\" itemtype=\"https:\/\/schema.org\/CreativeWork\" ><div class='avia_textblock'  itemprop=\"text\" ><p>Sabemos que la seguridad es primordial y por ello ocupa la m\u00e1xima prioridad en nuestra organizaci\u00f3n. Adoptamos un enfoque muy proactivo de la seguridad al dise\u00f1ar y probar minuciosamente cada producto antes de que se lance a nuestra cartera de productos.<\/p>\n<p>No solo utilizamos los \u00faltimos materiales, sino que nuestras instalaciones de fabricaci\u00f3n tambi\u00e9n est\u00e1n aprobadas seg\u00fan el est\u00e1ndar TUV. Revisamos e invertimos continuamente en nuestras l\u00edneas de productos para garantizar que est\u00e9n optimizadas utilizando las \u00faltimas t\u00e9cnicas de fabricaci\u00f3n, por lo que siempre podemos asegurarle que la calidad y la seguridad son primordiales para nosotros.<\/p>\n<p>Al dise\u00f1ar, crear y realizar atracciones llave en mano para nuestros clientes, trabajamos con muchas normas y est\u00e1ndares de seguridad diferentes en todo el mundo, como EN1176 y ASTM. Nuestros expertos entienden y traducen estos est\u00e1ndares en nuestro dise\u00f1o de Atracci\u00f3n, asegur\u00e1ndose de que la seguridad permanezca a la vanguardia tanto para nuestras instalaciones interiores como exteriores. \u00a1Nuestros equipos en el sitio trabajan regularmente con los inspectores locales de nuestros clientes para garantizar que nuestras instalaciones est\u00e9n certificadas una vez completadas y listas para usar!<\/p>\n<p>Sin embargo, la seguridad no se detiene ah\u00ed. \u00bfPor qu\u00e9 no asegurarse de que su atracci\u00f3n siga siendo tan segura como el d\u00eda en que se construy\u00f3 al contratar un Paquete de seguridad y mantenimiento de juego de SPI?<\/p>\n<\/div><\/section><br \/>\n<div  class='avia-button-wrap av-ktwmemxt-6c4e5eb688fa2ef8f67be36d1b7cd552-wrap avia-button-left  avia-builder-el-5  el_after_av_textblock  avia-builder-el-last '><a href='https:\/\/spiglobalplay.com\/contactus\/'  class='avia-button av-ktwmemxt-6c4e5eb688fa2ef8f67be36d1b7cd552 av-link-btn avia-icon_select-no avia-size-small avia-position-left avia-color-theme-color'   aria-label=\"Contact us\"><span class='avia_iconbox_title' >Contact us<\/span><\/a><\/div><\/p><\/div><div class='av-flex-placeholder'><\/div>\n<style type=\"text\/css\" data-created_by=\"avia_inline_auto\" id=\"style-css-av-buq0a-48a2f914e4b73df61413303e80452cde\">\n.flex_column.av-buq0a-48a2f914e4b73df61413303e80452cde{\nborder-radius:0px 0px 0px 0px;\npadding:0px 0px 0px 0px;\n}\n<\/style>\n<div  class='flex_column av-buq0a-48a2f914e4b73df61413303e80452cde av_one_third  avia-builder-el-6  el_after_av_two_third  avia-builder-el-last  flex_column_table_cell av-equal-height-column av-align-middle av-animated-generic right-to-left av-zero-column-padding  column-top-margin'     ><\/div><\/div><!--close column table wrapper. Autoclose: 1 --><\/div><\/div><\/main><!-- close content main element --><\/div><\/div>\n<style type=\"text\/css\" data-created_by=\"avia_inline_auto\" id=\"style-css-av-k2lptw7b-efe5d9b3a864e68fbe58dd9aca4cf00a\">\n.avia-section.av-k2lptw7b-efe5d9b3a864e68fbe58dd9aca4cf00a{\nbackground-color:#211f1f;\nbackground-image:unset;\n}\n<\/style>\n<div id='customfooter'  class='avia-section av-k2lptw7b-efe5d9b3a864e68fbe58dd9aca4cf00a alternate_color avia-section-large avia-no-border-styling  avia-builder-el-7  el_after_av_section  avia-builder-el-last  thecustomfoot avia-bg-style-scroll container_wrap fullsize'  ><div class='container av-section-cont-open' ><div class='template-page content  av-content-full alpha units'><div class='post-entry post-entry-type-page post-entry-10163'><div class='entry-content-wrapper clearfix'>\n\n<style type=\"text\/css\" data-created_by=\"avia_inline_auto\" id=\"style-css-av-lqu-4d4811447de37c967d01fdaf58d51a30\">\n.flex_column.av-lqu-4d4811447de37c967d01fdaf58d51a30{\nborder-radius:0px 0px 0px 0px;\npadding:0px 0px 0px 0px;\n}\n<\/style>\n<div  class='flex_column av-lqu-4d4811447de37c967d01fdaf58d51a30 av_one_third  avia-builder-el-8  el_before_av_two_third  avia-builder-el-first  first flex_column_div av-animated-generic bottom-to-top av-zero-column-padding  '     ><\/div>\n<style type=\"text\/css\" data-created_by=\"avia_inline_auto\" id=\"style-css-av-3rno-ca3a2df5a879dcc0b3ed268cbe3059c5\">\n.flex_column.av-3rno-ca3a2df5a879dcc0b3ed268cbe3059c5{\nborder-radius:0px 0px 0px 0px;\npadding:0px 0px 0px 0px;\n}\n<\/style>\n<div  class='flex_column av-3rno-ca3a2df5a879dcc0b3ed268cbe3059c5 av_two_third  avia-builder-el-10  el_after_av_one_third  avia-builder-el-last  flex_column_div av-animated-generic bottom-to-top av-zero-column-padding  '     ><\/div>\n<\/p>\n","protected":false},"excerpt":{"rendered":"","protected":false},"author":1,"featured_media":5228,"parent":0,"menu_order":0,"comment_status":"closed","ping_status":"closed","template":"","meta":{"footnotes":""},"class_list":["post-10163","page","type-page","status-publish","has-post-thumbnail","hentry"],"yoast_head":"<!-- This site is optimized with the Yoast SEO plugin v27.4 - https:\/\/yoast.com\/product\/yoast-seo-wordpress\/ -->\n<title>Seguridad - SPI Global Play<\/title>\n<meta name=\"robots\" content=\"index, follow, max-snippet:-1, max-image-preview:large, max-video-preview:-1\" \/>\n<link rel=\"canonical\" href=\"https:\/\/spiglobalplay.com\/es\/seguridad\/\" \/>\n<meta property=\"og:locale\" content=\"es_ES\" \/>\n<meta property=\"og:type\" content=\"article\" \/>\n<meta property=\"og:title\" content=\"Seguridad - SPI Global Play\" \/>\n<meta property=\"og:url\" content=\"https:\/\/spiglobalplay.com\/es\/seguridad\/\" \/>\n<meta property=\"og:site_name\" content=\"SPI Global Play\" \/>\n<meta property=\"article:modified_time\" content=\"2022-11-01T15:46:39+00:00\" \/>\n<meta property=\"og:image\" content=\"https:\/\/spiglobalplay.com\/wp-content\/uploads\/2019\/11\/Airports.jpg\" \/>\n\t<meta property=\"og:image:width\" content=\"1024\" \/>\n\t<meta property=\"og:image:height\" content=\"768\" \/>\n\t<meta property=\"og:image:type\" content=\"image\/jpeg\" \/>\n<meta name=\"twitter:card\" content=\"summary_large_image\" \/>\n<meta name=\"twitter:label1\" content=\"Tiempo de lectura\" \/>\n\t<meta name=\"twitter:data1\" content=\"3 minutos\" \/>\n<script type=\"application\/ld+json\" class=\"yoast-schema-graph\">{\"@context\":\"https:\\\/\\\/schema.org\",\"@graph\":[{\"@type\":\"WebPage\",\"@id\":\"https:\\\/\\\/spiglobalplay.com\\\/es\\\/seguridad\\\/\",\"url\":\"https:\\\/\\\/spiglobalplay.com\\\/es\\\/seguridad\\\/\",\"name\":\"Seguridad - SPI Global Play\",\"isPartOf\":{\"@id\":\"https:\\\/\\\/spiglobalplay.com\\\/#website\"},\"primaryImageOfPage\":{\"@id\":\"https:\\\/\\\/spiglobalplay.com\\\/es\\\/seguridad\\\/#primaryimage\"},\"image\":{\"@id\":\"https:\\\/\\\/spiglobalplay.com\\\/es\\\/seguridad\\\/#primaryimage\"},\"thumbnailUrl\":\"https:\\\/\\\/spiglobalplay.com\\\/wp-content\\\/uploads\\\/2019\\\/11\\\/Airports.jpg\",\"datePublished\":\"2020-12-17T07:54:18+00:00\",\"dateModified\":\"2022-11-01T15:46:39+00:00\",\"inLanguage\":\"es\",\"potentialAction\":[{\"@type\":\"ReadAction\",\"target\":[\"https:\\\/\\\/spiglobalplay.com\\\/es\\\/seguridad\\\/\"]}]},{\"@type\":\"ImageObject\",\"inLanguage\":\"es\",\"@id\":\"https:\\\/\\\/spiglobalplay.com\\\/es\\\/seguridad\\\/#primaryimage\",\"url\":\"https:\\\/\\\/spiglobalplay.com\\\/wp-content\\\/uploads\\\/2019\\\/11\\\/Airports.jpg\",\"contentUrl\":\"https:\\\/\\\/spiglobalplay.com\\\/wp-content\\\/uploads\\\/2019\\\/11\\\/Airports.jpg\",\"width\":1024,\"height\":768,\"caption\":\"A\u00c9ROPORTS\"},{\"@type\":\"WebSite\",\"@id\":\"https:\\\/\\\/spiglobalplay.com\\\/#website\",\"url\":\"https:\\\/\\\/spiglobalplay.com\\\/\",\"name\":\"SPI Global Play\",\"description\":\"\",\"potentialAction\":[{\"@type\":\"SearchAction\",\"target\":{\"@type\":\"EntryPoint\",\"urlTemplate\":\"https:\\\/\\\/spiglobalplay.com\\\/?s={search_term_string}\"},\"query-input\":{\"@type\":\"PropertyValueSpecification\",\"valueRequired\":true,\"valueName\":\"search_term_string\"}}],\"inLanguage\":\"es\"}]}<\/script>\n<!-- \/ Yoast SEO plugin. -->","yoast_head_json":{"title":"Seguridad - SPI Global Play","robots":{"index":"index","follow":"follow","max-snippet":"max-snippet:-1","max-image-preview":"max-image-preview:large","max-video-preview":"max-video-preview:-1"},"canonical":"https:\/\/spiglobalplay.com\/es\/seguridad\/","og_locale":"es_ES","og_type":"article","og_title":"Seguridad - SPI Global Play","og_url":"https:\/\/spiglobalplay.com\/es\/seguridad\/","og_site_name":"SPI Global Play","article_modified_time":"2022-11-01T15:46:39+00:00","og_image":[{"width":1024,"height":768,"url":"https:\/\/spiglobalplay.com\/wp-content\/uploads\/2019\/11\/Airports.jpg","type":"image\/jpeg"}],"twitter_card":"summary_large_image","twitter_misc":{"Tiempo de lectura":"3 minutos"},"schema":{"@context":"https:\/\/schema.org","@graph":[{"@type":"WebPage","@id":"https:\/\/spiglobalplay.com\/es\/seguridad\/","url":"https:\/\/spiglobalplay.com\/es\/seguridad\/","name":"Seguridad - SPI Global Play","isPartOf":{"@id":"https:\/\/spiglobalplay.com\/#website"},"primaryImageOfPage":{"@id":"https:\/\/spiglobalplay.com\/es\/seguridad\/#primaryimage"},"image":{"@id":"https:\/\/spiglobalplay.com\/es\/seguridad\/#primaryimage"},"thumbnailUrl":"https:\/\/spiglobalplay.com\/wp-content\/uploads\/2019\/11\/Airports.jpg","datePublished":"2020-12-17T07:54:18+00:00","dateModified":"2022-11-01T15:46:39+00:00","inLanguage":"es","potentialAction":[{"@type":"ReadAction","target":["https:\/\/spiglobalplay.com\/es\/seguridad\/"]}]},{"@type":"ImageObject","inLanguage":"es","@id":"https:\/\/spiglobalplay.com\/es\/seguridad\/#primaryimage","url":"https:\/\/spiglobalplay.com\/wp-content\/uploads\/2019\/11\/Airports.jpg","contentUrl":"https:\/\/spiglobalplay.com\/wp-content\/uploads\/2019\/11\/Airports.jpg","width":1024,"height":768,"caption":"A\u00c9ROPORTS"},{"@type":"WebSite","@id":"https:\/\/spiglobalplay.com\/#website","url":"https:\/\/spiglobalplay.com\/","name":"SPI Global Play","description":"","potentialAction":[{"@type":"SearchAction","target":{"@type":"EntryPoint","urlTemplate":"https:\/\/spiglobalplay.com\/?s={search_term_string}"},"query-input":{"@type":"PropertyValueSpecification","valueRequired":true,"valueName":"search_term_string"}}],"inLanguage":"es"}]}},"_links":{"self":[{"href":"https:\/\/spiglobalplay.com\/es\/wp-json\/wp\/v2\/pages\/10163","targetHints":{"allow":["GET"]}}],"collection":[{"href":"https:\/\/spiglobalplay.com\/es\/wp-json\/wp\/v2\/pages"}],"about":[{"href":"https:\/\/spiglobalplay.com\/es\/wp-json\/wp\/v2\/types\/page"}],"author":[{"embeddable":true,"href":"https:\/\/spiglobalplay.com\/es\/wp-json\/wp\/v2\/users\/1"}],"replies":[{"embeddable":true,"href":"https:\/\/spiglobalplay.com\/es\/wp-json\/wp\/v2\/comments?post=10163"}],"version-history":[{"count":2,"href":"https:\/\/spiglobalplay.com\/es\/wp-json\/wp\/v2\/pages\/10163\/revisions"}],"predecessor-version":[{"id":28460,"href":"https:\/\/spiglobalplay.com\/es\/wp-json\/wp\/v2\/pages\/10163\/revisions\/28460"}],"wp:featuredmedia":[{"embeddable":true,"href":"https:\/\/spiglobalplay.com\/es\/wp-json\/wp\/v2\/media\/5228"}],"wp:attachment":[{"href":"https:\/\/spiglobalplay.com\/es\/wp-json\/wp\/v2\/media?parent=10163"}],"curies":[{"name":"wp","href":"https:\/\/api.w.org\/{rel}","templated":true}]}}