
{"id":10166,"date":"2020-12-17T08:39:07","date_gmt":"2020-12-17T07:39:07","guid":{"rendered":"https:\/\/spiglobalplay.com\/data-protection\/"},"modified":"2022-11-23T15:11:27","modified_gmt":"2022-11-23T14:11:27","slug":"proteccion-de-datos","status":"publish","type":"page","link":"https:\/\/spiglobalplay.com\/es\/proteccion-de-datos\/","title":{"rendered":"Protecci\u00f3n de datos"},"content":{"rendered":"<div id='av_section_1'  class='avia-section av-kisilonh-3a1f46352293ac852baee8773ef68a23 main_color avia-section-large avia-no-border-styling  avia-builder-el-0  el_before_av_section  avia-builder-el-first  avia-bg-style-scroll container_wrap fullsize'  ><div class='container av-section-cont-open' ><main  role=\"main\" itemprop=\"mainContentOfPage\"  class='template-page content  av-content-full alpha units'><div class='post-entry post-entry-type-page post-entry-10166'><div class='entry-content-wrapper clearfix'>\n\n<style type=\"text\/css\" data-created_by=\"avia_inline_auto\" id=\"style-css-av-hmgqv-49dbaedfe875d0bc1c8391935ce34af4\">\n.flex_column.av-hmgqv-49dbaedfe875d0bc1c8391935ce34af4{\nborder-radius:0px 0px 0px 0px;\npadding:0px 0px 0px 0px;\n}\n<\/style>\n<div  class='flex_column av-hmgqv-49dbaedfe875d0bc1c8391935ce34af4 av_one_half  avia-builder-el-1  el_before_av_one_full  avia-builder-el-first  first flex_column_div av-zero-column-padding  '     ><style type=\"text\/css\" data-created_by=\"avia_inline_auto\" id=\"style-css-av-8134s-d270ce54a008edc26c97f339ea4d74af\">\n#top .av-special-heading.av-8134s-d270ce54a008edc26c97f339ea4d74af{\npadding-bottom:0;\nfont-size:68px;\n}\nbody .av-special-heading.av-8134s-d270ce54a008edc26c97f339ea4d74af .av-special-heading-tag .heading-char{\nfont-size:25px;\n}\n#top #wrap_all .av-special-heading.av-8134s-d270ce54a008edc26c97f339ea4d74af .av-special-heading-tag{\nfont-size:68px;\n}\n.av-special-heading.av-8134s-d270ce54a008edc26c97f339ea4d74af .av-subheading{\nfont-size:15px;\n}\n\n@media only screen and (min-width: 480px) and (max-width: 767px){ \n#top #wrap_all .av-special-heading.av-8134s-d270ce54a008edc26c97f339ea4d74af .av-special-heading-tag{\nfont-size:0.8em;\n}\n}\n\n@media only screen and (max-width: 479px){ \n#top #wrap_all .av-special-heading.av-8134s-d270ce54a008edc26c97f339ea4d74af .av-special-heading-tag{\nfont-size:0.8em;\n}\n}\n<\/style>\n<div  class='av-special-heading av-8134s-d270ce54a008edc26c97f339ea4d74af av-special-heading-h1 blockquote modern-quote  avia-builder-el-2  avia-builder-el-no-sibling  av-inherit-size av-linked-heading'><h1 class='av-special-heading-tag '  itemprop=\"headline\"  >Protecci\u00f3n de datos<\/h1><div class=\"special-heading-border\"><div class=\"special-heading-inner-border\"><\/div><\/div><\/div><\/div><div class='flex_column_table av-buq0a-051d424a5e651c724d6c9ce17a7e3ffd sc-av_one_full av-equal-height-column-flextable'>\n<style type=\"text\/css\" data-created_by=\"avia_inline_auto\" id=\"style-css-av-buq0a-051d424a5e651c724d6c9ce17a7e3ffd\">\n.flex_column.av-buq0a-051d424a5e651c724d6c9ce17a7e3ffd{\nborder-radius:0px 0px 0px 0px;\npadding:0px 0px 0px 0px;\n}\n<\/style>\n<div  class='flex_column av-buq0a-051d424a5e651c724d6c9ce17a7e3ffd av_one_full  avia-builder-el-3  el_after_av_one_half  avia-builder-el-last  first flex_column_table_cell av-equal-height-column av-align-middle av-animated-generic right-to-left av-zero-column-padding  column-top-margin'     ><section  class='av_textblock_section av-k2oqc50l-c900c554fe969f62f1d050721a323fb1 '   itemscope=\"itemscope\" itemtype=\"https:\/\/schema.org\/CreativeWork\" ><div class='avia_textblock'  itemprop=\"text\" ><p>Aplica a partir del: 25 de mayo de 2018<\/p>\n<p><strong>1. PROP\u00d3SITO<\/strong><\/p>\n<p>The Global Leisure Group se preocupa por la privacidad de sus contrapartes, socios y empleados, y acata la normativa vigente en materia de protecci\u00f3n de datos. Este documento proporciona una gu\u00eda general sobre c\u00f3mo Global Leisure Group procesa los datos personales.<\/p>\n<p><strong>2. ALCANCE<\/strong><\/p>\n<p>Todo tratamiento de datos personales deber\u00e1 realizarse de conformidad con la normativa vigente en materia de protecci\u00f3n de datos. La normativa vigente en materia de protecci\u00f3n de datos incluye el Reglamento (UE) 2016\/679 del Parlamento Europeo y del Consejo, de 27 de abril de 2016, relativo a la protecci\u00f3n de las personas f\u00edsicas en lo que respecta al tratamiento de datos personales y a la libre circulaci\u00f3n de estos. Esta Pol\u00edtica se aplica a todos los empleados y consultores.<\/p>\n<p><strong>3 PRINCIPIOS FUNDAMENTALES<\/strong><\/p>\n<p>3.1 Base legal<br \/>\nTodo procesamiento de datos personales por parte de The Global Leisure Group debe basarse en un motivo legal. Los motivos leg\u00edtimos incluyen la realizaci\u00f3n de una tarea de inter\u00e9s p\u00fablico y el consentimiento. El motivo legal aplicable se comunica al interesado, p.ej. por referencia a la informaci\u00f3n en el sitio web de The Global Leisure Group. Si no se puede identificar un motivo legal, no se debe llevar a cabo el procesamiento de datos personales.<\/p>\n<p>3.2 Limitaci\u00f3n de finalidad<br \/>\nSi The Global Leisure Group est\u00e1 considerando procesar datos personales para fines distintos al prop\u00f3sito para el cual se recopilaron los datos personales, el prop\u00f3sito posterior debe ser compatible con el original.<\/p>\n<p>3.3 Minimizaci\u00f3n de datos<br \/>\nLos datos personales que se traten deber\u00e1n ser adecuados, pertinentes y limitados a lo necesario en relaci\u00f3n con los fines para los que se traten. Debe garantizarse que los datos que se recopilan son realmente necesarios, y los datos personales no deben solicitarse simplemente porque podr\u00eda ser bueno tenerlos. Deben evitarse las copias de datos y el almacenamiento en m\u00faltiples sistemas para minimizar las fuentes de error y facilitar la rectificaci\u00f3n.<\/p>\n<p>3.4 Precisi\u00f3n<br \/>\nLos datos personales que se traten deber\u00e1n ser correctos y, en su caso, actualizados. Tomar las medidas adecuadas para garantizar que se rectifiquen los datos inexactos o incompletos.<\/p>\n<p>3.5 Limitaci\u00f3n de almacenamiento<br \/>\nLos datos personales no podr\u00e1n conservarse en un formato que permita identificar al interesado durante un per\u00edodo superior al necesario, habida cuenta de los fines del tratamiento.<\/p>\n<p>3.6 Transferencia a terceros pa\u00edses<br \/>\nLa posici\u00f3n de Global Leisure Group es que, si es posible, el procesamiento de datos personales debe realizarse dentro de las fronteras de la UE. GDPR significa que todos los estados miembros de la UE y los pa\u00edses del EEE brindan el mismo nivel de protecci\u00f3n de datos personales y privacidad personal y, por lo tanto, los datos personales pueden transferirse libremente dentro de esa \u00e1rea. Los datos personales solo pueden transferirse a terceros pa\u00edses (fuera de la UE y el EEE) en casos excepcionales y si est\u00e1 justificado. Antes de que los datos personales se transfieran a un tercer pa\u00eds, debe asegurarse de que existe un nivel adecuado de protecci\u00f3n en el pa\u00eds receptor, o que existen garant\u00edas espec\u00edficas de que los datos personales y los derechos de los interesados \u200b\u200best\u00e1n protegidos. P\u00f3ngase en contacto con el coordinador de seguridad para obtener orientaci\u00f3n sobre la investigaci\u00f3n de transferencias a terceros pa\u00edses.<\/p>\n<p>3.7 Evaluaci\u00f3n de impacto<br \/>\nThe Global Leisure Group cuenta con un procedimiento espec\u00edfico para identificar y gestionar riesgos espec\u00edficos de protecci\u00f3n de datos en sus operaciones, y un seguimiento estructurado. Por ejemplo, pueden surgir riesgos particulares en relaci\u00f3n con los derechos y libertades de los particulares junto con cierto tipo de procesamiento de datos personales, informaci\u00f3n particularmente sensible, procesamiento a una escala particularmente grande, uso de nuevas tecnolog\u00edas o similares. Antes de que comience dicho procesamiento de datos personales, se debe contactar al coordinador de seguridad para que se pueda determinar si se requiere una evaluaci\u00f3n de impacto. Cuando sea necesario, el responsable realizar\u00e1 una evaluaci\u00f3n de impacto con la ayuda del asesoramiento proporcionado por el RPD.<\/p>\n<p><strong>4 REGISTRO<\/strong><\/p>\n<p>Se debe llevar un registro del tratamiento de datos personales realizado por The Global Leisure Group y del que The Global Leisure Group es responsable. El registro debe incluir informaci\u00f3n reglamentaria y mantenerse actualizado.<\/p>\n<p><strong>5 SOLICITUD DE ACCESO<\/strong><\/p>\n<p>Los particulares tienen derecho a preguntar si The Global Leisure Group procesa sus datos personales. A solicitud de un sujeto de datos, The Global Leisure Group debe confirmar si los datos personales relacionados con el sujeto de datos se procesan o no, y proporciona acceso a los datos personales y la informaci\u00f3n requerida bajo GDPR. Se deben tomar medidas de identificaci\u00f3n apropiadas y razonables para garantizar que la informaci\u00f3n se proporcione a la persona adecuada.<\/p>\n<p><strong>6 SOLICITUD DE RECTIFICACI\u00d3N Y REGISTRO<\/strong><\/p>\n<p>Una solicitud de rectificaci\u00f3n y supresi\u00f3n de datos personales debe tramitarse en la forma prevista por la ley. Si se han registrado datos personales inexactos, se deben tomar sin demora todas las medidas razonables para que los datos sean rectificados o borrados.<\/p>\n<p><strong>7 ACUERDO DE PROCESAMIENTO DE DATOS<\/strong><\/p>\n<p>Si se contrata a una parte externa para procesar datos personales en nombre de The Global Leisure Group, se debe celebrar un acuerdo de procesamiento de datos. Las instrucciones de The Global Leisure Group al procesador con respecto al procesamiento de datos personales deben establecerse en el acuerdo del procesador de datos. Un procesador solo puede ser contratado si puede proporcionar garant\u00edas suficientes de que llevar\u00e1 a cabo las medidas t\u00e9cnicas y organizativas apropiadas para garantizar que los derechos de los interesados \u200b\u200best\u00e9n protegidos. Si es posible, The Global Leisure Group debe insertar una disposici\u00f3n en el contrato del procesador de datos en el sentido de que el procesador pagar\u00e1 los costos incurridos por un control anual para verificar el cumplimiento de la legislaci\u00f3n de protecci\u00f3n de datos vigente, el contrato del procesador de datos y las instrucciones de The Global Leisure Group.<\/p>\n<p><strong>8 MEDIDAS DE SEGURIDAD Y ACCESO<\/strong><\/p>\n<p>Los datos personales deben procesarse para garantizar la seguridad adecuada de los datos personales, utilizando medidas t\u00e9cnicas y organizativas. Se debe contactar al coordinador de seguridad de The Global Leisure Group cuando se eval\u00fae una investigaci\u00f3n sobre las medidas t\u00e9cnicas y organizativas apropiadas.<\/p>\n<p><strong>9 VIOLACIONES DE DATOS PERSONALES<\/strong><\/p>\n<p>The Global Leisure Group documenta todas las filtraciones de datos personales. Siempre se debe notificar al coordinador de seguridad de The Global Leisure Group cuando se produzcan filtraciones de datos personales. Adem\u00e1s, se debe enviar un correo electr\u00f3nico a GDPRindent@spiglobalplay.com. Si existe un riesgo probable para los derechos y libertades de los particulares, deber\u00e1 comunicarse a la autoridad de control en el plazo de 72 horas. Es posible que The Global Leisure Group deba notificar a los interesados \u200b\u200bsobre las infracciones que se hayan producido.<\/p>\n<\/div><\/section><\/div><\/div><!--close column table wrapper. Autoclose: 1 --><\/div><\/div><\/main><!-- close content main element --><\/div><\/div>\n<style type=\"text\/css\" data-created_by=\"avia_inline_auto\" id=\"style-css-av-k2lptw7b-efe5d9b3a864e68fbe58dd9aca4cf00a\">\n.avia-section.av-k2lptw7b-efe5d9b3a864e68fbe58dd9aca4cf00a{\nbackground-color:#211f1f;\nbackground-image:unset;\n}\n<\/style>\n<div id='customfooter'  class='avia-section av-k2lptw7b-efe5d9b3a864e68fbe58dd9aca4cf00a alternate_color avia-section-large avia-no-border-styling  avia-builder-el-5  el_after_av_section  avia-builder-el-last  thecustomfoot avia-bg-style-scroll container_wrap fullsize'  ><div class='container av-section-cont-open' ><div class='template-page content  av-content-full alpha units'><div class='post-entry post-entry-type-page post-entry-10166'><div class='entry-content-wrapper clearfix'>\n\n<style type=\"text\/css\" data-created_by=\"avia_inline_auto\" id=\"style-css-av-lqu-4d4811447de37c967d01fdaf58d51a30\">\n.flex_column.av-lqu-4d4811447de37c967d01fdaf58d51a30{\nborder-radius:0px 0px 0px 0px;\npadding:0px 0px 0px 0px;\n}\n<\/style>\n<div  class='flex_column av-lqu-4d4811447de37c967d01fdaf58d51a30 av_one_third  avia-builder-el-6  el_before_av_two_third  avia-builder-el-first  first flex_column_div av-animated-generic bottom-to-top av-zero-column-padding  '     ><\/div>\n<style type=\"text\/css\" data-created_by=\"avia_inline_auto\" id=\"style-css-av-3rno-ca3a2df5a879dcc0b3ed268cbe3059c5\">\n.flex_column.av-3rno-ca3a2df5a879dcc0b3ed268cbe3059c5{\nborder-radius:0px 0px 0px 0px;\npadding:0px 0px 0px 0px;\n}\n<\/style>\n<div  class='flex_column av-3rno-ca3a2df5a879dcc0b3ed268cbe3059c5 av_two_third  avia-builder-el-8  el_after_av_one_third  avia-builder-el-last  flex_column_div av-animated-generic bottom-to-top av-zero-column-padding  '     ><\/div>\n<\/p>\n","protected":false},"excerpt":{"rendered":"","protected":false},"author":1,"featured_media":5228,"parent":0,"menu_order":0,"comment_status":"closed","ping_status":"closed","template":"","meta":{"footnotes":""},"class_list":["post-10166","page","type-page","status-publish","has-post-thumbnail","hentry"],"yoast_head":"<!-- This site is optimized with the Yoast SEO plugin v27.5 - https:\/\/yoast.com\/product\/yoast-seo-wordpress\/ -->\n<title>Protecci\u00f3n de datos - SPI Global Play<\/title>\n<meta name=\"robots\" content=\"index, follow, max-snippet:-1, max-image-preview:large, max-video-preview:-1\" \/>\n<link rel=\"canonical\" href=\"https:\/\/spiglobalplay.com\/es\/proteccion-de-datos\/\" \/>\n<meta property=\"og:locale\" content=\"es_ES\" \/>\n<meta property=\"og:type\" content=\"article\" \/>\n<meta property=\"og:title\" content=\"Protecci\u00f3n de datos - SPI Global Play\" \/>\n<meta property=\"og:url\" content=\"https:\/\/spiglobalplay.com\/es\/proteccion-de-datos\/\" \/>\n<meta property=\"og:site_name\" content=\"SPI Global Play\" \/>\n<meta property=\"article:modified_time\" content=\"2022-11-23T14:11:27+00:00\" \/>\n<meta property=\"og:image\" content=\"https:\/\/spiglobalplay.com\/wp-content\/uploads\/2019\/11\/Airports.jpg\" \/>\n\t<meta property=\"og:image:width\" content=\"1024\" \/>\n\t<meta property=\"og:image:height\" content=\"768\" \/>\n\t<meta property=\"og:image:type\" content=\"image\/jpeg\" \/>\n<meta name=\"twitter:card\" content=\"summary_large_image\" \/>\n<meta name=\"twitter:label1\" content=\"Tiempo de lectura\" \/>\n\t<meta name=\"twitter:data1\" content=\"7 minutos\" \/>\n<script type=\"application\/ld+json\" class=\"yoast-schema-graph\">{\"@context\":\"https:\\\/\\\/schema.org\",\"@graph\":[{\"@type\":\"WebPage\",\"@id\":\"https:\\\/\\\/spiglobalplay.com\\\/es\\\/proteccion-de-datos\\\/\",\"url\":\"https:\\\/\\\/spiglobalplay.com\\\/es\\\/proteccion-de-datos\\\/\",\"name\":\"Protecci\u00f3n de datos - SPI Global Play\",\"isPartOf\":{\"@id\":\"https:\\\/\\\/spiglobalplay.com\\\/#website\"},\"primaryImageOfPage\":{\"@id\":\"https:\\\/\\\/spiglobalplay.com\\\/es\\\/proteccion-de-datos\\\/#primaryimage\"},\"image\":{\"@id\":\"https:\\\/\\\/spiglobalplay.com\\\/es\\\/proteccion-de-datos\\\/#primaryimage\"},\"thumbnailUrl\":\"https:\\\/\\\/spiglobalplay.com\\\/wp-content\\\/uploads\\\/2019\\\/11\\\/Airports.jpg\",\"datePublished\":\"2020-12-17T07:39:07+00:00\",\"dateModified\":\"2022-11-23T14:11:27+00:00\",\"inLanguage\":\"es\",\"potentialAction\":[{\"@type\":\"ReadAction\",\"target\":[\"https:\\\/\\\/spiglobalplay.com\\\/es\\\/proteccion-de-datos\\\/\"]}]},{\"@type\":\"ImageObject\",\"inLanguage\":\"es\",\"@id\":\"https:\\\/\\\/spiglobalplay.com\\\/es\\\/proteccion-de-datos\\\/#primaryimage\",\"url\":\"https:\\\/\\\/spiglobalplay.com\\\/wp-content\\\/uploads\\\/2019\\\/11\\\/Airports.jpg\",\"contentUrl\":\"https:\\\/\\\/spiglobalplay.com\\\/wp-content\\\/uploads\\\/2019\\\/11\\\/Airports.jpg\",\"width\":1024,\"height\":768,\"caption\":\"A\u00c9ROPORTS\"},{\"@type\":\"WebSite\",\"@id\":\"https:\\\/\\\/spiglobalplay.com\\\/#website\",\"url\":\"https:\\\/\\\/spiglobalplay.com\\\/\",\"name\":\"SPI Global Play\",\"description\":\"\",\"potentialAction\":[{\"@type\":\"SearchAction\",\"target\":{\"@type\":\"EntryPoint\",\"urlTemplate\":\"https:\\\/\\\/spiglobalplay.com\\\/?s={search_term_string}\"},\"query-input\":{\"@type\":\"PropertyValueSpecification\",\"valueRequired\":true,\"valueName\":\"search_term_string\"}}],\"inLanguage\":\"es\"}]}<\/script>\n<!-- \/ Yoast SEO plugin. -->","yoast_head_json":{"title":"Protecci\u00f3n de datos - SPI Global Play","robots":{"index":"index","follow":"follow","max-snippet":"max-snippet:-1","max-image-preview":"max-image-preview:large","max-video-preview":"max-video-preview:-1"},"canonical":"https:\/\/spiglobalplay.com\/es\/proteccion-de-datos\/","og_locale":"es_ES","og_type":"article","og_title":"Protecci\u00f3n de datos - SPI Global Play","og_url":"https:\/\/spiglobalplay.com\/es\/proteccion-de-datos\/","og_site_name":"SPI Global Play","article_modified_time":"2022-11-23T14:11:27+00:00","og_image":[{"width":1024,"height":768,"url":"https:\/\/spiglobalplay.com\/wp-content\/uploads\/2019\/11\/Airports.jpg","type":"image\/jpeg"}],"twitter_card":"summary_large_image","twitter_misc":{"Tiempo de lectura":"7 minutos"},"schema":{"@context":"https:\/\/schema.org","@graph":[{"@type":"WebPage","@id":"https:\/\/spiglobalplay.com\/es\/proteccion-de-datos\/","url":"https:\/\/spiglobalplay.com\/es\/proteccion-de-datos\/","name":"Protecci\u00f3n de datos - SPI Global Play","isPartOf":{"@id":"https:\/\/spiglobalplay.com\/#website"},"primaryImageOfPage":{"@id":"https:\/\/spiglobalplay.com\/es\/proteccion-de-datos\/#primaryimage"},"image":{"@id":"https:\/\/spiglobalplay.com\/es\/proteccion-de-datos\/#primaryimage"},"thumbnailUrl":"https:\/\/spiglobalplay.com\/wp-content\/uploads\/2019\/11\/Airports.jpg","datePublished":"2020-12-17T07:39:07+00:00","dateModified":"2022-11-23T14:11:27+00:00","inLanguage":"es","potentialAction":[{"@type":"ReadAction","target":["https:\/\/spiglobalplay.com\/es\/proteccion-de-datos\/"]}]},{"@type":"ImageObject","inLanguage":"es","@id":"https:\/\/spiglobalplay.com\/es\/proteccion-de-datos\/#primaryimage","url":"https:\/\/spiglobalplay.com\/wp-content\/uploads\/2019\/11\/Airports.jpg","contentUrl":"https:\/\/spiglobalplay.com\/wp-content\/uploads\/2019\/11\/Airports.jpg","width":1024,"height":768,"caption":"A\u00c9ROPORTS"},{"@type":"WebSite","@id":"https:\/\/spiglobalplay.com\/#website","url":"https:\/\/spiglobalplay.com\/","name":"SPI Global Play","description":"","potentialAction":[{"@type":"SearchAction","target":{"@type":"EntryPoint","urlTemplate":"https:\/\/spiglobalplay.com\/?s={search_term_string}"},"query-input":{"@type":"PropertyValueSpecification","valueRequired":true,"valueName":"search_term_string"}}],"inLanguage":"es"}]}},"_links":{"self":[{"href":"https:\/\/spiglobalplay.com\/es\/wp-json\/wp\/v2\/pages\/10166","targetHints":{"allow":["GET"]}}],"collection":[{"href":"https:\/\/spiglobalplay.com\/es\/wp-json\/wp\/v2\/pages"}],"about":[{"href":"https:\/\/spiglobalplay.com\/es\/wp-json\/wp\/v2\/types\/page"}],"author":[{"embeddable":true,"href":"https:\/\/spiglobalplay.com\/es\/wp-json\/wp\/v2\/users\/1"}],"replies":[{"embeddable":true,"href":"https:\/\/spiglobalplay.com\/es\/wp-json\/wp\/v2\/comments?post=10166"}],"version-history":[{"count":2,"href":"https:\/\/spiglobalplay.com\/es\/wp-json\/wp\/v2\/pages\/10166\/revisions"}],"predecessor-version":[{"id":29096,"href":"https:\/\/spiglobalplay.com\/es\/wp-json\/wp\/v2\/pages\/10166\/revisions\/29096"}],"wp:featuredmedia":[{"embeddable":true,"href":"https:\/\/spiglobalplay.com\/es\/wp-json\/wp\/v2\/media\/5228"}],"wp:attachment":[{"href":"https:\/\/spiglobalplay.com\/es\/wp-json\/wp\/v2\/media?parent=10166"}],"curies":[{"name":"wp","href":"https:\/\/api.w.org\/{rel}","templated":true}]}}