
{"id":9979,"date":"2021-08-05T08:40:06","date_gmt":"2021-08-05T06:40:06","guid":{"rendered":"https:\/\/spiglobalplay.com\/3d-theming\/"},"modified":"2022-03-31T08:46:50","modified_gmt":"2022-03-31T06:46:50","slug":"tematizacion-3d","status":"publish","type":"page","link":"https:\/\/spiglobalplay.com\/es\/tematizacion-3d\/","title":{"rendered":"Tematizaci\u00f3n 3D"},"content":{"rendered":"<div id='av_section_1'  class='avia-section av-kisilonh-3a1f46352293ac852baee8773ef68a23 main_color avia-section-large avia-no-border-styling  avia-builder-el-0  el_before_av_section  avia-builder-el-first  avia-bg-style-scroll container_wrap fullsize'  ><div class='container av-section-cont-open' ><main  role=\"main\" itemprop=\"mainContentOfPage\"  class='template-page content  av-content-full alpha units'><div class='post-entry post-entry-type-page post-entry-9979'><div class='entry-content-wrapper clearfix'>\n<div class='flex_column_table av-buq0a-051d424a5e651c724d6c9ce17a7e3ffd sc-av_three_fifth av-equal-height-column-flextable'>\n<style type=\"text\/css\" data-created_by=\"avia_inline_auto\" id=\"style-css-av-buq0a-051d424a5e651c724d6c9ce17a7e3ffd\">\n.flex_column.av-buq0a-051d424a5e651c724d6c9ce17a7e3ffd{\nborder-radius:0px 0px 0px 0px;\npadding:0px 0px 0px 0px;\n}\n<\/style>\n<div  class='flex_column av-buq0a-051d424a5e651c724d6c9ce17a7e3ffd av_three_fifth  avia-builder-el-1  el_before_av_two_fifth  avia-builder-el-first  first flex_column_table_cell av-equal-height-column av-align-middle av-animated-generic right-to-left av-zero-column-padding  '     ><p>\n<style type=\"text\/css\" data-created_by=\"avia_inline_auto\" id=\"style-css-av-8fnv8-2d998a9256f6a991bd8836a13e5ed109\">\n#top .av-special-heading.av-8fnv8-2d998a9256f6a991bd8836a13e5ed109{\npadding-bottom:20px;\nfont-size:68px;\n}\nbody .av-special-heading.av-8fnv8-2d998a9256f6a991bd8836a13e5ed109 .av-special-heading-tag .heading-char{\nfont-size:25px;\n}\n#top #wrap_all .av-special-heading.av-8fnv8-2d998a9256f6a991bd8836a13e5ed109 .av-special-heading-tag{\nfont-size:68px;\n}\n.av-special-heading.av-8fnv8-2d998a9256f6a991bd8836a13e5ed109 .av-subheading{\nfont-size:15px;\n}\n\n@media only screen and (min-width: 480px) and (max-width: 767px){ \n#top #wrap_all .av-special-heading.av-8fnv8-2d998a9256f6a991bd8836a13e5ed109 .av-special-heading-tag{\nfont-size:0.8em;\n}\n}\n\n@media only screen and (max-width: 479px){ \n#top #wrap_all .av-special-heading.av-8fnv8-2d998a9256f6a991bd8836a13e5ed109 .av-special-heading-tag{\nfont-size:0.8em;\n}\n}\n<\/style>\n<div  class='av-special-heading av-8fnv8-2d998a9256f6a991bd8836a13e5ed109 av-special-heading-h1 blockquote modern-quote  avia-builder-el-2  el_before_av_textblock  avia-builder-el-first  av-inherit-size av-linked-heading'><h1 class='av-special-heading-tag '  itemprop=\"headline\"  >Tematizaci\u00f3n 3D <\/h1><div class=\"special-heading-border\"><div class=\"special-heading-inner-border\"><\/div><\/div><\/div><br \/>\n<section  class='av_textblock_section av-k2oqc50l-73ef6aa9b83550202d0b1f0f966f06fe '   itemscope=\"itemscope\" itemtype=\"https:\/\/schema.org\/CreativeWork\" ><div class='avia_textblock'  itemprop=\"text\" ><p>En SPI Global Play somos especialistas en hacer que nuestros proyectos cobren vida utilizando elementos tem\u00e1ticos inteligentemente dise\u00f1ados, como la tematizaci\u00f3n en 3D. El uso de elementos 3D dentro de los FEC\u00b4s se ha vuelto m\u00e1s frecuente en los \u00faltimos a\u00f1os, haciendo que la atracci\u00f3n cotidiana sea extraordinaria.<\/p>\n<p>Los objetos en 3D no s\u00f3lo est\u00e1n ah\u00ed para que el entorno se vea bonito, sino para despertar la imaginaci\u00f3n del visitante, estimulando sus sentidos y contando una historia. Ya sea flotando en un entorno tem\u00e1tico espacial o trepando por una selva tropical, la tematizaci\u00f3n ayudar\u00e1 a atraer a los visitantes una y otra vez y, a su vez, a aumentar los beneficios.<\/p>\n<\/div><\/section><br \/>\n\n<style type=\"text\/css\" data-created_by=\"avia_inline_auto\" id=\"style-css-av-ktmns4po-daec16792620dbbdb89e84ddd09e6202\">\n#top .hr.hr-invisible.av-ktmns4po-daec16792620dbbdb89e84ddd09e6202{\nheight:20px;\n}\n<\/style>\n<div  class='hr av-ktmns4po-daec16792620dbbdb89e84ddd09e6202 hr-invisible  avia-builder-el-4  el_after_av_textblock  el_before_av_button '><span class='hr-inner '><span class=\"hr-inner-style\"><\/span><\/span><\/div><br \/>\n<div  class='avia-button-wrap av-ktmnsckn-726c0dac74ce4797e34b7a1576bef975-wrap avia-button-left  avia-builder-el-5  el_after_av_hr  avia-builder-el-last '>\n<style type=\"text\/css\" data-created_by=\"avia_inline_auto\" id=\"style-css-av-ktmnsckn-726c0dac74ce4797e34b7a1576bef975\">\n#top #wrap_all .avia-button.av-ktmnsckn-726c0dac74ce4797e34b7a1576bef975{\nbackground-color:#f7941e;\nborder-color:#f7941e;\ncolor:#ffffff;\ntransition:all 0.4s ease-in-out;\n}\n#top #wrap_all .avia-button.av-ktmnsckn-726c0dac74ce4797e34b7a1576bef975 .avia-svg-icon svg:first-child{\nfill:#ffffff;\nstroke:#ffffff;\n}\n<\/style>\n<a href='https:\/\/spiglobalplay.com\/services\/'  class='avia-button av-ktmnsckn-726c0dac74ce4797e34b7a1576bef975 av-link-btn avia-icon_select-yes-left-icon avia-size-small avia-position-left'   aria-label=\" Go Back to services\"><span class='avia_button_icon avia_button_icon_left avia-iconfont avia-font-entypo-fontello' data-av_icon='\ue874' data-av_iconfont='entypo-fontello' ><\/span><span class='avia_iconbox_title' > Go Back to services<\/span><\/a><\/div><\/p><\/div><div class='av-flex-placeholder'><\/div>\n<style type=\"text\/css\" data-created_by=\"avia_inline_auto\" id=\"style-css-av-acmtj-ae3f5e3f05a7b9cbc4d7fed4f85b33f0\">\n.flex_column.av-acmtj-ae3f5e3f05a7b9cbc4d7fed4f85b33f0{\nborder-radius:0px 0px 0px 0px;\npadding:0px 0px 0px 0px;\n}\n<\/style>\n<div  class='flex_column av-acmtj-ae3f5e3f05a7b9cbc4d7fed4f85b33f0 av_two_fifth  avia-builder-el-6  el_after_av_three_fifth  avia-builder-el-last  flex_column_table_cell av-equal-height-column av-align-middle av-zero-column-padding  '     ><style type=\"text\/css\" data-created_by=\"avia_inline_auto\" id=\"style-css-av-kisipj7e-fe36ad366661fd0545b126c0b3132b8e\">\n.avia-image-container.av-kisipj7e-fe36ad366661fd0545b126c0b3132b8e img.avia_image{\nbox-shadow:none;\n}\n.avia-image-container.av-kisipj7e-fe36ad366661fd0545b126c0b3132b8e .av-image-caption-overlay-center{\ncolor:#ffffff;\n}\n<\/style>\n<div  class='avia-image-container av-kisipj7e-fe36ad366661fd0545b126c0b3132b8e av-styling- avia-align-center  avia-builder-el-7  avia-builder-el-no-sibling '   itemprop=\"image\" itemscope=\"itemscope\" itemtype=\"https:\/\/schema.org\/ImageObject\" ><div class=\"avia-image-container-inner\"><div class=\"avia-image-overlay-wrap\"><img decoding=\"async\" fetchpriority=\"high\" class='wp-image-8776 avia-img-lazy-loading-not-8776 avia_image ' src=\"https:\/\/spiglobalplay.com\/wp-content\/uploads\/2021\/09\/HEADER-3D-Theming-and-deco-1030x688.jpg\" alt='' title=''  height=\"688\" width=\"1030\"  itemprop=\"thumbnailUrl\" srcset=\"https:\/\/spiglobalplay.com\/wp-content\/uploads\/2021\/09\/HEADER-3D-Theming-and-deco-1030x688.jpg 1030w, https:\/\/spiglobalplay.com\/wp-content\/uploads\/2021\/09\/HEADER-3D-Theming-and-deco-300x200.jpg 300w, https:\/\/spiglobalplay.com\/wp-content\/uploads\/2021\/09\/HEADER-3D-Theming-and-deco-768x513.jpg 768w, https:\/\/spiglobalplay.com\/wp-content\/uploads\/2021\/09\/HEADER-3D-Theming-and-deco-1536x1025.jpg 1536w, https:\/\/spiglobalplay.com\/wp-content\/uploads\/2021\/09\/HEADER-3D-Theming-and-deco-1500x1001.jpg 1500w, https:\/\/spiglobalplay.com\/wp-content\/uploads\/2021\/09\/HEADER-3D-Theming-and-deco-705x471.jpg 705w, https:\/\/spiglobalplay.com\/wp-content\/uploads\/2021\/09\/HEADER-3D-Theming-and-deco.jpg 2000w\" sizes=\"(max-width: 1030px) 100vw, 1030px\" \/><\/div><\/div><\/div><\/div><\/div><!--close column table wrapper. Autoclose: 1 --><\/div><\/div><\/main><!-- close content main element --><\/div><\/div>\n<style type=\"text\/css\" data-created_by=\"avia_inline_auto\" id=\"style-css-av-k2lptw7b-efe5d9b3a864e68fbe58dd9aca4cf00a\">\n.avia-section.av-k2lptw7b-efe5d9b3a864e68fbe58dd9aca4cf00a{\nbackground-color:#211f1f;\nbackground-image:unset;\n}\n<\/style>\n<div id='customfooter'  class='avia-section av-k2lptw7b-efe5d9b3a864e68fbe58dd9aca4cf00a alternate_color avia-section-large avia-no-border-styling  avia-builder-el-8  el_after_av_section  avia-builder-el-last  thecustomfoot avia-bg-style-scroll container_wrap fullsize'  ><div class='container av-section-cont-open' ><div class='template-page content  av-content-full alpha units'><div class='post-entry post-entry-type-page post-entry-9979'><div class='entry-content-wrapper clearfix'>\n\n<style type=\"text\/css\" data-created_by=\"avia_inline_auto\" id=\"style-css-av-lqu-4d4811447de37c967d01fdaf58d51a30\">\n.flex_column.av-lqu-4d4811447de37c967d01fdaf58d51a30{\nborder-radius:0px 0px 0px 0px;\npadding:0px 0px 0px 0px;\n}\n<\/style>\n<div  class='flex_column av-lqu-4d4811447de37c967d01fdaf58d51a30 av_one_third  avia-builder-el-9  el_before_av_two_third  avia-builder-el-first  first flex_column_div av-animated-generic bottom-to-top av-zero-column-padding  '     ><\/div>\n<style type=\"text\/css\" data-created_by=\"avia_inline_auto\" id=\"style-css-av-3rno-ca3a2df5a879dcc0b3ed268cbe3059c5\">\n.flex_column.av-3rno-ca3a2df5a879dcc0b3ed268cbe3059c5{\nborder-radius:0px 0px 0px 0px;\npadding:0px 0px 0px 0px;\n}\n<\/style>\n<div  class='flex_column av-3rno-ca3a2df5a879dcc0b3ed268cbe3059c5 av_two_third  avia-builder-el-11  el_after_av_one_third  avia-builder-el-last  flex_column_div av-animated-generic bottom-to-top av-zero-column-padding  '     ><\/div>\n<\/p>\n","protected":false},"excerpt":{"rendered":"","protected":false},"author":1,"featured_media":8776,"parent":0,"menu_order":0,"comment_status":"closed","ping_status":"closed","template":"","meta":{"footnotes":""},"class_list":["post-9979","page","type-page","status-publish","has-post-thumbnail","hentry"],"yoast_head":"<!-- This site is optimized with the Yoast SEO plugin v27.4 - https:\/\/yoast.com\/product\/yoast-seo-wordpress\/ -->\n<title>Tematizaci\u00f3n 3D - SPI Global Play<\/title>\n<meta name=\"robots\" content=\"index, follow, max-snippet:-1, max-image-preview:large, max-video-preview:-1\" \/>\n<link rel=\"canonical\" href=\"https:\/\/spiglobalplay.com\/es\/tematizacion-3d\/\" \/>\n<meta property=\"og:locale\" content=\"es_ES\" \/>\n<meta property=\"og:type\" content=\"article\" \/>\n<meta property=\"og:title\" content=\"Tematizaci\u00f3n 3D - SPI Global Play\" \/>\n<meta property=\"og:url\" content=\"https:\/\/spiglobalplay.com\/es\/tematizacion-3d\/\" \/>\n<meta property=\"og:site_name\" content=\"SPI Global Play\" \/>\n<meta property=\"article:modified_time\" content=\"2022-03-31T06:46:50+00:00\" \/>\n<meta property=\"og:image\" content=\"https:\/\/spiglobalplay.com\/wp-content\/uploads\/2021\/09\/HEADER-3D-Theming-and-deco.jpg\" \/>\n\t<meta property=\"og:image:width\" content=\"2000\" \/>\n\t<meta property=\"og:image:height\" content=\"1335\" \/>\n\t<meta property=\"og:image:type\" content=\"image\/jpeg\" \/>\n<meta name=\"twitter:card\" content=\"summary_large_image\" \/>\n<meta name=\"twitter:label1\" content=\"Tiempo de lectura\" \/>\n\t<meta name=\"twitter:data1\" content=\"7 minutos\" \/>\n<script type=\"application\/ld+json\" class=\"yoast-schema-graph\">{\"@context\":\"https:\\\/\\\/schema.org\",\"@graph\":[{\"@type\":\"WebPage\",\"@id\":\"https:\\\/\\\/spiglobalplay.com\\\/es\\\/tematizacion-3d\\\/\",\"url\":\"https:\\\/\\\/spiglobalplay.com\\\/es\\\/tematizacion-3d\\\/\",\"name\":\"Tematizaci\u00f3n 3D - SPI Global Play\",\"isPartOf\":{\"@id\":\"https:\\\/\\\/spiglobalplay.com\\\/#website\"},\"primaryImageOfPage\":{\"@id\":\"https:\\\/\\\/spiglobalplay.com\\\/es\\\/tematizacion-3d\\\/#primaryimage\"},\"image\":{\"@id\":\"https:\\\/\\\/spiglobalplay.com\\\/es\\\/tematizacion-3d\\\/#primaryimage\"},\"thumbnailUrl\":\"https:\\\/\\\/spiglobalplay.com\\\/wp-content\\\/uploads\\\/2021\\\/09\\\/HEADER-3D-Theming-and-deco.jpg\",\"datePublished\":\"2021-08-05T06:40:06+00:00\",\"dateModified\":\"2022-03-31T06:46:50+00:00\",\"inLanguage\":\"es\",\"potentialAction\":[{\"@type\":\"ReadAction\",\"target\":[\"https:\\\/\\\/spiglobalplay.com\\\/es\\\/tematizacion-3d\\\/\"]}]},{\"@type\":\"ImageObject\",\"inLanguage\":\"es\",\"@id\":\"https:\\\/\\\/spiglobalplay.com\\\/es\\\/tematizacion-3d\\\/#primaryimage\",\"url\":\"https:\\\/\\\/spiglobalplay.com\\\/wp-content\\\/uploads\\\/2021\\\/09\\\/HEADER-3D-Theming-and-deco.jpg\",\"contentUrl\":\"https:\\\/\\\/spiglobalplay.com\\\/wp-content\\\/uploads\\\/2021\\\/09\\\/HEADER-3D-Theming-and-deco.jpg\",\"width\":2000,\"height\":1335},{\"@type\":\"WebSite\",\"@id\":\"https:\\\/\\\/spiglobalplay.com\\\/#website\",\"url\":\"https:\\\/\\\/spiglobalplay.com\\\/\",\"name\":\"SPI Global Play\",\"description\":\"\",\"potentialAction\":[{\"@type\":\"SearchAction\",\"target\":{\"@type\":\"EntryPoint\",\"urlTemplate\":\"https:\\\/\\\/spiglobalplay.com\\\/?s={search_term_string}\"},\"query-input\":{\"@type\":\"PropertyValueSpecification\",\"valueRequired\":true,\"valueName\":\"search_term_string\"}}],\"inLanguage\":\"es\"}]}<\/script>\n<!-- \/ Yoast SEO plugin. -->","yoast_head_json":{"title":"Tematizaci\u00f3n 3D - SPI Global Play","robots":{"index":"index","follow":"follow","max-snippet":"max-snippet:-1","max-image-preview":"max-image-preview:large","max-video-preview":"max-video-preview:-1"},"canonical":"https:\/\/spiglobalplay.com\/es\/tematizacion-3d\/","og_locale":"es_ES","og_type":"article","og_title":"Tematizaci\u00f3n 3D - SPI Global Play","og_url":"https:\/\/spiglobalplay.com\/es\/tematizacion-3d\/","og_site_name":"SPI Global Play","article_modified_time":"2022-03-31T06:46:50+00:00","og_image":[{"width":2000,"height":1335,"url":"https:\/\/spiglobalplay.com\/wp-content\/uploads\/2021\/09\/HEADER-3D-Theming-and-deco.jpg","type":"image\/jpeg"}],"twitter_card":"summary_large_image","twitter_misc":{"Tiempo de lectura":"7 minutos"},"schema":{"@context":"https:\/\/schema.org","@graph":[{"@type":"WebPage","@id":"https:\/\/spiglobalplay.com\/es\/tematizacion-3d\/","url":"https:\/\/spiglobalplay.com\/es\/tematizacion-3d\/","name":"Tematizaci\u00f3n 3D - SPI Global Play","isPartOf":{"@id":"https:\/\/spiglobalplay.com\/#website"},"primaryImageOfPage":{"@id":"https:\/\/spiglobalplay.com\/es\/tematizacion-3d\/#primaryimage"},"image":{"@id":"https:\/\/spiglobalplay.com\/es\/tematizacion-3d\/#primaryimage"},"thumbnailUrl":"https:\/\/spiglobalplay.com\/wp-content\/uploads\/2021\/09\/HEADER-3D-Theming-and-deco.jpg","datePublished":"2021-08-05T06:40:06+00:00","dateModified":"2022-03-31T06:46:50+00:00","inLanguage":"es","potentialAction":[{"@type":"ReadAction","target":["https:\/\/spiglobalplay.com\/es\/tematizacion-3d\/"]}]},{"@type":"ImageObject","inLanguage":"es","@id":"https:\/\/spiglobalplay.com\/es\/tematizacion-3d\/#primaryimage","url":"https:\/\/spiglobalplay.com\/wp-content\/uploads\/2021\/09\/HEADER-3D-Theming-and-deco.jpg","contentUrl":"https:\/\/spiglobalplay.com\/wp-content\/uploads\/2021\/09\/HEADER-3D-Theming-and-deco.jpg","width":2000,"height":1335},{"@type":"WebSite","@id":"https:\/\/spiglobalplay.com\/#website","url":"https:\/\/spiglobalplay.com\/","name":"SPI Global Play","description":"","potentialAction":[{"@type":"SearchAction","target":{"@type":"EntryPoint","urlTemplate":"https:\/\/spiglobalplay.com\/?s={search_term_string}"},"query-input":{"@type":"PropertyValueSpecification","valueRequired":true,"valueName":"search_term_string"}}],"inLanguage":"es"}]}},"_links":{"self":[{"href":"https:\/\/spiglobalplay.com\/es\/wp-json\/wp\/v2\/pages\/9979","targetHints":{"allow":["GET"]}}],"collection":[{"href":"https:\/\/spiglobalplay.com\/es\/wp-json\/wp\/v2\/pages"}],"about":[{"href":"https:\/\/spiglobalplay.com\/es\/wp-json\/wp\/v2\/types\/page"}],"author":[{"embeddable":true,"href":"https:\/\/spiglobalplay.com\/es\/wp-json\/wp\/v2\/users\/1"}],"replies":[{"embeddable":true,"href":"https:\/\/spiglobalplay.com\/es\/wp-json\/wp\/v2\/comments?post=9979"}],"version-history":[{"count":4,"href":"https:\/\/spiglobalplay.com\/es\/wp-json\/wp\/v2\/pages\/9979\/revisions"}],"predecessor-version":[{"id":19471,"href":"https:\/\/spiglobalplay.com\/es\/wp-json\/wp\/v2\/pages\/9979\/revisions\/19471"}],"wp:featuredmedia":[{"embeddable":true,"href":"https:\/\/spiglobalplay.com\/es\/wp-json\/wp\/v2\/media\/8776"}],"wp:attachment":[{"href":"https:\/\/spiglobalplay.com\/es\/wp-json\/wp\/v2\/media?parent=9979"}],"curies":[{"name":"wp","href":"https:\/\/api.w.org\/{rel}","templated":true}]}}