
{"id":10241,"date":"2023-12-01T07:37:06","date_gmt":"2023-12-01T06:37:06","guid":{"rendered":"https:\/\/spiglobalplay.com\/service-maintenance\/"},"modified":"2025-05-22T12:09:28","modified_gmt":"2025-05-22T10:09:28","slug":"service-maintenance","status":"publish","type":"page","link":"https:\/\/spiglobalplay.com\/fr\/service-maintenance\/","title":{"rendered":"Service &#038; Maintenance"},"content":{"rendered":"<div id='av_section_1'  class='avia-section av-1doq2a-e9a7f56dc1b45f51ba2a50c100bbd295 main_color avia-section-large avia-no-border-styling  avia-builder-el-0  el_before_av_buttonrow  avia-builder-el-first  avia-bg-style-scroll container_wrap fullsize'  ><div class='container av-section-cont-open' ><main  role=\"main\" itemprop=\"mainContentOfPage\"  class='template-page content  av-content-full alpha units'><div class='post-entry post-entry-type-page post-entry-10241'><div class='entry-content-wrapper clearfix'>\n\n<style type=\"text\/css\" data-created_by=\"avia_inline_auto\" id=\"style-css-av-krykdxxo-5024fdfd80475724f3980423ec663381\">\n#top .av-special-heading.av-krykdxxo-5024fdfd80475724f3980423ec663381{\npadding-bottom:20px;\nfont-size:68px;\n}\nbody .av-special-heading.av-krykdxxo-5024fdfd80475724f3980423ec663381 .av-special-heading-tag .heading-char{\nfont-size:25px;\n}\n#top #wrap_all .av-special-heading.av-krykdxxo-5024fdfd80475724f3980423ec663381 .av-special-heading-tag{\nfont-size:68px;\n}\n.av-special-heading.av-krykdxxo-5024fdfd80475724f3980423ec663381 .av-subheading{\nfont-size:15px;\n}\n\n@media only screen and (min-width: 480px) and (max-width: 767px){ \n#top #wrap_all .av-special-heading.av-krykdxxo-5024fdfd80475724f3980423ec663381 .av-special-heading-tag{\nfont-size:0.8em;\n}\n}\n\n@media only screen and (max-width: 479px){ \n#top #wrap_all .av-special-heading.av-krykdxxo-5024fdfd80475724f3980423ec663381 .av-special-heading-tag{\nfont-size:0.8em;\n}\n}\n<\/style>\n<div  class='av-special-heading av-krykdxxo-5024fdfd80475724f3980423ec663381 av-special-heading-h1 blockquote modern-quote modern-centered  avia-builder-el-1  el_before_av_one_full  avia-builder-el-first  av-inherit-size av-linked-heading'><h1 class='av-special-heading-tag '  itemprop=\"headline\"  >Service <span class='special_amp'>&amp;<\/span> Maintenance<\/h1><div class=\"special-heading-border\"><div class=\"special-heading-inner-border\"><\/div><\/div><\/div>\n<div class='flex_column_table av-19m3ii-ae29cb636ab5d54b5d0d5cf21ed4be74 sc-av_one_full av-equal-height-column-flextable'>\n<style type=\"text\/css\" data-created_by=\"avia_inline_auto\" id=\"style-css-av-19m3ii-ae29cb636ab5d54b5d0d5cf21ed4be74\">\n.flex_column.av-19m3ii-ae29cb636ab5d54b5d0d5cf21ed4be74{\nborder-radius:0px 0px 0px 0px;\npadding:0px 0px 0px 0px;\n}\n<\/style>\n<div  class='flex_column av-19m3ii-ae29cb636ab5d54b5d0d5cf21ed4be74 av_one_full  avia-builder-el-2  el_after_av_heading  el_before_av_three_fifth  first flex_column_table_cell av-equal-height-column av-align-middle av-animated-generic right-to-left av-zero-column-padding  '     ><\/div><\/div><!--close column table wrapper. Autoclose: 1 -->\n<style type=\"text\/css\" data-created_by=\"avia_inline_auto\" id=\"style-css-av-14dm0q-9e5ed9230de5a06af0fa647f0b257fcf\">\n.flex_column.av-14dm0q-9e5ed9230de5a06af0fa647f0b257fcf{\nborder-radius:0px 0px 0px 0px;\npadding:0px 0px 0px 0px;\n}\n<\/style>\n<div  class='flex_column av-14dm0q-9e5ed9230de5a06af0fa647f0b257fcf av_three_fifth  avia-builder-el-3  el_after_av_one_full  el_before_av_two_fifth  first flex_column_div av-zero-column-padding  column-top-margin'     ><style type=\"text\/css\" data-created_by=\"avia_inline_auto\" id=\"style-css-av-maz7fdrt-8161ff455e9dd600457c447b7d368513\">\n.avia-image-container.av-maz7fdrt-8161ff455e9dd600457c447b7d368513 img.avia_image{\nbox-shadow:none;\n}\n.avia-image-container.av-maz7fdrt-8161ff455e9dd600457c447b7d368513 .av-image-caption-overlay-center{\ncolor:#ffffff;\n}\n<\/style>\n<div  class='avia-image-container av-maz7fdrt-8161ff455e9dd600457c447b7d368513 av-styling- avia-align-center  avia-builder-el-4  avia-builder-el-no-sibling '   itemprop=\"image\" itemscope=\"itemscope\" itemtype=\"https:\/\/schema.org\/ImageObject\" ><div class=\"avia-image-container-inner\"><div class=\"avia-image-overlay-wrap\"><img decoding=\"async\" fetchpriority=\"high\" class='wp-image-66847 avia-img-lazy-loading-not-66847 avia_image ' src=\"https:\/\/spiglobalplay.com\/wp-content\/uploads\/2024\/11\/IMG20210208001725-1536x1152.jpg\" alt='' title=''  height=\"1152\" width=\"1536\"  itemprop=\"thumbnailUrl\" srcset=\"https:\/\/spiglobalplay.com\/wp-content\/uploads\/2024\/11\/IMG20210208001725-1536x1152.jpg 1536w, https:\/\/spiglobalplay.com\/wp-content\/uploads\/2024\/11\/IMG20210208001725-300x225.jpg 300w, https:\/\/spiglobalplay.com\/wp-content\/uploads\/2024\/11\/IMG20210208001725-1030x773.jpg 1030w, https:\/\/spiglobalplay.com\/wp-content\/uploads\/2024\/11\/IMG20210208001725-768x576.jpg 768w, https:\/\/spiglobalplay.com\/wp-content\/uploads\/2024\/11\/IMG20210208001725-2048x1536.jpg 2048w, https:\/\/spiglobalplay.com\/wp-content\/uploads\/2024\/11\/IMG20210208001725-800x600.jpg 800w, https:\/\/spiglobalplay.com\/wp-content\/uploads\/2024\/11\/IMG20210208001725-1500x1125.jpg 1500w, https:\/\/spiglobalplay.com\/wp-content\/uploads\/2024\/11\/IMG20210208001725-705x529.jpg 705w\" sizes=\"(max-width: 1536px) 100vw, 1536px\" \/><\/div><\/div><\/div><\/div>\n<style type=\"text\/css\" data-created_by=\"avia_inline_auto\" id=\"style-css-av-av_two_fifth-ea1fc74eb8ef9b7c99a44d858123ec74\">\n.flex_column.av-av_two_fifth-ea1fc74eb8ef9b7c99a44d858123ec74{\nborder-radius:0px 0px 0px 0px;\npadding:0px 0px 0px 0px;\n}\n<\/style>\n<div  class='flex_column av-av_two_fifth-ea1fc74eb8ef9b7c99a44d858123ec74 av_two_fifth  avia-builder-el-5  el_after_av_three_fifth  avia-builder-el-last  flex_column_div av-animated-generic right-to-left av-zero-column-padding  column-top-margin'     ><section  class='av_textblock_section av-maz7fo1w-df8570dd08c4d1435734cb321fd6a02e '   itemscope=\"itemscope\" itemtype=\"https:\/\/schema.org\/CreativeWork\" ><div class='avia_textblock'  itemprop=\"text\" ><p>Afin de garantir un fonctionnement sans probl\u00e8me et des attractions s\u00fbres, nous proposons des v\u00e9rifications rapides et r\u00e9guli\u00e8res de service et de maintenance dans le monde entier. Nos \u00e9quipes de s\u00e9curit\u00e9 et de maintenance travaillent selon les normes locales et internationales pour garantir que vous respectez toujours les derni\u00e8res r\u00e9glementations. Nos \u00e9quipes, bas\u00e9es sur nos diff\u00e9rents hubs, sont \u00e9galement disponibles pour les clients ayant achet\u00e9 leur \u00e9quipement aupr\u00e8s d&rsquo;autres fournisseurs.<\/p>\n<p>Nous proposons diff\u00e9rents niveaux de contrats de service. Nous pouvons r\u00e9parer, entretenir, nettoyer et inspecter votre \u00e9quipement, ainsi qu\u2019\u00e9valuer l&rsquo;usure et sugg\u00e9rer des mesures appropri\u00e9es. Nos solutions professionnelles de service et de maintenance, combin\u00e9es aux derni\u00e8res directives op\u00e9rationnelles des produits, sont la cl\u00e9 de la haute qualit\u00e9 et de la s\u00e9curit\u00e9.<\/p>\n<\/div><\/section><\/div>\n<\/div><\/div><\/main><!-- close content main element --><\/div><\/div><div id='after_section_1'  class='main_color av_default_container_wrap container_wrap fullsize'  ><div class='container av-section-cont-open' ><div class='template-page content  av-content-full alpha units'><div class='post-entry post-entry-type-page post-entry-10241'><div class='entry-content-wrapper clearfix'>\n<div  class='avia-buttonrow-wrap av-maz7kyi3-008883e952825c1f1afe6cdaf8015aec avia-buttonrow-center  avia-builder-el-7  el_after_av_section  el_before_av_section  avia-builder-el-no-sibling '>\n\n<style type=\"text\/css\" data-created_by=\"avia_inline_auto\" id=\"style-css-av-maz7i7s3-dbad0e089ee27a2c134129f76ba33d88\">\n#top #wrap_all .avia-button.av-maz7i7s3-dbad0e089ee27a2c134129f76ba33d88{\nmargin-bottom:5px;\nmargin-right:3px;\nmargin-left:3px;\n}\n<\/style>\n<a href='https:\/\/spiglobalplay.com\/fr\/services\/'  class='avia-button av-maz7i7s3-dbad0e089ee27a2c134129f76ba33d88 avia-icon_select-yes-left-icon avia-size-medium avia-color-theme-color'   aria-label=\"Retour\"><span class='avia_button_icon avia_button_icon_left avia-iconfont avia-font-entypo-fontello' data-av_icon='\ue874' data-av_iconfont='entypo-fontello' ><\/span><span class='avia_iconbox_title' >Retour<\/span><\/a>\n\n<style type=\"text\/css\" data-created_by=\"avia_inline_auto\" id=\"style-css-av-maz7k7q9-fc5783fd4b050cf8fc162b1e22d6859b\">\n#top #wrap_all .avia-button.av-maz7k7q9-fc5783fd4b050cf8fc162b1e22d6859b{\nmargin-bottom:5px;\nmargin-right:3px;\nmargin-left:3px;\n}\n<\/style>\n<a href='https:\/\/spiglobalplay.com\/fr\/contact-2\/'  class='avia-button av-maz7k7q9-fc5783fd4b050cf8fc162b1e22d6859b avia-icon_select-yes-right-icon avia-size-medium avia-color-theme-color'   aria-label=\"Contactez nous\"><span class='avia_iconbox_title' >Contactez nous<\/span><span class='avia_button_icon avia_button_icon_right avia-iconfont avia-font-entypo-fontello' data-av_icon='\ue879' data-av_iconfont='entypo-fontello' ><\/span><\/a>\n<\/div>\n<\/div><\/div><\/div><!-- close content main div --><\/div><\/div>\n<style type=\"text\/css\" data-created_by=\"avia_inline_auto\" id=\"style-css-av-x16qa-f8d88be074b19accca5990ffcdb48a96\">\n.avia-section.av-x16qa-f8d88be074b19accca5990ffcdb48a96{\nbackground-color:#211f1f;\nbackground-image:unset;\n}\n<\/style>\n<div id='customfooter'  class='avia-section av-x16qa-f8d88be074b19accca5990ffcdb48a96 alternate_color avia-section-large avia-no-border-styling  avia-builder-el-8  el_after_av_buttonrow  avia-builder-el-last  thecustomfoot avia-bg-style-scroll container_wrap fullsize'  ><div class='container av-section-cont-open' ><div class='template-page content  av-content-full alpha units'><div class='post-entry post-entry-type-page post-entry-10241'><div class='entry-content-wrapper clearfix'>\n\n<style type=\"text\/css\" data-created_by=\"avia_inline_auto\" id=\"style-css-av-onj5u-a8bcfa433110cb1069f8c6bc2a331da4\">\n.flex_column.av-onj5u-a8bcfa433110cb1069f8c6bc2a331da4{\nborder-radius:0px 0px 0px 0px;\npadding:0px 0px 0px 0px;\n}\n<\/style>\n<div  class='flex_column av-onj5u-a8bcfa433110cb1069f8c6bc2a331da4 av_one_third  avia-builder-el-9  el_before_av_two_third  avia-builder-el-first  first flex_column_div av-animated-generic bottom-to-top av-zero-column-padding  '     ><\/div>\n<style type=\"text\/css\" data-created_by=\"avia_inline_auto\" id=\"style-css-av-eqnxu-cf27322f1cb86515088c74d1f3c138a9\">\n.flex_column.av-eqnxu-cf27322f1cb86515088c74d1f3c138a9{\nborder-radius:0px 0px 0px 0px;\npadding:0px 0px 0px 0px;\n}\n<\/style>\n<div  class='flex_column av-eqnxu-cf27322f1cb86515088c74d1f3c138a9 av_two_third  avia-builder-el-11  el_after_av_one_third  avia-builder-el-last  flex_column_div av-animated-generic bottom-to-top av-zero-column-padding  '     ><\/div>\n\n","protected":false},"excerpt":{"rendered":"","protected":false},"author":1,"featured_media":9544,"parent":0,"menu_order":0,"comment_status":"closed","ping_status":"closed","template":"","meta":{"footnotes":""},"class_list":["post-10241","page","type-page","status-publish","has-post-thumbnail","hentry"],"yoast_head":"<!-- This site is optimized with the Yoast SEO plugin v27.5 - https:\/\/yoast.com\/product\/yoast-seo-wordpress\/ -->\n<title>Service &amp; Maintenance - SPI Global Play<\/title>\n<meta name=\"robots\" content=\"index, follow, max-snippet:-1, max-image-preview:large, max-video-preview:-1\" \/>\n<link rel=\"canonical\" href=\"https:\/\/spiglobalplay.com\/fr\/service-maintenance\/\" \/>\n<meta property=\"og:locale\" content=\"fr_FR\" \/>\n<meta property=\"og:type\" content=\"article\" \/>\n<meta property=\"og:title\" content=\"Service &amp; Maintenance - SPI Global Play\" \/>\n<meta property=\"og:url\" content=\"https:\/\/spiglobalplay.com\/fr\/service-maintenance\/\" \/>\n<meta property=\"og:site_name\" content=\"SPI Global Play\" \/>\n<meta property=\"article:modified_time\" content=\"2025-05-22T10:09:28+00:00\" \/>\n<meta property=\"og:image\" content=\"https:\/\/spiglobalplay.com\/wp-content\/uploads\/2022\/02\/NETTING.jpg\" \/>\n\t<meta property=\"og:image:width\" content=\"758\" \/>\n\t<meta property=\"og:image:height\" content=\"557\" \/>\n\t<meta property=\"og:image:type\" content=\"image\/jpeg\" \/>\n<meta name=\"twitter:card\" content=\"summary_large_image\" \/>\n<meta name=\"twitter:label1\" content=\"Dur\u00e9e de lecture estim\u00e9e\" \/>\n\t<meta name=\"twitter:data1\" content=\"1 minute\" \/>\n<script type=\"application\/ld+json\" class=\"yoast-schema-graph\">{\"@context\":\"https:\\\/\\\/schema.org\",\"@graph\":[{\"@type\":\"WebPage\",\"@id\":\"https:\\\/\\\/spiglobalplay.com\\\/fr\\\/service-maintenance\\\/\",\"url\":\"https:\\\/\\\/spiglobalplay.com\\\/fr\\\/service-maintenance\\\/\",\"name\":\"Service & Maintenance - SPI Global Play\",\"isPartOf\":{\"@id\":\"https:\\\/\\\/spiglobalplay.com\\\/#website\"},\"primaryImageOfPage\":{\"@id\":\"https:\\\/\\\/spiglobalplay.com\\\/fr\\\/service-maintenance\\\/#primaryimage\"},\"image\":{\"@id\":\"https:\\\/\\\/spiglobalplay.com\\\/fr\\\/service-maintenance\\\/#primaryimage\"},\"thumbnailUrl\":\"https:\\\/\\\/spiglobalplay.com\\\/wp-content\\\/uploads\\\/2022\\\/02\\\/NETTING.jpg\",\"datePublished\":\"2023-12-01T06:37:06+00:00\",\"dateModified\":\"2025-05-22T10:09:28+00:00\",\"inLanguage\":\"fr-FR\",\"potentialAction\":[{\"@type\":\"ReadAction\",\"target\":[\"https:\\\/\\\/spiglobalplay.com\\\/fr\\\/service-maintenance\\\/\"]}]},{\"@type\":\"ImageObject\",\"inLanguage\":\"fr-FR\",\"@id\":\"https:\\\/\\\/spiglobalplay.com\\\/fr\\\/service-maintenance\\\/#primaryimage\",\"url\":\"https:\\\/\\\/spiglobalplay.com\\\/wp-content\\\/uploads\\\/2022\\\/02\\\/NETTING.jpg\",\"contentUrl\":\"https:\\\/\\\/spiglobalplay.com\\\/wp-content\\\/uploads\\\/2022\\\/02\\\/NETTING.jpg\",\"width\":758,\"height\":557},{\"@type\":\"WebSite\",\"@id\":\"https:\\\/\\\/spiglobalplay.com\\\/#website\",\"url\":\"https:\\\/\\\/spiglobalplay.com\\\/\",\"name\":\"SPI Global Play\",\"description\":\"\",\"potentialAction\":[{\"@type\":\"SearchAction\",\"target\":{\"@type\":\"EntryPoint\",\"urlTemplate\":\"https:\\\/\\\/spiglobalplay.com\\\/?s={search_term_string}\"},\"query-input\":{\"@type\":\"PropertyValueSpecification\",\"valueRequired\":true,\"valueName\":\"search_term_string\"}}],\"inLanguage\":\"fr-FR\"}]}<\/script>\n<!-- \/ Yoast SEO plugin. -->","yoast_head_json":{"title":"Service & Maintenance - SPI Global Play","robots":{"index":"index","follow":"follow","max-snippet":"max-snippet:-1","max-image-preview":"max-image-preview:large","max-video-preview":"max-video-preview:-1"},"canonical":"https:\/\/spiglobalplay.com\/fr\/service-maintenance\/","og_locale":"fr_FR","og_type":"article","og_title":"Service & Maintenance - SPI Global Play","og_url":"https:\/\/spiglobalplay.com\/fr\/service-maintenance\/","og_site_name":"SPI Global Play","article_modified_time":"2025-05-22T10:09:28+00:00","og_image":[{"width":758,"height":557,"url":"https:\/\/spiglobalplay.com\/wp-content\/uploads\/2022\/02\/NETTING.jpg","type":"image\/jpeg"}],"twitter_card":"summary_large_image","twitter_misc":{"Dur\u00e9e de lecture estim\u00e9e":"1 minute"},"schema":{"@context":"https:\/\/schema.org","@graph":[{"@type":"WebPage","@id":"https:\/\/spiglobalplay.com\/fr\/service-maintenance\/","url":"https:\/\/spiglobalplay.com\/fr\/service-maintenance\/","name":"Service & Maintenance - SPI Global Play","isPartOf":{"@id":"https:\/\/spiglobalplay.com\/#website"},"primaryImageOfPage":{"@id":"https:\/\/spiglobalplay.com\/fr\/service-maintenance\/#primaryimage"},"image":{"@id":"https:\/\/spiglobalplay.com\/fr\/service-maintenance\/#primaryimage"},"thumbnailUrl":"https:\/\/spiglobalplay.com\/wp-content\/uploads\/2022\/02\/NETTING.jpg","datePublished":"2023-12-01T06:37:06+00:00","dateModified":"2025-05-22T10:09:28+00:00","inLanguage":"fr-FR","potentialAction":[{"@type":"ReadAction","target":["https:\/\/spiglobalplay.com\/fr\/service-maintenance\/"]}]},{"@type":"ImageObject","inLanguage":"fr-FR","@id":"https:\/\/spiglobalplay.com\/fr\/service-maintenance\/#primaryimage","url":"https:\/\/spiglobalplay.com\/wp-content\/uploads\/2022\/02\/NETTING.jpg","contentUrl":"https:\/\/spiglobalplay.com\/wp-content\/uploads\/2022\/02\/NETTING.jpg","width":758,"height":557},{"@type":"WebSite","@id":"https:\/\/spiglobalplay.com\/#website","url":"https:\/\/spiglobalplay.com\/","name":"SPI Global Play","description":"","potentialAction":[{"@type":"SearchAction","target":{"@type":"EntryPoint","urlTemplate":"https:\/\/spiglobalplay.com\/?s={search_term_string}"},"query-input":{"@type":"PropertyValueSpecification","valueRequired":true,"valueName":"search_term_string"}}],"inLanguage":"fr-FR"}]}},"_links":{"self":[{"href":"https:\/\/spiglobalplay.com\/fr\/wp-json\/wp\/v2\/pages\/10241","targetHints":{"allow":["GET"]}}],"collection":[{"href":"https:\/\/spiglobalplay.com\/fr\/wp-json\/wp\/v2\/pages"}],"about":[{"href":"https:\/\/spiglobalplay.com\/fr\/wp-json\/wp\/v2\/types\/page"}],"author":[{"embeddable":true,"href":"https:\/\/spiglobalplay.com\/fr\/wp-json\/wp\/v2\/users\/1"}],"replies":[{"embeddable":true,"href":"https:\/\/spiglobalplay.com\/fr\/wp-json\/wp\/v2\/comments?post=10241"}],"version-history":[{"count":5,"href":"https:\/\/spiglobalplay.com\/fr\/wp-json\/wp\/v2\/pages\/10241\/revisions"}],"predecessor-version":[{"id":42537,"href":"https:\/\/spiglobalplay.com\/fr\/wp-json\/wp\/v2\/pages\/10241\/revisions\/42537"}],"wp:featuredmedia":[{"embeddable":true,"href":"https:\/\/spiglobalplay.com\/fr\/wp-json\/wp\/v2\/media\/9544"}],"wp:attachment":[{"href":"https:\/\/spiglobalplay.com\/fr\/wp-json\/wp\/v2\/media?parent=10241"}],"curies":[{"name":"wp","href":"https:\/\/api.w.org\/{rel}","templated":true}]}}