
{"id":10242,"date":"2023-11-10T07:36:44","date_gmt":"2023-11-10T06:36:44","guid":{"rendered":"https:\/\/spiglobalplay.com\/installation-construction\/"},"modified":"2025-05-22T11:48:11","modified_gmt":"2025-05-22T09:48:11","slug":"installation-construction","status":"publish","type":"page","link":"https:\/\/spiglobalplay.com\/fr\/installation-construction\/","title":{"rendered":"Installation et Construction"},"content":{"rendered":"<div id='av_section_1'  class='avia-section av-1l5gfz-e592179dba2a905c0ff7ac3d774d0005 main_color avia-section-large avia-no-border-styling  avia-builder-el-0  el_before_av_section  avia-builder-el-first  avia-bg-style-scroll container_wrap fullsize'  ><div class='container av-section-cont-open' ><main  role=\"main\" itemprop=\"mainContentOfPage\"  class='template-page content  av-content-full alpha units'><div class='post-entry post-entry-type-page post-entry-10242'><div class='entry-content-wrapper clearfix'>\n\n<style type=\"text\/css\" data-created_by=\"avia_inline_auto\" id=\"style-css-av-kryjwm8c-db018d96d1f84f7591f95681c8869acf\">\n#top .av-special-heading.av-kryjwm8c-db018d96d1f84f7591f95681c8869acf{\npadding-bottom:20px;\nfont-size:68px;\n}\nbody .av-special-heading.av-kryjwm8c-db018d96d1f84f7591f95681c8869acf .av-special-heading-tag .heading-char{\nfont-size:25px;\n}\n#top #wrap_all .av-special-heading.av-kryjwm8c-db018d96d1f84f7591f95681c8869acf .av-special-heading-tag{\nfont-size:68px;\n}\n.av-special-heading.av-kryjwm8c-db018d96d1f84f7591f95681c8869acf .av-subheading{\nfont-size:15px;\n}\n\n@media only screen and (max-width: 479px){ \n#top #wrap_all .av-special-heading.av-kryjwm8c-db018d96d1f84f7591f95681c8869acf .av-special-heading-tag{\nfont-size:46px;\n}\n}\n\n@media only screen and (min-width: 480px) and (max-width: 767px){ \n#top #wrap_all .av-special-heading.av-kryjwm8c-db018d96d1f84f7591f95681c8869acf .av-special-heading-tag{\nfont-size:0.8em;\n}\n}\n<\/style>\n<div  class='av-special-heading av-kryjwm8c-db018d96d1f84f7591f95681c8869acf av-special-heading-h1 blockquote modern-quote modern-centered  avia-builder-el-1  el_before_av_one_full  avia-builder-el-first  av-inherit-size'><h1 class='av-special-heading-tag '  itemprop=\"headline\"  >Installation et Construction<\/h1><div class=\"special-heading-border\"><div class=\"special-heading-inner-border\"><\/div><\/div><\/div>\n\n<style type=\"text\/css\" data-created_by=\"avia_inline_auto\" id=\"style-css-av-1a2q9z-f4fbc2e96505fe226e7e7d6b225c8ec0\">\n.flex_column.av-1a2q9z-f4fbc2e96505fe226e7e7d6b225c8ec0{\nborder-radius:0px 0px 0px 0px;\npadding:0px 0px 0px 0px;\n}\n<\/style>\n<div  class='flex_column av-1a2q9z-f4fbc2e96505fe226e7e7d6b225c8ec0 av_one_full  avia-builder-el-2  el_after_av_heading  el_before_av_three_fifth  first flex_column_div av-zero-column-padding  '     ><\/div>\n<style type=\"text\/css\" data-created_by=\"avia_inline_auto\" id=\"style-css-av-av_three_fifth-79ff81c021393065cee878051452f6a6\">\n.flex_column.av-av_three_fifth-79ff81c021393065cee878051452f6a6{\nborder-radius:0px 0px 0px 0px;\npadding:0px 0px 0px 0px;\n}\n<\/style>\n<div  class='flex_column av-av_three_fifth-79ff81c021393065cee878051452f6a6 av_three_fifth  avia-builder-el-3  el_after_av_one_full  el_before_av_two_fifth  first flex_column_div av-zero-column-padding  column-top-margin'     ><style type=\"text\/css\" data-created_by=\"avia_inline_auto\" id=\"style-css-av-maz6m1vm-d851f6c347018cc77291dafea1026e4c\">\n.avia-image-container.av-maz6m1vm-d851f6c347018cc77291dafea1026e4c img.avia_image{\nbox-shadow:none;\n}\n.avia-image-container.av-maz6m1vm-d851f6c347018cc77291dafea1026e4c .av-image-caption-overlay-center{\ncolor:#ffffff;\n}\n<\/style>\n<div  class='avia-image-container av-maz6m1vm-d851f6c347018cc77291dafea1026e4c av-styling- avia-align-center  avia-builder-el-4  avia-builder-el-no-sibling '   itemprop=\"image\" itemscope=\"itemscope\" itemtype=\"https:\/\/schema.org\/ImageObject\" ><div class=\"avia-image-container-inner\"><div class=\"avia-image-overlay-wrap\"><img decoding=\"async\" fetchpriority=\"high\" class='wp-image-8657 avia-img-lazy-loading-not-8657 avia_image ' src=\"https:\/\/spiglobalplay.com\/wp-content\/uploads\/2021\/08\/IMG_1239-1536x1152.jpg\" alt='' title=''  height=\"1152\" width=\"1536\"  itemprop=\"thumbnailUrl\" srcset=\"https:\/\/spiglobalplay.com\/wp-content\/uploads\/2021\/08\/IMG_1239-1536x1152.jpg 1536w, https:\/\/spiglobalplay.com\/wp-content\/uploads\/2021\/08\/IMG_1239-300x225.jpg 300w, https:\/\/spiglobalplay.com\/wp-content\/uploads\/2021\/08\/IMG_1239-1030x773.jpg 1030w, https:\/\/spiglobalplay.com\/wp-content\/uploads\/2021\/08\/IMG_1239-768x576.jpg 768w, https:\/\/spiglobalplay.com\/wp-content\/uploads\/2021\/08\/IMG_1239-2048x1536.jpg 2048w, https:\/\/spiglobalplay.com\/wp-content\/uploads\/2021\/08\/IMG_1239-800x600.jpg 800w, https:\/\/spiglobalplay.com\/wp-content\/uploads\/2021\/08\/IMG_1239-1500x1125.jpg 1500w, https:\/\/spiglobalplay.com\/wp-content\/uploads\/2021\/08\/IMG_1239-705x529.jpg 705w\" sizes=\"(max-width: 1536px) 100vw, 1536px\" \/><\/div><\/div><\/div><\/div>\n<style type=\"text\/css\" data-created_by=\"avia_inline_auto\" id=\"style-css-av-1fyasf-88a21f7270325c051991d334e2cbba1a\">\n.flex_column.av-1fyasf-88a21f7270325c051991d334e2cbba1a{\nborder-radius:0px 0px 0px 0px;\npadding:0px 0px 0px 0px;\n}\n<\/style>\n<div  class='flex_column av-1fyasf-88a21f7270325c051991d334e2cbba1a av_two_fifth  avia-builder-el-5  el_after_av_three_fifth  el_before_av_one_full  flex_column_div av-animated-generic right-to-left av-zero-column-padding  column-top-margin'     ><section  class='av_textblock_section av-kryjwwfm-f0ad0d054e256703275bc8be316e560d '   itemscope=\"itemscope\" itemtype=\"https:\/\/schema.org\/CreativeWork\" ><div class='avia_textblock'  itemprop=\"text\" ><p>Notre \u00e9quipe de plus de 200 ing\u00e9nieurs en installation, d\u00e9corateurs, artistes muraux, chefs de projets, menuisiers et constructeurs nous permet d&rsquo;assurer une couverture compl\u00e8te \u00e0 l&rsquo;\u00e9chelle mondiale, afin de r\u00e9aliser des projets multi-comp\u00e9tences. De l&rsquo;installation d&rsquo;\u00e9quipements de jeux et de parcs de trampolines \u00e0 des solutions cl\u00e9s en main incluant des travaux de th\u00e9matisation et de construction, notre \u00e9quipe d&rsquo;installation et de construction exp\u00e9riment\u00e9e sera impliqu\u00e9e dans le projet depuis sa conception jusqu&rsquo;\u00e0 son ach\u00e8vement. Nous souhaitons que la r\u00e9alisation de votre projet jusqu&rsquo;\u00e0 sa finalisation soit agr\u00e9able, professionnel et inspirant. Notre \u00e9quipe s&rsquo;assurera que votre projet d\u00e9passe vos attentes et que votre nouvelle aventure soit livr\u00e9e exactement comme vous le souhaitez, au moment o\u00f9 vous le souhaitez.<\/p>\n<\/div><\/section><\/div><div class='flex_column_table av-av_one_full-ff274a3fea9a7c99607d7ef4902cb00f sc-av_one_full av-equal-height-column-flextable'>\n<style type=\"text\/css\" data-created_by=\"avia_inline_auto\" id=\"style-css-av-av_one_full-ff274a3fea9a7c99607d7ef4902cb00f\">\n.flex_column.av-av_one_full-ff274a3fea9a7c99607d7ef4902cb00f{\nborder-radius:0px 0px 0px 0px;\npadding:0px 0px 0px 0px;\n}\n<\/style>\n<div  class='flex_column av-av_one_full-ff274a3fea9a7c99607d7ef4902cb00f av_one_full  avia-builder-el-7  el_after_av_two_fifth  el_before_av_one_full  first flex_column_table_cell av-equal-height-column av-align-middle av-animated-generic right-to-left av-zero-column-padding  '     ><\/div><\/div><!--close column table wrapper. Autoclose: 1 --><div class='flex_column_table av-av_one_full-ff274a3fea9a7c99607d7ef4902cb00f sc-av_one_full av-equal-height-column-flextable'>\n<style type=\"text\/css\" data-created_by=\"avia_inline_auto\" id=\"style-css-av-av_one_full-ff274a3fea9a7c99607d7ef4902cb00f\">\n.flex_column.av-av_one_full-ff274a3fea9a7c99607d7ef4902cb00f{\nborder-radius:0px 0px 0px 0px;\npadding:0px 0px 0px 0px;\n}\n<\/style>\n<div  class='flex_column av-av_one_full-ff274a3fea9a7c99607d7ef4902cb00f av_one_full  avia-builder-el-8  el_after_av_one_full  el_before_av_one_full  first flex_column_table_cell av-equal-height-column av-align-middle av-animated-generic right-to-left av-zero-column-padding  column-top-margin'     ><\/div><\/div><!--close column table wrapper. Autoclose: 1 --><div class='flex_column_table av-av_one_full-ff274a3fea9a7c99607d7ef4902cb00f sc-av_one_full av-equal-height-column-flextable'>\n<style type=\"text\/css\" data-created_by=\"avia_inline_auto\" id=\"style-css-av-av_one_full-ff274a3fea9a7c99607d7ef4902cb00f\">\n.flex_column.av-av_one_full-ff274a3fea9a7c99607d7ef4902cb00f{\nborder-radius:0px 0px 0px 0px;\npadding:0px 0px 0px 0px;\n}\n<\/style>\n<div  class='flex_column av-av_one_full-ff274a3fea9a7c99607d7ef4902cb00f av_one_full  avia-builder-el-9  el_after_av_one_full  el_before_av_one_fifth  first flex_column_table_cell av-equal-height-column av-align-middle av-animated-generic right-to-left av-zero-column-padding  column-top-margin'     ><style type=\"text\/css\" data-created_by=\"avia_inline_auto\" id=\"style-css-av-maz6plmn-9773d50a9dbc026aa666fdeb2e00286f\">\n#top .av-special-heading.av-maz6plmn-9773d50a9dbc026aa666fdeb2e00286f{\npadding-bottom:20px;\nfont-size:58px;\n}\nbody .av-special-heading.av-maz6plmn-9773d50a9dbc026aa666fdeb2e00286f .av-special-heading-tag .heading-char{\nfont-size:25px;\n}\n#top #wrap_all .av-special-heading.av-maz6plmn-9773d50a9dbc026aa666fdeb2e00286f .av-special-heading-tag{\nfont-size:58px;\n}\n.av-special-heading.av-maz6plmn-9773d50a9dbc026aa666fdeb2e00286f .av-subheading{\nfont-size:15px;\n}\n\n@media only screen and (max-width: 479px){ \n#top #wrap_all .av-special-heading.av-maz6plmn-9773d50a9dbc026aa666fdeb2e00286f .av-special-heading-tag{\nfont-size:46px;\n}\n}\n\n@media only screen and (min-width: 480px) and (max-width: 767px){ \n#top #wrap_all .av-special-heading.av-maz6plmn-9773d50a9dbc026aa666fdeb2e00286f .av-special-heading-tag{\nfont-size:0.8em;\n}\n}\n<\/style>\n<div  class='av-special-heading av-maz6plmn-9773d50a9dbc026aa666fdeb2e00286f av-special-heading-h3 blockquote modern-quote modern-centered  avia-builder-el-10  avia-builder-el-no-sibling  av-inherit-size'><h3 class='av-special-heading-tag '  itemprop=\"headline\"  >D\u00e9couvrez comment nous faisons<\/h3><div class=\"special-heading-border\"><div class=\"special-heading-inner-border\"><\/div><\/div><\/div><\/div><\/div><!--close column table wrapper. Autoclose: 1 --><div class='flex_column_table av-3xxc7-4d2e04f4c7e457209dcd6f72e168e7c2 sc-av_one_fifth av-equal-height-column-flextable'>\n<style type=\"text\/css\" data-created_by=\"avia_inline_auto\" id=\"style-css-av-3xxc7-4d2e04f4c7e457209dcd6f72e168e7c2\">\n.flex_column.av-3xxc7-4d2e04f4c7e457209dcd6f72e168e7c2{\nborder-radius:0px 0px 0px 0px;\npadding:0px 0px 0px 0px;\n}\n<\/style>\n<div  class='flex_column av-3xxc7-4d2e04f4c7e457209dcd6f72e168e7c2 av_one_fifth  avia-builder-el-11  el_after_av_one_full  el_before_av_three_fifth  first flex_column_table_cell av-equal-height-column av-align-middle av-animated-generic right-to-left av-zero-column-padding  column-top-margin'     ><\/div><div class='av-flex-placeholder'><\/div>\n<style type=\"text\/css\" data-created_by=\"avia_inline_auto\" id=\"style-css-av-av_three_fifth-ea1fc74eb8ef9b7c99a44d858123ec74\">\n.flex_column.av-av_three_fifth-ea1fc74eb8ef9b7c99a44d858123ec74{\nborder-radius:0px 0px 0px 0px;\npadding:0px 0px 0px 0px;\n}\n<\/style>\n<div  class='flex_column av-av_three_fifth-ea1fc74eb8ef9b7c99a44d858123ec74 av_three_fifth  avia-builder-el-12  el_after_av_one_fifth  el_before_av_one_fifth  flex_column_table_cell av-equal-height-column av-align-middle av-animated-generic right-to-left av-zero-column-padding  column-top-margin'     ><style type=\"text\/css\" data-created_by=\"avia_inline_auto\" id=\"style-css-av-maz6q169-87dbc7c7f439bef5f93dd632a5c13e29\">\n.avia-video.av-maz6q169-87dbc7c7f439bef5f93dd632a5c13e29{\nbackground-image:url(https:\/\/spiglobalplay.com\/wp-content\/uploads\/2021\/08\/IMG_1254-edit-1-1030x773.jpg);\n}\n<\/style>\n<div  class='avia-video av-maz6q169-87dbc7c7f439bef5f93dd632a5c13e29 avia-video-16-9 av-preview-image avia-video-load-always avia-video-html5'  itemprop=\"video\" itemtype=\"https:\/\/schema.org\/VideoObject\"  data-original_url='https:\/\/spiglobalplay.com\/wp-content\/uploads\/2021\/08\/SPI-Volcano-Installation.mp4'><video class='avia_video' poster=\"https:\/\/spiglobalplay.com\/wp-content\/uploads\/2021\/08\/IMG_1254-edit-1-1030x773.jpg\"   preload=\"auto\"  controls id='player_10242_1196441260_72958696'><source src='https:\/\/spiglobalplay.com\/wp-content\/uploads\/2021\/08\/SPI-Volcano-Installation.mp4' type='video\/mp4' \/><\/video><\/div><\/div><div class='av-flex-placeholder'><\/div>\n<style type=\"text\/css\" data-created_by=\"avia_inline_auto\" id=\"style-css-av-av_one_fifth-ea1fc74eb8ef9b7c99a44d858123ec74\">\n.flex_column.av-av_one_fifth-ea1fc74eb8ef9b7c99a44d858123ec74{\nborder-radius:0px 0px 0px 0px;\npadding:0px 0px 0px 0px;\n}\n<\/style>\n<div  class='flex_column av-av_one_fifth-ea1fc74eb8ef9b7c99a44d858123ec74 av_one_fifth  avia-builder-el-14  el_after_av_three_fifth  el_before_av_hr  flex_column_table_cell av-equal-height-column av-align-middle av-animated-generic right-to-left av-zero-column-padding  column-top-margin'     ><\/div><\/div><!--close column table wrapper. Autoclose: 1 -->\n<style type=\"text\/css\" data-created_by=\"avia_inline_auto\" id=\"style-css-av-ktmnsu76-644a2463271149f6dcd92881a492fab3\">\n#top .hr.hr-invisible.av-ktmnsu76-644a2463271149f6dcd92881a492fab3{\nheight:20px;\n}\n<\/style>\n<div  class='hr av-ktmnsu76-644a2463271149f6dcd92881a492fab3 hr-invisible  avia-builder-el-15  el_after_av_one_fifth  el_before_av_hr '><span class='hr-inner '><span class=\"hr-inner-style\"><\/span><\/span><\/div>\n\n<style type=\"text\/css\" data-created_by=\"avia_inline_auto\" id=\"style-css-av-av_hr-82f5be0ae0af6a64fe3091010b237709\">\n#top .hr.hr-invisible.av-av_hr-82f5be0ae0af6a64fe3091010b237709{\nheight:20px;\n}\n<\/style>\n<div  class='hr av-av_hr-82f5be0ae0af6a64fe3091010b237709 hr-invisible  avia-builder-el-16  el_after_av_hr  el_before_av_hr '><span class='hr-inner '><span class=\"hr-inner-style\"><\/span><\/span><\/div>\n\n<style type=\"text\/css\" data-created_by=\"avia_inline_auto\" id=\"style-css-av-av_hr-82f5be0ae0af6a64fe3091010b237709\">\n#top .hr.hr-invisible.av-av_hr-82f5be0ae0af6a64fe3091010b237709{\nheight:20px;\n}\n<\/style>\n<div  class='hr av-av_hr-82f5be0ae0af6a64fe3091010b237709 hr-invisible  avia-builder-el-17  el_after_av_hr  el_before_av_button '><span class='hr-inner '><span class=\"hr-inner-style\"><\/span><\/span><\/div>\n<div  class='avia-button-wrap av-ktmnt4jw-cfbb973821d916fa91dd1688850e9d98-wrap avia-button-right  avia-builder-el-18  el_after_av_hr  avia-builder-el-last '>\n<style type=\"text\/css\" data-created_by=\"avia_inline_auto\" id=\"style-css-av-ktmnt4jw-cfbb973821d916fa91dd1688850e9d98\">\n#top #wrap_all .avia-button.av-ktmnt4jw-cfbb973821d916fa91dd1688850e9d98{\nbackground-color:#f7941e;\nborder-color:#f7941e;\ncolor:#ffffff;\ntransition:all 0.4s ease-in-out;\n}\n#top #wrap_all .avia-button.av-ktmnt4jw-cfbb973821d916fa91dd1688850e9d98 .avia-svg-icon svg:first-child{\nfill:#ffffff;\nstroke:#ffffff;\n}\n<\/style>\n<a href='https:\/\/spiglobalplay.com\/fr\/services\/'  class='avia-button av-ktmnt4jw-cfbb973821d916fa91dd1688850e9d98 av-link-btn avia-icon_select-yes-left-icon avia-size-small avia-position-right'   aria-label=\"Retour\"><span class='avia_button_icon avia_button_icon_left avia-iconfont avia-font-entypo-fontello' data-av_icon='\ue874' data-av_iconfont='entypo-fontello' ><\/span><span class='avia_iconbox_title' >Retour<\/span><\/a><\/div>\n<\/div><\/div><\/main><!-- close content main element --><\/div><\/div>\n<style type=\"text\/css\" data-created_by=\"avia_inline_auto\" id=\"style-css-av-xf1yf-06660ba67e55d19d4383a7f14a8e4269\">\n.avia-section.av-xf1yf-06660ba67e55d19d4383a7f14a8e4269{\nbackground-color:#211f1f;\nbackground-image:unset;\n}\n<\/style>\n<div id='customfooter'  class='avia-section av-xf1yf-06660ba67e55d19d4383a7f14a8e4269 alternate_color avia-section-large avia-no-border-styling  avia-builder-el-19  el_after_av_section  avia-builder-el-last  thecustomfoot avia-bg-style-scroll container_wrap fullsize'  ><div class='container av-section-cont-open' ><div class='template-page content  av-content-full alpha units'><div class='post-entry post-entry-type-page post-entry-10242'><div class='entry-content-wrapper clearfix'>\n\n<style type=\"text\/css\" data-created_by=\"avia_inline_auto\" id=\"style-css-av-th6pb-1c88983d2ada59b534fbc17b33f752da\">\n.flex_column.av-th6pb-1c88983d2ada59b534fbc17b33f752da{\nborder-radius:0px 0px 0px 0px;\npadding:0px 0px 0px 0px;\n}\n<\/style>\n<div  class='flex_column av-th6pb-1c88983d2ada59b534fbc17b33f752da av_one_third  avia-builder-el-20  el_before_av_two_third  avia-builder-el-first  first flex_column_div av-animated-generic bottom-to-top av-zero-column-padding  '     ><\/div>\n<style type=\"text\/css\" data-created_by=\"avia_inline_auto\" id=\"style-css-av-e5qun-79a47a4bcdf95d6d5bd8d8af3a5ad928\">\n.flex_column.av-e5qun-79a47a4bcdf95d6d5bd8d8af3a5ad928{\nborder-radius:0px 0px 0px 0px;\npadding:0px 0px 0px 0px;\n}\n<\/style>\n<div  class='flex_column av-e5qun-79a47a4bcdf95d6d5bd8d8af3a5ad928 av_two_third  avia-builder-el-22  el_after_av_one_third  avia-builder-el-last  flex_column_div av-animated-generic bottom-to-top av-zero-column-padding  '     ><\/div>\n<\/p>\n","protected":false},"excerpt":{"rendered":"","protected":false},"author":19,"featured_media":9539,"parent":0,"menu_order":0,"comment_status":"closed","ping_status":"closed","template":"","meta":{"footnotes":""},"class_list":["post-10242","page","type-page","status-publish","has-post-thumbnail","hentry"],"yoast_head":"<!-- This site is optimized with the Yoast SEO plugin v27.5 - https:\/\/yoast.com\/product\/yoast-seo-wordpress\/ -->\n<title>Installation et Construction - SPI Global Play<\/title>\n<meta name=\"robots\" content=\"index, follow, max-snippet:-1, max-image-preview:large, max-video-preview:-1\" \/>\n<link rel=\"canonical\" href=\"https:\/\/spiglobalplay.com\/fr\/installation-construction\/\" \/>\n<meta property=\"og:locale\" content=\"fr_FR\" \/>\n<meta property=\"og:type\" content=\"article\" \/>\n<meta property=\"og:title\" content=\"Installation et Construction - SPI Global Play\" \/>\n<meta property=\"og:url\" content=\"https:\/\/spiglobalplay.com\/fr\/installation-construction\/\" \/>\n<meta property=\"og:site_name\" content=\"SPI Global Play\" \/>\n<meta property=\"article:modified_time\" content=\"2025-05-22T09:48:11+00:00\" \/>\n<meta property=\"og:image\" content=\"https:\/\/spiglobalplay.com\/wp-content\/uploads\/2022\/02\/IMG_1239-1030x773-1.jpg\" \/>\n\t<meta property=\"og:image:width\" content=\"1030\" \/>\n\t<meta property=\"og:image:height\" content=\"773\" \/>\n\t<meta property=\"og:image:type\" content=\"image\/jpeg\" \/>\n<meta name=\"twitter:card\" content=\"summary_large_image\" \/>\n<meta name=\"twitter:label1\" content=\"Dur\u00e9e de lecture estim\u00e9e\" \/>\n\t<meta name=\"twitter:data1\" content=\"1 minute\" \/>\n<script type=\"application\/ld+json\" class=\"yoast-schema-graph\">{\"@context\":\"https:\\\/\\\/schema.org\",\"@graph\":[{\"@type\":\"WebPage\",\"@id\":\"https:\\\/\\\/spiglobalplay.com\\\/fr\\\/installation-construction\\\/\",\"url\":\"https:\\\/\\\/spiglobalplay.com\\\/fr\\\/installation-construction\\\/\",\"name\":\"Installation et Construction - SPI Global Play\",\"isPartOf\":{\"@id\":\"https:\\\/\\\/spiglobalplay.com\\\/#website\"},\"primaryImageOfPage\":{\"@id\":\"https:\\\/\\\/spiglobalplay.com\\\/fr\\\/installation-construction\\\/#primaryimage\"},\"image\":{\"@id\":\"https:\\\/\\\/spiglobalplay.com\\\/fr\\\/installation-construction\\\/#primaryimage\"},\"thumbnailUrl\":\"https:\\\/\\\/spiglobalplay.com\\\/wp-content\\\/uploads\\\/2022\\\/02\\\/IMG_1239-1030x773-1.jpg\",\"datePublished\":\"2023-11-10T06:36:44+00:00\",\"dateModified\":\"2025-05-22T09:48:11+00:00\",\"inLanguage\":\"fr-FR\",\"potentialAction\":[{\"@type\":\"ReadAction\",\"target\":[\"https:\\\/\\\/spiglobalplay.com\\\/fr\\\/installation-construction\\\/\"]}]},{\"@type\":\"ImageObject\",\"inLanguage\":\"fr-FR\",\"@id\":\"https:\\\/\\\/spiglobalplay.com\\\/fr\\\/installation-construction\\\/#primaryimage\",\"url\":\"https:\\\/\\\/spiglobalplay.com\\\/wp-content\\\/uploads\\\/2022\\\/02\\\/IMG_1239-1030x773-1.jpg\",\"contentUrl\":\"https:\\\/\\\/spiglobalplay.com\\\/wp-content\\\/uploads\\\/2022\\\/02\\\/IMG_1239-1030x773-1.jpg\",\"width\":1030,\"height\":773},{\"@type\":\"WebSite\",\"@id\":\"https:\\\/\\\/spiglobalplay.com\\\/#website\",\"url\":\"https:\\\/\\\/spiglobalplay.com\\\/\",\"name\":\"SPI Global Play\",\"description\":\"\",\"potentialAction\":[{\"@type\":\"SearchAction\",\"target\":{\"@type\":\"EntryPoint\",\"urlTemplate\":\"https:\\\/\\\/spiglobalplay.com\\\/?s={search_term_string}\"},\"query-input\":{\"@type\":\"PropertyValueSpecification\",\"valueRequired\":true,\"valueName\":\"search_term_string\"}}],\"inLanguage\":\"fr-FR\"}]}<\/script>\n<!-- \/ Yoast SEO plugin. -->","yoast_head_json":{"title":"Installation et Construction - SPI Global Play","robots":{"index":"index","follow":"follow","max-snippet":"max-snippet:-1","max-image-preview":"max-image-preview:large","max-video-preview":"max-video-preview:-1"},"canonical":"https:\/\/spiglobalplay.com\/fr\/installation-construction\/","og_locale":"fr_FR","og_type":"article","og_title":"Installation et Construction - SPI Global Play","og_url":"https:\/\/spiglobalplay.com\/fr\/installation-construction\/","og_site_name":"SPI Global Play","article_modified_time":"2025-05-22T09:48:11+00:00","og_image":[{"width":1030,"height":773,"url":"https:\/\/spiglobalplay.com\/wp-content\/uploads\/2022\/02\/IMG_1239-1030x773-1.jpg","type":"image\/jpeg"}],"twitter_card":"summary_large_image","twitter_misc":{"Dur\u00e9e de lecture estim\u00e9e":"1 minute"},"schema":{"@context":"https:\/\/schema.org","@graph":[{"@type":"WebPage","@id":"https:\/\/spiglobalplay.com\/fr\/installation-construction\/","url":"https:\/\/spiglobalplay.com\/fr\/installation-construction\/","name":"Installation et Construction - SPI Global Play","isPartOf":{"@id":"https:\/\/spiglobalplay.com\/#website"},"primaryImageOfPage":{"@id":"https:\/\/spiglobalplay.com\/fr\/installation-construction\/#primaryimage"},"image":{"@id":"https:\/\/spiglobalplay.com\/fr\/installation-construction\/#primaryimage"},"thumbnailUrl":"https:\/\/spiglobalplay.com\/wp-content\/uploads\/2022\/02\/IMG_1239-1030x773-1.jpg","datePublished":"2023-11-10T06:36:44+00:00","dateModified":"2025-05-22T09:48:11+00:00","inLanguage":"fr-FR","potentialAction":[{"@type":"ReadAction","target":["https:\/\/spiglobalplay.com\/fr\/installation-construction\/"]}]},{"@type":"ImageObject","inLanguage":"fr-FR","@id":"https:\/\/spiglobalplay.com\/fr\/installation-construction\/#primaryimage","url":"https:\/\/spiglobalplay.com\/wp-content\/uploads\/2022\/02\/IMG_1239-1030x773-1.jpg","contentUrl":"https:\/\/spiglobalplay.com\/wp-content\/uploads\/2022\/02\/IMG_1239-1030x773-1.jpg","width":1030,"height":773},{"@type":"WebSite","@id":"https:\/\/spiglobalplay.com\/#website","url":"https:\/\/spiglobalplay.com\/","name":"SPI Global Play","description":"","potentialAction":[{"@type":"SearchAction","target":{"@type":"EntryPoint","urlTemplate":"https:\/\/spiglobalplay.com\/?s={search_term_string}"},"query-input":{"@type":"PropertyValueSpecification","valueRequired":true,"valueName":"search_term_string"}}],"inLanguage":"fr-FR"}]}},"_links":{"self":[{"href":"https:\/\/spiglobalplay.com\/fr\/wp-json\/wp\/v2\/pages\/10242","targetHints":{"allow":["GET"]}}],"collection":[{"href":"https:\/\/spiglobalplay.com\/fr\/wp-json\/wp\/v2\/pages"}],"about":[{"href":"https:\/\/spiglobalplay.com\/fr\/wp-json\/wp\/v2\/types\/page"}],"author":[{"embeddable":true,"href":"https:\/\/spiglobalplay.com\/fr\/wp-json\/wp\/v2\/users\/19"}],"replies":[{"embeddable":true,"href":"https:\/\/spiglobalplay.com\/fr\/wp-json\/wp\/v2\/comments?post=10242"}],"version-history":[{"count":5,"href":"https:\/\/spiglobalplay.com\/fr\/wp-json\/wp\/v2\/pages\/10242\/revisions"}],"predecessor-version":[{"id":78641,"href":"https:\/\/spiglobalplay.com\/fr\/wp-json\/wp\/v2\/pages\/10242\/revisions\/78641"}],"wp:featuredmedia":[{"embeddable":true,"href":"https:\/\/spiglobalplay.com\/fr\/wp-json\/wp\/v2\/media\/9539"}],"wp:attachment":[{"href":"https:\/\/spiglobalplay.com\/fr\/wp-json\/wp\/v2\/media?parent=10242"}],"curies":[{"name":"wp","href":"https:\/\/api.w.org\/{rel}","templated":true}]}}