
{"id":10253,"date":"2023-11-10T08:44:33","date_gmt":"2023-11-10T07:44:33","guid":{"rendered":"https:\/\/spiglobalplay.com\/environment\/"},"modified":"2025-05-20T16:56:06","modified_gmt":"2025-05-20T14:56:06","slug":"environnement","status":"publish","type":"page","link":"https:\/\/spiglobalplay.com\/fr\/environnement\/","title":{"rendered":"Politique Environnementale"},"content":{"rendered":"<div id='av_section_1'  class='avia-section av-kisilonh-3a1f46352293ac852baee8773ef68a23 main_color avia-section-large avia-no-border-styling  avia-builder-el-0  el_before_av_section  avia-builder-el-first  avia-bg-style-scroll container_wrap fullsize'  ><div class='container av-section-cont-open' ><main  role=\"main\" itemprop=\"mainContentOfPage\"  class='template-page content  av-content-full alpha units'><div class='post-entry post-entry-type-page post-entry-10253'><div class='entry-content-wrapper clearfix'>\n\n<style type=\"text\/css\" data-created_by=\"avia_inline_auto\" id=\"style-css-av-hmgqv-49dbaedfe875d0bc1c8391935ce34af4\">\n.flex_column.av-hmgqv-49dbaedfe875d0bc1c8391935ce34af4{\nborder-radius:0px 0px 0px 0px;\npadding:0px 0px 0px 0px;\n}\n<\/style>\n<div  class='flex_column av-hmgqv-49dbaedfe875d0bc1c8391935ce34af4 av_one_full  avia-builder-el-1  el_before_av_one_half  avia-builder-el-first  first flex_column_div av-zero-column-padding  '     ><style type=\"text\/css\" data-created_by=\"avia_inline_auto\" id=\"style-css-av-vvvm-51ae0492ecc4c0f9078819eb0b5d19e7\">\n#top .av-special-heading.av-vvvm-51ae0492ecc4c0f9078819eb0b5d19e7{\npadding-bottom:0;\nfont-size:68px;\n}\nbody .av-special-heading.av-vvvm-51ae0492ecc4c0f9078819eb0b5d19e7 .av-special-heading-tag .heading-char{\nfont-size:25px;\n}\n#top #wrap_all .av-special-heading.av-vvvm-51ae0492ecc4c0f9078819eb0b5d19e7 .av-special-heading-tag{\nfont-size:68px;\n}\n.av-special-heading.av-vvvm-51ae0492ecc4c0f9078819eb0b5d19e7 .av-subheading{\nfont-size:15px;\n}\n\n@media only screen and (min-width: 480px) and (max-width: 767px){ \n#top #wrap_all .av-special-heading.av-vvvm-51ae0492ecc4c0f9078819eb0b5d19e7 .av-special-heading-tag{\nfont-size:0.8em;\n}\n}\n\n@media only screen and (max-width: 479px){ \n#top #wrap_all .av-special-heading.av-vvvm-51ae0492ecc4c0f9078819eb0b5d19e7 .av-special-heading-tag{\nfont-size:0.8em;\n}\n}\n<\/style>\n<div  class='av-special-heading av-vvvm-51ae0492ecc4c0f9078819eb0b5d19e7 av-special-heading-h1 blockquote modern-quote  avia-builder-el-2  avia-builder-el-no-sibling  av-inherit-size av-linked-heading'><h1 class='av-special-heading-tag '  itemprop=\"headline\"  >Politique Environnementale<\/h1><div class=\"special-heading-border\"><div class=\"special-heading-inner-border\"><\/div><\/div><\/div><\/div><div class='flex_column_table av-buq0a-137c517efa08372ed5545ee796490d53 sc-av_one_half av-equal-height-column-flextable'>\n<style type=\"text\/css\" data-created_by=\"avia_inline_auto\" id=\"style-css-av-buq0a-137c517efa08372ed5545ee796490d53\">\n.flex_column.av-buq0a-137c517efa08372ed5545ee796490d53{\nborder-radius:0px 0px 0px 0px;\npadding:0px 0px 0px 0px;\n}\n<\/style>\n<div  class='flex_column av-buq0a-137c517efa08372ed5545ee796490d53 av_one_half  avia-builder-el-3  el_after_av_one_full  el_before_av_one_half  first flex_column_table_cell av-equal-height-column av-align-top av-animated-generic right-to-left av-zero-column-padding  column-top-margin'     ><section  class='av_textblock_section av-k2oqc50l-412435c9eeef2a844e73e5a59a79ef63 '   itemscope=\"itemscope\" itemtype=\"https:\/\/schema.org\/CreativeWork\" ><div class='avia_textblock'  itemprop=\"text\" ><p>La politique environnementale de SPI Global Play concerne l\u2019am\u00e9lioration de la performance environnementale dans la production et l&rsquo;utilisation des produits, ainsi que comment concevoir des produits permettant l&rsquo;\u00e9limination des d\u00e9chet.<\/p>\n<p>Nous souhaitons que nos produits, services et notre production contribuent \u00e0 une soci\u00e9t\u00e9 durable.<\/p>\n<p><strong>Nous nous engageons \u00e0:<\/strong><\/p>\n<ul>\n<li>Concevoir des produits afin de r\u00e9duire leur impact environnemental lors de leur production, utilisation et \u00e9limination.<\/li>\n<li>R\u00e9duire la consommation de ressources, les d\u00e9chets et la pollution dans nos installations.<\/li>\n<li>Adopter une approche proactive vis-\u00e0-vis des l\u00e9gislations environnementales affectant notre activit\u00e9.<\/li>\n<li>Encourager nos fournisseurs, sous-traitants, d\u00e9taillants et recycleurs \u00e0 adopter les m\u00eames principes environnementaux que SPI Global Play.<\/li>\n<li>Accorder une importance appropri\u00e9e \u00e0 cette politique environnementale lors de la planification et les d\u00e9cisions d&rsquo;investissement futures.<\/li>\n<li>Fixer des objectifs et des cibles dans le cadre du syst\u00e8me de gestion environnementale afin d&rsquo;assurer une am\u00e9lioration continue et un d\u00e9veloppement durable.<\/li>\n<\/ul>\n<\/div><\/section><\/div><div class='av-flex-placeholder'><\/div>\n<style type=\"text\/css\" data-created_by=\"avia_inline_auto\" id=\"style-css-av-buq0a-73c70afc1055bc2c1e2d9a1c279f4b26\">\n.flex_column.av-buq0a-73c70afc1055bc2c1e2d9a1c279f4b26{\nborder-radius:0px 0px 0px 0px;\npadding:0px 0px 0px 0px;\n}\n<\/style>\n<div  class='flex_column av-buq0a-73c70afc1055bc2c1e2d9a1c279f4b26 av_one_half  avia-builder-el-5  el_after_av_one_half  avia-builder-el-last  flex_column_table_cell av-equal-height-column av-align-top av-animated-generic right-to-left av-zero-column-padding  column-top-margin'     ><section  class='av_textblock_section av-lp9lpof2-2fe7d353f6e0f28c4abdd08b55887077 '   itemscope=\"itemscope\" itemtype=\"https:\/\/schema.org\/CreativeWork\" ><div class='avia_textblock'  itemprop=\"text\" ><p><img loading=\"lazy\" decoding=\"async\" class=\"alignnone size-large wp-image-44807\" src=\"https:\/\/spiglobalplay.com\/wp-content\/uploads\/2024\/01\/margot-richard-NJJ7paSBO-c-unsplash-773x1030.jpg\" alt=\"\" width=\"773\" height=\"1030\" srcset=\"https:\/\/spiglobalplay.com\/wp-content\/uploads\/2024\/01\/margot-richard-NJJ7paSBO-c-unsplash-773x1030.jpg 773w, https:\/\/spiglobalplay.com\/wp-content\/uploads\/2024\/01\/margot-richard-NJJ7paSBO-c-unsplash-225x300.jpg 225w, https:\/\/spiglobalplay.com\/wp-content\/uploads\/2024\/01\/margot-richard-NJJ7paSBO-c-unsplash-768x1024.jpg 768w, https:\/\/spiglobalplay.com\/wp-content\/uploads\/2024\/01\/margot-richard-NJJ7paSBO-c-unsplash-1152x1536.jpg 1152w, https:\/\/spiglobalplay.com\/wp-content\/uploads\/2024\/01\/margot-richard-NJJ7paSBO-c-unsplash-1536x2048.jpg 1536w, https:\/\/spiglobalplay.com\/wp-content\/uploads\/2024\/01\/margot-richard-NJJ7paSBO-c-unsplash-1125x1500.jpg 1125w, https:\/\/spiglobalplay.com\/wp-content\/uploads\/2024\/01\/margot-richard-NJJ7paSBO-c-unsplash-529x705.jpg 529w, https:\/\/spiglobalplay.com\/wp-content\/uploads\/2024\/01\/margot-richard-NJJ7paSBO-c-unsplash-scaled.jpg 1920w\" sizes=\"auto, (max-width: 773px) 100vw, 773px\" \/><\/p>\n<\/div><\/section><\/div><\/div><!--close column table wrapper. Autoclose: 1 --><\/div><\/div><\/main><!-- close content main element --><\/div><\/div>\n<style type=\"text\/css\" data-created_by=\"avia_inline_auto\" id=\"style-css-av-k2lptw7b-efe5d9b3a864e68fbe58dd9aca4cf00a\">\n.avia-section.av-k2lptw7b-efe5d9b3a864e68fbe58dd9aca4cf00a{\nbackground-color:#211f1f;\nbackground-image:unset;\n}\n<\/style>\n<div id='customfooter'  class='avia-section av-k2lptw7b-efe5d9b3a864e68fbe58dd9aca4cf00a alternate_color avia-section-large avia-no-border-styling  avia-builder-el-7  el_after_av_section  avia-builder-el-last  thecustomfoot avia-bg-style-scroll container_wrap fullsize'  ><div class='container av-section-cont-open' ><div class='template-page content  av-content-full alpha units'><div class='post-entry post-entry-type-page post-entry-10253'><div class='entry-content-wrapper clearfix'>\n\n<style type=\"text\/css\" data-created_by=\"avia_inline_auto\" id=\"style-css-av-lqu-4d4811447de37c967d01fdaf58d51a30\">\n.flex_column.av-lqu-4d4811447de37c967d01fdaf58d51a30{\nborder-radius:0px 0px 0px 0px;\npadding:0px 0px 0px 0px;\n}\n<\/style>\n<div  class='flex_column av-lqu-4d4811447de37c967d01fdaf58d51a30 av_one_third  avia-builder-el-8  el_before_av_two_third  avia-builder-el-first  first flex_column_div av-animated-generic bottom-to-top av-zero-column-padding  '     ><\/div>\n<style type=\"text\/css\" data-created_by=\"avia_inline_auto\" id=\"style-css-av-3rno-ca3a2df5a879dcc0b3ed268cbe3059c5\">\n.flex_column.av-3rno-ca3a2df5a879dcc0b3ed268cbe3059c5{\nborder-radius:0px 0px 0px 0px;\npadding:0px 0px 0px 0px;\n}\n<\/style>\n<div  class='flex_column av-3rno-ca3a2df5a879dcc0b3ed268cbe3059c5 av_two_third  avia-builder-el-10  el_after_av_one_third  avia-builder-el-last  flex_column_div av-animated-generic bottom-to-top av-zero-column-padding  '     ><\/div>\n<\/p>\n","protected":false},"excerpt":{"rendered":"","protected":false},"author":19,"featured_media":42147,"parent":0,"menu_order":0,"comment_status":"closed","ping_status":"closed","template":"","meta":{"footnotes":""},"class_list":["post-10253","page","type-page","status-publish","has-post-thumbnail","hentry"],"yoast_head":"<!-- This site is optimized with the Yoast SEO plugin v27.5 - https:\/\/yoast.com\/product\/yoast-seo-wordpress\/ -->\n<title>Politique Environnementale - SPI Global Play<\/title>\n<meta name=\"robots\" content=\"index, follow, max-snippet:-1, max-image-preview:large, max-video-preview:-1\" \/>\n<link rel=\"canonical\" href=\"https:\/\/spiglobalplay.com\/fr\/environnement\/\" \/>\n<meta property=\"og:locale\" content=\"fr_FR\" \/>\n<meta property=\"og:type\" content=\"article\" \/>\n<meta property=\"og:title\" content=\"Politique Environnementale - SPI Global Play\" \/>\n<meta property=\"og:url\" content=\"https:\/\/spiglobalplay.com\/fr\/environnement\/\" \/>\n<meta property=\"og:site_name\" content=\"SPI Global Play\" \/>\n<meta property=\"article:modified_time\" content=\"2025-05-20T14:56:06+00:00\" \/>\n<meta property=\"og:image\" content=\"https:\/\/spiglobalplay.com\/wp-content\/uploads\/2023\/11\/john-o-nolan-uMWPrcRsrto-unsplash-1030x772.jpg\" \/>\n\t<meta property=\"og:image:width\" content=\"1030\" \/>\n\t<meta property=\"og:image:height\" content=\"772\" \/>\n\t<meta property=\"og:image:type\" content=\"image\/jpeg\" \/>\n<meta name=\"twitter:card\" content=\"summary_large_image\" \/>\n<meta name=\"twitter:label1\" content=\"Dur\u00e9e de lecture estim\u00e9e\" \/>\n\t<meta name=\"twitter:data1\" content=\"1 minute\" \/>\n<script type=\"application\/ld+json\" class=\"yoast-schema-graph\">{\"@context\":\"https:\\\/\\\/schema.org\",\"@graph\":[{\"@type\":\"WebPage\",\"@id\":\"https:\\\/\\\/spiglobalplay.com\\\/fr\\\/environnement\\\/\",\"url\":\"https:\\\/\\\/spiglobalplay.com\\\/fr\\\/environnement\\\/\",\"name\":\"Politique Environnementale - SPI Global Play\",\"isPartOf\":{\"@id\":\"https:\\\/\\\/spiglobalplay.com\\\/#website\"},\"primaryImageOfPage\":{\"@id\":\"https:\\\/\\\/spiglobalplay.com\\\/fr\\\/environnement\\\/#primaryimage\"},\"image\":{\"@id\":\"https:\\\/\\\/spiglobalplay.com\\\/fr\\\/environnement\\\/#primaryimage\"},\"thumbnailUrl\":\"https:\\\/\\\/spiglobalplay.com\\\/wp-content\\\/uploads\\\/2023\\\/11\\\/john-o-nolan-uMWPrcRsrto-unsplash-scaled-e1700647938255.jpg\",\"datePublished\":\"2023-11-10T07:44:33+00:00\",\"dateModified\":\"2025-05-20T14:56:06+00:00\",\"inLanguage\":\"fr-FR\",\"potentialAction\":[{\"@type\":\"ReadAction\",\"target\":[\"https:\\\/\\\/spiglobalplay.com\\\/fr\\\/environnement\\\/\"]}]},{\"@type\":\"ImageObject\",\"inLanguage\":\"fr-FR\",\"@id\":\"https:\\\/\\\/spiglobalplay.com\\\/fr\\\/environnement\\\/#primaryimage\",\"url\":\"https:\\\/\\\/spiglobalplay.com\\\/wp-content\\\/uploads\\\/2023\\\/11\\\/john-o-nolan-uMWPrcRsrto-unsplash-scaled-e1700647938255.jpg\",\"contentUrl\":\"https:\\\/\\\/spiglobalplay.com\\\/wp-content\\\/uploads\\\/2023\\\/11\\\/john-o-nolan-uMWPrcRsrto-unsplash-scaled-e1700647938255.jpg\",\"width\":1600,\"height\":1199,\"caption\":\"environment\"},{\"@type\":\"WebSite\",\"@id\":\"https:\\\/\\\/spiglobalplay.com\\\/#website\",\"url\":\"https:\\\/\\\/spiglobalplay.com\\\/\",\"name\":\"SPI Global Play\",\"description\":\"\",\"potentialAction\":[{\"@type\":\"SearchAction\",\"target\":{\"@type\":\"EntryPoint\",\"urlTemplate\":\"https:\\\/\\\/spiglobalplay.com\\\/?s={search_term_string}\"},\"query-input\":{\"@type\":\"PropertyValueSpecification\",\"valueRequired\":true,\"valueName\":\"search_term_string\"}}],\"inLanguage\":\"fr-FR\"}]}<\/script>\n<!-- \/ Yoast SEO plugin. -->","yoast_head_json":{"title":"Politique Environnementale - SPI Global Play","robots":{"index":"index","follow":"follow","max-snippet":"max-snippet:-1","max-image-preview":"max-image-preview:large","max-video-preview":"max-video-preview:-1"},"canonical":"https:\/\/spiglobalplay.com\/fr\/environnement\/","og_locale":"fr_FR","og_type":"article","og_title":"Politique Environnementale - SPI Global Play","og_url":"https:\/\/spiglobalplay.com\/fr\/environnement\/","og_site_name":"SPI Global Play","article_modified_time":"2025-05-20T14:56:06+00:00","og_image":[{"width":1030,"height":772,"url":"https:\/\/spiglobalplay.com\/wp-content\/uploads\/2023\/11\/john-o-nolan-uMWPrcRsrto-unsplash-1030x772.jpg","type":"image\/jpeg"}],"twitter_card":"summary_large_image","twitter_misc":{"Dur\u00e9e de lecture estim\u00e9e":"1 minute"},"schema":{"@context":"https:\/\/schema.org","@graph":[{"@type":"WebPage","@id":"https:\/\/spiglobalplay.com\/fr\/environnement\/","url":"https:\/\/spiglobalplay.com\/fr\/environnement\/","name":"Politique Environnementale - SPI Global Play","isPartOf":{"@id":"https:\/\/spiglobalplay.com\/#website"},"primaryImageOfPage":{"@id":"https:\/\/spiglobalplay.com\/fr\/environnement\/#primaryimage"},"image":{"@id":"https:\/\/spiglobalplay.com\/fr\/environnement\/#primaryimage"},"thumbnailUrl":"https:\/\/spiglobalplay.com\/wp-content\/uploads\/2023\/11\/john-o-nolan-uMWPrcRsrto-unsplash-scaled-e1700647938255.jpg","datePublished":"2023-11-10T07:44:33+00:00","dateModified":"2025-05-20T14:56:06+00:00","inLanguage":"fr-FR","potentialAction":[{"@type":"ReadAction","target":["https:\/\/spiglobalplay.com\/fr\/environnement\/"]}]},{"@type":"ImageObject","inLanguage":"fr-FR","@id":"https:\/\/spiglobalplay.com\/fr\/environnement\/#primaryimage","url":"https:\/\/spiglobalplay.com\/wp-content\/uploads\/2023\/11\/john-o-nolan-uMWPrcRsrto-unsplash-scaled-e1700647938255.jpg","contentUrl":"https:\/\/spiglobalplay.com\/wp-content\/uploads\/2023\/11\/john-o-nolan-uMWPrcRsrto-unsplash-scaled-e1700647938255.jpg","width":1600,"height":1199,"caption":"environment"},{"@type":"WebSite","@id":"https:\/\/spiglobalplay.com\/#website","url":"https:\/\/spiglobalplay.com\/","name":"SPI Global Play","description":"","potentialAction":[{"@type":"SearchAction","target":{"@type":"EntryPoint","urlTemplate":"https:\/\/spiglobalplay.com\/?s={search_term_string}"},"query-input":{"@type":"PropertyValueSpecification","valueRequired":true,"valueName":"search_term_string"}}],"inLanguage":"fr-FR"}]}},"_links":{"self":[{"href":"https:\/\/spiglobalplay.com\/fr\/wp-json\/wp\/v2\/pages\/10253","targetHints":{"allow":["GET"]}}],"collection":[{"href":"https:\/\/spiglobalplay.com\/fr\/wp-json\/wp\/v2\/pages"}],"about":[{"href":"https:\/\/spiglobalplay.com\/fr\/wp-json\/wp\/v2\/types\/page"}],"author":[{"embeddable":true,"href":"https:\/\/spiglobalplay.com\/fr\/wp-json\/wp\/v2\/users\/19"}],"replies":[{"embeddable":true,"href":"https:\/\/spiglobalplay.com\/fr\/wp-json\/wp\/v2\/comments?post=10253"}],"version-history":[{"count":5,"href":"https:\/\/spiglobalplay.com\/fr\/wp-json\/wp\/v2\/pages\/10253\/revisions"}],"predecessor-version":[{"id":78501,"href":"https:\/\/spiglobalplay.com\/fr\/wp-json\/wp\/v2\/pages\/10253\/revisions\/78501"}],"wp:featuredmedia":[{"embeddable":true,"href":"https:\/\/spiglobalplay.com\/fr\/wp-json\/wp\/v2\/media\/42147"}],"wp:attachment":[{"href":"https:\/\/spiglobalplay.com\/fr\/wp-json\/wp\/v2\/media?parent=10253"}],"curies":[{"name":"wp","href":"https:\/\/api.w.org\/{rel}","templated":true}]}}