
{"id":10254,"date":"2023-11-30T08:39:07","date_gmt":"2023-11-30T07:39:07","guid":{"rendered":"https:\/\/spiglobalplay.com\/data-protection\/"},"modified":"2025-05-20T16:54:16","modified_gmt":"2025-05-20T14:54:16","slug":"protection-donnees","status":"publish","type":"page","link":"https:\/\/spiglobalplay.com\/fr\/protection-donnees\/","title":{"rendered":"Protection de Donn\u00e9es"},"content":{"rendered":"<div id='av_section_1'  class='avia-section av-kisilonh-3a1f46352293ac852baee8773ef68a23 main_color avia-section-large avia-no-border-styling  avia-builder-el-0  el_before_av_section  avia-builder-el-first  avia-bg-style-scroll container_wrap fullsize'  ><div class='container av-section-cont-open' ><main  role=\"main\" itemprop=\"mainContentOfPage\"  class='template-page content  av-content-full alpha units'><div class='post-entry post-entry-type-page post-entry-10254'><div class='entry-content-wrapper clearfix'>\n\n<style type=\"text\/css\" data-created_by=\"avia_inline_auto\" id=\"style-css-av-hmgqv-49dbaedfe875d0bc1c8391935ce34af4\">\n.flex_column.av-hmgqv-49dbaedfe875d0bc1c8391935ce34af4{\nborder-radius:0px 0px 0px 0px;\npadding:0px 0px 0px 0px;\n}\n<\/style>\n<div  class='flex_column av-hmgqv-49dbaedfe875d0bc1c8391935ce34af4 av_one_full  avia-builder-el-1  el_before_av_one_full  avia-builder-el-first  first flex_column_div av-zero-column-padding  '     ><style type=\"text\/css\" data-created_by=\"avia_inline_auto\" id=\"style-css-av-8134s-e98962da514ea1449414f22bd79f9eb4\">\n#top .av-special-heading.av-8134s-e98962da514ea1449414f22bd79f9eb4{\npadding-bottom:0;\nfont-size:68px;\n}\nbody .av-special-heading.av-8134s-e98962da514ea1449414f22bd79f9eb4 .av-special-heading-tag .heading-char{\nfont-size:25px;\n}\n#top #wrap_all .av-special-heading.av-8134s-e98962da514ea1449414f22bd79f9eb4 .av-special-heading-tag{\nfont-size:68px;\n}\n.av-special-heading.av-8134s-e98962da514ea1449414f22bd79f9eb4 .av-subheading{\nfont-size:15px;\n}\n\n@media only screen and (min-width: 480px) and (max-width: 767px){ \n#top #wrap_all .av-special-heading.av-8134s-e98962da514ea1449414f22bd79f9eb4 .av-special-heading-tag{\nfont-size:0.8em;\n}\n}\n\n@media only screen and (max-width: 479px){ \n#top #wrap_all .av-special-heading.av-8134s-e98962da514ea1449414f22bd79f9eb4 .av-special-heading-tag{\nfont-size:0.8em;\n}\n}\n<\/style>\n<div  class='av-special-heading av-8134s-e98962da514ea1449414f22bd79f9eb4 av-special-heading-h1 blockquote modern-quote  avia-builder-el-2  avia-builder-el-no-sibling  av-inherit-size av-linked-heading'><h1 class='av-special-heading-tag '  itemprop=\"headline\"  >Protection de Donn\u00e9es<\/h1><div class=\"special-heading-border\"><div class=\"special-heading-inner-border\"><\/div><\/div><\/div><\/div><div class='flex_column_table av-buq0a-051d424a5e651c724d6c9ce17a7e3ffd sc-av_one_full av-equal-height-column-flextable'>\n<style type=\"text\/css\" data-created_by=\"avia_inline_auto\" id=\"style-css-av-buq0a-051d424a5e651c724d6c9ce17a7e3ffd\">\n.flex_column.av-buq0a-051d424a5e651c724d6c9ce17a7e3ffd{\nborder-radius:0px 0px 0px 0px;\npadding:0px 0px 0px 0px;\n}\n<\/style>\n<div  class='flex_column av-buq0a-051d424a5e651c724d6c9ce17a7e3ffd av_one_full  avia-builder-el-3  el_after_av_one_full  avia-builder-el-last  first flex_column_table_cell av-equal-height-column av-align-middle av-animated-generic right-to-left av-zero-column-padding  column-top-margin'     ><section  class='av_textblock_section av-k2oqc50l-412435c9eeef2a844e73e5a59a79ef63 '   itemscope=\"itemscope\" itemtype=\"https:\/\/schema.org\/CreativeWork\" ><div class='avia_textblock'  itemprop=\"text\" ><p>Applicable \u00e0 partir du: 25 mai 2018<\/p>\n<h4>1 \u00a0OBJECTIF<\/h4>\n<p>Le Global Leisure Group se soucie de la vie priv\u00e9e de ses homologues, partenaires et employ\u00e9s et respecte les r\u00e9glementations en vigueur en mati\u00e8re de protection des donn\u00e9es. Ce document fournit des orientations g\u00e9n\u00e9rales sur la mani\u00e8re dont Global Leisure Group traite les donn\u00e9es personnelles.<\/p>\n<h4>2 \u00a0PORT\u00c9E<\/h4>\n<p>Tout traitement de donn\u00e9es personnelles doit \u00eatre effectu\u00e9 conform\u00e9ment \u00e0 la r\u00e9glementation en vigueur sur la protection des donn\u00e9es. La r\u00e9glementation actuelle en mati\u00e8re de protection des donn\u00e9es comprend le r\u00e8glement (UE) 2016\/679 du Parlement europ\u00e9en et du Conseil du 27 avril 2016 relatif \u00e0 la protection des personnes physiques \u00e0 l&rsquo;\u00e9gard du traitement des donn\u00e9es \u00e0 caract\u00e8re personnel et \u00e0 la libre circulation de ces donn\u00e9es. Cette politique s\u2019applique \u00e0 tous les employ\u00e9s et consultants.<\/p>\n<h4>3 PRINCIPES FONDAMENTAUX<\/h4>\n<p><strong>3.1 Motif l\u00e9gitime<\/strong><br \/>\nTout traitement de donn\u00e9es personnelles par The Global Leisure Group doit \u00eatre fond\u00e9 sur un motif licite. Les motifs l\u00e9gaux comprennent l&rsquo;ex\u00e9cution d&rsquo;une t\u00e2che dans l&rsquo;int\u00e9r\u00eat public et le consentement. Le motif juridique applicable est communiqu\u00e9 \u00e0 la personne concern\u00e9e, par ex. en r\u00e9f\u00e9rence aux informations disponibles sur le site Web de The Global Leisure Group. Si un motif l\u00e9gitime ne peut \u00eatre identifi\u00e9, le traitement des donn\u00e9es personnelles ne doit pas \u00eatre effectu\u00e9.<\/p>\n<p><strong>3.2 Limitation de la finalit\u00e9<\/strong><br \/>\nSi The Global Leisure Group envisage de traiter des donn\u00e9es personnelles \u00e0 des fins autres que celles pour lesquelles les donn\u00e9es personnelles ont \u00e9t\u00e9 collect\u00e9es, la finalit\u00e9 ult\u00e9rieure doit \u00eatre compatible avec celle d&rsquo;origine.<\/p>\n<p><strong>3.3 Minimisation des donn\u00e9es<\/strong><br \/>\nLes donn\u00e9es personnelles trait\u00e9es doivent \u00eatre ad\u00e9quates, pertinentes et limit\u00e9es \u00e0 ce qui est n\u00e9cessaire au regard des finalit\u00e9s pour lesquelles elles sont trait\u00e9es. Il faut s&rsquo;assurer que les donn\u00e9es collect\u00e9es sont effectivement n\u00e9cessaires et que les donn\u00e9es personnelles ne doivent pas \u00eatre demand\u00e9es simplement parce qu&rsquo;elles pourraient \u00eatre utiles. Les copies de donn\u00e9es et le stockage dans plusieurs syst\u00e8mes doivent \u00eatre \u00e9vit\u00e9s afin de minimiser les sources d&rsquo;erreur et de faciliter la rectification.<\/p>\n<p><strong>3.4 Pr\u00e9cision<\/strong><br \/>\nLes donn\u00e9es personnelles trait\u00e9es doivent \u00eatre exactes et, si n\u00e9cessaire, mises \u00e0 jour. Prendre les mesures appropri\u00e9es pour garantir que les donn\u00e9es inexactes ou incompl\u00e8tes soient rectifi\u00e9es.<\/p>\n<p><strong>3.5 Limitation du stockage<\/strong><br \/>\nLes donn\u00e9es personnelles ne peuvent \u00eatre conserv\u00e9es sous une forme permettant d&rsquo;identifier la personne concern\u00e9e pendant une dur\u00e9e plus longue que n\u00e9cessaire, eu \u00e9gard aux finalit\u00e9s du traitement.<\/p>\n<p><strong>3.6 Transfert vers des pays tiers<\/strong><br \/>\nLa position du Global Leisure Group est que, si possible, le traitement des donn\u00e9es personnelles devrait avoir lieu \u00e0 l\u2019int\u00e9rieur des fronti\u00e8res de l\u2019UE. Le RGPD signifie que tous les \u00c9tats membres de l&rsquo;UE et les pays de l&rsquo;EEE offrent le m\u00eame niveau de protection des donn\u00e9es personnelles et de la vie priv\u00e9e, et les donn\u00e9es personnelles peuvent donc \u00eatre transf\u00e9r\u00e9es librement au sein de cette zone. Les donn\u00e9es personnelles ne peuvent \u00eatre transf\u00e9r\u00e9es vers des pays tiers (hors UE et EEE) que dans des cas exceptionnels et justifi\u00e9s. Avant que des donn\u00e9es personnelles ne soient transf\u00e9r\u00e9es vers un pays tiers, il convient de s&rsquo;assurer qu&rsquo;il existe un niveau de protection ad\u00e9quat dans le pays destinataire ou qu&rsquo;il existe des garanties sp\u00e9cifiques quant \u00e0 la protection des donn\u00e9es personnelles et des droits des personnes concern\u00e9es. Contactez le coordinateur de s\u00e9curit\u00e9 pour obtenir des conseils sur les enqu\u00eates sur les transferts vers des pays tiers.<\/p>\n<p><strong>3.7 Analyse d&rsquo;impact<\/strong><br \/>\nLe Groupe Global Leisure dispose d&rsquo;une proc\u00e9dure sp\u00e9cifique pour identifier et g\u00e9rer les risques sp\u00e9cifiques en mati\u00e8re de protection des donn\u00e9es dans ses op\u00e9rations, ainsi que d&rsquo;un suivi structur\u00e9. Par exemple, des risques particuliers li\u00e9s aux droits et libert\u00e9s des personnes priv\u00e9es peuvent survenir en relation avec un certain type de traitement de donn\u00e9es personnelles, notamment d&rsquo;informations sensibles, un traitement \u00e0 une \u00e9chelle particuli\u00e8rement importante, l&rsquo;utilisation de nouvelles technologies, etc. Avant le d\u00e9but d&rsquo;un tel traitement de donn\u00e9es personnelles, le coordinateur de la s\u00e9curit\u00e9 doit \u00eatre contact\u00e9 afin de d\u00e9terminer si une analyse d&rsquo;impact est n\u00e9cessaire. Le cas \u00e9ch\u00e9ant, une analyse d\u2019impact sera r\u00e9alis\u00e9e par la personne responsable \u00e0 l\u2019aide des conseils fournis par le DPD.<\/p>\n<h4>4 ENREGISTREREMENT<\/h4>\n<p>Un enregistrement doit \u00eatre conserv\u00e9 du traitement des donn\u00e9es personnelles effectu\u00e9 par The Global Leisure Group et dont The Global Leisure Group est responsable. Le dossier doit contenir des informations statutaires et \u00eatre tenu \u00e0 jour.<\/p>\n<h4>5 DEMANDE D&rsquo;ACC\u00c8S<\/h4>\n<p>Les particuliers ont le droit de demander si The Global Leisure Group traite leurs donn\u00e9es personnelles. Sur demande, The Global Leisure Group doit confirmer si les donn\u00e9es personnelles concernant la personne concern\u00e9e sont trait\u00e9es ou non et donne acc\u00e8s aux donn\u00e9es personnelles et aux informations requises par le RGPD. Des mesures d&rsquo;identification appropri\u00e9es et raisonnables doivent \u00eatre prises pour garantir que les informations sont fournies \u00e0 la bonne personne.<\/p>\n<h4>6 DEMANDE DE RECTIFICATION ET D&rsquo;ENREGISTREMENT<\/h4>\n<p>Une demande de rectification et d&rsquo;effacement de donn\u00e9es personnelles doit \u00eatre trait\u00e9e de la mani\u00e8re prescrite par la loi. Si des donn\u00e9es personnelles inexactes ont \u00e9t\u00e9 enregistr\u00e9es, toutes les mesures raisonnables doivent \u00eatre prises sans d\u00e9lai pour que les donn\u00e9es soient rectifi\u00e9es ou effac\u00e9es.<\/p>\n<h4>7 ACCORD DE PROCESSEUR DE DONN\u00c9ES<\/h4>\n<p>Si une partie externe est engag\u00e9e pour traiter des donn\u00e9es personnelles au nom de The Global Leisure Group, un accord de traitement des donn\u00e9es doit \u00eatre conclu. Les instructions de Global Leisure Group au sous-traitant concernant le traitement des donn\u00e9es personnelles doivent \u00eatre \u00e9nonc\u00e9es dans l\u2019accord du sous-traitant. Un sous-traitant ne peut \u00eatre engag\u00e9 que s&rsquo;il est en mesure de fournir des garanties suffisantes qu&rsquo;il mettra en \u0153uvre les mesures techniques et organisationnelles appropri\u00e9es pour garantir la protection des droits des personnes concern\u00e9es. Dans la mesure du possible, The Global Leisure Group doit ins\u00e9rer une disposition dans l&rsquo;accord de sous-traitant selon laquelle le sous-traitant paiera tous les frais encourus pour un contr\u00f4le annuel visant \u00e0 v\u00e9rifier le respect de la l\u00e9gislation en vigueur sur la protection des donn\u00e9es, de l&rsquo;accord de sous-traitant et des instructions de The Global Leisure Group.<\/p>\n<h4>8 MESURES DE S\u00c9CURIT\u00c9 ET ACC\u00c8S<\/h4>\n<p>Les donn\u00e9es personnelles doivent \u00eatre trait\u00e9es de mani\u00e8re \u00e0 garantir une s\u00e9curit\u00e9 appropri\u00e9e des donn\u00e9es personnelles, en utilisant des mesures techniques et organisationnelles. Le coordinateur de s\u00e9curit\u00e9 du Global Leisure Group doit \u00eatre contact\u00e9 lorsqu\u2019une enqu\u00eate sur les mesures techniques et organisationnelles appropri\u00e9es est \u00e9valu\u00e9e.<\/p>\n<h4>9 VIOLATION DE DONN\u00c9ES PERSONNELLES<\/h4>\n<p>Le Global Leisure Group documente toutes les violations de donn\u00e9es personnelles. Le coordinateur de s\u00e9curit\u00e9 du Global Leisure Group doit toujours \u00eatre inform\u00e9 lorsque des violations de donn\u00e9es personnelles se produisent. De plus, un e-mail doit \u00eatre envoy\u00e9 \u00e0 GDPRincident@spiglobalplay.com. S&rsquo;il existe un risque probable pour les droits et libert\u00e9s des particuliers, celui-ci doit \u00eatre signal\u00e9 \u00e0 l&rsquo;autorit\u00e9 de contr\u00f4le dans les 72 heures. Le Groupe Global Leisure peut \u00eatre amen\u00e9 \u00e0 informer les personnes concern\u00e9es des violations survenues.<\/p>\n<\/div><\/section><\/div><\/div><!--close column table wrapper. Autoclose: 1 --><\/div><\/div><\/main><!-- close content main element --><\/div><\/div>\n<style type=\"text\/css\" data-created_by=\"avia_inline_auto\" id=\"style-css-av-k2lptw7b-efe5d9b3a864e68fbe58dd9aca4cf00a\">\n.avia-section.av-k2lptw7b-efe5d9b3a864e68fbe58dd9aca4cf00a{\nbackground-color:#211f1f;\nbackground-image:unset;\n}\n<\/style>\n<div id='customfooter'  class='avia-section av-k2lptw7b-efe5d9b3a864e68fbe58dd9aca4cf00a alternate_color avia-section-large avia-no-border-styling  avia-builder-el-5  el_after_av_section  avia-builder-el-last  thecustomfoot avia-bg-style-scroll container_wrap fullsize'  ><div class='container av-section-cont-open' ><div class='template-page content  av-content-full alpha units'><div class='post-entry post-entry-type-page post-entry-10254'><div class='entry-content-wrapper clearfix'>\n\n<style type=\"text\/css\" data-created_by=\"avia_inline_auto\" id=\"style-css-av-lqu-4d4811447de37c967d01fdaf58d51a30\">\n.flex_column.av-lqu-4d4811447de37c967d01fdaf58d51a30{\nborder-radius:0px 0px 0px 0px;\npadding:0px 0px 0px 0px;\n}\n<\/style>\n<div  class='flex_column av-lqu-4d4811447de37c967d01fdaf58d51a30 av_one_third  avia-builder-el-6  el_before_av_two_third  avia-builder-el-first  first flex_column_div av-animated-generic bottom-to-top av-zero-column-padding  '     ><\/div>\n<style type=\"text\/css\" data-created_by=\"avia_inline_auto\" id=\"style-css-av-3rno-ca3a2df5a879dcc0b3ed268cbe3059c5\">\n.flex_column.av-3rno-ca3a2df5a879dcc0b3ed268cbe3059c5{\nborder-radius:0px 0px 0px 0px;\npadding:0px 0px 0px 0px;\n}\n<\/style>\n<div  class='flex_column av-3rno-ca3a2df5a879dcc0b3ed268cbe3059c5 av_two_third  avia-builder-el-8  el_after_av_one_third  avia-builder-el-last  flex_column_div av-animated-generic bottom-to-top av-zero-column-padding  '     ><\/div>\n<\/p>\n","protected":false},"excerpt":{"rendered":"","protected":false},"author":1,"featured_media":42481,"parent":0,"menu_order":0,"comment_status":"closed","ping_status":"closed","template":"","meta":{"footnotes":""},"class_list":["post-10254","page","type-page","status-publish","has-post-thumbnail","hentry"],"yoast_head":"<!-- This site is optimized with the Yoast SEO plugin v27.5 - https:\/\/yoast.com\/product\/yoast-seo-wordpress\/ -->\n<title>Protection de Donn\u00e9es - SPI Global Play<\/title>\n<meta name=\"robots\" content=\"index, follow, max-snippet:-1, max-image-preview:large, max-video-preview:-1\" \/>\n<link rel=\"canonical\" href=\"https:\/\/spiglobalplay.com\/fr\/protection-donnees\/\" \/>\n<meta property=\"og:locale\" content=\"fr_FR\" \/>\n<meta property=\"og:type\" content=\"article\" \/>\n<meta property=\"og:title\" content=\"Protection de Donn\u00e9es - SPI Global Play\" \/>\n<meta property=\"og:url\" content=\"https:\/\/spiglobalplay.com\/fr\/protection-donnees\/\" \/>\n<meta property=\"og:site_name\" content=\"SPI Global Play\" \/>\n<meta property=\"article:modified_time\" content=\"2025-05-20T14:54:16+00:00\" \/>\n<meta property=\"og:image\" content=\"https:\/\/spiglobalplay.com\/wp-content\/uploads\/2023\/11\/shahadat-rahman-BfrQnKBulYQ-unsplash-scaled.jpg\" \/>\n\t<meta property=\"og:image:width\" content=\"2560\" \/>\n\t<meta property=\"og:image:height\" content=\"1707\" \/>\n\t<meta property=\"og:image:type\" content=\"image\/jpeg\" \/>\n<meta name=\"twitter:card\" content=\"summary_large_image\" \/>\n<meta name=\"twitter:label1\" content=\"Dur\u00e9e de lecture estim\u00e9e\" \/>\n\t<meta name=\"twitter:data1\" content=\"5 minutes\" \/>\n<script type=\"application\/ld+json\" class=\"yoast-schema-graph\">{\"@context\":\"https:\\\/\\\/schema.org\",\"@graph\":[{\"@type\":\"WebPage\",\"@id\":\"https:\\\/\\\/spiglobalplay.com\\\/fr\\\/protection-donnees\\\/\",\"url\":\"https:\\\/\\\/spiglobalplay.com\\\/fr\\\/protection-donnees\\\/\",\"name\":\"Protection de Donn\u00e9es - SPI Global Play\",\"isPartOf\":{\"@id\":\"https:\\\/\\\/spiglobalplay.com\\\/#website\"},\"primaryImageOfPage\":{\"@id\":\"https:\\\/\\\/spiglobalplay.com\\\/fr\\\/protection-donnees\\\/#primaryimage\"},\"image\":{\"@id\":\"https:\\\/\\\/spiglobalplay.com\\\/fr\\\/protection-donnees\\\/#primaryimage\"},\"thumbnailUrl\":\"https:\\\/\\\/spiglobalplay.com\\\/wp-content\\\/uploads\\\/2023\\\/11\\\/shahadat-rahman-BfrQnKBulYQ-unsplash-scaled.jpg\",\"datePublished\":\"2023-11-30T07:39:07+00:00\",\"dateModified\":\"2025-05-20T14:54:16+00:00\",\"inLanguage\":\"fr-FR\",\"potentialAction\":[{\"@type\":\"ReadAction\",\"target\":[\"https:\\\/\\\/spiglobalplay.com\\\/fr\\\/protection-donnees\\\/\"]}]},{\"@type\":\"ImageObject\",\"inLanguage\":\"fr-FR\",\"@id\":\"https:\\\/\\\/spiglobalplay.com\\\/fr\\\/protection-donnees\\\/#primaryimage\",\"url\":\"https:\\\/\\\/spiglobalplay.com\\\/wp-content\\\/uploads\\\/2023\\\/11\\\/shahadat-rahman-BfrQnKBulYQ-unsplash-scaled.jpg\",\"contentUrl\":\"https:\\\/\\\/spiglobalplay.com\\\/wp-content\\\/uploads\\\/2023\\\/11\\\/shahadat-rahman-BfrQnKBulYQ-unsplash-scaled.jpg\",\"width\":2560,\"height\":1707},{\"@type\":\"WebSite\",\"@id\":\"https:\\\/\\\/spiglobalplay.com\\\/#website\",\"url\":\"https:\\\/\\\/spiglobalplay.com\\\/\",\"name\":\"SPI Global Play\",\"description\":\"\",\"potentialAction\":[{\"@type\":\"SearchAction\",\"target\":{\"@type\":\"EntryPoint\",\"urlTemplate\":\"https:\\\/\\\/spiglobalplay.com\\\/?s={search_term_string}\"},\"query-input\":{\"@type\":\"PropertyValueSpecification\",\"valueRequired\":true,\"valueName\":\"search_term_string\"}}],\"inLanguage\":\"fr-FR\"}]}<\/script>\n<!-- \/ Yoast SEO plugin. -->","yoast_head_json":{"title":"Protection de Donn\u00e9es - SPI Global Play","robots":{"index":"index","follow":"follow","max-snippet":"max-snippet:-1","max-image-preview":"max-image-preview:large","max-video-preview":"max-video-preview:-1"},"canonical":"https:\/\/spiglobalplay.com\/fr\/protection-donnees\/","og_locale":"fr_FR","og_type":"article","og_title":"Protection de Donn\u00e9es - SPI Global Play","og_url":"https:\/\/spiglobalplay.com\/fr\/protection-donnees\/","og_site_name":"SPI Global Play","article_modified_time":"2025-05-20T14:54:16+00:00","og_image":[{"width":2560,"height":1707,"url":"https:\/\/spiglobalplay.com\/wp-content\/uploads\/2023\/11\/shahadat-rahman-BfrQnKBulYQ-unsplash-scaled.jpg","type":"image\/jpeg"}],"twitter_card":"summary_large_image","twitter_misc":{"Dur\u00e9e de lecture estim\u00e9e":"5 minutes"},"schema":{"@context":"https:\/\/schema.org","@graph":[{"@type":"WebPage","@id":"https:\/\/spiglobalplay.com\/fr\/protection-donnees\/","url":"https:\/\/spiglobalplay.com\/fr\/protection-donnees\/","name":"Protection de Donn\u00e9es - SPI Global Play","isPartOf":{"@id":"https:\/\/spiglobalplay.com\/#website"},"primaryImageOfPage":{"@id":"https:\/\/spiglobalplay.com\/fr\/protection-donnees\/#primaryimage"},"image":{"@id":"https:\/\/spiglobalplay.com\/fr\/protection-donnees\/#primaryimage"},"thumbnailUrl":"https:\/\/spiglobalplay.com\/wp-content\/uploads\/2023\/11\/shahadat-rahman-BfrQnKBulYQ-unsplash-scaled.jpg","datePublished":"2023-11-30T07:39:07+00:00","dateModified":"2025-05-20T14:54:16+00:00","inLanguage":"fr-FR","potentialAction":[{"@type":"ReadAction","target":["https:\/\/spiglobalplay.com\/fr\/protection-donnees\/"]}]},{"@type":"ImageObject","inLanguage":"fr-FR","@id":"https:\/\/spiglobalplay.com\/fr\/protection-donnees\/#primaryimage","url":"https:\/\/spiglobalplay.com\/wp-content\/uploads\/2023\/11\/shahadat-rahman-BfrQnKBulYQ-unsplash-scaled.jpg","contentUrl":"https:\/\/spiglobalplay.com\/wp-content\/uploads\/2023\/11\/shahadat-rahman-BfrQnKBulYQ-unsplash-scaled.jpg","width":2560,"height":1707},{"@type":"WebSite","@id":"https:\/\/spiglobalplay.com\/#website","url":"https:\/\/spiglobalplay.com\/","name":"SPI Global Play","description":"","potentialAction":[{"@type":"SearchAction","target":{"@type":"EntryPoint","urlTemplate":"https:\/\/spiglobalplay.com\/?s={search_term_string}"},"query-input":{"@type":"PropertyValueSpecification","valueRequired":true,"valueName":"search_term_string"}}],"inLanguage":"fr-FR"}]}},"_links":{"self":[{"href":"https:\/\/spiglobalplay.com\/fr\/wp-json\/wp\/v2\/pages\/10254","targetHints":{"allow":["GET"]}}],"collection":[{"href":"https:\/\/spiglobalplay.com\/fr\/wp-json\/wp\/v2\/pages"}],"about":[{"href":"https:\/\/spiglobalplay.com\/fr\/wp-json\/wp\/v2\/types\/page"}],"author":[{"embeddable":true,"href":"https:\/\/spiglobalplay.com\/fr\/wp-json\/wp\/v2\/users\/1"}],"replies":[{"embeddable":true,"href":"https:\/\/spiglobalplay.com\/fr\/wp-json\/wp\/v2\/comments?post=10254"}],"version-history":[{"count":5,"href":"https:\/\/spiglobalplay.com\/fr\/wp-json\/wp\/v2\/pages\/10254\/revisions"}],"predecessor-version":[{"id":78499,"href":"https:\/\/spiglobalplay.com\/fr\/wp-json\/wp\/v2\/pages\/10254\/revisions\/78499"}],"wp:featuredmedia":[{"embeddable":true,"href":"https:\/\/spiglobalplay.com\/fr\/wp-json\/wp\/v2\/media\/42481"}],"wp:attachment":[{"href":"https:\/\/spiglobalplay.com\/fr\/wp-json\/wp\/v2\/media?parent=10254"}],"curies":[{"name":"wp","href":"https:\/\/api.w.org\/{rel}","templated":true}]}}