
{"id":10255,"date":"2023-12-18T08:34:05","date_gmt":"2023-12-18T07:34:05","guid":{"rendered":"https:\/\/spiglobalplay.com\/work-with-us\/"},"modified":"2025-05-20T16:50:50","modified_gmt":"2025-05-20T14:50:50","slug":"rejoignez-nous","status":"publish","type":"page","link":"https:\/\/spiglobalplay.com\/fr\/rejoignez-nous\/","title":{"rendered":"Rejoignez-Nous"},"content":{"rendered":"<div id='av_section_1'  class='avia-section av-kisilonh-3a1f46352293ac852baee8773ef68a23 main_color avia-section-large avia-no-border-styling  avia-builder-el-0  el_before_av_section  avia-builder-el-first  avia-bg-style-scroll container_wrap fullsize'  ><div class='container av-section-cont-open' ><main  role=\"main\" itemprop=\"mainContentOfPage\"  class='template-page content  av-content-full alpha units'><div class='post-entry post-entry-type-page post-entry-10255'><div class='entry-content-wrapper clearfix'>\n\n<style type=\"text\/css\" data-created_by=\"avia_inline_auto\" id=\"style-css-av-hmgqv-49dbaedfe875d0bc1c8391935ce34af4\">\n.flex_column.av-hmgqv-49dbaedfe875d0bc1c8391935ce34af4{\nborder-radius:0px 0px 0px 0px;\npadding:0px 0px 0px 0px;\n}\n<\/style>\n<div  class='flex_column av-hmgqv-49dbaedfe875d0bc1c8391935ce34af4 av_one_full  avia-builder-el-1  el_before_av_one_half  avia-builder-el-first  first flex_column_div av-zero-column-padding  '     ><style type=\"text\/css\" data-created_by=\"avia_inline_auto\" id=\"style-css-av-ahddc-9fc7306e6fbe2ad8f611a299b140e059\">\n#top .av-special-heading.av-ahddc-9fc7306e6fbe2ad8f611a299b140e059{\npadding-bottom:0;\nfont-size:68px;\n}\nbody .av-special-heading.av-ahddc-9fc7306e6fbe2ad8f611a299b140e059 .av-special-heading-tag .heading-char{\nfont-size:25px;\n}\n#top #wrap_all .av-special-heading.av-ahddc-9fc7306e6fbe2ad8f611a299b140e059 .av-special-heading-tag{\nfont-size:68px;\n}\n.av-special-heading.av-ahddc-9fc7306e6fbe2ad8f611a299b140e059 .av-subheading{\nfont-size:15px;\n}\n\n@media only screen and (min-width: 480px) and (max-width: 767px){ \n#top #wrap_all .av-special-heading.av-ahddc-9fc7306e6fbe2ad8f611a299b140e059 .av-special-heading-tag{\nfont-size:0.8em;\n}\n}\n\n@media only screen and (max-width: 479px){ \n#top #wrap_all .av-special-heading.av-ahddc-9fc7306e6fbe2ad8f611a299b140e059 .av-special-heading-tag{\nfont-size:0.8em;\n}\n}\n<\/style>\n<div  class='av-special-heading av-ahddc-9fc7306e6fbe2ad8f611a299b140e059 av-special-heading-h1 blockquote modern-quote  avia-builder-el-2  avia-builder-el-no-sibling  av-inherit-size av-linked-heading'><h1 class='av-special-heading-tag '  itemprop=\"headline\"  >Rejoignez-Nous<\/h1><div class=\"special-heading-border\"><div class=\"special-heading-inner-border\"><\/div><\/div><\/div><\/div><div class='flex_column_table av-buq0a-051d424a5e651c724d6c9ce17a7e3ffd sc-av_one_half av-equal-height-column-flextable'>\n<style type=\"text\/css\" data-created_by=\"avia_inline_auto\" id=\"style-css-av-buq0a-051d424a5e651c724d6c9ce17a7e3ffd\">\n.flex_column.av-buq0a-051d424a5e651c724d6c9ce17a7e3ffd{\nborder-radius:0px 0px 0px 0px;\npadding:0px 0px 0px 0px;\n}\n<\/style>\n<div  class='flex_column av-buq0a-051d424a5e651c724d6c9ce17a7e3ffd av_one_half  avia-builder-el-3  el_after_av_one_full  el_before_av_one_half  first flex_column_table_cell av-equal-height-column av-align-middle av-animated-generic right-to-left av-zero-column-padding  column-top-margin'     ><section  class='av_textblock_section av-k2oqc50l-412435c9eeef2a844e73e5a59a79ef63 '   itemscope=\"itemscope\" itemtype=\"https:\/\/schema.org\/CreativeWork\" ><div class='avia_textblock'  itemprop=\"text\" ><p>Vous souhaitez travailler dans une entreprise dynamique, ambitieuse, avec un environnement de travail international et diversifi\u00e9, et d&rsquo;excellentes opportunit\u00e9s de croissance personnelle et professionnelle? Vous \u00eates une personne proactive et motiv\u00e9e qui s&rsquo;\u00e9panouit dans un environnement au rythme rapide, qui aime apporter de nouvelles id\u00e9es et est impatient(e) de faire une diff\u00e9rence? Si c\u2019est le cas, vous \u00eates au bon endroit!<\/p>\n<p>Chez SPI Global Play, nous valorisons la cr\u00e9ativit\u00e9, l&rsquo;innovation et la passion de faire la diff\u00e9rence. Nous sommes constamment \u00e0 la recherche de talents pour rejoindre notre \u00e9quipe et nous aider \u00e0 atteindre nos objectifs. D\u00e9couvrez nos offres actuelles ci-dessous. Si vous ne trouvez pas le poste que vous recherchez mais que vous \u00eates enthousiaste \u00e0 l&rsquo;id\u00e9e de contribuer \u00e0 notre succ\u00e8s, nous vous invitons \u00e0 envoyer une candidature spontan\u00e9e \u00e0 <strong>employment@spiglobalplay.com<\/strong>. Nous examinerons votre candidature et reviendrons vers vous si une opportunit\u00e9 ad\u00e9quate se pr\u00e9sente. Rejoignez-nous et faites partie de quelque chose d&rsquo;extraordinaire.<\/p>\n<\/div><\/section><\/div><div class='av-flex-placeholder'><\/div>\n<style type=\"text\/css\" data-created_by=\"avia_inline_auto\" id=\"style-css-av-acmtj-ae3f5e3f05a7b9cbc4d7fed4f85b33f0\">\n.flex_column.av-acmtj-ae3f5e3f05a7b9cbc4d7fed4f85b33f0{\nborder-radius:0px 0px 0px 0px;\npadding:0px 0px 0px 0px;\n}\n<\/style>\n<div  class='flex_column av-acmtj-ae3f5e3f05a7b9cbc4d7fed4f85b33f0 av_one_half  avia-builder-el-5  el_after_av_one_half  avia-builder-el-last  flex_column_table_cell av-equal-height-column av-align-middle av-zero-column-padding  column-top-margin'     ><style type=\"text\/css\" data-created_by=\"avia_inline_auto\" id=\"style-css-av-kisipj7e-23a2464118447dabdede2368af632a61\">\n.avia-image-container.av-kisipj7e-23a2464118447dabdede2368af632a61 img.avia_image{\nbox-shadow:none;\n}\n.avia-image-container.av-kisipj7e-23a2464118447dabdede2368af632a61 .av-image-caption-overlay-center{\ncolor:#ffffff;\n}\n<\/style>\n<div  class='avia-image-container av-kisipj7e-23a2464118447dabdede2368af632a61 av-styling- avia-align-center  avia-builder-el-6  avia-builder-el-no-sibling '   itemprop=\"image\" itemscope=\"itemscope\" itemtype=\"https:\/\/schema.org\/ImageObject\" ><div class=\"avia-image-container-inner\"><div class=\"avia-image-overlay-wrap\"><img decoding=\"async\" fetchpriority=\"high\" class='wp-image-8726 avia-img-lazy-loading-not-8726 avia_image ' src=\"https:\/\/spiglobalplay.com\/wp-content\/uploads\/2021\/09\/GROUP-PHOTO-2015-scaled.jpg\" alt='' title=''  height=\"2048\" width=\"2560\"  itemprop=\"thumbnailUrl\" srcset=\"https:\/\/spiglobalplay.com\/wp-content\/uploads\/2021\/09\/GROUP-PHOTO-2015-scaled.jpg 2560w, https:\/\/spiglobalplay.com\/wp-content\/uploads\/2021\/09\/GROUP-PHOTO-2015-300x240.jpg 300w, https:\/\/spiglobalplay.com\/wp-content\/uploads\/2021\/09\/GROUP-PHOTO-2015-1030x824.jpg 1030w, https:\/\/spiglobalplay.com\/wp-content\/uploads\/2021\/09\/GROUP-PHOTO-2015-768x614.jpg 768w, https:\/\/spiglobalplay.com\/wp-content\/uploads\/2021\/09\/GROUP-PHOTO-2015-1536x1229.jpg 1536w, https:\/\/spiglobalplay.com\/wp-content\/uploads\/2021\/09\/GROUP-PHOTO-2015-2048x1638.jpg 2048w, https:\/\/spiglobalplay.com\/wp-content\/uploads\/2021\/09\/GROUP-PHOTO-2015-1500x1200.jpg 1500w, https:\/\/spiglobalplay.com\/wp-content\/uploads\/2021\/09\/GROUP-PHOTO-2015-705x564.jpg 705w\" sizes=\"(max-width: 2560px) 100vw, 2560px\" \/><\/div><\/div><\/div><\/div><\/div><!--close column table wrapper. Autoclose: 1 --><\/div><\/div><\/main><!-- close content main element --><\/div><\/div>\n<style type=\"text\/css\" data-created_by=\"avia_inline_auto\" id=\"style-css-av-k2lptw7b-efe5d9b3a864e68fbe58dd9aca4cf00a\">\n.avia-section.av-k2lptw7b-efe5d9b3a864e68fbe58dd9aca4cf00a{\nbackground-color:#211f1f;\nbackground-image:unset;\n}\n<\/style>\n<div id='customfooter'  class='avia-section av-k2lptw7b-efe5d9b3a864e68fbe58dd9aca4cf00a alternate_color avia-section-large avia-no-border-styling  avia-builder-el-7  el_after_av_section  avia-builder-el-last  thecustomfoot avia-bg-style-scroll container_wrap fullsize'  ><div class='container av-section-cont-open' ><div class='template-page content  av-content-full alpha units'><div class='post-entry post-entry-type-page post-entry-10255'><div class='entry-content-wrapper clearfix'>\n\n<style type=\"text\/css\" data-created_by=\"avia_inline_auto\" id=\"style-css-av-lqu-4d4811447de37c967d01fdaf58d51a30\">\n.flex_column.av-lqu-4d4811447de37c967d01fdaf58d51a30{\nborder-radius:0px 0px 0px 0px;\npadding:0px 0px 0px 0px;\n}\n<\/style>\n<div  class='flex_column av-lqu-4d4811447de37c967d01fdaf58d51a30 av_one_third  avia-builder-el-8  el_before_av_two_third  avia-builder-el-first  first flex_column_div av-animated-generic bottom-to-top av-zero-column-padding  '     ><\/div>\n<style type=\"text\/css\" data-created_by=\"avia_inline_auto\" id=\"style-css-av-3rno-ca3a2df5a879dcc0b3ed268cbe3059c5\">\n.flex_column.av-3rno-ca3a2df5a879dcc0b3ed268cbe3059c5{\nborder-radius:0px 0px 0px 0px;\npadding:0px 0px 0px 0px;\n}\n<\/style>\n<div  class='flex_column av-3rno-ca3a2df5a879dcc0b3ed268cbe3059c5 av_two_third  avia-builder-el-10  el_after_av_one_third  avia-builder-el-last  flex_column_div av-animated-generic bottom-to-top av-zero-column-padding  '     ><\/div>\n<\/p>\n","protected":false},"excerpt":{"rendered":"","protected":false},"author":1,"featured_media":8726,"parent":0,"menu_order":0,"comment_status":"closed","ping_status":"closed","template":"","meta":{"footnotes":""},"class_list":["post-10255","page","type-page","status-publish","has-post-thumbnail","hentry"],"yoast_head":"<!-- This site is optimized with the Yoast SEO plugin v27.4 - https:\/\/yoast.com\/product\/yoast-seo-wordpress\/ -->\n<title>Rejoignez-Nous - SPI Global Play<\/title>\n<meta name=\"robots\" content=\"index, follow, max-snippet:-1, max-image-preview:large, max-video-preview:-1\" \/>\n<link rel=\"canonical\" href=\"https:\/\/spiglobalplay.com\/fr\/rejoignez-nous\/\" \/>\n<meta property=\"og:locale\" content=\"fr_FR\" \/>\n<meta property=\"og:type\" content=\"article\" \/>\n<meta property=\"og:title\" content=\"Rejoignez-Nous - SPI Global Play\" \/>\n<meta property=\"og:url\" content=\"https:\/\/spiglobalplay.com\/fr\/rejoignez-nous\/\" \/>\n<meta property=\"og:site_name\" content=\"SPI Global Play\" \/>\n<meta property=\"article:modified_time\" content=\"2025-05-20T14:50:50+00:00\" \/>\n<meta property=\"og:image\" content=\"https:\/\/spiglobalplay.com\/wp-content\/uploads\/2021\/09\/GROUP-PHOTO-2015-scaled.jpg\" \/>\n\t<meta property=\"og:image:width\" content=\"2560\" \/>\n\t<meta property=\"og:image:height\" content=\"2048\" \/>\n\t<meta property=\"og:image:type\" content=\"image\/jpeg\" \/>\n<meta name=\"twitter:card\" content=\"summary_large_image\" \/>\n<meta name=\"twitter:label1\" content=\"Dur\u00e9e de lecture estim\u00e9e\" \/>\n\t<meta name=\"twitter:data1\" content=\"1 minute\" \/>\n<script type=\"application\/ld+json\" class=\"yoast-schema-graph\">{\"@context\":\"https:\\\/\\\/schema.org\",\"@graph\":[{\"@type\":\"WebPage\",\"@id\":\"https:\\\/\\\/spiglobalplay.com\\\/fr\\\/rejoignez-nous\\\/\",\"url\":\"https:\\\/\\\/spiglobalplay.com\\\/fr\\\/rejoignez-nous\\\/\",\"name\":\"Rejoignez-Nous - SPI Global Play\",\"isPartOf\":{\"@id\":\"https:\\\/\\\/spiglobalplay.com\\\/#website\"},\"primaryImageOfPage\":{\"@id\":\"https:\\\/\\\/spiglobalplay.com\\\/fr\\\/rejoignez-nous\\\/#primaryimage\"},\"image\":{\"@id\":\"https:\\\/\\\/spiglobalplay.com\\\/fr\\\/rejoignez-nous\\\/#primaryimage\"},\"thumbnailUrl\":\"https:\\\/\\\/spiglobalplay.com\\\/wp-content\\\/uploads\\\/2021\\\/09\\\/GROUP-PHOTO-2015-scaled.jpg\",\"datePublished\":\"2023-12-18T07:34:05+00:00\",\"dateModified\":\"2025-05-20T14:50:50+00:00\",\"inLanguage\":\"fr-FR\",\"potentialAction\":[{\"@type\":\"ReadAction\",\"target\":[\"https:\\\/\\\/spiglobalplay.com\\\/fr\\\/rejoignez-nous\\\/\"]}]},{\"@type\":\"ImageObject\",\"inLanguage\":\"fr-FR\",\"@id\":\"https:\\\/\\\/spiglobalplay.com\\\/fr\\\/rejoignez-nous\\\/#primaryimage\",\"url\":\"https:\\\/\\\/spiglobalplay.com\\\/wp-content\\\/uploads\\\/2021\\\/09\\\/GROUP-PHOTO-2015-scaled.jpg\",\"contentUrl\":\"https:\\\/\\\/spiglobalplay.com\\\/wp-content\\\/uploads\\\/2021\\\/09\\\/GROUP-PHOTO-2015-scaled.jpg\",\"width\":2560,\"height\":2048},{\"@type\":\"WebSite\",\"@id\":\"https:\\\/\\\/spiglobalplay.com\\\/#website\",\"url\":\"https:\\\/\\\/spiglobalplay.com\\\/\",\"name\":\"SPI Global Play\",\"description\":\"\",\"potentialAction\":[{\"@type\":\"SearchAction\",\"target\":{\"@type\":\"EntryPoint\",\"urlTemplate\":\"https:\\\/\\\/spiglobalplay.com\\\/?s={search_term_string}\"},\"query-input\":{\"@type\":\"PropertyValueSpecification\",\"valueRequired\":true,\"valueName\":\"search_term_string\"}}],\"inLanguage\":\"fr-FR\"}]}<\/script>\n<!-- \/ Yoast SEO plugin. -->","yoast_head_json":{"title":"Rejoignez-Nous - SPI Global Play","robots":{"index":"index","follow":"follow","max-snippet":"max-snippet:-1","max-image-preview":"max-image-preview:large","max-video-preview":"max-video-preview:-1"},"canonical":"https:\/\/spiglobalplay.com\/fr\/rejoignez-nous\/","og_locale":"fr_FR","og_type":"article","og_title":"Rejoignez-Nous - SPI Global Play","og_url":"https:\/\/spiglobalplay.com\/fr\/rejoignez-nous\/","og_site_name":"SPI Global Play","article_modified_time":"2025-05-20T14:50:50+00:00","og_image":[{"width":2560,"height":2048,"url":"https:\/\/spiglobalplay.com\/wp-content\/uploads\/2021\/09\/GROUP-PHOTO-2015-scaled.jpg","type":"image\/jpeg"}],"twitter_card":"summary_large_image","twitter_misc":{"Dur\u00e9e de lecture estim\u00e9e":"1 minute"},"schema":{"@context":"https:\/\/schema.org","@graph":[{"@type":"WebPage","@id":"https:\/\/spiglobalplay.com\/fr\/rejoignez-nous\/","url":"https:\/\/spiglobalplay.com\/fr\/rejoignez-nous\/","name":"Rejoignez-Nous - SPI Global Play","isPartOf":{"@id":"https:\/\/spiglobalplay.com\/#website"},"primaryImageOfPage":{"@id":"https:\/\/spiglobalplay.com\/fr\/rejoignez-nous\/#primaryimage"},"image":{"@id":"https:\/\/spiglobalplay.com\/fr\/rejoignez-nous\/#primaryimage"},"thumbnailUrl":"https:\/\/spiglobalplay.com\/wp-content\/uploads\/2021\/09\/GROUP-PHOTO-2015-scaled.jpg","datePublished":"2023-12-18T07:34:05+00:00","dateModified":"2025-05-20T14:50:50+00:00","inLanguage":"fr-FR","potentialAction":[{"@type":"ReadAction","target":["https:\/\/spiglobalplay.com\/fr\/rejoignez-nous\/"]}]},{"@type":"ImageObject","inLanguage":"fr-FR","@id":"https:\/\/spiglobalplay.com\/fr\/rejoignez-nous\/#primaryimage","url":"https:\/\/spiglobalplay.com\/wp-content\/uploads\/2021\/09\/GROUP-PHOTO-2015-scaled.jpg","contentUrl":"https:\/\/spiglobalplay.com\/wp-content\/uploads\/2021\/09\/GROUP-PHOTO-2015-scaled.jpg","width":2560,"height":2048},{"@type":"WebSite","@id":"https:\/\/spiglobalplay.com\/#website","url":"https:\/\/spiglobalplay.com\/","name":"SPI Global Play","description":"","potentialAction":[{"@type":"SearchAction","target":{"@type":"EntryPoint","urlTemplate":"https:\/\/spiglobalplay.com\/?s={search_term_string}"},"query-input":{"@type":"PropertyValueSpecification","valueRequired":true,"valueName":"search_term_string"}}],"inLanguage":"fr-FR"}]}},"_links":{"self":[{"href":"https:\/\/spiglobalplay.com\/fr\/wp-json\/wp\/v2\/pages\/10255","targetHints":{"allow":["GET"]}}],"collection":[{"href":"https:\/\/spiglobalplay.com\/fr\/wp-json\/wp\/v2\/pages"}],"about":[{"href":"https:\/\/spiglobalplay.com\/fr\/wp-json\/wp\/v2\/types\/page"}],"author":[{"embeddable":true,"href":"https:\/\/spiglobalplay.com\/fr\/wp-json\/wp\/v2\/users\/1"}],"replies":[{"embeddable":true,"href":"https:\/\/spiglobalplay.com\/fr\/wp-json\/wp\/v2\/comments?post=10255"}],"version-history":[{"count":5,"href":"https:\/\/spiglobalplay.com\/fr\/wp-json\/wp\/v2\/pages\/10255\/revisions"}],"predecessor-version":[{"id":80742,"href":"https:\/\/spiglobalplay.com\/fr\/wp-json\/wp\/v2\/pages\/10255\/revisions\/80742"}],"wp:featuredmedia":[{"embeddable":true,"href":"https:\/\/spiglobalplay.com\/fr\/wp-json\/wp\/v2\/media\/8726"}],"wp:attachment":[{"href":"https:\/\/spiglobalplay.com\/fr\/wp-json\/wp\/v2\/media?parent=10255"}],"curies":[{"name":"wp","href":"https:\/\/api.w.org\/{rel}","templated":true}]}}