
{"id":10257,"date":"2023-12-18T08:33:08","date_gmt":"2023-12-18T07:33:08","guid":{"rendered":"https:\/\/spiglobalplay.com\/vision-mission\/"},"modified":"2025-05-20T16:47:10","modified_gmt":"2025-05-20T14:47:10","slug":"vision-mission","status":"publish","type":"page","link":"https:\/\/spiglobalplay.com\/fr\/vision-mission\/","title":{"rendered":"Vision &#038; Mission"},"content":{"rendered":"<div id='av_section_1'  class='avia-section av-kisilonh-3a1f46352293ac852baee8773ef68a23 main_color avia-section-large avia-no-border-styling  avia-builder-el-0  el_before_av_section  avia-builder-el-first  avia-bg-style-scroll container_wrap fullsize'  ><div class='container av-section-cont-open' ><main  role=\"main\" itemprop=\"mainContentOfPage\"  class='template-page content  av-content-full alpha units'><div class='post-entry post-entry-type-page post-entry-10257'><div class='entry-content-wrapper clearfix'>\n\n<style type=\"text\/css\" data-created_by=\"avia_inline_auto\" id=\"style-css-av-hmgqv-49dbaedfe875d0bc1c8391935ce34af4\">\n.flex_column.av-hmgqv-49dbaedfe875d0bc1c8391935ce34af4{\nborder-radius:0px 0px 0px 0px;\npadding:0px 0px 0px 0px;\n}\n<\/style>\n<div  class='flex_column av-hmgqv-49dbaedfe875d0bc1c8391935ce34af4 av_one_full  avia-builder-el-1  el_before_av_one_half  avia-builder-el-first  first flex_column_div av-zero-column-padding  '     ><style type=\"text\/css\" data-created_by=\"avia_inline_auto\" id=\"style-css-av-kisj17oj-7a38b5b24622d6af7ddeaef2534d161e\">\n#top .av-special-heading.av-kisj17oj-7a38b5b24622d6af7ddeaef2534d161e{\npadding-bottom:0;\nfont-size:68px;\n}\nbody .av-special-heading.av-kisj17oj-7a38b5b24622d6af7ddeaef2534d161e .av-special-heading-tag .heading-char{\nfont-size:25px;\n}\n#top #wrap_all .av-special-heading.av-kisj17oj-7a38b5b24622d6af7ddeaef2534d161e .av-special-heading-tag{\nfont-size:68px;\n}\n.av-special-heading.av-kisj17oj-7a38b5b24622d6af7ddeaef2534d161e .av-subheading{\nfont-size:15px;\n}\n\n@media only screen and (min-width: 480px) and (max-width: 767px){ \n#top #wrap_all .av-special-heading.av-kisj17oj-7a38b5b24622d6af7ddeaef2534d161e .av-special-heading-tag{\nfont-size:0.8em;\n}\n}\n\n@media only screen and (max-width: 479px){ \n#top #wrap_all .av-special-heading.av-kisj17oj-7a38b5b24622d6af7ddeaef2534d161e .av-special-heading-tag{\nfont-size:0.8em;\n}\n}\n<\/style>\n<div  class='av-special-heading av-kisj17oj-7a38b5b24622d6af7ddeaef2534d161e av-special-heading-h1 blockquote modern-quote  avia-builder-el-2  avia-builder-el-no-sibling  av-inherit-size av-linked-heading'><h1 class='av-special-heading-tag '  itemprop=\"headline\"  >Vision <span class='special_amp'>&amp;<\/span> Mission<\/h1><div class=\"special-heading-border\"><div class=\"special-heading-inner-border\"><\/div><\/div><\/div><\/div><div class='flex_column_table av-buq0a-051d424a5e651c724d6c9ce17a7e3ffd sc-av_one_half av-equal-height-column-flextable'>\n<style type=\"text\/css\" data-created_by=\"avia_inline_auto\" id=\"style-css-av-buq0a-051d424a5e651c724d6c9ce17a7e3ffd\">\n.flex_column.av-buq0a-051d424a5e651c724d6c9ce17a7e3ffd{\nborder-radius:0px 0px 0px 0px;\npadding:0px 0px 0px 0px;\n}\n<\/style>\n<div  class='flex_column av-buq0a-051d424a5e651c724d6c9ce17a7e3ffd av_one_half  avia-builder-el-3  el_after_av_one_full  el_before_av_one_half  first flex_column_table_cell av-equal-height-column av-align-middle av-animated-generic right-to-left av-zero-column-padding  column-top-margin'     ><section  class='av_textblock_section av-k2oqc50l-412435c9eeef2a844e73e5a59a79ef63 '   itemscope=\"itemscope\" itemtype=\"https:\/\/schema.org\/CreativeWork\" ><div class='avia_textblock'  itemprop=\"text\" ><p><strong>Mission<\/strong><\/p>\n<p>S&rsquo;efforcer de devenir le leader mondial dans le d\u00e9veloppement, la production et la fourniture des concepts de loisirs les plus innovants, en \u00e9tablissant de nouvelles normes d&rsquo;excellence sur le march\u00e9 mondial.<\/p>\n<p><strong>Vision<\/strong><\/p>\n<p>\u00catre le leader du march\u00e9 et le principal fournisseur de concepts de loisirs complets en devenant le premier choix \u00e9vident des clients, gr\u00e2ce \u00e0 un engagement infaillible en faveur de l&rsquo;innovation, la competence, la qualit\u00e9 et la s\u00e9curit\u00e9.<\/p>\n<p><strong>Valeurs Fondamentales<\/strong><\/p>\n<ul>\n<li>Innovation &amp; Comp\u00e9tence<\/li>\n<li>Qualit\u00e9 &amp; S\u00e9curit\u00e9<\/li>\n<li>Esprit commercial &amp; Rentabilit\u00e9<\/li>\n<\/ul>\n<p>Gr\u00e2ce \u00e0 l&rsquo;innovation et \u00e0 la qualit\u00e9, nous favorisons la rentabilit\u00e9 pour nos clients pr\u00e9cieux.<\/p>\n<\/div><\/section><\/div><div class='av-flex-placeholder'><\/div>\n<style type=\"text\/css\" data-created_by=\"avia_inline_auto\" id=\"style-css-av-acmtj-ae3f5e3f05a7b9cbc4d7fed4f85b33f0\">\n.flex_column.av-acmtj-ae3f5e3f05a7b9cbc4d7fed4f85b33f0{\nborder-radius:0px 0px 0px 0px;\npadding:0px 0px 0px 0px;\n}\n<\/style>\n<div  class='flex_column av-acmtj-ae3f5e3f05a7b9cbc4d7fed4f85b33f0 av_one_half  avia-builder-el-5  el_after_av_one_half  avia-builder-el-last  flex_column_table_cell av-equal-height-column av-align-middle av-zero-column-padding  column-top-margin'     ><style type=\"text\/css\" data-created_by=\"avia_inline_auto\" id=\"style-css-av-kisipj7e-8fb241c226baffcce75d8fbb5a9f95b6\">\n.avia-image-container.av-kisipj7e-8fb241c226baffcce75d8fbb5a9f95b6 img.avia_image{\nbox-shadow:none;\n}\n.avia-image-container.av-kisipj7e-8fb241c226baffcce75d8fbb5a9f95b6 .av-image-caption-overlay-center{\ncolor:#ffffff;\n}\n<\/style>\n<div  class='avia-image-container av-kisipj7e-8fb241c226baffcce75d8fbb5a9f95b6 av-styling- avia-align-center  avia-builder-el-6  avia-builder-el-no-sibling '   itemprop=\"image\" itemscope=\"itemscope\" itemtype=\"https:\/\/schema.org\/ImageObject\" ><div class=\"avia-image-container-inner\"><div class=\"avia-image-overlay-wrap\"><img decoding=\"async\" fetchpriority=\"high\" class='wp-image-8729 avia-img-lazy-loading-not-8729 avia_image ' src=\"https:\/\/spiglobalplay.com\/wp-content\/uploads\/2021\/09\/kids-group-1030x687.jpg\" alt='' title=''  height=\"687\" width=\"1030\"  itemprop=\"thumbnailUrl\" srcset=\"https:\/\/spiglobalplay.com\/wp-content\/uploads\/2021\/09\/kids-group-1030x687.jpg 1030w, https:\/\/spiglobalplay.com\/wp-content\/uploads\/2021\/09\/kids-group-300x200.jpg 300w, https:\/\/spiglobalplay.com\/wp-content\/uploads\/2021\/09\/kids-group-768x513.jpg 768w, https:\/\/spiglobalplay.com\/wp-content\/uploads\/2021\/09\/kids-group-1536x1025.jpg 1536w, https:\/\/spiglobalplay.com\/wp-content\/uploads\/2021\/09\/kids-group-2048x1367.jpg 2048w, https:\/\/spiglobalplay.com\/wp-content\/uploads\/2021\/09\/kids-group-1500x1001.jpg 1500w, https:\/\/spiglobalplay.com\/wp-content\/uploads\/2021\/09\/kids-group-705x470.jpg 705w\" sizes=\"(max-width: 1030px) 100vw, 1030px\" \/><\/div><\/div><\/div><\/div><\/div><!--close column table wrapper. Autoclose: 1 --><\/div><\/div><\/main><!-- close content main element --><\/div><\/div>\n<style type=\"text\/css\" data-created_by=\"avia_inline_auto\" id=\"style-css-av-k2lptw7b-efe5d9b3a864e68fbe58dd9aca4cf00a\">\n.avia-section.av-k2lptw7b-efe5d9b3a864e68fbe58dd9aca4cf00a{\nbackground-color:#211f1f;\nbackground-image:unset;\n}\n<\/style>\n<div id='customfooter'  class='avia-section av-k2lptw7b-efe5d9b3a864e68fbe58dd9aca4cf00a alternate_color avia-section-large avia-no-border-styling  avia-builder-el-7  el_after_av_section  avia-builder-el-last  thecustomfoot avia-bg-style-scroll container_wrap fullsize'  ><div class='container av-section-cont-open' ><div class='template-page content  av-content-full alpha units'><div class='post-entry post-entry-type-page post-entry-10257'><div class='entry-content-wrapper clearfix'>\n\n<style type=\"text\/css\" data-created_by=\"avia_inline_auto\" id=\"style-css-av-lqu-4d4811447de37c967d01fdaf58d51a30\">\n.flex_column.av-lqu-4d4811447de37c967d01fdaf58d51a30{\nborder-radius:0px 0px 0px 0px;\npadding:0px 0px 0px 0px;\n}\n<\/style>\n<div  class='flex_column av-lqu-4d4811447de37c967d01fdaf58d51a30 av_one_third  avia-builder-el-8  el_before_av_two_third  avia-builder-el-first  first flex_column_div av-animated-generic bottom-to-top av-zero-column-padding  '     ><\/div>\n<style type=\"text\/css\" data-created_by=\"avia_inline_auto\" id=\"style-css-av-3rno-ca3a2df5a879dcc0b3ed268cbe3059c5\">\n.flex_column.av-3rno-ca3a2df5a879dcc0b3ed268cbe3059c5{\nborder-radius:0px 0px 0px 0px;\npadding:0px 0px 0px 0px;\n}\n<\/style>\n<div  class='flex_column av-3rno-ca3a2df5a879dcc0b3ed268cbe3059c5 av_two_third  avia-builder-el-10  el_after_av_one_third  avia-builder-el-last  flex_column_div av-animated-generic bottom-to-top av-zero-column-padding  '     ><\/div>\n<\/p>\n","protected":false},"excerpt":{"rendered":"","protected":false},"author":19,"featured_media":8729,"parent":0,"menu_order":0,"comment_status":"closed","ping_status":"closed","template":"","meta":{"footnotes":""},"class_list":["post-10257","page","type-page","status-publish","has-post-thumbnail","hentry"],"yoast_head":"<!-- This site is optimized with the Yoast SEO plugin v27.4 - https:\/\/yoast.com\/product\/yoast-seo-wordpress\/ -->\n<title>Vision &amp; Mission - SPI Global Play<\/title>\n<meta name=\"robots\" content=\"index, follow, max-snippet:-1, max-image-preview:large, max-video-preview:-1\" \/>\n<link rel=\"canonical\" href=\"https:\/\/spiglobalplay.com\/fr\/vision-mission\/\" \/>\n<meta property=\"og:locale\" content=\"fr_FR\" \/>\n<meta property=\"og:type\" content=\"article\" \/>\n<meta property=\"og:title\" content=\"Vision &amp; Mission - SPI Global Play\" \/>\n<meta property=\"og:url\" content=\"https:\/\/spiglobalplay.com\/fr\/vision-mission\/\" \/>\n<meta property=\"og:site_name\" content=\"SPI Global Play\" \/>\n<meta property=\"article:modified_time\" content=\"2025-05-20T14:47:10+00:00\" \/>\n<meta property=\"og:image\" content=\"https:\/\/spiglobalplay.com\/wp-content\/uploads\/2021\/09\/kids-group-scaled.jpg\" \/>\n\t<meta property=\"og:image:width\" content=\"2560\" \/>\n\t<meta property=\"og:image:height\" content=\"1708\" \/>\n\t<meta property=\"og:image:type\" content=\"image\/jpeg\" \/>\n<meta name=\"twitter:card\" content=\"summary_large_image\" \/>\n<meta name=\"twitter:label1\" content=\"Dur\u00e9e de lecture estim\u00e9e\" \/>\n\t<meta name=\"twitter:data1\" content=\"1 minute\" \/>\n<script type=\"application\/ld+json\" class=\"yoast-schema-graph\">{\"@context\":\"https:\\\/\\\/schema.org\",\"@graph\":[{\"@type\":\"WebPage\",\"@id\":\"https:\\\/\\\/spiglobalplay.com\\\/fr\\\/vision-mission\\\/\",\"url\":\"https:\\\/\\\/spiglobalplay.com\\\/fr\\\/vision-mission\\\/\",\"name\":\"Vision & Mission - SPI Global Play\",\"isPartOf\":{\"@id\":\"https:\\\/\\\/spiglobalplay.com\\\/#website\"},\"primaryImageOfPage\":{\"@id\":\"https:\\\/\\\/spiglobalplay.com\\\/fr\\\/vision-mission\\\/#primaryimage\"},\"image\":{\"@id\":\"https:\\\/\\\/spiglobalplay.com\\\/fr\\\/vision-mission\\\/#primaryimage\"},\"thumbnailUrl\":\"https:\\\/\\\/spiglobalplay.com\\\/wp-content\\\/uploads\\\/2021\\\/09\\\/kids-group-scaled.jpg\",\"datePublished\":\"2023-12-18T07:33:08+00:00\",\"dateModified\":\"2025-05-20T14:47:10+00:00\",\"inLanguage\":\"fr-FR\",\"potentialAction\":[{\"@type\":\"ReadAction\",\"target\":[\"https:\\\/\\\/spiglobalplay.com\\\/fr\\\/vision-mission\\\/\"]}]},{\"@type\":\"ImageObject\",\"inLanguage\":\"fr-FR\",\"@id\":\"https:\\\/\\\/spiglobalplay.com\\\/fr\\\/vision-mission\\\/#primaryimage\",\"url\":\"https:\\\/\\\/spiglobalplay.com\\\/wp-content\\\/uploads\\\/2021\\\/09\\\/kids-group-scaled.jpg\",\"contentUrl\":\"https:\\\/\\\/spiglobalplay.com\\\/wp-content\\\/uploads\\\/2021\\\/09\\\/kids-group-scaled.jpg\",\"width\":2560,\"height\":1708},{\"@type\":\"WebSite\",\"@id\":\"https:\\\/\\\/spiglobalplay.com\\\/#website\",\"url\":\"https:\\\/\\\/spiglobalplay.com\\\/\",\"name\":\"SPI Global Play\",\"description\":\"\",\"potentialAction\":[{\"@type\":\"SearchAction\",\"target\":{\"@type\":\"EntryPoint\",\"urlTemplate\":\"https:\\\/\\\/spiglobalplay.com\\\/?s={search_term_string}\"},\"query-input\":{\"@type\":\"PropertyValueSpecification\",\"valueRequired\":true,\"valueName\":\"search_term_string\"}}],\"inLanguage\":\"fr-FR\"}]}<\/script>\n<!-- \/ Yoast SEO plugin. -->","yoast_head_json":{"title":"Vision & Mission - SPI Global Play","robots":{"index":"index","follow":"follow","max-snippet":"max-snippet:-1","max-image-preview":"max-image-preview:large","max-video-preview":"max-video-preview:-1"},"canonical":"https:\/\/spiglobalplay.com\/fr\/vision-mission\/","og_locale":"fr_FR","og_type":"article","og_title":"Vision & Mission - SPI Global Play","og_url":"https:\/\/spiglobalplay.com\/fr\/vision-mission\/","og_site_name":"SPI Global Play","article_modified_time":"2025-05-20T14:47:10+00:00","og_image":[{"width":2560,"height":1708,"url":"https:\/\/spiglobalplay.com\/wp-content\/uploads\/2021\/09\/kids-group-scaled.jpg","type":"image\/jpeg"}],"twitter_card":"summary_large_image","twitter_misc":{"Dur\u00e9e de lecture estim\u00e9e":"1 minute"},"schema":{"@context":"https:\/\/schema.org","@graph":[{"@type":"WebPage","@id":"https:\/\/spiglobalplay.com\/fr\/vision-mission\/","url":"https:\/\/spiglobalplay.com\/fr\/vision-mission\/","name":"Vision & Mission - SPI Global Play","isPartOf":{"@id":"https:\/\/spiglobalplay.com\/#website"},"primaryImageOfPage":{"@id":"https:\/\/spiglobalplay.com\/fr\/vision-mission\/#primaryimage"},"image":{"@id":"https:\/\/spiglobalplay.com\/fr\/vision-mission\/#primaryimage"},"thumbnailUrl":"https:\/\/spiglobalplay.com\/wp-content\/uploads\/2021\/09\/kids-group-scaled.jpg","datePublished":"2023-12-18T07:33:08+00:00","dateModified":"2025-05-20T14:47:10+00:00","inLanguage":"fr-FR","potentialAction":[{"@type":"ReadAction","target":["https:\/\/spiglobalplay.com\/fr\/vision-mission\/"]}]},{"@type":"ImageObject","inLanguage":"fr-FR","@id":"https:\/\/spiglobalplay.com\/fr\/vision-mission\/#primaryimage","url":"https:\/\/spiglobalplay.com\/wp-content\/uploads\/2021\/09\/kids-group-scaled.jpg","contentUrl":"https:\/\/spiglobalplay.com\/wp-content\/uploads\/2021\/09\/kids-group-scaled.jpg","width":2560,"height":1708},{"@type":"WebSite","@id":"https:\/\/spiglobalplay.com\/#website","url":"https:\/\/spiglobalplay.com\/","name":"SPI Global Play","description":"","potentialAction":[{"@type":"SearchAction","target":{"@type":"EntryPoint","urlTemplate":"https:\/\/spiglobalplay.com\/?s={search_term_string}"},"query-input":{"@type":"PropertyValueSpecification","valueRequired":true,"valueName":"search_term_string"}}],"inLanguage":"fr-FR"}]}},"_links":{"self":[{"href":"https:\/\/spiglobalplay.com\/fr\/wp-json\/wp\/v2\/pages\/10257","targetHints":{"allow":["GET"]}}],"collection":[{"href":"https:\/\/spiglobalplay.com\/fr\/wp-json\/wp\/v2\/pages"}],"about":[{"href":"https:\/\/spiglobalplay.com\/fr\/wp-json\/wp\/v2\/types\/page"}],"author":[{"embeddable":true,"href":"https:\/\/spiglobalplay.com\/fr\/wp-json\/wp\/v2\/users\/19"}],"replies":[{"embeddable":true,"href":"https:\/\/spiglobalplay.com\/fr\/wp-json\/wp\/v2\/comments?post=10257"}],"version-history":[{"count":3,"href":"https:\/\/spiglobalplay.com\/fr\/wp-json\/wp\/v2\/pages\/10257\/revisions"}],"predecessor-version":[{"id":43947,"href":"https:\/\/spiglobalplay.com\/fr\/wp-json\/wp\/v2\/pages\/10257\/revisions\/43947"}],"wp:featuredmedia":[{"embeddable":true,"href":"https:\/\/spiglobalplay.com\/fr\/wp-json\/wp\/v2\/media\/8729"}],"wp:attachment":[{"href":"https:\/\/spiglobalplay.com\/fr\/wp-json\/wp\/v2\/media?parent=10257"}],"curies":[{"name":"wp","href":"https:\/\/api.w.org\/{rel}","templated":true}]}}