
{"id":10258,"date":"2023-11-06T08:20:29","date_gmt":"2023-11-06T07:20:29","guid":{"rendered":"https:\/\/spiglobalplay.com\/about-us\/"},"modified":"2025-06-13T13:56:36","modified_gmt":"2025-06-13T11:56:36","slug":"a-propos-de-nous","status":"publish","type":"page","link":"https:\/\/spiglobalplay.com\/fr\/a-propos-de-nous\/","title":{"rendered":"\u00c0 propos de nous"},"content":{"rendered":"\n<style type=\"text\/css\" data-created_by=\"avia_inline_auto\" id=\"style-css-av-ktmq5bpb-29f31da04808728246d99d1235b26508\">\n.avia-section.av-ktmq5bpb-29f31da04808728246d99d1235b26508{\nbackground-repeat:no-repeat;\nbackground-image:url(https:\/\/spiglobalplay.com\/wp-content\/uploads\/2021\/09\/GROUP-PHOTO-2015-scaled.jpg);\nbackground-position:50% 50%;\nbackground-attachment:scroll;\n}\n.avia-section.av-ktmq5bpb-29f31da04808728246d99d1235b26508 .av-section-color-overlay{\nopacity:0.7;\nbackground-color:#141414;\n}\n<\/style>\n<div id='av_section_1'  class='avia-section av-ktmq5bpb-29f31da04808728246d99d1235b26508 alternate_color avia-section-default avia-no-border-styling  avia-builder-el-0  el_before_av_one_full  avia-builder-el-first  avia-full-stretch avia-bg-style-scroll av-section-color-overlay-active container_wrap fullsize'  data-section-bg-repeat='stretch'><div class=\"av-section-color-overlay-wrap\"><div class=\"av-section-color-overlay\"><\/div><div class='container av-section-cont-open' ><main  role=\"main\" itemprop=\"mainContentOfPage\"  class='template-page content  av-content-full alpha units'><div class='post-entry post-entry-type-page post-entry-10258'><div class='entry-content-wrapper clearfix'>\n<div class='flex_column_table av-buq0a-54240ecca52b6de3866c574eadd9a9af sc-av_one_full av-equal-height-column-flextable'>\n<style type=\"text\/css\" data-created_by=\"avia_inline_auto\" id=\"style-css-av-buq0a-54240ecca52b6de3866c574eadd9a9af\">\n.flex_column.av-buq0a-54240ecca52b6de3866c574eadd9a9af{\nborder-radius:0px 0px 0px 0px;\npadding:0px 15% 0px 15%;\n}\n<\/style>\n<div  class='flex_column av-buq0a-54240ecca52b6de3866c574eadd9a9af av_one_full  avia-builder-el-1  avia-builder-el-no-sibling  first flex_column_table_cell av-equal-height-column av-align-middle av-animated-generic right-to-left  '     ><style type=\"text\/css\" data-created_by=\"avia_inline_auto\" id=\"style-css-av-7aibb-d6485fc33bf217f0c84f293e693867e9\">\n#top .av-special-heading.av-7aibb-d6485fc33bf217f0c84f293e693867e9{\npadding-bottom:20px;\ncolor:#ffffff;\nfont-size:68px;\n}\nbody .av-special-heading.av-7aibb-d6485fc33bf217f0c84f293e693867e9 .av-special-heading-tag .heading-char{\nfont-size:25px;\n}\n#top #wrap_all .av-special-heading.av-7aibb-d6485fc33bf217f0c84f293e693867e9 .av-special-heading-tag{\nfont-size:68px;\n}\n.av-special-heading.av-7aibb-d6485fc33bf217f0c84f293e693867e9 .special-heading-inner-border{\nborder-color:#ffffff;\n}\n.av-special-heading.av-7aibb-d6485fc33bf217f0c84f293e693867e9 .av-subheading{\nfont-size:15px;\n}\n\n@media only screen and (min-width: 480px) and (max-width: 767px){ \n#top #wrap_all .av-special-heading.av-7aibb-d6485fc33bf217f0c84f293e693867e9 .av-special-heading-tag{\nfont-size:0.8em;\n}\n}\n\n@media only screen and (max-width: 479px){ \n#top #wrap_all .av-special-heading.av-7aibb-d6485fc33bf217f0c84f293e693867e9 .av-special-heading-tag{\nfont-size:0.8em;\n}\n}\n<\/style>\n<div  class='av-special-heading av-7aibb-d6485fc33bf217f0c84f293e693867e9 av-special-heading-h1 custom-color-heading blockquote modern-quote  avia-builder-el-2  avia-builder-el-no-sibling  av-inherit-size av-linked-heading'><h1 class='av-special-heading-tag '  itemprop=\"headline\"  >\u00c0 propos de nous<\/h1><div class=\"special-heading-border\"><div class=\"special-heading-inner-border\"><\/div><\/div><\/div><\/div><\/div><!--close column table wrapper. Autoclose: 1 -->\n<\/div><\/div><\/main><!-- close content main element --><\/div><\/div><\/div><div id='after_section_1'  class='main_color av_default_container_wrap container_wrap fullsize'  ><div class='container av-section-cont-open' ><div class='template-page content  av-content-full alpha units'><div class='post-entry post-entry-type-page post-entry-10258'><div class='entry-content-wrapper clearfix'>\n<div class='flex_column_table av-2jd1r-02d94f037852f1284afebd4216fd3c52 sc-av_one_full av-equal-height-column-flextable'>\n<style type=\"text\/css\" data-created_by=\"avia_inline_auto\" id=\"style-css-av-2jd1r-02d94f037852f1284afebd4216fd3c52\">\n.flex_column.av-2jd1r-02d94f037852f1284afebd4216fd3c52{\nborder-radius:0px 0px 0px 0px;\npadding:0px 0px 0px 0px;\n}\n<\/style>\n<div  class='flex_column av-2jd1r-02d94f037852f1284afebd4216fd3c52 av_one_full  avia-builder-el-3  el_after_av_section  el_before_av_section  avia-builder-el-no-sibling  first flex_column_table_cell av-equal-height-column av-align-middle av-animated-generic right-to-left av-zero-column-padding  '     ><p><section  class='av_textblock_section av-ktmlsp8g-9f4b5873a8efd22fe135a7780af0f592 '   itemscope=\"itemscope\" itemtype=\"https:\/\/schema.org\/CreativeWork\" ><div class='avia_textblock'  itemprop=\"text\" ><p>Chez SPI Global Play, nous sommes fiers d\u2019\u00eatre le leader mondial des concepts de loisirs et d\u2019aires de jeux. Forts de pr\u00e8s de 50 ans d\u2019exp\u00e9rience et d\u2019une pr\u00e9sence internationale, nous sommes une r\u00e9f\u00e9rence incontournable dans l\u2019industrie, apportant du divertissement \u00e0 tous. La qualit\u00e9, la s\u00e9curit\u00e9 et l\u2019innovation sont au c\u0153ur de notre strat\u00e9gie, garantissant \u00e0 nos clients une longueur d\u2019avance et une rentabilit\u00e9 durable.<\/p>\n<\/div><\/section><br \/>\n\n<style type=\"text\/css\" data-created_by=\"avia_inline_auto\" id=\"style-css-av-kto540bf-c31a15721847def7422501e877376dd7\">\n#top .hr.hr-invisible.av-kto540bf-c31a15721847def7422501e877376dd7{\nheight:20px;\n}\n<\/style>\n<div  class='hr av-kto540bf-c31a15721847def7422501e877376dd7 hr-invisible  avia-builder-el-5  el_after_av_textblock  el_before_av_video '><span class='hr-inner '><span class=\"hr-inner-style\"><\/span><\/span><\/div><br \/>\n\n<style type=\"text\/css\" data-created_by=\"avia_inline_auto\" id=\"style-css-av-lvnen-6c458d2a5dc50c8e6bf14814d189bb76\">\n.avia-video.av-lvnen-6c458d2a5dc50c8e6bf14814d189bb76{\nbackground-image:url(https:\/\/spiglobalplay.com\/wp-content\/uploads\/2021\/09\/spi.png);\n}\n<\/style>\n<div  class='avia-video av-lvnen-6c458d2a5dc50c8e6bf14814d189bb76 avia-video-16-9 av-preview-image avia-video-load-always avia-video-html5'  itemprop=\"video\" itemtype=\"https:\/\/schema.org\/VideoObject\"  data-original_url='https:\/\/spiglobalplay.com\/wp-content\/uploads\/2021\/09\/Spi-Global-Group-2021-1.mp4'><video class='avia_video' poster=\"https:\/\/spiglobalplay.com\/wp-content\/uploads\/2021\/09\/spi.png\"   preload=\"auto\"  controls id='player_10258_586876422_2119277213'><source src='https:\/\/spiglobalplay.com\/wp-content\/uploads\/2021\/09\/Spi-Global-Group-2021-1.mp4' type='video\/mp4' \/><\/video><\/div><br \/>\n\n<style type=\"text\/css\" data-created_by=\"avia_inline_auto\" id=\"style-css-av-kto58sce-d4cc4be512d168985eb40c153e5e9e8a\">\n#top .hr.hr-invisible.av-kto58sce-d4cc4be512d168985eb40c153e5e9e8a{\nheight:20px;\n}\n<\/style>\n<div  class='hr av-kto58sce-d4cc4be512d168985eb40c153e5e9e8a hr-invisible  avia-builder-el-7  el_after_av_video  el_before_av_textblock '><span class='hr-inner '><span class=\"hr-inner-style\"><\/span><\/span><\/div><br \/>\n<section  class='av_textblock_section av-h0k5z-694a28d1b5781ec52a4b1c4b42b805c9 '   itemscope=\"itemscope\" itemtype=\"https:\/\/schema.org\/CreativeWork\" ><div class='avia_textblock'  itemprop=\"text\" ><p>Depuis 1972, SPI Global Play fa\u00e7onne l\u2019univers du loisir. Au fil des ann\u00e9es, nous avons diversifi\u00e9 notre offre et \u00e9largi notre champ d\u2019action au quatre coins du monde. Aujourd\u2019hui, notre \u00e9quipe de plus de 500 expert(e)s passionn\u00e9(e)s op\u00e8re depuis nos bureaux et usines internationales, cr\u00e9ant des exp\u00e9riences de loisirs uniques et innovantes.<\/p>\n<p>Nous sommes fiers de faire partie de <a href=\"https:\/\/www.globalleisure.group\/\">Global Leisure Group<\/a>, un r\u00e9seau d\u2019entreprises partageant une m\u00eame passion : concevoir des exp\u00e9riences de loisirs exceptionnelles. Ensemble, nous proposons des solutions sur mesure et cl\u00e9 en main, r\u00e9pondant aux besoins des professionnels du secteur.<\/p>\n<p>L\u2019innovation est notre moteur. Toujours \u00e0 l\u2019avant-garde, nous d\u00e9veloppons des concepts novateurs qui permettent \u00e0 nos clients de se d\u00e9marquer et d\u2019anticiper les tendances. R\u00e9put\u00e9s pour la qualit\u00e9 et la cr\u00e9ativit\u00e9 de nos projets, nous fa\u00e7onnons d\u00e8s aujourd\u2019hui les exp\u00e9riences de loisirs de demain.<\/p>\n<\/div><\/section><br \/>\n\n<style type=\"text\/css\" data-created_by=\"avia_inline_auto\" id=\"style-css-av-74f6f-2f26e2c3cbce2fd3285adb59f27f1cd8\">\n#top .hr.hr-invisible.av-74f6f-2f26e2c3cbce2fd3285adb59f27f1cd8{\nheight:20px;\n}\n<\/style>\n<div  class='hr av-74f6f-2f26e2c3cbce2fd3285adb59f27f1cd8 hr-invisible  avia-builder-el-9  el_after_av_textblock  el_before_av_buttonrow '><span class='hr-inner '><span class=\"hr-inner-style\"><\/span><\/span><\/div><br \/>\n<div  class='avia-buttonrow-wrap av-ktwiytzp-e35dc98d26500e01b7cf3abfdc8eecbd avia-buttonrow-center  avia-builder-el-10  el_after_av_hr  avia-builder-el-last  coloredbuttons'>\n\n<style type=\"text\/css\" data-created_by=\"avia_inline_auto\" id=\"style-css-av-f5nzj-c5e8cf286112055957c45b27c3f99142\">\n#top #wrap_all .avia-button.av-f5nzj-c5e8cf286112055957c45b27c3f99142{\nborder-style:none;\ntransition:all 0.4s ease-in-out;\nmargin-bottom:5px;\nmargin-right:3px;\nmargin-left:3px;\n}\n<\/style>\n<a href='https:\/\/spiglobalplay.com\/fr\/vision-mission\/'  class='avia-button av-f5nzj-c5e8cf286112055957c45b27c3f99142 avia-icon_select-no avia-size-small av-icon-on-hover avia-color-theme-color'   aria-label=\"Vision &amp; Mission\"><span class='avia_iconbox_title' >Vision &amp; Mission<\/span><\/a>\n\n<style type=\"text\/css\" data-created_by=\"avia_inline_auto\" id=\"style-css-av-bjcmn-99d85a49ecfb255862737b0f2a02935c\">\n#top #wrap_all .avia-button.av-bjcmn-99d85a49ecfb255862737b0f2a02935c{\nborder-style:none;\ntransition:all 0.4s ease-in-out;\nmargin-bottom:5px;\nmargin-right:3px;\nmargin-left:3px;\n}\n<\/style>\n<a href='https:\/\/spiglobalplay.com\/fr\/production-facilities\/'  class='avia-button av-bjcmn-99d85a49ecfb255862737b0f2a02935c avia-icon_select-no avia-size-medium av-icon-on-hover avia-color-theme-color'   aria-label=\"Installations\"><span class='avia_iconbox_title' >Installations<\/span><\/a>\n<\/div><\/p><\/div><\/div><!--close column table wrapper. Autoclose: 1 -->\n<\/div><\/div><\/div><!-- close content main div --><\/div><\/div><div id='av_section_2'  class='avia-section av-kisilonh-3a1f46352293ac852baee8773ef68a23 main_color avia-section-large avia-no-border-styling  avia-builder-el-11  el_after_av_one_full  el_before_av_section  avia-bg-style-scroll container_wrap fullsize'  ><div class='container av-section-cont-open' ><div class='template-page content  av-content-full alpha units'><div class='post-entry post-entry-type-page post-entry-10258'><div class='entry-content-wrapper clearfix'>\n\n<style type=\"text\/css\" data-created_by=\"avia_inline_auto\" id=\"style-css-av-7945r-83c089afd451ab4e4905e8518cf44f58\">\n#top .av-special-heading.av-7945r-83c089afd451ab4e4905e8518cf44f58{\npadding-bottom:0;\nfont-size:48px;\n}\nbody .av-special-heading.av-7945r-83c089afd451ab4e4905e8518cf44f58 .av-special-heading-tag .heading-char{\nfont-size:25px;\n}\n#top #wrap_all .av-special-heading.av-7945r-83c089afd451ab4e4905e8518cf44f58 .av-special-heading-tag{\nfont-size:48px;\n}\n.av-special-heading.av-7945r-83c089afd451ab4e4905e8518cf44f58 .av-subheading{\nfont-size:15px;\n}\n\n@media only screen and (min-width: 480px) and (max-width: 767px){ \n#top #wrap_all .av-special-heading.av-7945r-83c089afd451ab4e4905e8518cf44f58 .av-special-heading-tag{\nfont-size:0.8em;\n}\n}\n\n@media only screen and (max-width: 479px){ \n#top #wrap_all .av-special-heading.av-7945r-83c089afd451ab4e4905e8518cf44f58 .av-special-heading-tag{\nfont-size:0.8em;\n}\n}\n<\/style>\n<div  class='av-special-heading av-7945r-83c089afd451ab4e4905e8518cf44f58 av-special-heading-h2 blockquote modern-quote  avia-builder-el-12  el_before_av_one_half  avia-builder-el-first  av-inherit-size av-linked-heading'><h2 class='av-special-heading-tag '  itemprop=\"headline\"  >SPI Global Play &#8211; Notre savoir-faire<\/h2><div class=\"special-heading-border\"><div class=\"special-heading-inner-border\"><\/div><\/div><\/div>\n<div class='flex_column_table av-acmtj-841163a950cf5e076e0390e36d1938bb sc-av_one_half av-equal-height-column-flextable'>\n<style type=\"text\/css\" data-created_by=\"avia_inline_auto\" id=\"style-css-av-acmtj-841163a950cf5e076e0390e36d1938bb\">\n.flex_column.av-acmtj-841163a950cf5e076e0390e36d1938bb{\nborder-radius:0px 0px 0px 0px;\npadding:0px 0px 0px 0px;\n}\n<\/style>\n<div  class='flex_column av-acmtj-841163a950cf5e076e0390e36d1938bb av_one_half  avia-builder-el-13  el_after_av_heading  el_before_av_one_half  first flex_column_table_cell av-equal-height-column av-align-middle av-hide-on-mobile av-zero-column-padding  '     ><style type=\"text\/css\" data-created_by=\"avia_inline_auto\" id=\"style-css-av-kisipj7e-6deb08e9a8d702935cf12058eaa71690\">\n.avia-image-container.av-kisipj7e-6deb08e9a8d702935cf12058eaa71690 img.avia_image{\nbox-shadow:none;\n}\n.avia-image-container.av-kisipj7e-6deb08e9a8d702935cf12058eaa71690 .av-image-caption-overlay-center{\ncolor:#ffffff;\n}\n<\/style>\n<div  class='avia-image-container av-kisipj7e-6deb08e9a8d702935cf12058eaa71690 av-styling- avia-align-center  avia-builder-el-14  avia-builder-el-no-sibling '   itemprop=\"image\" itemscope=\"itemscope\" itemtype=\"https:\/\/schema.org\/ImageObject\" ><div class=\"avia-image-container-inner\"><div class=\"avia-image-overlay-wrap\"><img decoding=\"async\" fetchpriority=\"high\" class='wp-image-5214 avia-img-lazy-loading-not-5214 avia_image ' src=\"https:\/\/spiglobalplay.com\/wp-content\/uploads\/2019\/11\/AIRO-Spacekids-1536x1025.jpg\" alt='' title=''  height=\"1025\" width=\"1536\"  itemprop=\"thumbnailUrl\" srcset=\"https:\/\/spiglobalplay.com\/wp-content\/uploads\/2019\/11\/AIRO-Spacekids-1536x1025.jpg 1536w, https:\/\/spiglobalplay.com\/wp-content\/uploads\/2019\/11\/AIRO-Spacekids-300x200.jpg 300w, https:\/\/spiglobalplay.com\/wp-content\/uploads\/2019\/11\/AIRO-Spacekids-1030x687.jpg 1030w, https:\/\/spiglobalplay.com\/wp-content\/uploads\/2019\/11\/AIRO-Spacekids-768x513.jpg 768w, https:\/\/spiglobalplay.com\/wp-content\/uploads\/2019\/11\/AIRO-Spacekids-1500x1001.jpg 1500w, https:\/\/spiglobalplay.com\/wp-content\/uploads\/2019\/11\/AIRO-Spacekids-705x471.jpg 705w, https:\/\/spiglobalplay.com\/wp-content\/uploads\/2019\/11\/AIRO-Spacekids.jpg 1786w\" sizes=\"(max-width: 1536px) 100vw, 1536px\" \/><\/div><\/div><\/div><\/div><div class='av-flex-placeholder'><\/div>\n<style type=\"text\/css\" data-created_by=\"avia_inline_auto\" id=\"style-css-av-buq0a-48a2f914e4b73df61413303e80452cde\">\n.flex_column.av-buq0a-48a2f914e4b73df61413303e80452cde{\nborder-radius:0px 0px 0px 0px;\npadding:0px 0px 0px 0px;\n}\n<\/style>\n<div  class='flex_column av-buq0a-48a2f914e4b73df61413303e80452cde av_one_half  avia-builder-el-15  el_after_av_one_half  el_before_av_hr  flex_column_table_cell av-equal-height-column av-align-middle av-animated-generic right-to-left av-zero-column-padding  '     ><section  class='av_textblock_section av-k2oqc50l-412435c9eeef2a844e73e5a59a79ef63 '   itemscope=\"itemscope\" itemtype=\"https:\/\/schema.org\/CreativeWork\" ><div class='avia_textblock'  itemprop=\"text\" ><p>Nous offrons des services de premier plan dans des domaines cl\u00e9s: d\u00e9veloppement de concepts, design &amp; planification, th\u00e9matisation &amp; d\u00e9coration, production, gestion de projet, installation, services &amp; maintenance, syst\u00e8mes de r\u00e9servation &amp; gestion, et solutions de financement. Gr\u00e2ce \u00e0 cette expertise globale, nous accompagnons nos clients \u00e0 chaque \u00e9tape de leur projet, garantissant une ex\u00e9cution sans faille et un r\u00e9sultat optimal.<\/p>\n<p>Avec diff\u00e9rents sites de production dans six pays d\u2019Europe, SPI Global Play con\u00e7oit et fabrique aussi bien des \u00e9l\u00e9ments distincts que des syst\u00e8mes de loisirs complets. Nous collaborons directement avec nos clients et d\u00e9veloppons des partenariats strat\u00e9giques au sein de l\u2019industrie pour offrir des solutions d\u2019exception.<\/p>\n<\/div><\/section><\/div><\/div><!--close column table wrapper. Autoclose: 1 -->\n<style type=\"text\/css\" data-created_by=\"avia_inline_auto\" id=\"style-css-av-2algn-6333006e65b015e0c9a8550a4cc07956\">\n#top .hr.hr-invisible.av-2algn-6333006e65b015e0c9a8550a4cc07956{\nheight:20px;\n}\n<\/style>\n<div  class='hr av-2algn-6333006e65b015e0c9a8550a4cc07956 hr-invisible  avia-builder-el-17  el_after_av_one_half  el_before_av_textblock '><span class='hr-inner '><span class=\"hr-inner-style\"><\/span><\/span><\/div>\n<section  class='av_textblock_section av-ktmly3q2-85a69d4c9c2efa5c334c2801e3caa05d '   itemscope=\"itemscope\" itemtype=\"https:\/\/schema.org\/CreativeWork\" ><div class='avia_textblock'  itemprop=\"text\" ><p>Vous avez un projet de loisirs ou souhaitez travailler avec une \u00e9quipe de design exp\u00e9riment\u00e9e? <a href=\"https:\/\/spiglobalplay.com\/fr\/contact-2\/\">Contactez nos experts d\u00e8s aujourd\u2019hui!<\/a><\/p>\n<p>Curieux de d\u00e9couvrir comment nous transformons vos id\u00e9es en exp\u00e9riences inoubliables? Explorez notre <a href=\"https:\/\/spiglobalplay.com\/fr\/feuille-route\/\">Feuille de Route<\/a> et laissez-vous inspirer !<\/p>\n<\/div><\/section>\n<\/div><\/div><\/div><!-- close content main div --><\/div><\/div>\n<style type=\"text\/css\" data-created_by=\"avia_inline_auto\" id=\"style-css-av-k2lptw7b-efe5d9b3a864e68fbe58dd9aca4cf00a\">\n.avia-section.av-k2lptw7b-efe5d9b3a864e68fbe58dd9aca4cf00a{\nbackground-color:#211f1f;\nbackground-image:unset;\n}\n<\/style>\n<div id='customfooter'  class='avia-section av-k2lptw7b-efe5d9b3a864e68fbe58dd9aca4cf00a alternate_color avia-section-large avia-no-border-styling  avia-builder-el-19  el_after_av_section  avia-builder-el-last  thecustomfoot avia-bg-style-scroll container_wrap fullsize'  ><div class='container av-section-cont-open' ><div class='template-page content  av-content-full alpha units'><div class='post-entry post-entry-type-page post-entry-10258'><div class='entry-content-wrapper clearfix'>\n\n<style type=\"text\/css\" data-created_by=\"avia_inline_auto\" id=\"style-css-av-lqu-4d4811447de37c967d01fdaf58d51a30\">\n.flex_column.av-lqu-4d4811447de37c967d01fdaf58d51a30{\nborder-radius:0px 0px 0px 0px;\npadding:0px 0px 0px 0px;\n}\n<\/style>\n<div  class='flex_column av-lqu-4d4811447de37c967d01fdaf58d51a30 av_one_third  avia-builder-el-20  el_before_av_two_third  avia-builder-el-first  first flex_column_div av-animated-generic bottom-to-top av-zero-column-padding  '     ><\/div>\n<style type=\"text\/css\" data-created_by=\"avia_inline_auto\" id=\"style-css-av-3rno-ca3a2df5a879dcc0b3ed268cbe3059c5\">\n.flex_column.av-3rno-ca3a2df5a879dcc0b3ed268cbe3059c5{\nborder-radius:0px 0px 0px 0px;\npadding:0px 0px 0px 0px;\n}\n<\/style>\n<div  class='flex_column av-3rno-ca3a2df5a879dcc0b3ed268cbe3059c5 av_two_third  avia-builder-el-22  el_after_av_one_third  avia-builder-el-last  flex_column_div av-animated-generic bottom-to-top av-zero-column-padding  '     ><\/div>\n<\/p>\n","protected":false},"excerpt":{"rendered":"","protected":false},"author":19,"featured_media":5226,"parent":0,"menu_order":0,"comment_status":"closed","ping_status":"closed","template":"","meta":{"footnotes":""},"class_list":["post-10258","page","type-page","status-publish","has-post-thumbnail","hentry"],"yoast_head":"<!-- This site is optimized with the Yoast SEO plugin v27.4 - https:\/\/yoast.com\/product\/yoast-seo-wordpress\/ -->\n<title>\u00c0 propos de nous - SPI Global Play<\/title>\n<meta name=\"description\" content=\"SPI Global Play est le fournisseur num\u00e9ro un des concepts loisirs multi-activit\u00e9 - Plus de 50 ans d\u2019exp\u00e9rience - Solutions cl\u00e9s en main - Depuis 1972\" \/>\n<meta name=\"robots\" content=\"index, follow, max-snippet:-1, max-image-preview:large, max-video-preview:-1\" \/>\n<link rel=\"canonical\" href=\"https:\/\/spiglobalplay.com\/fr\/a-propos-de-nous\/\" \/>\n<meta property=\"og:locale\" content=\"fr_FR\" \/>\n<meta property=\"og:type\" content=\"article\" \/>\n<meta property=\"og:title\" content=\"\u00c0 propos de nous - SPI Global Play\" \/>\n<meta property=\"og:description\" content=\"SPI Global Play est le fournisseur num\u00e9ro un des concepts loisirs multi-activit\u00e9 - Plus de 50 ans d\u2019exp\u00e9rience - Solutions cl\u00e9s en main - Depuis 1972\" \/>\n<meta property=\"og:url\" content=\"https:\/\/spiglobalplay.com\/fr\/a-propos-de-nous\/\" \/>\n<meta property=\"og:site_name\" content=\"SPI Global Play\" \/>\n<meta property=\"article:modified_time\" content=\"2025-06-13T11:56:36+00:00\" \/>\n<meta property=\"og:image\" content=\"https:\/\/spiglobalplay.com\/wp-content\/uploads\/2019\/11\/Airports.jpg\" \/>\n\t<meta property=\"og:image:width\" content=\"1024\" \/>\n\t<meta property=\"og:image:height\" content=\"768\" \/>\n\t<meta property=\"og:image:type\" content=\"image\/jpeg\" \/>\n<meta name=\"twitter:card\" content=\"summary_large_image\" \/>\n<meta name=\"twitter:label1\" content=\"Dur\u00e9e de lecture estim\u00e9e\" \/>\n\t<meta name=\"twitter:data1\" content=\"2 minutes\" \/>\n<script type=\"application\/ld+json\" class=\"yoast-schema-graph\">{\"@context\":\"https:\\\/\\\/schema.org\",\"@graph\":[{\"@type\":\"WebPage\",\"@id\":\"https:\\\/\\\/spiglobalplay.com\\\/fr\\\/a-propos-de-nous\\\/\",\"url\":\"https:\\\/\\\/spiglobalplay.com\\\/fr\\\/a-propos-de-nous\\\/\",\"name\":\"\u00c0 propos de nous - SPI Global Play\",\"isPartOf\":{\"@id\":\"https:\\\/\\\/spiglobalplay.com\\\/#website\"},\"primaryImageOfPage\":{\"@id\":\"https:\\\/\\\/spiglobalplay.com\\\/fr\\\/a-propos-de-nous\\\/#primaryimage\"},\"image\":{\"@id\":\"https:\\\/\\\/spiglobalplay.com\\\/fr\\\/a-propos-de-nous\\\/#primaryimage\"},\"thumbnailUrl\":\"https:\\\/\\\/spiglobalplay.com\\\/wp-content\\\/uploads\\\/2019\\\/11\\\/Airports.jpg\",\"datePublished\":\"2023-11-06T07:20:29+00:00\",\"dateModified\":\"2025-06-13T11:56:36+00:00\",\"description\":\"SPI Global Play est le fournisseur num\u00e9ro un des concepts loisirs multi-activit\u00e9 - Plus de 50 ans d\u2019exp\u00e9rience - Solutions cl\u00e9s en main - Depuis 1972\",\"inLanguage\":\"fr-FR\",\"potentialAction\":[{\"@type\":\"ReadAction\",\"target\":[\"https:\\\/\\\/spiglobalplay.com\\\/fr\\\/a-propos-de-nous\\\/\"]}]},{\"@type\":\"ImageObject\",\"inLanguage\":\"fr-FR\",\"@id\":\"https:\\\/\\\/spiglobalplay.com\\\/fr\\\/a-propos-de-nous\\\/#primaryimage\",\"url\":\"https:\\\/\\\/spiglobalplay.com\\\/wp-content\\\/uploads\\\/2019\\\/11\\\/Airports.jpg\",\"contentUrl\":\"https:\\\/\\\/spiglobalplay.com\\\/wp-content\\\/uploads\\\/2019\\\/11\\\/Airports.jpg\",\"width\":1024,\"height\":768,\"caption\":\"A\u00c9ROPORTS\"},{\"@type\":\"WebSite\",\"@id\":\"https:\\\/\\\/spiglobalplay.com\\\/#website\",\"url\":\"https:\\\/\\\/spiglobalplay.com\\\/\",\"name\":\"SPI Global Play\",\"description\":\"\",\"potentialAction\":[{\"@type\":\"SearchAction\",\"target\":{\"@type\":\"EntryPoint\",\"urlTemplate\":\"https:\\\/\\\/spiglobalplay.com\\\/?s={search_term_string}\"},\"query-input\":{\"@type\":\"PropertyValueSpecification\",\"valueRequired\":true,\"valueName\":\"search_term_string\"}}],\"inLanguage\":\"fr-FR\"}]}<\/script>\n<!-- \/ Yoast SEO plugin. -->","yoast_head_json":{"title":"\u00c0 propos de nous - SPI Global Play","description":"SPI Global Play est le fournisseur num\u00e9ro un des concepts loisirs multi-activit\u00e9 - Plus de 50 ans d\u2019exp\u00e9rience - Solutions cl\u00e9s en main - Depuis 1972","robots":{"index":"index","follow":"follow","max-snippet":"max-snippet:-1","max-image-preview":"max-image-preview:large","max-video-preview":"max-video-preview:-1"},"canonical":"https:\/\/spiglobalplay.com\/fr\/a-propos-de-nous\/","og_locale":"fr_FR","og_type":"article","og_title":"\u00c0 propos de nous - SPI Global Play","og_description":"SPI Global Play est le fournisseur num\u00e9ro un des concepts loisirs multi-activit\u00e9 - Plus de 50 ans d\u2019exp\u00e9rience - Solutions cl\u00e9s en main - Depuis 1972","og_url":"https:\/\/spiglobalplay.com\/fr\/a-propos-de-nous\/","og_site_name":"SPI Global Play","article_modified_time":"2025-06-13T11:56:36+00:00","og_image":[{"width":1024,"height":768,"url":"https:\/\/spiglobalplay.com\/wp-content\/uploads\/2019\/11\/Airports.jpg","type":"image\/jpeg"}],"twitter_card":"summary_large_image","twitter_misc":{"Dur\u00e9e de lecture estim\u00e9e":"2 minutes"},"schema":{"@context":"https:\/\/schema.org","@graph":[{"@type":"WebPage","@id":"https:\/\/spiglobalplay.com\/fr\/a-propos-de-nous\/","url":"https:\/\/spiglobalplay.com\/fr\/a-propos-de-nous\/","name":"\u00c0 propos de nous - SPI Global Play","isPartOf":{"@id":"https:\/\/spiglobalplay.com\/#website"},"primaryImageOfPage":{"@id":"https:\/\/spiglobalplay.com\/fr\/a-propos-de-nous\/#primaryimage"},"image":{"@id":"https:\/\/spiglobalplay.com\/fr\/a-propos-de-nous\/#primaryimage"},"thumbnailUrl":"https:\/\/spiglobalplay.com\/wp-content\/uploads\/2019\/11\/Airports.jpg","datePublished":"2023-11-06T07:20:29+00:00","dateModified":"2025-06-13T11:56:36+00:00","description":"SPI Global Play est le fournisseur num\u00e9ro un des concepts loisirs multi-activit\u00e9 - Plus de 50 ans d\u2019exp\u00e9rience - Solutions cl\u00e9s en main - Depuis 1972","inLanguage":"fr-FR","potentialAction":[{"@type":"ReadAction","target":["https:\/\/spiglobalplay.com\/fr\/a-propos-de-nous\/"]}]},{"@type":"ImageObject","inLanguage":"fr-FR","@id":"https:\/\/spiglobalplay.com\/fr\/a-propos-de-nous\/#primaryimage","url":"https:\/\/spiglobalplay.com\/wp-content\/uploads\/2019\/11\/Airports.jpg","contentUrl":"https:\/\/spiglobalplay.com\/wp-content\/uploads\/2019\/11\/Airports.jpg","width":1024,"height":768,"caption":"A\u00c9ROPORTS"},{"@type":"WebSite","@id":"https:\/\/spiglobalplay.com\/#website","url":"https:\/\/spiglobalplay.com\/","name":"SPI Global Play","description":"","potentialAction":[{"@type":"SearchAction","target":{"@type":"EntryPoint","urlTemplate":"https:\/\/spiglobalplay.com\/?s={search_term_string}"},"query-input":{"@type":"PropertyValueSpecification","valueRequired":true,"valueName":"search_term_string"}}],"inLanguage":"fr-FR"}]}},"_links":{"self":[{"href":"https:\/\/spiglobalplay.com\/fr\/wp-json\/wp\/v2\/pages\/10258","targetHints":{"allow":["GET"]}}],"collection":[{"href":"https:\/\/spiglobalplay.com\/fr\/wp-json\/wp\/v2\/pages"}],"about":[{"href":"https:\/\/spiglobalplay.com\/fr\/wp-json\/wp\/v2\/types\/page"}],"author":[{"embeddable":true,"href":"https:\/\/spiglobalplay.com\/fr\/wp-json\/wp\/v2\/users\/19"}],"replies":[{"embeddable":true,"href":"https:\/\/spiglobalplay.com\/fr\/wp-json\/wp\/v2\/comments?post=10258"}],"version-history":[{"count":5,"href":"https:\/\/spiglobalplay.com\/fr\/wp-json\/wp\/v2\/pages\/10258\/revisions"}],"predecessor-version":[{"id":99441,"href":"https:\/\/spiglobalplay.com\/fr\/wp-json\/wp\/v2\/pages\/10258\/revisions\/99441"}],"wp:featuredmedia":[{"embeddable":true,"href":"https:\/\/spiglobalplay.com\/fr\/wp-json\/wp\/v2\/media\/5226"}],"wp:attachment":[{"href":"https:\/\/spiglobalplay.com\/fr\/wp-json\/wp\/v2\/media?parent=10258"}],"curies":[{"name":"wp","href":"https:\/\/api.w.org\/{rel}","templated":true}]}}