
{"id":10304,"date":"2023-12-04T10:31:53","date_gmt":"2023-12-04T09:31:53","guid":{"rendered":"https:\/\/spiglobalplay.com\/snow-play-2\/"},"modified":"2025-06-17T13:59:19","modified_gmt":"2025-06-17T11:59:19","slug":"jeu-neige","status":"publish","type":"page","link":"https:\/\/spiglobalplay.com\/fr\/jeu-neige\/","title":{"rendered":"Jeux de Neige"},"content":{"rendered":"<div id='av_section_1'  class='avia-section av-kisilonh-3a1f46352293ac852baee8773ef68a23 main_color avia-section-large avia-no-border-styling  avia-builder-el-0  el_before_av_hr  avia-builder-el-first  avia-bg-style-scroll container_wrap fullsize'  ><div class='container av-section-cont-open' ><main  role=\"main\" itemprop=\"mainContentOfPage\"  class='template-page content  av-content-full alpha units'><div class='post-entry post-entry-type-page post-entry-10304'><div class='entry-content-wrapper clearfix'>\n\n<style type=\"text\/css\" data-created_by=\"avia_inline_auto\" id=\"style-css-av-hmgqv-49dbaedfe875d0bc1c8391935ce34af4\">\n.flex_column.av-hmgqv-49dbaedfe875d0bc1c8391935ce34af4{\nborder-radius:0px 0px 0px 0px;\npadding:0px 0px 0px 0px;\n}\n<\/style>\n<div  class='flex_column av-hmgqv-49dbaedfe875d0bc1c8391935ce34af4 av_one_full  avia-builder-el-1  el_before_av_one_full  avia-builder-el-first  first flex_column_div av-zero-column-padding  '     ><style type=\"text\/css\" data-created_by=\"avia_inline_auto\" id=\"style-css-av-kiyd1cd8-351ca38655368f72d91db77ec28be71f\">\n#top .av-special-heading.av-kiyd1cd8-351ca38655368f72d91db77ec28be71f{\npadding-bottom:0;\nfont-size:68px;\n}\nbody .av-special-heading.av-kiyd1cd8-351ca38655368f72d91db77ec28be71f .av-special-heading-tag .heading-char{\nfont-size:25px;\n}\n#top #wrap_all .av-special-heading.av-kiyd1cd8-351ca38655368f72d91db77ec28be71f .av-special-heading-tag{\nfont-size:68px;\n}\n.av-special-heading.av-kiyd1cd8-351ca38655368f72d91db77ec28be71f .av-subheading{\nfont-size:15px;\n}\n\n@media only screen and (min-width: 480px) and (max-width: 767px){ \n#top #wrap_all .av-special-heading.av-kiyd1cd8-351ca38655368f72d91db77ec28be71f .av-special-heading-tag{\nfont-size:0.8em;\n}\n}\n\n@media only screen and (max-width: 479px){ \n#top #wrap_all .av-special-heading.av-kiyd1cd8-351ca38655368f72d91db77ec28be71f .av-special-heading-tag{\nfont-size:0.8em;\n}\n}\n<\/style>\n<div  class='av-special-heading av-kiyd1cd8-351ca38655368f72d91db77ec28be71f av-special-heading-h1 blockquote modern-quote modern-centered  avia-builder-el-2  avia-builder-el-no-sibling  av-inherit-size av-linked-heading'><h1 class='av-special-heading-tag '  itemprop=\"headline\"  >Jeux de Neige<\/h1><div class=\"special-heading-border\"><div class=\"special-heading-inner-border\"><\/div><\/div><\/div><\/div>\n<style type=\"text\/css\" data-created_by=\"avia_inline_auto\" id=\"style-css-av-acmtj-a485b4859351fab7abfd4548dc6c00fb\">\n.flex_column.av-acmtj-a485b4859351fab7abfd4548dc6c00fb{\nborder-radius:0px 0px 0px 0px;\npadding:0px 0px 0px 0px;\n}\n<\/style>\n<div  class='flex_column av-acmtj-a485b4859351fab7abfd4548dc6c00fb av_one_full  avia-builder-el-3  el_after_av_one_full  el_before_av_hr  first flex_column_div av-zero-column-padding  column-top-margin'     ><style type=\"text\/css\" data-created_by=\"avia_inline_auto\" id=\"style-css-av-kisipj7e-8b7d6aff9aa39959ec0e5292b7048992\">\n.avia-image-container.av-kisipj7e-8b7d6aff9aa39959ec0e5292b7048992 img.avia_image{\nbox-shadow:none;\n}\n.avia-image-container.av-kisipj7e-8b7d6aff9aa39959ec0e5292b7048992 .av-image-caption-overlay-center{\ncolor:#ffffff;\n}\n<\/style>\n<div  class='avia-image-container av-kisipj7e-8b7d6aff9aa39959ec0e5292b7048992 av-styling- avia-align-center  avia-builder-el-4  avia-builder-el-no-sibling '   itemprop=\"image\" itemscope=\"itemscope\" itemtype=\"https:\/\/schema.org\/ImageObject\" ><div class=\"avia-image-container-inner\"><div class=\"avia-image-overlay-wrap\"><img decoding=\"async\" fetchpriority=\"high\" class='wp-image-47644 avia-img-lazy-loading-not-47644 avia_image ' src=\"https:\/\/spiglobalplay.com\/wp-content\/uploads\/2024\/03\/Badger-Pass-Snow-Tubing-EDIT-1500x430.jpg\" alt='' title=''  height=\"430\" width=\"1500\"  itemprop=\"thumbnailUrl\"  \/><\/div><\/div><\/div><\/div><div  class='hr av-av_hr-bca31578670ae9d408d6d6d291fc57a6 hr-default  avia-builder-el-5  el_after_av_one_full  el_before_av_textblock '><span class='hr-inner '><span class=\"hr-inner-style\"><\/span><\/span><\/div>\n<section  class='av_textblock_section av-k2oqc50l-412435c9eeef2a844e73e5a59a79ef63 '   itemscope=\"itemscope\" itemtype=\"https:\/\/schema.org\/CreativeWork\" ><div class='avia_textblock'  itemprop=\"text\" ><p>L&rsquo;industrie du jeu dans la neige conna\u00eet une croissance rapide, d\u00e9passant d&rsquo;autres secteurs et offrant de nouvelles possibilit\u00e9s passionnantes pour exploiter le potentiel de march\u00e9 inexploit\u00e9. Avec nos exp\u00e9riences immersives uniques de Snowland, SPI Global Play propose une aventure unique qui se distingue des attractions int\u00e9rieures traditionnelles, offrant aux visiteurs une \u00e9chapp\u00e9e magique remplie de neige qu&rsquo;ils ne voudront jamais oublier.<\/p>\n<p>Le jeu dans la neige n&rsquo;a pas de limites. D\u00e9sormais, m\u00eame dans des climats plus chauds, les gens peuvent profiter de la magie de la neige toute l&rsquo;ann\u00e9e. Cela ouvre de nouveaux march\u00e9s et rend les loisirs neigeux accessibles \u00e0 tous, quel que soit l&#8217;emplacement ou la saison.<\/p>\n<p>SPI Global Play peut transformer n&rsquo;importe quel espace en un pays des merveilles hivernal pour tous les \u00e2ges. Que vous souhaitiez ajouter une aire de jeux neigeuses \u00e0 une piste de ski int\u00e9rieure ou une patinoire existante, ou cr\u00e9er une destination autonome de jeux dans la neige, nous sommes l\u00e0 pour donner vie \u00e0 votre vision. Nos solutions cl\u00e9 en main garantissent un processus fluide de A \u00e0 Z, vous permettant d&rsquo;offrir une exp\u00e9rience de neige inoubliable partout et \u00e0 tout moment de l&rsquo;ann\u00e9e.<\/p>\n<\/div><\/section>\n<div  class='avia-button-wrap av-mc0gu4a2-844d7e3ed3c2cab064848d00b935ce9d-wrap avia-button-right  avia-builder-el-7  el_after_av_textblock  avia-builder-el-last '><a href='https:\/\/spiglobalplay.com\/fr\/contact-2\/'  class='avia-button av-mc0gu4a2-844d7e3ed3c2cab064848d00b935ce9d av-link-btn avia-icon_select-yes-right-icon avia-size-small avia-position-right avia-color-theme-color'   aria-label=\"Contactez nous\"><span class='avia_iconbox_title' >Contactez nous<\/span><span class='avia_button_icon avia_button_icon_right avia-iconfont avia-font-entypo-fontello' data-av_icon='\ue873' data-av_iconfont='entypo-fontello' ><\/span><\/a><\/div>\n<\/div><\/div><\/main><!-- close content main element --><\/div><\/div><div id='after_section_1'  class='main_color av_default_container_wrap container_wrap fullsize'  ><div class='container av-section-cont-open' ><div class='template-page content  av-content-full alpha units'><div class='post-entry post-entry-type-page post-entry-10304'><div class='entry-content-wrapper clearfix'>\n<div  class='hr av-av_hr-bca31578670ae9d408d6d6d291fc57a6 hr-default  avia-builder-el-8  el_after_av_section  el_before_av_heading  avia-builder-el-first '><span class='hr-inner '><span class=\"hr-inner-style\"><\/span><\/span><\/div>\n\n<style type=\"text\/css\" data-created_by=\"avia_inline_auto\" id=\"style-css-av-lrkfa0j6-9bf85c8e09306d1ac7a48a918282559b\">\n#top .av-special-heading.av-lrkfa0j6-9bf85c8e09306d1ac7a48a918282559b{\npadding-bottom:10px;\nfont-size:62px;\n}\nbody .av-special-heading.av-lrkfa0j6-9bf85c8e09306d1ac7a48a918282559b .av-special-heading-tag .heading-char{\nfont-size:25px;\n}\n#top #wrap_all .av-special-heading.av-lrkfa0j6-9bf85c8e09306d1ac7a48a918282559b .av-special-heading-tag{\nfont-size:62px;\n}\n.av-special-heading.av-lrkfa0j6-9bf85c8e09306d1ac7a48a918282559b .av-subheading{\nfont-size:15px;\n}\n\n@media only screen and (min-width: 480px) and (max-width: 767px){ \n#top #wrap_all .av-special-heading.av-lrkfa0j6-9bf85c8e09306d1ac7a48a918282559b .av-special-heading-tag{\nfont-size:0.8em;\n}\n}\n\n@media only screen and (max-width: 479px){ \n#top #wrap_all .av-special-heading.av-lrkfa0j6-9bf85c8e09306d1ac7a48a918282559b .av-special-heading-tag{\nfont-size:0.8em;\n}\n}\n<\/style>\n<div  class='av-special-heading av-lrkfa0j6-9bf85c8e09306d1ac7a48a918282559b av-special-heading-h1 blockquote modern-quote modern-centered  avia-builder-el-9  el_after_av_hr  el_before_av_hr  av-inherit-size'><h1 class='av-special-heading-tag '  itemprop=\"headline\"  >D\u00e9couvrez les Concepts<\/h1><div class=\"special-heading-border\"><div class=\"special-heading-inner-border\"><\/div><\/div><\/div>\n<div  class='hr av-av_hr-bca31578670ae9d408d6d6d291fc57a6 hr-default  avia-builder-el-10  el_after_av_heading  el_before_av_one_third '><span class='hr-inner '><span class=\"hr-inner-style\"><\/span><\/span><\/div>\n<div  class='flex_column av-mc0gw12z-13c0098bec6443e86c86c0d601f8764a av_one_third  avia-builder-el-11  el_after_av_hr  el_before_av_one_third  first flex_column_div avia-link-column av-column-link  '    data-link-column-url=\"https:\/\/spiglobalplay.com\/fr\/snowland\/\"   ><a class=\"av-screen-reader-only\" href=https:\/\/spiglobalplay.com\/fr\/snowland\/ >Lier vers : Snowland<\/a><p>\n<style type=\"text\/css\" data-created_by=\"avia_inline_auto\" id=\"style-css-av-lrkffyu1-79e043ddd541088d0f70d833c56600ac\">\n.avia-image-container.av-lrkffyu1-79e043ddd541088d0f70d833c56600ac img.avia_image{\nbox-shadow:none;\n}\n.avia-image-container.av-lrkffyu1-79e043ddd541088d0f70d833c56600ac .av-image-caption-overlay-center{\ncolor:#ffffff;\n}\n<\/style>\n<div  class='avia-image-container av-lrkffyu1-79e043ddd541088d0f70d833c56600ac av-styling- av-img-linked avia-align-center  avia-builder-el-12  el_before_av_heading  avia-builder-el-first '   itemprop=\"image\" itemscope=\"itemscope\" itemtype=\"https:\/\/schema.org\/ImageObject\" ><div class=\"avia-image-container-inner\"><div class=\"avia-image-overlay-wrap\"><a href=\"https:\/\/spiglobalplay.com\/fr\/snowland\/\" class='avia_image '  ><img decoding=\"async\" fetchpriority=\"high\" class='wp-image-64962 avia-img-lazy-loading-not-64962 avia_image ' src=\"https:\/\/spiglobalplay.com\/wp-content\/uploads\/2024\/11\/kostiantyn-li-d_37QBuIWZQ-unsplash-2-495x400.jpg\" alt='' title=''  height=\"400\" width=\"495\"  itemprop=\"thumbnailUrl\" srcset=\"https:\/\/spiglobalplay.com\/wp-content\/uploads\/2024\/11\/kostiantyn-li-d_37QBuIWZQ-unsplash-2-495x400.jpg 495w, https:\/\/spiglobalplay.com\/wp-content\/uploads\/2024\/11\/kostiantyn-li-d_37QBuIWZQ-unsplash-2-845x684.jpg 845w\" sizes=\"(max-width: 495px) 100vw, 495px\" \/><\/a><\/div><\/div><\/div><br \/>\n\n<style type=\"text\/css\" data-created_by=\"avia_inline_auto\" id=\"style-css-av-lrkfir7k-ac40d6e8a46afd01fd20ea1df1c938fc\">\n#top .av-special-heading.av-lrkfir7k-ac40d6e8a46afd01fd20ea1df1c938fc{\npadding-bottom:10px;\nfont-size:22px;\n}\nbody .av-special-heading.av-lrkfir7k-ac40d6e8a46afd01fd20ea1df1c938fc .av-special-heading-tag .heading-char{\nfont-size:25px;\n}\n#top #wrap_all .av-special-heading.av-lrkfir7k-ac40d6e8a46afd01fd20ea1df1c938fc .av-special-heading-tag{\nfont-size:22px;\n}\n.av-special-heading.av-lrkfir7k-ac40d6e8a46afd01fd20ea1df1c938fc .av-subheading{\nfont-size:15px;\n}\n\n@media only screen and (min-width: 480px) and (max-width: 767px){ \n#top #wrap_all .av-special-heading.av-lrkfir7k-ac40d6e8a46afd01fd20ea1df1c938fc .av-special-heading-tag{\nfont-size:0.8em;\n}\n}\n\n@media only screen and (max-width: 479px){ \n#top #wrap_all .av-special-heading.av-lrkfir7k-ac40d6e8a46afd01fd20ea1df1c938fc .av-special-heading-tag{\nfont-size:0.8em;\n}\n}\n<\/style>\n<div  class='av-special-heading av-lrkfir7k-ac40d6e8a46afd01fd20ea1df1c938fc av-special-heading-h3 blockquote modern-quote modern-centered  avia-builder-el-13  el_after_av_image  avia-builder-el-last  av-inherit-size av-linked-heading'><h3 class='av-special-heading-tag '  itemprop=\"headline\"  ><a class=\"av-heading-link\" href=\"https:\/\/spiglobalplay.com\/fr\/snowland\/\" >Snowland<\/a><\/h3><div class=\"special-heading-border\"><div class=\"special-heading-inner-border\"><\/div><\/div><\/div><\/p><\/div><div  class='flex_column av-av_one_third-feecfcc73494c68bb0d1632d1d5c38ae av_one_third  avia-builder-el-14  el_after_av_one_third  el_before_av_one_third  flex_column_div  '     ><\/div><\/p>\n<div  class='flex_column av-av_one_third-feecfcc73494c68bb0d1632d1d5c38ae av_one_third  avia-builder-el-15  el_after_av_one_third  el_before_av_section  avia-builder-el-last  flex_column_div  '     ><\/div>\n<\/div><\/div><\/div><!-- close content main div --><\/div><\/div>\n<style type=\"text\/css\" data-created_by=\"avia_inline_auto\" id=\"style-css-av-k2lptw7b-efe5d9b3a864e68fbe58dd9aca4cf00a\">\n.avia-section.av-k2lptw7b-efe5d9b3a864e68fbe58dd9aca4cf00a{\nbackground-color:#211f1f;\nbackground-image:unset;\n}\n<\/style>\n<div id='customfooter'  class='avia-section av-k2lptw7b-efe5d9b3a864e68fbe58dd9aca4cf00a alternate_color avia-section-large avia-no-border-styling  avia-builder-el-16  el_after_av_one_third  avia-builder-el-last  thecustomfoot avia-bg-style-scroll container_wrap fullsize'  ><div class='container av-section-cont-open' ><div class='template-page content  av-content-full alpha units'><div class='post-entry post-entry-type-page post-entry-10304'><div class='entry-content-wrapper clearfix'>\n\n<style type=\"text\/css\" data-created_by=\"avia_inline_auto\" id=\"style-css-av-lqu-4d4811447de37c967d01fdaf58d51a30\">\n.flex_column.av-lqu-4d4811447de37c967d01fdaf58d51a30{\nborder-radius:0px 0px 0px 0px;\npadding:0px 0px 0px 0px;\n}\n<\/style>\n<div  class='flex_column av-lqu-4d4811447de37c967d01fdaf58d51a30 av_one_third  avia-builder-el-17  el_before_av_two_third  avia-builder-el-first  first flex_column_div av-animated-generic bottom-to-top av-zero-column-padding  '     ><\/div>\n<style type=\"text\/css\" data-created_by=\"avia_inline_auto\" id=\"style-css-av-3rno-ca3a2df5a879dcc0b3ed268cbe3059c5\">\n.flex_column.av-3rno-ca3a2df5a879dcc0b3ed268cbe3059c5{\nborder-radius:0px 0px 0px 0px;\npadding:0px 0px 0px 0px;\n}\n<\/style>\n<div  class='flex_column av-3rno-ca3a2df5a879dcc0b3ed268cbe3059c5 av_two_third  avia-builder-el-19  el_after_av_one_third  avia-builder-el-last  flex_column_div av-animated-generic bottom-to-top av-zero-column-padding  '     ><\/div>\n\n","protected":false},"excerpt":{"rendered":"","protected":false},"author":1,"featured_media":5745,"parent":0,"menu_order":0,"comment_status":"closed","ping_status":"closed","template":"","meta":{"footnotes":""},"class_list":["post-10304","page","type-page","status-publish","has-post-thumbnail","hentry"],"yoast_head":"<!-- This site is optimized with the Yoast SEO plugin v27.4 - https:\/\/yoast.com\/product\/yoast-seo-wordpress\/ -->\n<title>Jeux de Neige - SPI Global Play<\/title>\n<meta name=\"robots\" content=\"index, follow, max-snippet:-1, max-image-preview:large, max-video-preview:-1\" \/>\n<link rel=\"canonical\" href=\"https:\/\/spiglobalplay.com\/fr\/jeu-neige\/\" \/>\n<meta property=\"og:locale\" content=\"fr_FR\" \/>\n<meta property=\"og:type\" content=\"article\" \/>\n<meta property=\"og:title\" content=\"Jeux de Neige - SPI Global Play\" \/>\n<meta property=\"og:url\" content=\"https:\/\/spiglobalplay.com\/fr\/jeu-neige\/\" \/>\n<meta property=\"og:site_name\" content=\"SPI Global Play\" \/>\n<meta property=\"article:modified_time\" content=\"2025-06-17T11:59:19+00:00\" \/>\n<meta property=\"og:image\" content=\"https:\/\/spiglobalplay.com\/wp-content\/uploads\/2021\/01\/snowland-the-indoor-snow.jpg\" \/>\n\t<meta property=\"og:image:width\" content=\"550\" \/>\n\t<meta property=\"og:image:height\" content=\"413\" \/>\n\t<meta property=\"og:image:type\" content=\"image\/jpeg\" \/>\n<meta name=\"twitter:card\" content=\"summary_large_image\" \/>\n<meta name=\"twitter:label1\" content=\"Dur\u00e9e de lecture estim\u00e9e\" \/>\n\t<meta name=\"twitter:data1\" content=\"2 minutes\" \/>\n<script type=\"application\/ld+json\" class=\"yoast-schema-graph\">{\"@context\":\"https:\\\/\\\/schema.org\",\"@graph\":[{\"@type\":\"WebPage\",\"@id\":\"https:\\\/\\\/spiglobalplay.com\\\/fr\\\/jeu-neige\\\/\",\"url\":\"https:\\\/\\\/spiglobalplay.com\\\/fr\\\/jeu-neige\\\/\",\"name\":\"Jeux de Neige - SPI Global Play\",\"isPartOf\":{\"@id\":\"https:\\\/\\\/spiglobalplay.com\\\/#website\"},\"primaryImageOfPage\":{\"@id\":\"https:\\\/\\\/spiglobalplay.com\\\/fr\\\/jeu-neige\\\/#primaryimage\"},\"image\":{\"@id\":\"https:\\\/\\\/spiglobalplay.com\\\/fr\\\/jeu-neige\\\/#primaryimage\"},\"thumbnailUrl\":\"https:\\\/\\\/spiglobalplay.com\\\/wp-content\\\/uploads\\\/2021\\\/01\\\/snowland-the-indoor-snow.jpg\",\"datePublished\":\"2023-12-04T09:31:53+00:00\",\"dateModified\":\"2025-06-17T11:59:19+00:00\",\"inLanguage\":\"fr-FR\",\"potentialAction\":[{\"@type\":\"ReadAction\",\"target\":[\"https:\\\/\\\/spiglobalplay.com\\\/fr\\\/jeu-neige\\\/\"]}]},{\"@type\":\"ImageObject\",\"inLanguage\":\"fr-FR\",\"@id\":\"https:\\\/\\\/spiglobalplay.com\\\/fr\\\/jeu-neige\\\/#primaryimage\",\"url\":\"https:\\\/\\\/spiglobalplay.com\\\/wp-content\\\/uploads\\\/2021\\\/01\\\/snowland-the-indoor-snow.jpg\",\"contentUrl\":\"https:\\\/\\\/spiglobalplay.com\\\/wp-content\\\/uploads\\\/2021\\\/01\\\/snowland-the-indoor-snow.jpg\",\"width\":550,\"height\":413},{\"@type\":\"WebSite\",\"@id\":\"https:\\\/\\\/spiglobalplay.com\\\/#website\",\"url\":\"https:\\\/\\\/spiglobalplay.com\\\/\",\"name\":\"SPI Global Play\",\"description\":\"\",\"potentialAction\":[{\"@type\":\"SearchAction\",\"target\":{\"@type\":\"EntryPoint\",\"urlTemplate\":\"https:\\\/\\\/spiglobalplay.com\\\/?s={search_term_string}\"},\"query-input\":{\"@type\":\"PropertyValueSpecification\",\"valueRequired\":true,\"valueName\":\"search_term_string\"}}],\"inLanguage\":\"fr-FR\"}]}<\/script>\n<!-- \/ Yoast SEO plugin. -->","yoast_head_json":{"title":"Jeux de Neige - SPI Global Play","robots":{"index":"index","follow":"follow","max-snippet":"max-snippet:-1","max-image-preview":"max-image-preview:large","max-video-preview":"max-video-preview:-1"},"canonical":"https:\/\/spiglobalplay.com\/fr\/jeu-neige\/","og_locale":"fr_FR","og_type":"article","og_title":"Jeux de Neige - SPI Global Play","og_url":"https:\/\/spiglobalplay.com\/fr\/jeu-neige\/","og_site_name":"SPI Global Play","article_modified_time":"2025-06-17T11:59:19+00:00","og_image":[{"width":550,"height":413,"url":"https:\/\/spiglobalplay.com\/wp-content\/uploads\/2021\/01\/snowland-the-indoor-snow.jpg","type":"image\/jpeg"}],"twitter_card":"summary_large_image","twitter_misc":{"Dur\u00e9e de lecture estim\u00e9e":"2 minutes"},"schema":{"@context":"https:\/\/schema.org","@graph":[{"@type":"WebPage","@id":"https:\/\/spiglobalplay.com\/fr\/jeu-neige\/","url":"https:\/\/spiglobalplay.com\/fr\/jeu-neige\/","name":"Jeux de Neige - SPI Global Play","isPartOf":{"@id":"https:\/\/spiglobalplay.com\/#website"},"primaryImageOfPage":{"@id":"https:\/\/spiglobalplay.com\/fr\/jeu-neige\/#primaryimage"},"image":{"@id":"https:\/\/spiglobalplay.com\/fr\/jeu-neige\/#primaryimage"},"thumbnailUrl":"https:\/\/spiglobalplay.com\/wp-content\/uploads\/2021\/01\/snowland-the-indoor-snow.jpg","datePublished":"2023-12-04T09:31:53+00:00","dateModified":"2025-06-17T11:59:19+00:00","inLanguage":"fr-FR","potentialAction":[{"@type":"ReadAction","target":["https:\/\/spiglobalplay.com\/fr\/jeu-neige\/"]}]},{"@type":"ImageObject","inLanguage":"fr-FR","@id":"https:\/\/spiglobalplay.com\/fr\/jeu-neige\/#primaryimage","url":"https:\/\/spiglobalplay.com\/wp-content\/uploads\/2021\/01\/snowland-the-indoor-snow.jpg","contentUrl":"https:\/\/spiglobalplay.com\/wp-content\/uploads\/2021\/01\/snowland-the-indoor-snow.jpg","width":550,"height":413},{"@type":"WebSite","@id":"https:\/\/spiglobalplay.com\/#website","url":"https:\/\/spiglobalplay.com\/","name":"SPI Global Play","description":"","potentialAction":[{"@type":"SearchAction","target":{"@type":"EntryPoint","urlTemplate":"https:\/\/spiglobalplay.com\/?s={search_term_string}"},"query-input":{"@type":"PropertyValueSpecification","valueRequired":true,"valueName":"search_term_string"}}],"inLanguage":"fr-FR"}]}},"_links":{"self":[{"href":"https:\/\/spiglobalplay.com\/fr\/wp-json\/wp\/v2\/pages\/10304","targetHints":{"allow":["GET"]}}],"collection":[{"href":"https:\/\/spiglobalplay.com\/fr\/wp-json\/wp\/v2\/pages"}],"about":[{"href":"https:\/\/spiglobalplay.com\/fr\/wp-json\/wp\/v2\/types\/page"}],"author":[{"embeddable":true,"href":"https:\/\/spiglobalplay.com\/fr\/wp-json\/wp\/v2\/users\/1"}],"replies":[{"embeddable":true,"href":"https:\/\/spiglobalplay.com\/fr\/wp-json\/wp\/v2\/comments?post=10304"}],"version-history":[{"count":5,"href":"https:\/\/spiglobalplay.com\/fr\/wp-json\/wp\/v2\/pages\/10304\/revisions"}],"predecessor-version":[{"id":80941,"href":"https:\/\/spiglobalplay.com\/fr\/wp-json\/wp\/v2\/pages\/10304\/revisions\/80941"}],"wp:featuredmedia":[{"embeddable":true,"href":"https:\/\/spiglobalplay.com\/fr\/wp-json\/wp\/v2\/media\/5745"}],"wp:attachment":[{"href":"https:\/\/spiglobalplay.com\/fr\/wp-json\/wp\/v2\/media?parent=10304"}],"curies":[{"name":"wp","href":"https:\/\/api.w.org\/{rel}","templated":true}]}}